{"id":13949,"date":"2021-02-05T16:09:44","date_gmt":"2021-02-05T15:09:44","guid":{"rendered":"https:\/\/agora.xtec.cat\/escjoanmaragall\/?page_id=13949"},"modified":"2021-02-23T13:16:05","modified_gmt":"2021-02-23T12:16:05","slug":"el-pas-del-temps","status":"publish","type":"page","link":"https:\/\/agora.xtec.cat\/escjoanmaragall\/el-pas-del-temps\/","title":{"rendered":"EL PAS DEL TEMPS"},"content":{"rendered":"<h2 style=\"text-align: center;\"><strong>VISITA A L\u2019ARXIU ARQUEOL\u00d2GIC DE LLEIDA.<\/strong><\/h2>\n<p>&nbsp;<\/p>\n<p style=\"text-align: justify;\">Aquest trimestre treballem &#8220;El pas del temps&#8221;, un projecte que abra\u00e7a des de la Prehist\u00f2ria fins a l\u2019 \u00c8poca Moderna.<\/p>\n<p>&nbsp;<\/p>\n<p><strong>FEM D&#8217;ARQUE\u00d2LEGS<\/strong><\/p>\n<p style=\"text-align: justify;\">La primera activitat que hem dut a terme a l&#8217; Arxiu arqueol\u00f2gic ha estat con\u00e8ixer l\u2019 ofici d\u2019 arque\u00f2leg i arque\u00f2loga.<\/p>\n<p style=\"text-align: justify;\">Per fer-ho hem realitzat excavacions en un jaciment per poder trobar restes dels nostres avantpassats. Sabeu qu\u00e8 hi hem trobat? Doncs, restes d\u2019 ossos i de cer\u00e0mica perqu\u00e8 ja des de sempre les persones enterraven els morts i tamb\u00e9 amagaven sota terra o a les parets de les cases els objectes que ja no utilitzaven o tamb\u00e9 les seves joies.<\/p>\n<p style=\"text-align: justify;\"><img loading=\"lazy\" decoding=\"async\" class=\"size-large wp-image-13979 aligncenter\" style=\"font-family: inherit; font-size: 1em;\" src=\"https:\/\/agora.xtec.cat\/escjoanmaragall\/wp-content\/uploads\/usu115\/2021\/02\/arque\u00f2legs-4.jpg\" alt=\"\" width=\"640\" height=\"480\" srcset=\"https:\/\/agora.xtec.cat\/escjoanmaragall\/wp-content\/uploads\/usu115\/2021\/02\/arque\u00f2legs-4.jpg 640w, https:\/\/agora.xtec.cat\/escjoanmaragall\/wp-content\/uploads\/usu115\/2021\/02\/arque\u00f2legs-4-501x376.jpg 501w, https:\/\/agora.xtec.cat\/escjoanmaragall\/wp-content\/uploads\/usu115\/2021\/02\/arque\u00f2legs-4-200x150.jpg 200w\" sizes=\"auto, (max-width: 640px) 100vw, 640px\" \/><\/p>\n<p style=\"text-align: justify;\">Amb els ossos hem pogut descobrir de quin animal es tractava, de qu\u00e8 s\u2019alimentava,&#8230;<\/p>\n<p style=\"text-align: justify;\"><img loading=\"lazy\" decoding=\"async\" class=\"wp-image-13978 aligncenter\" src=\"https:\/\/agora.xtec.cat\/escjoanmaragall\/wp-content\/uploads\/usu115\/2021\/02\/ossos.jpg\" alt=\"\" width=\"251\" height=\"335\" \/><\/p>\n<p style=\"text-align: justify;\">Pel color de la cer\u00e0mica i la seva decoraci\u00f3 hem sabut la seva antiguitat.<\/p>\n<p><a href=\"https:\/\/agora.xtec.cat\/escjoanmaragall\/wp-content\/uploads\/usu115\/2021\/02\/IMG_20210210_093048.jpg\"><img loading=\"lazy\" decoding=\"async\" class=\" wp-image-13989 aligncenter\" src=\"https:\/\/agora.xtec.cat\/escjoanmaragall\/wp-content\/uploads\/usu115\/2021\/02\/IMG_20210210_093048.jpg\" alt=\"\" width=\"351\" height=\"263\" srcset=\"https:\/\/agora.xtec.cat\/escjoanmaragall\/wp-content\/uploads\/usu115\/2021\/02\/IMG_20210210_093048.jpg 640w, https:\/\/agora.xtec.cat\/escjoanmaragall\/wp-content\/uploads\/usu115\/2021\/02\/IMG_20210210_093048-501x376.jpg 501w, https:\/\/agora.xtec.cat\/escjoanmaragall\/wp-content\/uploads\/usu115\/2021\/02\/IMG_20210210_093048-200x150.jpg 200w\" sizes=\"auto, (max-width: 351px) 100vw, 351px\" \/><\/a><\/p>\n<p style=\"text-align: justify;\">Un cop feta la recerca hem anat classificant segons l\u2019animal i l\u2019\u00e8poca a la que pertanyien.<\/p>\n<p><a href=\"https:\/\/agora.xtec.cat\/escjoanmaragall\/wp-content\/uploads\/usu115\/2021\/02\/IMG_20210210_093140.jpg\"><img loading=\"lazy\" decoding=\"async\" class=\" wp-image-13990 aligncenter\" src=\"https:\/\/agora.xtec.cat\/escjoanmaragall\/wp-content\/uploads\/usu115\/2021\/02\/IMG_20210210_093140.jpg\" alt=\"\" width=\"425\" height=\"319\" srcset=\"https:\/\/agora.xtec.cat\/escjoanmaragall\/wp-content\/uploads\/usu115\/2021\/02\/IMG_20210210_093140.jpg 640w, https:\/\/agora.xtec.cat\/escjoanmaragall\/wp-content\/uploads\/usu115\/2021\/02\/IMG_20210210_093140-501x376.jpg 501w, https:\/\/agora.xtec.cat\/escjoanmaragall\/wp-content\/uploads\/usu115\/2021\/02\/IMG_20210210_093140-200x150.jpg 200w\" sizes=\"auto, (max-width: 425px) 100vw, 425px\" \/><\/a><\/p>\n<p style=\"text-align: justify;\">Mentre hem anat excavant, han aparegut restes de fonaments d\u2019alguna construcci\u00f3 antiga.<\/p>\n<p style=\"text-align: justify;\"><img loading=\"lazy\" decoding=\"async\" class=\"alignnone wp-image-13977 aligncenter\" src=\"https:\/\/agora.xtec.cat\/escjoanmaragall\/wp-content\/uploads\/usu115\/2021\/02\/fonaments.jpg\" alt=\"\" width=\"297\" height=\"223\" srcset=\"https:\/\/agora.xtec.cat\/escjoanmaragall\/wp-content\/uploads\/usu115\/2021\/02\/fonaments.jpg 640w, https:\/\/agora.xtec.cat\/escjoanmaragall\/wp-content\/uploads\/usu115\/2021\/02\/fonaments-501x376.jpg 501w, https:\/\/agora.xtec.cat\/escjoanmaragall\/wp-content\/uploads\/usu115\/2021\/02\/fonaments-200x150.jpg 200w\" sizes=\"auto, (max-width: 297px) 100vw, 297px\" \/><\/p>\n<p>Realment, fer d\u2019arque\u00f2leg o arque\u00f2loga \u00e9s ben interessant!<\/p>\n<p>&nbsp;<\/p>\n<p><strong>LES TERMES ROMANES D&#8217;ILERDA<\/strong><\/p>\n<p>La segona activitat que hem realitzat a l\u2019Arxiu ha estat el visionat d\u2019un v\u00eddeo explicatiu de les termes p\u00fabliques de la ciutat romana d\u2019 Ilerda. D\u2019aquesta manera, hem introdu\u00eft l\u2019\u00e8poca romana.<\/p>\n<p>&nbsp;<\/p>\n<p><iframe loading=\"lazy\" src=\"https:\/\/www.youtube.com\/embed\/idxGVC79ctM\" width=\"640\" height=\"480\" frameborder=\"0\"><\/iframe><\/p>\n<p>&nbsp;<\/p>\n<p>Per als romans el bany era un s\u00edmbol d\u2019higiene, cultura i benestar de la societat. Per aix\u00f2 van decidir crear les termes, uns espais p\u00fablics on\u00a0 podien anar a reunir-se, banyar-se i a fer esport. La majoria de termes tenien tres sales diferents amb basses o piscines a l&#8217;interior: el <em>frigidarium<\/em> (aigua freda), el<em> tepidarium<\/em> ( aigua t\u00e8bia) i el<em> caldarium<\/em> (aigua calenta) per on anaven passant progressivament.<\/p>\n<p>Per escalfar les estances, van inventar l&#8217;hipocaust, un sistema de calefacci\u00f3 que feia passar aire calent per sota terra. Aquest aire calent provenia d\u2019unes calderes que tamb\u00e9 escalfaven l\u2019aigua de les piscines.<\/p>\n<p>Les termes p\u00fabliques d\u2019 Ilerda daten del segle II dC i eren un dels edificis m\u00e9s importants de la ciutat.<\/p>\n<p>Actualment les restes de les termes es troben sota diverses cases i patis localitzats entre la travessera i el carrer Cardenal Remolins. Entre altres vestigis, a les termes de Lleida va apar\u00e8ixer un mosaic que hem pogut admirar reconstru\u00eft a l\u2019arxiu.<\/p>\n<p>&nbsp;<\/p>\n<p><a href=\"https:\/\/agora.xtec.cat\/escjoanmaragall\/wp-content\/uploads\/usu115\/2021\/02\/IMG_20210203_110445.jpg\"><img loading=\"lazy\" decoding=\"async\" class=\" wp-image-14020\" src=\"https:\/\/agora.xtec.cat\/escjoanmaragall\/wp-content\/uploads\/usu115\/2021\/02\/IMG_20210203_110445.jpg\" alt=\"\" width=\"395\" height=\"218\" srcset=\"https:\/\/agora.xtec.cat\/escjoanmaragall\/wp-content\/uploads\/usu115\/2021\/02\/IMG_20210203_110445.jpg 640w, https:\/\/agora.xtec.cat\/escjoanmaragall\/wp-content\/uploads\/usu115\/2021\/02\/IMG_20210203_110445-564x311.jpg 564w\" sizes=\"auto, (max-width: 395px) 100vw, 395px\" \/><\/a><\/p>\n<p><a href=\"https:\/\/agora.xtec.cat\/escjoanmaragall\/wp-content\/uploads\/usu115\/2021\/02\/IMG_20210127_111203.jpg\"><img loading=\"lazy\" decoding=\"async\" class=\"wp-image-13991 alignleft\" src=\"https:\/\/agora.xtec.cat\/escjoanmaragall\/wp-content\/uploads\/usu115\/2021\/02\/IMG_20210127_111203.jpg\" alt=\"\" width=\"367\" height=\"224\" srcset=\"https:\/\/agora.xtec.cat\/escjoanmaragall\/wp-content\/uploads\/usu115\/2021\/02\/IMG_20210127_111203.jpg 640w, https:\/\/agora.xtec.cat\/escjoanmaragall\/wp-content\/uploads\/usu115\/2021\/02\/IMG_20210127_111203-564x345.jpg 564w\" sizes=\"auto, (max-width: 367px) 100vw, 367px\" \/><\/a><\/p>\n<p>&nbsp;<\/p>\n<p>&nbsp;<\/p>\n<p>&nbsp;<\/p>\n<p>&nbsp;<\/p>\n<p>&nbsp;<\/p>\n<p>&nbsp;<\/p>\n<p>&nbsp;<\/p>\n<p><strong>FEM UN MOSAIC<\/strong><\/p>\n<p>Despr\u00e9s de veure el v\u00eddeo i d&#8217;observar el mosaic original que van trobar els arque\u00f2legs a les termes d&#8217; Ilerda, n&#8217;hem el\u00b7laborat un.<\/p>\n<p>En \u00e8poca dels romans els esclaus eren els encarregats de fer-los. Es tractava d&#8217;una tasca feixuga i lenta ja que havien d&#8217;anar col\u00b7locant les tessel\u00b7les, que eren peces molt petites de cer\u00e0mica, pedra o vidre, per a formar el conjunt. Els mosaics decoraven el terra de les estances de llocs p\u00fablics, com ara les termes, i d&#8217;algunes domus de fam\u00edlies benestants.<\/p>\n<p>Per fer el mosaic, ten\u00edem diferents patrons que hem imitat i cadasc\u00fa ha seguit diferents estrat\u00e8gies: classificar les tessel\u00b7les per colors; comen\u00e7ar amb les peces de colors m\u00e9s vistosos&#8230;<\/p>\n<p>&nbsp;<\/p>\n<p><a href=\"https:\/\/agora.xtec.cat\/escjoanmaragall\/wp-content\/uploads\/usu115\/2021\/02\/IMG_20210203_111330.jpg\"><img loading=\"lazy\" decoding=\"async\" class=\" wp-image-14017\" src=\"https:\/\/agora.xtec.cat\/escjoanmaragall\/wp-content\/uploads\/usu115\/2021\/02\/IMG_20210203_111330.jpg\" alt=\"\" width=\"391\" height=\"521\" srcset=\"https:\/\/agora.xtec.cat\/escjoanmaragall\/wp-content\/uploads\/usu115\/2021\/02\/IMG_20210203_111330.jpg 480w, https:\/\/agora.xtec.cat\/escjoanmaragall\/wp-content\/uploads\/usu115\/2021\/02\/IMG_20210203_111330-282x376.jpg 282w\" sizes=\"auto, (max-width: 391px) 100vw, 391px\" \/><\/a><\/p>\n<p><a href=\"https:\/\/agora.xtec.cat\/escjoanmaragall\/wp-content\/uploads\/usu115\/2021\/02\/IMG_20210210_111225-1-e1613651604639.jpg\"><img loading=\"lazy\" decoding=\"async\" class=\"wp-image-14018 alignright\" src=\"https:\/\/agora.xtec.cat\/escjoanmaragall\/wp-content\/uploads\/usu115\/2021\/02\/IMG_20210210_111225-1-e1613651604639.jpg\" alt=\"\" width=\"391\" height=\"521\" srcset=\"https:\/\/agora.xtec.cat\/escjoanmaragall\/wp-content\/uploads\/usu115\/2021\/02\/IMG_20210210_111225-1-e1613651604639.jpg 480w, https:\/\/agora.xtec.cat\/escjoanmaragall\/wp-content\/uploads\/usu115\/2021\/02\/IMG_20210210_111225-1-e1613651604639-282x376.jpg 282w\" sizes=\"auto, (max-width: 391px) 100vw, 391px\" \/><\/a><\/p>\n<p>&nbsp;<\/p>\n<p>&nbsp;<\/p>\n<p>&nbsp;<\/p>\n<p>&nbsp;<\/p>\n<p>&nbsp;<\/p>\n<p>&nbsp;<\/p>\n<p>&nbsp;<\/p>\n<p>&nbsp;<\/p>\n<p>&nbsp;<\/p>\n<p>&nbsp;<\/p>\n<p>&nbsp;<\/p>\n<p>&nbsp;<\/p>\n<p>&nbsp;<\/p>\n<p>Finalment, hem ajuntat els mosaics que hem fet individualment per formar-ne un de m\u00e9s gran.<\/p>\n<p><a href=\"https:\/\/agora.xtec.cat\/escjoanmaragall\/wp-content\/uploads\/usu115\/2021\/02\/IMG_20210210_113243.jpg\"><img loading=\"lazy\" decoding=\"async\" class=\"aligncenter wp-image-14019 \" src=\"https:\/\/agora.xtec.cat\/escjoanmaragall\/wp-content\/uploads\/usu115\/2021\/02\/IMG_20210210_113243-e1613652002172.jpg\" alt=\"\" width=\"361\" height=\"482\" srcset=\"https:\/\/agora.xtec.cat\/escjoanmaragall\/wp-content\/uploads\/usu115\/2021\/02\/IMG_20210210_113243-e1613652002172.jpg 480w, https:\/\/agora.xtec.cat\/escjoanmaragall\/wp-content\/uploads\/usu115\/2021\/02\/IMG_20210210_113243-e1613652002172-282x376.jpg 282w\" sizes=\"auto, (max-width: 361px) 100vw, 361px\" \/><\/a><\/p>\n<p>&nbsp;<\/p>\n<p>Ha estat una tasca entretinguda que ens ha fet adonar de la complexitat d&#8217;aquesta t\u00e8cnica art\u00edstica.<\/p>\n<p>&nbsp;<\/p>\n<p><strong>FEM DE RESTAURADORS\u00a0<\/strong><\/p>\n<p>Despr\u00e9s d&#8217;haver fet d&#8217;arque\u00f2legs i trobat diferents restes, ens hem adonat que moltes d&#8217;elles les hem trobat trencades, malmeses o incomplertes pel pas del temps. Aix\u00ed doncs, hem apr\u00e8s que els arque\u00f2legs numeren i registren totes les troballes i, posteriorment, els restauradors, intenten reconstruir els objectes amb les peces que\u00a0 es van trobant.<\/p>\n<p>Nosaltres tamb\u00e9 ens hem ficat a la pell dels restauradors i hem hagut de reconstruir diferents objectes cer\u00e0mics, com gerros o plats, dels quals nom\u00e9s ten\u00edem peces soltes.<\/p>\n<p>Ha sigut com fer un puzzle amb 3D! I hem ent\u00e8s la import\u00e0ncia d&#8217;aquesta feina despr\u00e9s que els arque\u00f2legs hagin fet les seves troballes.<\/p>\n<p><img loading=\"lazy\" decoding=\"async\" class=\"alignleft wp-image-14037 size-medium\" src=\"https:\/\/agora.xtec.cat\/escjoanmaragall\/wp-content\/uploads\/usu115\/2021\/02\/WhatsApp-Image-2021-02-23-at-13.09.07-1-501x376.jpeg\" alt=\"\" width=\"501\" height=\"376\" srcset=\"https:\/\/agora.xtec.cat\/escjoanmaragall\/wp-content\/uploads\/usu115\/2021\/02\/WhatsApp-Image-2021-02-23-at-13.09.07-1-501x376.jpeg 501w, https:\/\/agora.xtec.cat\/escjoanmaragall\/wp-content\/uploads\/usu115\/2021\/02\/WhatsApp-Image-2021-02-23-at-13.09.07-1-768x576.jpeg 768w, https:\/\/agora.xtec.cat\/escjoanmaragall\/wp-content\/uploads\/usu115\/2021\/02\/WhatsApp-Image-2021-02-23-at-13.09.07-1-1024x768.jpeg 1024w, https:\/\/agora.xtec.cat\/escjoanmaragall\/wp-content\/uploads\/usu115\/2021\/02\/WhatsApp-Image-2021-02-23-at-13.09.07-1-200x150.jpeg 200w, https:\/\/agora.xtec.cat\/escjoanmaragall\/wp-content\/uploads\/usu115\/2021\/02\/WhatsApp-Image-2021-02-23-at-13.09.07-1.jpeg 1600w\" sizes=\"auto, (max-width: 501px) 100vw, 501px\" \/> <img loading=\"lazy\" decoding=\"async\" class=\"wp-image-14038 size-medium alignright\" src=\"https:\/\/agora.xtec.cat\/escjoanmaragall\/wp-content\/uploads\/usu115\/2021\/02\/WhatsApp-Image-2021-02-23-at-13.09.07-2-501x376.jpeg\" alt=\"\" width=\"501\" height=\"376\" srcset=\"https:\/\/agora.xtec.cat\/escjoanmaragall\/wp-content\/uploads\/usu115\/2021\/02\/WhatsApp-Image-2021-02-23-at-13.09.07-2-501x376.jpeg 501w, https:\/\/agora.xtec.cat\/escjoanmaragall\/wp-content\/uploads\/usu115\/2021\/02\/WhatsApp-Image-2021-02-23-at-13.09.07-2-768x576.jpeg 768w, https:\/\/agora.xtec.cat\/escjoanmaragall\/wp-content\/uploads\/usu115\/2021\/02\/WhatsApp-Image-2021-02-23-at-13.09.07-2-1024x768.jpeg 1024w, https:\/\/agora.xtec.cat\/escjoanmaragall\/wp-content\/uploads\/usu115\/2021\/02\/WhatsApp-Image-2021-02-23-at-13.09.07-2-200x150.jpeg 200w, https:\/\/agora.xtec.cat\/escjoanmaragall\/wp-content\/uploads\/usu115\/2021\/02\/WhatsApp-Image-2021-02-23-at-13.09.07-2.jpeg 1600w\" sizes=\"auto, (max-width: 501px) 100vw, 501px\" \/> <img loading=\"lazy\" decoding=\"async\" class=\"alignleft wp-image-14039 size-medium\" src=\"https:\/\/agora.xtec.cat\/escjoanmaragall\/wp-content\/uploads\/usu115\/2021\/02\/WhatsApp-Image-2021-02-23-at-13.09.07-3-501x376.jpeg\" alt=\"\" width=\"501\" height=\"376\" srcset=\"https:\/\/agora.xtec.cat\/escjoanmaragall\/wp-content\/uploads\/usu115\/2021\/02\/WhatsApp-Image-2021-02-23-at-13.09.07-3-501x376.jpeg 501w, https:\/\/agora.xtec.cat\/escjoanmaragall\/wp-content\/uploads\/usu115\/2021\/02\/WhatsApp-Image-2021-02-23-at-13.09.07-3-768x576.jpeg 768w, https:\/\/agora.xtec.cat\/escjoanmaragall\/wp-content\/uploads\/usu115\/2021\/02\/WhatsApp-Image-2021-02-23-at-13.09.07-3-1024x768.jpeg 1024w, https:\/\/agora.xtec.cat\/escjoanmaragall\/wp-content\/uploads\/usu115\/2021\/02\/WhatsApp-Image-2021-02-23-at-13.09.07-3-200x150.jpeg 200w, https:\/\/agora.xtec.cat\/escjoanmaragall\/wp-content\/uploads\/usu115\/2021\/02\/WhatsApp-Image-2021-02-23-at-13.09.07-3.jpeg 1600w\" sizes=\"auto, (max-width: 501px) 100vw, 501px\" \/><\/p>\n<p>&nbsp;<\/p>\n<p>&nbsp;<\/p>\n<p>&nbsp;<\/p>\n<p>&nbsp;<\/p>\n","protected":false},"excerpt":{"rendered":"<p>VISITA A L\u2019ARXIU ARQUEOL\u00d2GIC DE LLEIDA.<br \/>\n&nbsp;<br \/>\nAquest trimestre treballem &#8220;El pas del temps&#8221;, un projecte que abra\u00e7a des de la Prehist\u00f2ria fins a l\u2019 \u00c8poca Moderna.<br \/>\n&nbsp;<br \/>\nFEM D&#8217;ARQUE\u00d2LEGS<br \/>\nLa primera activitat que hem dut a terme a l&#8217; Arxiu arqueol\u00f2gic ha estat con\u00e8ixer l\u2019 ofici d\u2019 arque\u00f2leg i&hellip;  <a href=\"https:\/\/agora.xtec.cat\/escjoanmaragall\/el-pas-del-temps\/\" title=\"Read EL PAS DEL TEMPS\">Llegeix m\u00e9s\u00bb<\/a><\/p>\n","protected":false},"author":1,"featured_media":0,"parent":0,"menu_order":0,"comment_status":"closed","ping_status":"closed","template":"","meta":{"_bbp_topic_count":0,"_bbp_reply_count":0,"_bbp_total_topic_count":0,"_bbp_total_reply_count":0,"_bbp_voice_count":0,"_bbp_anonymous_reply_count":0,"_bbp_topic_count_hidden":0,"_bbp_reply_count_hidden":0,"_bbp_forum_subforum_count":0,"footnotes":""},"class_list":["post-13949","page","type-page","status-publish","hentry"],"post_mailing_queue_ids":[],"_links":{"self":[{"href":"https:\/\/agora.xtec.cat\/escjoanmaragall\/wp-json\/wp\/v2\/pages\/13949","targetHints":{"allow":["GET"]}}],"collection":[{"href":"https:\/\/agora.xtec.cat\/escjoanmaragall\/wp-json\/wp\/v2\/pages"}],"about":[{"href":"https:\/\/agora.xtec.cat\/escjoanmaragall\/wp-json\/wp\/v2\/types\/page"}],"author":[{"embeddable":true,"href":"https:\/\/agora.xtec.cat\/escjoanmaragall\/wp-json\/wp\/v2\/users\/1"}],"replies":[{"embeddable":true,"href":"https:\/\/agora.xtec.cat\/escjoanmaragall\/wp-json\/wp\/v2\/comments?post=13949"}],"version-history":[{"count":6,"href":"https:\/\/agora.xtec.cat\/escjoanmaragall\/wp-json\/wp\/v2\/pages\/13949\/revisions"}],"predecessor-version":[{"id":14043,"href":"https:\/\/agora.xtec.cat\/escjoanmaragall\/wp-json\/wp\/v2\/pages\/13949\/revisions\/14043"}],"wp:attachment":[{"href":"https:\/\/agora.xtec.cat\/escjoanmaragall\/wp-json\/wp\/v2\/media?parent=13949"}],"curies":[{"name":"wp","href":"https:\/\/api.w.org\/{rel}","templated":true}]}}