{"id":13674,"date":"2020-10-23T13:50:58","date_gmt":"2020-10-23T11:50:58","guid":{"rendered":"https:\/\/agora.xtec.cat\/escjoanmaragall\/?page_id=13674"},"modified":"2020-11-11T12:24:48","modified_gmt":"2020-11-11T11:24:48","slug":"lanimal-misterios","status":"publish","type":"page","link":"https:\/\/agora.xtec.cat\/escjoanmaragall\/lanimal-misterios\/","title":{"rendered":"L&#8217;ANIMAL MISTERI\u00d3S"},"content":{"rendered":"<p><span style=\"font-weight: 400;\">L\u2019alumnat de cicle inicial hem iniciat un nou projecte: \u201cL\u2019animal misteri\u00f3s\u201d.<\/span><\/p>\n<p><span style=\"font-weight: 400;\">Per comen\u00e7ar, hem vist un v\u00eddeo en el qual la Maria i el Mohamed ens demanaven ajuda per esbrinar quin era l\u2019animal misteri\u00f3s que s\u2019havien trobat durant una excursi\u00f3 amb l\u2019escola.\u00a0<\/span><\/p>\n<p><iframe loading=\"lazy\" src=\"\/\/www.youtube.com\/embed\/OdBibVBj0hQ?feature=youtu\" width=\"560\" height=\"314\"><\/iframe><\/p>\n<p>A l&#8217;acabar el v\u00eddeo tots\/es <span style=\"font-weight: 400;\">hem coincidit qu\u00e8 es tractava d\u2019un os!!!!<\/span><\/p>\n<p><img loading=\"lazy\" decoding=\"async\" class=\"alignnone size-large wp-image-13767\" src=\"https:\/\/agora.xtec.cat\/escjoanmaragall\/wp-content\/uploads\/usu115\/2020\/11\/20201020_151825-1024x576.jpg\" alt=\"\" width=\"1024\" height=\"576\" srcset=\"https:\/\/agora.xtec.cat\/escjoanmaragall\/wp-content\/uploads\/usu115\/2020\/11\/20201020_151825-1024x576.jpg 1024w, https:\/\/agora.xtec.cat\/escjoanmaragall\/wp-content\/uploads\/usu115\/2020\/11\/20201020_151825-564x317.jpg 564w, https:\/\/agora.xtec.cat\/escjoanmaragall\/wp-content\/uploads\/usu115\/2020\/11\/20201020_151825-768x432.jpg 768w\" sizes=\"auto, (max-width: 1024px) 100vw, 1024px\" \/><\/p>\n<p>&nbsp;<\/p>\n<p><span style=\"font-weight: 400;\">Despr\u00e9s de veure el v\u00eddeo hem fet una fitxa de comprensi\u00f3 oral, per comprovar de qu\u00e8 ens record\u00e0vem:<\/span><\/p>\n<p>&nbsp;<\/p>\n<p><img loading=\"lazy\" decoding=\"async\" class=\"alignnone size-large wp-image-13780\" src=\"https:\/\/agora.xtec.cat\/escjoanmaragall\/wp-content\/uploads\/usu115\/2020\/11\/WhatsApp-Image-2020-11-11-at-12.19.47-619x1024.jpeg\" alt=\"\" width=\"619\" height=\"1024\" srcset=\"https:\/\/agora.xtec.cat\/escjoanmaragall\/wp-content\/uploads\/usu115\/2020\/11\/WhatsApp-Image-2020-11-11-at-12.19.47-619x1024.jpeg 619w, https:\/\/agora.xtec.cat\/escjoanmaragall\/wp-content\/uploads\/usu115\/2020\/11\/WhatsApp-Image-2020-11-11-at-12.19.47-227x376.jpeg 227w, https:\/\/agora.xtec.cat\/escjoanmaragall\/wp-content\/uploads\/usu115\/2020\/11\/WhatsApp-Image-2020-11-11-at-12.19.47-768x1271.jpeg 768w, https:\/\/agora.xtec.cat\/escjoanmaragall\/wp-content\/uploads\/usu115\/2020\/11\/WhatsApp-Image-2020-11-11-at-12.19.47.jpeg 866w\" sizes=\"auto, (max-width: 619px) 100vw, 619px\" \/><img loading=\"lazy\" decoding=\"async\" class=\"alignnone size-large wp-image-13779\" src=\"https:\/\/agora.xtec.cat\/escjoanmaragall\/wp-content\/uploads\/usu115\/2020\/11\/WhatsApp-Image-2020-11-11-at-12.20.08-685x1024.jpeg\" alt=\"\" width=\"685\" height=\"1024\" srcset=\"https:\/\/agora.xtec.cat\/escjoanmaragall\/wp-content\/uploads\/usu115\/2020\/11\/WhatsApp-Image-2020-11-11-at-12.20.08-685x1024.jpeg 685w, https:\/\/agora.xtec.cat\/escjoanmaragall\/wp-content\/uploads\/usu115\/2020\/11\/WhatsApp-Image-2020-11-11-at-12.20.08-251x376.jpeg 251w, https:\/\/agora.xtec.cat\/escjoanmaragall\/wp-content\/uploads\/usu115\/2020\/11\/WhatsApp-Image-2020-11-11-at-12.20.08-768x1149.jpeg 768w, https:\/\/agora.xtec.cat\/escjoanmaragall\/wp-content\/uploads\/usu115\/2020\/11\/WhatsApp-Image-2020-11-11-at-12.20.08.jpeg 857w\" sizes=\"auto, (max-width: 685px) 100vw, 685px\" \/><\/p>\n","protected":false},"excerpt":{"rendered":"<p>L\u2019alumnat de cicle inicial hem iniciat un nou projecte: \u201cL\u2019animal misteri\u00f3s\u201d.<br \/>\nPer comen\u00e7ar, hem vist un v\u00eddeo en el qual la Maria i el Mohamed ens demanaven ajuda per esbrinar quin era l\u2019animal misteri\u00f3s que s\u2019havien trobat durant una excursi\u00f3 amb l\u2019escola.\u00a0<\/p>\n<p>A l&#8217;acabar el v\u00eddeo tots\/es&hellip;  <a href=\"https:\/\/agora.xtec.cat\/escjoanmaragall\/lanimal-misterios\/\" title=\"Read L&#8217;ANIMAL MISTERI\u00d3S\">Llegeix m\u00e9s\u00bb<\/a><\/p>\n","protected":false},"author":1,"featured_media":0,"parent":0,"menu_order":0,"comment_status":"closed","ping_status":"closed","template":"","meta":{"_bbp_topic_count":0,"_bbp_reply_count":0,"_bbp_total_topic_count":0,"_bbp_total_reply_count":0,"_bbp_voice_count":0,"_bbp_anonymous_reply_count":0,"_bbp_topic_count_hidden":0,"_bbp_reply_count_hidden":0,"_bbp_forum_subforum_count":0,"footnotes":""},"class_list":["post-13674","page","type-page","status-publish","hentry"],"post_mailing_queue_ids":[],"_links":{"self":[{"href":"https:\/\/agora.xtec.cat\/escjoanmaragall\/wp-json\/wp\/v2\/pages\/13674","targetHints":{"allow":["GET"]}}],"collection":[{"href":"https:\/\/agora.xtec.cat\/escjoanmaragall\/wp-json\/wp\/v2\/pages"}],"about":[{"href":"https:\/\/agora.xtec.cat\/escjoanmaragall\/wp-json\/wp\/v2\/types\/page"}],"author":[{"embeddable":true,"href":"https:\/\/agora.xtec.cat\/escjoanmaragall\/wp-json\/wp\/v2\/users\/1"}],"replies":[{"embeddable":true,"href":"https:\/\/agora.xtec.cat\/escjoanmaragall\/wp-json\/wp\/v2\/comments?post=13674"}],"version-history":[{"count":4,"href":"https:\/\/agora.xtec.cat\/escjoanmaragall\/wp-json\/wp\/v2\/pages\/13674\/revisions"}],"predecessor-version":[{"id":13784,"href":"https:\/\/agora.xtec.cat\/escjoanmaragall\/wp-json\/wp\/v2\/pages\/13674\/revisions\/13784"}],"wp:attachment":[{"href":"https:\/\/agora.xtec.cat\/escjoanmaragall\/wp-json\/wp\/v2\/media?parent=13674"}],"curies":[{"name":"wp","href":"https:\/\/api.w.org\/{rel}","templated":true}]}}