{"id":11775,"date":"2020-04-24T15:59:28","date_gmt":"2020-04-24T13:59:28","guid":{"rendered":"https:\/\/agora.xtec.cat\/escjoanmaragall\/?page_id=11775"},"modified":"2020-05-17T11:39:07","modified_gmt":"2020-05-17T09:39:07","slug":"cicle-inicial-ara-escric","status":"publish","type":"page","link":"https:\/\/agora.xtec.cat\/escjoanmaragall\/ara-escric\/cicle-inicial-ara-escric\/","title":{"rendered":"2n- Ara Escric"},"content":{"rendered":"<p style=\"text-align: center;\"><strong>ALUMNES DE 2N!<\/strong><\/p>\n<p>Aqu\u00ed us proposem dues activitats:<\/p>\n<p><strong>Activitat 1<\/strong><\/p>\n<p><span style=\"font-weight: 400;\">Hola a tots i totes, espero que us trobeu molt b\u00e9! A causa del que estem patint aquests <\/span><span style=\"font-weight: 400;\">dies, hem de quedar-nos a casa. Per aix\u00f2, he preparat un repte molt divertit per fer durant <\/span><span style=\"font-weight: 400;\">la quarantena:\u00a0<\/span><\/p>\n<p style=\"text-align: center;\"><b>SOM CUINERS I CUINERES!\u00a0<\/b><\/p>\n<p><span style=\"font-weight: 400;\">Us proposo que escriviu una recepta que us agradi molt, aprofitant que teniu temps per <\/span><span style=\"font-weight: 400;\">passar en fam\u00edlia. Us deixo un petit v\u00eddeo explicant com fer l<\/span><span style=\"font-weight: 400;\">&#8216;activitat: <a href=\"https:\/\/youtu.be\/thQKp50Admk\">https:\/\/youtu.be\/thQKp50Admk<\/a> i tamb\u00e9, us ho deixo explicat per escrit en aquest document: <a href=\"https:\/\/view.genial.ly\/5ea16a8c2381030d807a7f36\/vertical-infographic-ara-escric-1\">Com fer l&#8217;activitat<\/a><\/span><\/p>\n<p><span style=\"font-weight: 400;\">Podeu enviar les vostres receptes a aquest correu: <\/span><strong>neusjoanmaragall@gmail.com\u00a0<\/strong><\/p>\n<p><span style=\"font-weight: 400;\">Us deixo un exemple de recepta que us pot ajudar:\u00a0<\/span><\/p>\n<p><strong>COCA DE IOGURT\u00a0<\/strong><\/p>\n<p><strong>Ingredients:\u00a0<\/strong><\/p>\n<p><span style=\"font-weight: 400;\">\u2794 <\/span><span style=\"font-weight: 400;\">1 iogurt\u00a0<\/span><\/p>\n<p><span style=\"font-weight: 400;\">\u2794 <\/span><span style=\"font-weight: 400;\">1 vas d\u2019oli\u00a0<\/span><\/p>\n<p><span style=\"font-weight: 400;\">\u2794 <\/span><span style=\"font-weight: 400;\">2 vasos de sucre\u00a0<\/span><\/p>\n<p><span style=\"font-weight: 400;\">\u2794 <\/span><span style=\"font-weight: 400;\">3 vasos de farina\u00a0<\/span><\/p>\n<p><span style=\"font-weight: 400;\">\u2794 <\/span><span style=\"font-weight: 400;\">3 ous\u00a0<\/span><\/p>\n<p><span style=\"font-weight: 400;\">\u2794 <\/span><span style=\"font-weight: 400;\">1 sobre de llevat\u00a0<\/span><\/p>\n<p><span style=\"font-weight: 400;\">\u2794 <\/span><span style=\"font-weight: 400;\">Mantega\u00a0<\/span><\/p>\n<p><strong>Passos:\u00a0<\/strong><\/p>\n<p><span style=\"font-weight: 400;\">1- Batem el iogurt, els ous i el sucre en un bol.\u00a0<\/span><\/p>\n<p><span style=\"font-weight: 400;\">2- Afegim el llevat amb la farina i l\u2019oli.\u00a0<\/span><\/p>\n<p><span style=\"font-weight: 400;\">3- Barregem la mescla.\u00a0<\/span><\/p>\n<p><span style=\"font-weight: 400;\">4- Posem una mica de mantega per les parets del motlle.\u00a0<\/span><\/p>\n<p><span style=\"font-weight: 400;\">5- Aboquem la barreja dins del motlle.\u00a0<\/span><\/p>\n<p><span style=\"font-weight: 400;\">6- Ho fiquem al forn a 180 graus durant 30 minuts i esperem!\u00a0<\/span><\/p>\n<p>&nbsp;<\/p>\n<p><span style=\"font-weight: 400;\">Recordeu que heu de posar els ingredients que es necessiten i l\u2019explicaci\u00f3 ha de ser clara!\u00a0<\/span><\/p>\n<p><span style=\"font-weight: 400;\">Tamb\u00e9, quan acabeu la podreu fer a casa. Fins aviat, espero resposta!\u00a0<\/span><\/p>\n<p><strong>Neus.\u00a0<\/strong><\/p>\n<p>&nbsp;<\/p>\n<p style=\"text-align: center;\"><span style=\"text-decoration: underline;\"><strong>Activitat 2<\/strong><\/span><\/p>\n<p><span style=\"text-decoration: underline;\"><strong>CREEM INSTRUCCIONS<\/strong><\/span><\/p>\n<p><span style=\"font-weight: 400;\">Hola a tots i a totes, s\u00f3c l &#8216;Alicia, espero que estigueu molt b\u00e9, avui us proposo un repte molt divertit i\u00a0<\/span><span style=\"font-weight: 400;\">que podreu fer-lo des de casa.\u00a0<\/span><\/p>\n<p><span style=\"font-weight: 400;\">S\u00e9 que ara esteu jugant a molts jocs, llavors us proposo que escrigueu unes instruccions\u00a0<\/span><span style=\"font-weight: 400;\">d&#8217;aquell joc que escolliu. Jo tamb\u00e9 he fet unes instruccions escrites sobre com jugo al parx\u00eds i, un v\u00eddeo ( https:\/\/youtu.be\/m2N8dr_JWsg ) sobre com jugo al pica paret!\u00a0<\/span><\/p>\n<p><span style=\"font-weight: 400;\">Espero les vostres instruccions!\u00a0<\/span><\/p>\n<p><span style=\"font-weight: 400;\">Ho podeu fer amb llapis i paper. On jo he posat les imatges, podeu imprimir-les i\u00a0<\/span><span style=\"font-weight: 400;\">enganxar-les o podeu fer un dibuix.\u00a0<\/span><\/p>\n<p><span style=\"font-weight: 400;\">Envieu les instruccions a aquest correu:<strong> joanmaragall2nb@gmail.com\u00a0<\/strong><\/span><\/p>\n<p><strong>EXEMPLE:\u00a0<\/strong><\/p>\n<ul>\n<li><span style=\"font-weight: 400;\"><strong> Nom del joc:<\/strong> Parx\u00eds.\u00a0<\/span><\/li>\n<li><span style=\"font-weight: 400;\"><strong> Nombre de jugadors<\/strong> que hi poden participar: 4\u00a0<\/span><\/li>\n<li><span style=\"font-weight: 400;\"><strong> Material<\/strong> (s&#8217;haur\u00e0 de fer un dibuix o posar una fotografia)<\/span><\/li>\n<\/ul>\n<p><img loading=\"lazy\" decoding=\"async\" class=\"wp-image-11738 alignnone\" src=\"https:\/\/agora.xtec.cat\/escjoanmaragall\/wp-content\/uploads\/usu115\/2020\/04\/1200px-Parch\u00eds.svg_.png\" alt=\"\" width=\"239\" height=\"239\" \/><\/p>\n<ul>\n<li><strong>Instruccions del joc:\u00a0<\/strong><\/li>\n<\/ul>\n<p><span style=\"font-weight: 400;\">&#8211; Al comen\u00e7ar el joc, totes les fitxes estaran a la seva casella, segons el seu color.\u00a0<\/span><\/p>\n<p><span style=\"font-weight: 400;\">&#8211; La partida t\u00e9 uns torns, cada jugador llen\u00e7ar\u00e0 un cop el dau.\u00a0<\/span><\/p>\n<p><span style=\"font-weight: 400;\">&#8211; Avan\u00e7ar\u00e0 de casella segons el n\u00famero que li hagi sortit al dau.\u00a0<\/span><\/p>\n<p><span style=\"font-weight: 400;\">&#8211; Les fitxes es mouen al sentit contrari de les agulles del rellotge.\u00a0<\/span><\/p>\n<p><span style=\"font-weight: 400;\">&#8211; Cada jugador haur\u00e0 d&#8217;arribar a la meta sense que els altres l&#8217;atrapin amb les seves fitxes.\u00a0<\/span><\/p>\n<p><span style=\"font-weight: 400;\">&#8211; Si un jugador (groc) cau al lloc on est\u00e0 un altre jugador (blau), el jugador blau haur\u00e0\u00a0<\/span><\/p>\n<p><span style=\"font-weight: 400;\">d&#8217;anar a la seva casella inicial.\u00a0<\/span><\/p>\n<p><strong>ACTIVITAT\u00a0<\/strong><\/p>\n<ul>\n<li><span style=\"font-weight: 400;\"> Nom del joc:\u00a0<\/span><\/li>\n<li><span style=\"font-weight: 400;\"> Nombre de jugadors que hi poden participar.\u00a0<\/span><\/li>\n<li><span style=\"font-weight: 400;\"> Material que es necessita.\u00a0<\/span><\/li>\n<li><span style=\"font-weight: 400;\"> Instruccions del joc.\u00a0<\/span><\/li>\n<\/ul>\n<p>Alicia.<\/p>\n<p>&nbsp;<\/p>\n<h5 style=\"text-align: left;\"><strong>Ja ens comencen arribar receptes dels cuiners de 2n! Aqu\u00ed teniu una mostra de com els nostres alumnes fan les seves receptes de rebosteria. \u00c0nims a tots i a seguir treballant!<\/strong><\/h5>\n<p><img loading=\"lazy\" decoding=\"async\" class=\"wp-image-12087 alignright\" src=\"https:\/\/agora.xtec.cat\/escjoanmaragall\/wp-content\/uploads\/usu115\/2020\/05\/IMG-20200428-WA0012-768x1024.jpg\" alt=\"\" width=\"326\" height=\"435\" srcset=\"https:\/\/agora.xtec.cat\/escjoanmaragall\/wp-content\/uploads\/usu115\/2020\/05\/IMG-20200428-WA0012-768x1024.jpg 768w, https:\/\/agora.xtec.cat\/escjoanmaragall\/wp-content\/uploads\/usu115\/2020\/05\/IMG-20200428-WA0012-282x376.jpg 282w, https:\/\/agora.xtec.cat\/escjoanmaragall\/wp-content\/uploads\/usu115\/2020\/05\/IMG-20200428-WA0012.jpg 1536w\" sizes=\"auto, (max-width: 326px) 100vw, 326px\" \/><img loading=\"lazy\" decoding=\"async\" class=\"wp-image-12086 alignright\" src=\"https:\/\/agora.xtec.cat\/escjoanmaragall\/wp-content\/uploads\/usu115\/2020\/05\/IMG-20200428-WA0010-1024x768.jpg\" alt=\"\" width=\"395\" height=\"296\" srcset=\"https:\/\/agora.xtec.cat\/escjoanmaragall\/wp-content\/uploads\/usu115\/2020\/05\/IMG-20200428-WA0010-1024x768.jpg 1024w, https:\/\/agora.xtec.cat\/escjoanmaragall\/wp-content\/uploads\/usu115\/2020\/05\/IMG-20200428-WA0010-501x376.jpg 501w, https:\/\/agora.xtec.cat\/escjoanmaragall\/wp-content\/uploads\/usu115\/2020\/05\/IMG-20200428-WA0010-768x576.jpg 768w, https:\/\/agora.xtec.cat\/escjoanmaragall\/wp-content\/uploads\/usu115\/2020\/05\/IMG-20200428-WA0010-200x150.jpg 200w, https:\/\/agora.xtec.cat\/escjoanmaragall\/wp-content\/uploads\/usu115\/2020\/05\/IMG-20200428-WA0010.jpg 2048w\" sizes=\"auto, (max-width: 395px) 100vw, 395px\" \/><\/p>\n<p>&nbsp;<\/p>\n<p>&nbsp;<\/p>\n<p>&nbsp;<\/p>\n<p>&nbsp;<\/p>\n<p>&nbsp;<\/p>\n<p>&nbsp;<\/p>\n<p>&nbsp;<\/p>\n<p>&nbsp;<\/p>\n<p>&nbsp;<\/p>\n<p>&nbsp;<\/p>\n<p>&nbsp;<\/p>\n<h5 style=\"text-align: left;\"><strong>Ja ens comencen arribar les vostres instruccions dels jocs! Aqu\u00ed us exposem algunes fotografies que hem rebut i aix\u00ed tots podrem con\u00e8ixer nous jocs per poder jugar!<\/strong><\/h5>\n<p><strong>JOC: EL FRUTAL<\/strong><\/p>\n<p><img loading=\"lazy\" decoding=\"async\" class=\"alignnone wp-image-12181\" src=\"https:\/\/agora.xtec.cat\/escjoanmaragall\/wp-content\/uploads\/usu115\/2020\/05\/IMG-20200501-WA0044-1024x1024.jpg\" alt=\"\" width=\"366\" height=\"366\" srcset=\"https:\/\/agora.xtec.cat\/escjoanmaragall\/wp-content\/uploads\/usu115\/2020\/05\/IMG-20200501-WA0044-1024x1024.jpg 1024w, https:\/\/agora.xtec.cat\/escjoanmaragall\/wp-content\/uploads\/usu115\/2020\/05\/IMG-20200501-WA0044-150x150.jpg 150w, https:\/\/agora.xtec.cat\/escjoanmaragall\/wp-content\/uploads\/usu115\/2020\/05\/IMG-20200501-WA0044-376x376.jpg 376w, https:\/\/agora.xtec.cat\/escjoanmaragall\/wp-content\/uploads\/usu115\/2020\/05\/IMG-20200501-WA0044-768x768.jpg 768w, https:\/\/agora.xtec.cat\/escjoanmaragall\/wp-content\/uploads\/usu115\/2020\/05\/IMG-20200501-WA0044.jpg 2048w\" sizes=\"auto, (max-width: 366px) 100vw, 366px\" \/> <img loading=\"lazy\" decoding=\"async\" class=\"alignnone wp-image-12185\" src=\"https:\/\/agora.xtec.cat\/escjoanmaragall\/wp-content\/uploads\/usu115\/2020\/05\/JOC-DEL-FRUTAL.png\" alt=\"\" width=\"407\" height=\"368\" srcset=\"https:\/\/agora.xtec.cat\/escjoanmaragall\/wp-content\/uploads\/usu115\/2020\/05\/JOC-DEL-FRUTAL.png 580w, https:\/\/agora.xtec.cat\/escjoanmaragall\/wp-content\/uploads\/usu115\/2020\/05\/JOC-DEL-FRUTAL-416x376.png 416w\" sizes=\"auto, (max-width: 407px) 100vw, 407px\" \/><img loading=\"lazy\" decoding=\"async\" class=\"alignnone wp-image-12184\" src=\"https:\/\/agora.xtec.cat\/escjoanmaragall\/wp-content\/uploads\/usu115\/2020\/05\/instruccions-1.png\" alt=\"\" width=\"399\" height=\"368\" srcset=\"https:\/\/agora.xtec.cat\/escjoanmaragall\/wp-content\/uploads\/usu115\/2020\/05\/instruccions-1.png 577w, https:\/\/agora.xtec.cat\/escjoanmaragall\/wp-content\/uploads\/usu115\/2020\/05\/instruccions-1-407x376.png 407w\" sizes=\"auto, (max-width: 399px) 100vw, 399px\" \/><\/p>\n","protected":false},"excerpt":{"rendered":"<p>ALUMNES DE 2N!<br \/>\nAqu\u00ed us proposem dues activitats:<br \/>\nActivitat 1<br \/>\nHola a tots i totes, espero que us trobeu molt b\u00e9! A causa del que estem patint aquests dies, hem de quedar-nos a casa. Per aix\u00f2, he preparat un repte molt divertit per fer durant la quarantena:\u00a0<br \/>\nSOM CUINERS&hellip;  <a href=\"https:\/\/agora.xtec.cat\/escjoanmaragall\/ara-escric\/cicle-inicial-ara-escric\/\" title=\"Read 2n- Ara Escric\">Llegeix m\u00e9s\u00bb<\/a><\/p>\n","protected":false},"author":1,"featured_media":0,"parent":11458,"menu_order":0,"comment_status":"closed","ping_status":"closed","template":"page-templates\/side-menu.php","meta":{"_bbp_topic_count":0,"_bbp_reply_count":0,"_bbp_total_topic_count":0,"_bbp_total_reply_count":0,"_bbp_voice_count":0,"_bbp_anonymous_reply_count":0,"_bbp_topic_count_hidden":0,"_bbp_reply_count_hidden":0,"_bbp_forum_subforum_count":0,"footnotes":""},"class_list":["post-11775","page","type-page","status-publish","hentry"],"post_mailing_queue_ids":[],"_links":{"self":[{"href":"https:\/\/agora.xtec.cat\/escjoanmaragall\/wp-json\/wp\/v2\/pages\/11775","targetHints":{"allow":["GET"]}}],"collection":[{"href":"https:\/\/agora.xtec.cat\/escjoanmaragall\/wp-json\/wp\/v2\/pages"}],"about":[{"href":"https:\/\/agora.xtec.cat\/escjoanmaragall\/wp-json\/wp\/v2\/types\/page"}],"author":[{"embeddable":true,"href":"https:\/\/agora.xtec.cat\/escjoanmaragall\/wp-json\/wp\/v2\/users\/1"}],"replies":[{"embeddable":true,"href":"https:\/\/agora.xtec.cat\/escjoanmaragall\/wp-json\/wp\/v2\/comments?post=11775"}],"version-history":[{"count":5,"href":"https:\/\/agora.xtec.cat\/escjoanmaragall\/wp-json\/wp\/v2\/pages\/11775\/revisions"}],"predecessor-version":[{"id":12568,"href":"https:\/\/agora.xtec.cat\/escjoanmaragall\/wp-json\/wp\/v2\/pages\/11775\/revisions\/12568"}],"up":[{"embeddable":true,"href":"https:\/\/agora.xtec.cat\/escjoanmaragall\/wp-json\/wp\/v2\/pages\/11458"}],"wp:attachment":[{"href":"https:\/\/agora.xtec.cat\/escjoanmaragall\/wp-json\/wp\/v2\/media?parent=11775"}],"curies":[{"name":"wp","href":"https:\/\/api.w.org\/{rel}","templated":true}]}}