{"id":11354,"date":"2020-04-13T14:55:26","date_gmt":"2020-04-13T12:55:26","guid":{"rendered":"https:\/\/agora.xtec.cat\/escjoanmaragall\/?page_id=11354"},"modified":"2020-05-25T13:41:47","modified_gmt":"2020-05-25T11:41:47","slug":"el-blog-de-religio-catolica","status":"publish","type":"page","link":"https:\/\/agora.xtec.cat\/escjoanmaragall\/el-blog-de-religio-catolica\/","title":{"rendered":"EL BLOG DE RELIGI\u00d3 CAT\u00d2LICA"},"content":{"rendered":"<p><strong>Dilluns 25 de maig de 2020<\/strong><\/p>\n<p><strong>S&#8217;apropa el final del curs, de les fases de confinament i esperem que de la malaltia del coronavirus.<\/strong><\/p>\n<p><strong>Per tant farem l<span class=\"hiddenGrammarError\">\u00b4<\/span>\u00faltima activitat i com no\u00a0podia\u00a0ser d<span class=\"hiddenGrammarError\">\u00b4<\/span>un\u00a0altra manera, preparem una celebraci\u00f3.<\/strong><\/p>\n<p>&nbsp;<\/p>\n<p>Fes\u00a0<span class=\"hiddenSpellError\">click<\/span>\u00a0a sobre del teu cicle i realitza les activitats.<\/p>\n<p>Cicle Inicial\u00a0 <a href=\"https:\/\/drive.google.com\/file\/d\/13h1lT9dL6Qo75Peg0X3O2Fn2nf8BR73V\/view\"><img loading=\"lazy\" decoding=\"async\" class=\" wp-image-11250 alignnone\" src=\"https:\/\/agora.xtec.cat\/escjoanmaragall\/wp-content\/uploads\/usu115\/2020\/04\/word.png\" alt=\"\" width=\"42\" height=\"38\" \/><\/a><a href=\"https:\/\/drive.google.com\/file\/d\/1a2a4s-JScCeOaxtGacSVSQmfa9dq3pzU\/view\"><img loading=\"lazy\" decoding=\"async\" class=\"alignnone wp-image-11249\" src=\"https:\/\/agora.xtec.cat\/escjoanmaragall\/wp-content\/uploads\/usu115\/2020\/04\/pdf.png\" alt=\"\" width=\"43\" height=\"43\" srcset=\"https:\/\/agora.xtec.cat\/escjoanmaragall\/wp-content\/uploads\/usu115\/2020\/04\/pdf.png 300w, https:\/\/agora.xtec.cat\/escjoanmaragall\/wp-content\/uploads\/usu115\/2020\/04\/pdf-150x150.png 150w\" sizes=\"auto, (max-width: 43px) 100vw, 43px\" \/><\/a><\/p>\n<p>Cicle Mitj\u00e0\u00a0 <a href=\"https:\/\/drive.google.com\/file\/d\/1qy8uZAhma7c7zsumw-7A5_7DbgV3AdYr\/view\"><img loading=\"lazy\" decoding=\"async\" class=\"alignnone wp-image-11250\" src=\"https:\/\/agora.xtec.cat\/escjoanmaragall\/wp-content\/uploads\/usu115\/2020\/04\/word.png\" alt=\"\" width=\"39\" height=\"35\" \/><\/a><a href=\"https:\/\/drive.google.com\/file\/d\/1r7EPDDzhmKVtsMPeyvzqVOXyB1k3_JfR\/view\"><img loading=\"lazy\" decoding=\"async\" class=\"alignnone wp-image-11249\" src=\"https:\/\/agora.xtec.cat\/escjoanmaragall\/wp-content\/uploads\/usu115\/2020\/04\/pdf.png\" alt=\"\" width=\"43\" height=\"43\" srcset=\"https:\/\/agora.xtec.cat\/escjoanmaragall\/wp-content\/uploads\/usu115\/2020\/04\/pdf.png 300w, https:\/\/agora.xtec.cat\/escjoanmaragall\/wp-content\/uploads\/usu115\/2020\/04\/pdf-150x150.png 150w\" sizes=\"auto, (max-width: 43px) 100vw, 43px\" \/><\/a><\/p>\n<p>Cicle Superior <a href=\"https:\/\/drive.google.com\/file\/d\/1p_VB6iK8smNdDuhEutNTle3SrFdTSoEO\/view\"><img loading=\"lazy\" decoding=\"async\" class=\"alignnone wp-image-11250\" src=\"https:\/\/agora.xtec.cat\/escjoanmaragall\/wp-content\/uploads\/usu115\/2020\/04\/word.png\" alt=\"\" width=\"38\" height=\"34\" \/><\/a><a href=\"https:\/\/drive.google.com\/file\/d\/1UU-dyTe59r603jWeFyG5Ly1CWzvbfkf1\/view\"><img loading=\"lazy\" decoding=\"async\" class=\"alignnone wp-image-11249\" src=\"https:\/\/agora.xtec.cat\/escjoanmaragall\/wp-content\/uploads\/usu115\/2020\/04\/pdf.png\" alt=\"\" width=\"41\" height=\"40\" srcset=\"https:\/\/agora.xtec.cat\/escjoanmaragall\/wp-content\/uploads\/usu115\/2020\/04\/pdf.png 300w, https:\/\/agora.xtec.cat\/escjoanmaragall\/wp-content\/uploads\/usu115\/2020\/04\/pdf-150x150.png 150w\" sizes=\"auto, (max-width: 41px) 100vw, 41px\" \/><\/a><\/p>\n<p>&nbsp;<\/p>\n<p>Les activitats fetes les podeu enviar al correu electr\u00f2nic:\u00a0<a href=\"mailto:fpareja@xtec.cat\">fpareja@xtec.cat<\/a><\/p>\n<p>&nbsp;<\/p>\n<p>Moltes gr\u00e0cies!<\/p>\n<p>&nbsp;<\/p>\n<p>&nbsp;<\/p>\n<p><strong>Dilluns 4 de maig de 2020<\/strong><\/p>\n<p><strong>La seg\u00fcent activitat \u00e9s veure aquesta pel\u00b7l\u00edcula i fer les activitats del vostre cicle.<\/strong><\/p>\n<p>Enlla\u00e7 de la\u00a0pel\u00b7l\u00edcula\u00a0&#8220;Del rev\u00e9s<span class=\"hiddenGrammarError\">&#8221; : <a href=\"https:\/\/www.youtube.com\/watch?v=Ic87y7fCVw4&amp;list=PL22X7PikvEKuhRKIQwgsTjGEdbuD87-L2\">https:\/\/www.youtube.com\/watch?v=Ic87y7fCVw4&amp;list=PL22X7PikvEKuhRKIQwgsTjGEdbuD87-L2<\/a><\/span><\/p>\n<p>Cicle Inicial <a href=\"https:\/\/drive.google.com\/file\/d\/1FW6lMOttO3I32D8-5aZcVNiGLTVqVpW_\/view?usp=sharing\"><img loading=\"lazy\" decoding=\"async\" class=\"alignnone wp-image-11250\" src=\"https:\/\/agora.xtec.cat\/escjoanmaragall\/wp-content\/uploads\/usu115\/2020\/04\/word.png\" alt=\"\" width=\"33\" height=\"30\" \/><\/a>\u00a0<a href=\"https:\/\/drive.google.com\/file\/d\/1f1gnE1U0IixY4wTPUPQ7cTt3SLsTyj33\/view?usp=sharing\"><img loading=\"lazy\" decoding=\"async\" class=\"alignnone wp-image-11249\" src=\"https:\/\/agora.xtec.cat\/escjoanmaragall\/wp-content\/uploads\/usu115\/2020\/04\/pdf.png\" alt=\"\" width=\"35\" height=\"34\" srcset=\"https:\/\/agora.xtec.cat\/escjoanmaragall\/wp-content\/uploads\/usu115\/2020\/04\/pdf.png 300w, https:\/\/agora.xtec.cat\/escjoanmaragall\/wp-content\/uploads\/usu115\/2020\/04\/pdf-150x150.png 150w\" sizes=\"auto, (max-width: 35px) 100vw, 35px\" \/><\/a><\/p>\n<p>Cicle Mitj\u00e0\u00a0 <a href=\"https:\/\/drive.google.com\/file\/d\/1bS5LebJALwmuBSimkWqbJOzhETNS0G-4\/view?usp=sharing\"><img loading=\"lazy\" decoding=\"async\" class=\"alignnone wp-image-11250\" src=\"https:\/\/agora.xtec.cat\/escjoanmaragall\/wp-content\/uploads\/usu115\/2020\/04\/word.png\" alt=\"\" width=\"34\" height=\"31\" \/><\/a><a href=\"https:\/\/drive.google.com\/file\/d\/1orc8-XD5Gk0LcXNdX4rgcIVRhS_rqUo8\/view?usp=sharing\"><img loading=\"lazy\" decoding=\"async\" class=\"alignnone wp-image-11249\" src=\"https:\/\/agora.xtec.cat\/escjoanmaragall\/wp-content\/uploads\/usu115\/2020\/04\/pdf.png\" alt=\"\" width=\"40\" height=\"39\" srcset=\"https:\/\/agora.xtec.cat\/escjoanmaragall\/wp-content\/uploads\/usu115\/2020\/04\/pdf.png 300w, https:\/\/agora.xtec.cat\/escjoanmaragall\/wp-content\/uploads\/usu115\/2020\/04\/pdf-150x150.png 150w\" sizes=\"auto, (max-width: 40px) 100vw, 40px\" \/><\/a><\/p>\n<p>Cicle Superior <a href=\"https:\/\/drive.google.com\/file\/d\/1uf08ORb3YAb4UnHBW84btup5LW5icL4p\/view?usp=sharing\"><img loading=\"lazy\" decoding=\"async\" class=\"alignnone wp-image-11250\" src=\"https:\/\/agora.xtec.cat\/escjoanmaragall\/wp-content\/uploads\/usu115\/2020\/04\/word.png\" alt=\"\" width=\"36\" height=\"33\" \/><\/a><a href=\"https:\/\/drive.google.com\/file\/d\/1Bnq42u7cI4d_CkCZ3AtsjkTxJJ8QEDSh\/view?usp=sharing\"><img loading=\"lazy\" decoding=\"async\" class=\"alignnone wp-image-11249\" src=\"https:\/\/agora.xtec.cat\/escjoanmaragall\/wp-content\/uploads\/usu115\/2020\/04\/pdf.png\" alt=\"\" width=\"39\" height=\"39\" srcset=\"https:\/\/agora.xtec.cat\/escjoanmaragall\/wp-content\/uploads\/usu115\/2020\/04\/pdf.png 300w, https:\/\/agora.xtec.cat\/escjoanmaragall\/wp-content\/uploads\/usu115\/2020\/04\/pdf-150x150.png 150w\" sizes=\"auto, (max-width: 39px) 100vw, 39px\" \/><\/a><\/p>\n<p>&nbsp;<\/p>\n<p>Les activitats fetes les podeu enviar al correu electr\u00f2nic: <a href=\"mailto:fpareja@xtec.cat\">fpareja@xtec.cat<\/a><\/p>\n<p>&nbsp;<\/p>\n<p>Moltes gr\u00e0cies!<\/p>\n<p>&nbsp;<\/p>\n<p>&nbsp;<\/p>\n<p>&nbsp;<\/p>\n<p><strong>Dimarts 14 d\u00b4abril de 2020<\/strong><\/p>\n<p>&nbsp;<\/p>\n<p><strong><img loading=\"lazy\" decoding=\"async\" class=\"size-full wp-image-11358 aligncenter\" src=\"https:\/\/agora.xtec.cat\/escjoanmaragall\/wp-content\/uploads\/usu115\/2020\/04\/descarga.jpg\" alt=\"\" width=\"299\" height=\"169\" \/><\/strong><\/p>\n<p style=\"text-align: left;\"><strong>Des de l\u2019Aula Hospital\u00e0ria de l\u2019Arnau de Vilanova anima els infants i adolescents a enviar dibuixos i textos per als pacients.<\/strong><\/p>\n<p>L\u2019Aula Hospital\u00e0ria Dr. Antoni Cambrod\u00ed de l\u2019Hospital Universitari Arnau de Vilanova ha engegat una campanya de recollida de dibuixos i cartes entre els infants i adolescents per donar \u00e0nims als pacients ingressats i als professionals sanitaris i lluitar aix\u00ed junts contra el coronavirus.<\/p>\n<p>&nbsp;<\/p>\n<p>\u201cAquesta iniciativa neix en unes circumst\u00e0ncies molt especials i en uns moments molt dif\u00edcils per a tothom\u201d, afirma la doctora To\u00f1y Castillo, coordinadora del projecte des de l\u2019Aula Hospital\u00e0ria de l\u2019Arnau de Vilanova.<\/p>\n<p>\u201cVolem que els nens i nenes i adolescents de totes les escoles i instituts ens envi\u00efn dibuixos, poemes, textos o v\u00eddeos per als pacients ingressats i per als professionals sanitaris, per aportar-los calor i esperan\u00e7a amb les seves creacions\u201d.<\/p>\n<p>&nbsp;<\/p>\n<p>Les cartes, poemes, dibuixos o videos els podeu fer arribar al correu electr\u00f2nic: <a href=\"mailto:fpareja@xtec.cat\">fpareja@xtec.cat<\/a>\u00a0 i des de aqu\u00ed seran reenviats als hospitals.<\/p>\n<p>&nbsp;<\/p>\n<p>Moltes gr\u00e0cies!<\/p>\n","protected":false},"excerpt":{"rendered":"<p>Dilluns 25 de maig de 2020<br \/>\nS&#8217;apropa el final del curs, de les fases de confinament i esperem que de la malaltia del coronavirus.<br \/>\nPer tant farem l\u00b4\u00faltima activitat i com no\u00a0podia\u00a0ser d\u00b4un\u00a0altra manera, preparem una celebraci\u00f3.<br \/>\n&nbsp;<br \/>\nFes\u00a0click\u00a0a sobre del teu cicle i realitza les activitats.<br \/>\nCicle Inicial\u00a0 <a&hellip;  <a href=\"https:\/\/agora.xtec.cat\/escjoanmaragall\/el-blog-de-religio-catolica\/\" title=\"Read EL BLOG DE RELIGI\u00d3 CAT\u00d2LICA\">Llegeix m\u00e9s\u00bb<\/a><\/p>\n","protected":false},"author":1,"featured_media":0,"parent":0,"menu_order":0,"comment_status":"closed","ping_status":"closed","template":"","meta":{"_bbp_topic_count":0,"_bbp_reply_count":0,"_bbp_total_topic_count":0,"_bbp_total_reply_count":0,"_bbp_voice_count":0,"_bbp_anonymous_reply_count":0,"_bbp_topic_count_hidden":0,"_bbp_reply_count_hidden":0,"_bbp_forum_subforum_count":0,"footnotes":""},"class_list":["post-11354","page","type-page","status-publish","hentry"],"post_mailing_queue_ids":[],"_links":{"self":[{"href":"https:\/\/agora.xtec.cat\/escjoanmaragall\/wp-json\/wp\/v2\/pages\/11354","targetHints":{"allow":["GET"]}}],"collection":[{"href":"https:\/\/agora.xtec.cat\/escjoanmaragall\/wp-json\/wp\/v2\/pages"}],"about":[{"href":"https:\/\/agora.xtec.cat\/escjoanmaragall\/wp-json\/wp\/v2\/types\/page"}],"author":[{"embeddable":true,"href":"https:\/\/agora.xtec.cat\/escjoanmaragall\/wp-json\/wp\/v2\/users\/1"}],"replies":[{"embeddable":true,"href":"https:\/\/agora.xtec.cat\/escjoanmaragall\/wp-json\/wp\/v2\/comments?post=11354"}],"version-history":[{"count":3,"href":"https:\/\/agora.xtec.cat\/escjoanmaragall\/wp-json\/wp\/v2\/pages\/11354\/revisions"}],"predecessor-version":[{"id":12923,"href":"https:\/\/agora.xtec.cat\/escjoanmaragall\/wp-json\/wp\/v2\/pages\/11354\/revisions\/12923"}],"wp:attachment":[{"href":"https:\/\/agora.xtec.cat\/escjoanmaragall\/wp-json\/wp\/v2\/media?parent=11354"}],"curies":[{"name":"wp","href":"https:\/\/api.w.org\/{rel}","templated":true}]}}