{"id":10949,"date":"2020-03-30T13:22:08","date_gmt":"2020-03-30T11:22:08","guid":{"rendered":"https:\/\/agora.xtec.cat\/escjoanmaragall\/?page_id=10949"},"modified":"2020-06-08T12:43:02","modified_gmt":"2020-06-08T10:43:02","slug":"el-blog-deducacio-fisica","status":"publish","type":"page","link":"https:\/\/agora.xtec.cat\/escjoanmaragall\/el-blog-deducacio-fisica\/","title":{"rendered":"EL BLOG D&#8217;EDUCACI\u00d3 F\u00cdSICA"},"content":{"rendered":"<p><strong>EDUCACI\u00d3 F\u00cdSICA A CASA.<\/strong><\/p>\n<p>&nbsp;<\/p>\n<table>\n<tbody>\n<tr>\n<td style=\"text-align: center;\">\n<h2><strong><a href=\"https:\/\/agora.xtec.cat\/escjoanmaragall\/el-blog-deducacio-fisica\/attachment\/unknown\/\" rel=\"attachment wp-att-11364\"><img loading=\"lazy\" decoding=\"async\" class=\"alignnone wp-image-11364\" src=\"https:\/\/agora.xtec.cat\/escjoanmaragall\/wp-content\/uploads\/usu115\/2020\/04\/Unknown.jpeg\" alt=\"\" width=\"72\" height=\"42\" \/><\/a>TELEGIMCANA 2020<\/strong><strong><a href=\"https:\/\/agora.xtec.cat\/escjoanmaragall\/el-blog-deducacio-fisica\/attachment\/unknown\/\" rel=\"attachment wp-att-11364\"><img loading=\"lazy\" decoding=\"async\" class=\"alignnone wp-image-11364\" src=\"https:\/\/agora.xtec.cat\/escjoanmaragall\/wp-content\/uploads\/usu115\/2020\/04\/Unknown.jpeg\" alt=\"\" width=\"73\" height=\"43\" \/><\/a><\/strong><\/h2>\n<\/td>\n<\/tr>\n<tr>\n<td>Hola gent,<\/p>\n<p>desitjo que totes i tots esteu molt b\u00e9.<\/p>\n<p>Com tots sabeu el darrer dia de curs els mestres us organitzem una gran gimcana per l\u2019escola. Aquest any no podr\u00e0 ser.<\/p>\n<p>Malgrat tot, per\u00f2 no volem deixar de fer-ne una, un pel diferent a la que coneixeu aix\u00f2 si. \u00c9s oberta a totes i tots les i els alumnes del centre. Com ho farem?.<\/p>\n<p>Es tracta de fer una telegimcana. A sota teniu una presentaci\u00f3 de totes les proves que podeu fer, en podeu fer una, dues, tres, quatre&#8230; les que vulgueu. Un cop ho tingueu clar la realitzeu i un familiar que us faci una fotografia.<\/p>\n<p>Aquesta foto (NO v\u00eddeo) realitzant la prova la podeu penjar vosaltres mateixos (amb l\u2019ajut d\u2019un adult), \u00a0a un Padlet (\u00e9s com un p\u00f2ster virtual) i aix\u00ed tots podreu veure com i quines proves heu fet. Tamb\u00e9 podeu escriure un petit missatge o explicar la prova, desitjar un bon estiu&#8230;<\/p>\n<p>Aix\u00f2 si, per poder penjar les fotos al Padlet heu de tenir <em><u>signada l\u2019autoritzaci\u00f3 de drets d\u2019imatge del centre on doneu perm\u00eds a aquest per publicar imatges de la vostra filla o fill als espais virtuals dels centre (web).<\/u><\/em><\/p>\n<p>Si no \u00e9s aix\u00ed, <strong>no passa res<\/strong>, podeu fer igualment totes les proves i segur que us ho passeu molt b\u00e9.<\/p>\n<p>Penjar la foto \u00e9s molt f\u00e0cil, a sota teniu un tutorial on ho explica pas per pas.<\/p>\n<p>Les normes per poder penjar la foto s\u00f3n:<\/p>\n<ul>\n<li>Tenir l\u2019autoritzaci\u00f3 de drets d\u2019imatge signada i entregada al centre.<\/li>\n<li>La fotografia i el missatge si en poseu, han de ser en tot moment respectuosos tant en la forma com en el contingut. \u00c9s una web del Departament d\u2019Educaci\u00f3 i est\u00e0 adre\u00e7ada a alumnes i les seves fam\u00edlies.<\/li>\n<li>Les fotografies han de ser de menys de 10MB i amb format JPG, normalment les que fem amb el tel\u00e8fons m\u00f2bils i tabletes compleixen aquestes premisses de sobres.<\/li>\n<li>El contingut de la fotografia ha de ser de l\u2019activitat proposada. La nena o el nen realitzant la prova de la gimcana.<\/li>\n<li>S\u2019ha de penjar al corresponent cicle de la nena o nen.<\/li>\n<li>Si feu les proves amb germans o germanes de l\u2019escola i a la foto sortiu tots,les podeu penjar en un cicle o en els corresponents de cada germana o germ\u00e0, encara que sigui la mateixa.<\/li>\n<li>Una foto per prova, si feu m\u00e9s proves doncs podeu penjar cada una de les fotografies de les diferents proves.<\/li>\n<\/ul>\n<p>Molts \u00e0nims i sobre tot, a passar-s\u2019ho molt b\u00e9!!!.<\/td>\n<\/tr>\n<tr>\n<td style=\"text-align: center;\"><strong>PROVES GIMCANA<\/strong><\/p>\n<p><a href=\"https:\/\/view.genial.ly\/5ed8b9a20328130d9fa25e2c\/horizontal-infographic-lists-gimcana\" rel=\"attachment wp-att-13283\"><img loading=\"lazy\" decoding=\"async\" class=\"alignnone wp-image-13283\" src=\"https:\/\/agora.xtec.cat\/escjoanmaragall\/wp-content\/uploads\/usu115\/2020\/06\/images.jpeg\" alt=\"\" width=\"119\" height=\"105\" \/><\/a><\/td>\n<\/tr>\n<tr>\n<td style=\"text-align: center;\">&nbsp;<\/p>\n<p><a href=\"https:\/\/youtu.be\/IUA6K9kr_UI\" rel=\"attachment wp-att-13284\"><img loading=\"lazy\" decoding=\"async\" class=\"alignnone wp-image-13284\" src=\"https:\/\/agora.xtec.cat\/escjoanmaragall\/wp-content\/uploads\/usu115\/2020\/06\/Unknown-1.png\" alt=\"\" width=\"221\" height=\"111\" \/><\/a><\/p>\n<p>Dubtes: quimefmaragall@gmail.com<\/p>\n<p>&nbsp;<\/td>\n<\/tr>\n<tr>\n<td style=\"text-align: center;\"><strong><a href=\"https:\/\/padlet.com\/jbonfil1\/9narlwdhm101821g\" rel=\"attachment wp-att-13282\"><img loading=\"lazy\" decoding=\"async\" class=\"alignnone wp-image-13282\" src=\"https:\/\/agora.xtec.cat\/escjoanmaragall\/wp-content\/uploads\/usu115\/2020\/06\/Unknown.png\" alt=\"\" width=\"161\" height=\"90\" \/><\/a> <\/strong><\/p>\n<p><strong>CONTRASENYA PADLET<\/strong>: gimcana<\/td>\n<\/tr>\n<\/tbody>\n<\/table>\n<p><span style=\"text-decoration: underline;\"><strong>PROPOSTES D&#8217;ACTIVITAT F\u00cdSICA A CASA.<\/strong><\/span><\/p>\n<p><strong>Consells i recomanacions:<\/strong><\/p>\n<ul>\n<li>GAUDIU DE L\u2019ACTIVITAT SOLS O ACOMPANYATS.<\/li>\n<li>No cal fer-ho tot en un dia. \u00c9s per anar fent durant la setmana. Quan en tingueu ganes.<\/li>\n<li>Cada dia haur\u00edeu de dedicar un <strong>m\u00ednim<\/strong> de 45 minuts d\u2019activitat f\u00edsica.<\/li>\n<li>Podeu triar el moment que millor us vagi. Us recomano fer-ho despr\u00e9s d\u2019haver fet una altra activitat m\u00e9s reposada; llegir, pintar, veure la tele, ordinador\u2026<\/li>\n<li>Recordeu anar <strong>bevent aigua <\/strong>abans<strong>, <\/strong>durant i despr\u00e9s de l\u2019activitat. Hidrataci\u00f3.<\/li>\n<li><u>Mai es fa exercici amb la panxa buida<\/u>. Deixeu temps per\u00f2 per la <strong>digesti\u00f3<\/strong> si heu menjat molt. Entre 1 hora i mitja o dues.<\/li>\n<li>Feu els exercicis en un espai suficientment ampli on no us pugueu fer mal.<\/li>\n<li>Primer mireu TOT el v\u00eddeo. Aix\u00ed ja sabreu el que heu de fer. Molts primer tenen una petita presentaci\u00f3.<\/li>\n<li>Feu un petit escalfament. Trieu el que m\u00e9s us agradi.<\/li>\n<li>Sempre acabeu amb una estona de relaxaci\u00f3 i\/o estiraments.<\/li>\n<\/ul>\n<table>\n<tbody>\n<tr>\n<td><a href=\"https:\/\/agora.xtec.cat\/escjoanmaragall\/wp-content\/uploads\/usu115\/2020\/03\/EF-A-CASA-1set.pdf\">EF A CASA 1set<\/a><\/td>\n<td><\/td>\n<\/tr>\n<\/tbody>\n<\/table>\n<table>\n<tbody>\n<tr>\n<td><a href=\"https:\/\/agora.xtec.cat\/escjoanmaragall\/wp-content\/uploads\/usu115\/2020\/03\/EF-A-CASA-2set.pdf\">EF A CASA 2set<\/a><\/td>\n<td><\/td>\n<\/tr>\n<\/tbody>\n<\/table>\n<table>\n<tbody>\n<tr>\n<td><a href=\"https:\/\/agora.xtec.cat\/escjoanmaragall\/wp-content\/uploads\/usu115\/2020\/04\/EF-A-CASA-3set.pdf\">EF A CASA 3set<\/a><\/td>\n<td><\/td>\n<\/tr>\n<\/tbody>\n<\/table>\n<table>\n<tbody>\n<tr>\n<td><a href=\"https:\/\/agora.xtec.cat\/escjoanmaragall\/wp-content\/uploads\/usu115\/2020\/04\/EF-A-CASA-4set.pdf\">EF A CASA 4set<\/a><\/td>\n<td><\/td>\n<\/tr>\n<\/tbody>\n<\/table>\n<table>\n<tbody>\n<tr>\n<td><a href=\"https:\/\/agora.xtec.cat\/escjoanmaragall\/el-blog-deducacio-fisica\/attachment\/ef-a-casa-5set\/\" rel=\"attachment wp-att-11929\">EF A CASA 5set<\/a><\/td>\n<td><\/td>\n<\/tr>\n<\/tbody>\n<\/table>\n<table style=\"height: 45px; width: 343px;\">\n<tbody>\n<tr style=\"height: 45px;\">\n<td style=\"width: 313.09375px; height: 45px;\"><a href=\"https:\/\/view.genial.ly\/5eabf0f432376f0d7de397ba\/horizontal-infographic-review-setmana-ef\">CALENDARI SETMANAL ACTIVITAT F\u00cdSICA<\/a><\/td>\n<td style=\"width: 21.921875px; height: 45px;\"><\/td>\n<\/tr>\n<\/tbody>\n<\/table>\n<p><span style=\"text-decoration: underline;\"><em>Aquesta setmana us deixem <strong>un calendari setmanal d&#8217;activitat f\u00edsica<\/strong>. La idea ha sorgit d&#8217;un mestre d&#8217;una altra escola i nosaltres l&#8217;hem adaptat.<\/em><\/span><\/p>\n<p><span style=\"text-decoration: underline;\"><em>Hi ha una sessi\u00f3 amb quatre parts per cada dia de la setmana. Hi ha activitats m\u00e9s mogudes i d&#8217;altres m\u00e9s tranquil.les. Si no podeu fer tota la proposta no patiu, es queda aqu\u00ed i podeu continuar quan vulgueu.<\/em><\/span><\/p>\n<p><span style=\"text-decoration: underline;\"><em><strong>El m\u00e9s important \u00e9s&#8230; que ho gaudiu molt.<\/strong><\/em><\/span><\/p>\n<table>\n<tbody>\n<tr>\n<td><a href=\"https:\/\/view.genial.ly\/5eabf04deacf4c0d6716194a\/game-genially-sin-titulo\" rel=\"attachment wp-att-12723\"><img loading=\"lazy\" decoding=\"async\" class=\"alignnone wp-image-12723\" src=\"https:\/\/agora.xtec.cat\/escjoanmaragall\/wp-content\/uploads\/usu115\/2020\/05\/jumansport.jpg\" alt=\"\" width=\"225\" height=\"124\" srcset=\"https:\/\/agora.xtec.cat\/escjoanmaragall\/wp-content\/uploads\/usu115\/2020\/05\/jumansport.jpg 900w, https:\/\/agora.xtec.cat\/escjoanmaragall\/wp-content\/uploads\/usu115\/2020\/05\/jumansport-564x311.jpg 564w, https:\/\/agora.xtec.cat\/escjoanmaragall\/wp-content\/uploads\/usu115\/2020\/05\/jumansport-768x423.jpg 768w\" sizes=\"auto, (max-width: 225px) 100vw, 225px\" \/><\/a><\/td>\n<td><\/td>\n<\/tr>\n<\/tbody>\n<\/table>\n<p>Nova activitat f\u00edsica en format del conegut joc de pel.l\u00edcula. Seguiu les instruccions del joc i gaudiu dels exercicis que se us proposen. Si heu anat seguint les sessions segur que us sonaran. Podeu jugar d&#8217;una a quatre persones. Aconseguireu arribar al final?&#8230;<\/p>\n<p>&nbsp;<\/p>\n<p>&nbsp;<\/p>\n<table>\n<tbody>\n<tr>\n<td><span style=\"text-decoration: underline;\"><strong>M\u00e9s propostes per aquest 3r TRIMESTRE<\/strong><\/span><\/td>\n<td><\/td>\n<\/tr>\n<\/tbody>\n<\/table>\n<p>Aquesta unitat did\u00e0ctica \u00e9s un recull de\u00a0diferents propostes dirigida per als alumnes\u00a0per realitzar activitat f\u00edsica a casa, ja sigui sols o amb altres membres de la fam\u00edlia.<\/p>\n<p style=\"text-align: center;\">Fes click sobre la foto:<\/p>\n<p><a href=\"https:\/\/sites.google.com\/xtec.cat\/efjmaragall\"><img loading=\"lazy\" decoding=\"async\" class=\"wp-image-11425 aligncenter\" src=\"https:\/\/agora.xtec.cat\/escjoanmaragall\/wp-content\/uploads\/usu115\/2020\/04\/1-65-1024x633.jpg\" alt=\"\" width=\"265\" height=\"164\" srcset=\"https:\/\/agora.xtec.cat\/escjoanmaragall\/wp-content\/uploads\/usu115\/2020\/04\/1-65-1024x633.jpg 1024w, https:\/\/agora.xtec.cat\/escjoanmaragall\/wp-content\/uploads\/usu115\/2020\/04\/1-65-564x349.jpg 564w, https:\/\/agora.xtec.cat\/escjoanmaragall\/wp-content\/uploads\/usu115\/2020\/04\/1-65-768x475.jpg 768w, https:\/\/agora.xtec.cat\/escjoanmaragall\/wp-content\/uploads\/usu115\/2020\/04\/1-65.jpg 1100w\" sizes=\"auto, (max-width: 265px) 100vw, 265px\" \/><\/a><\/p>\n<p><span style=\"text-decoration: underline;\"><strong>PROPOSTES TEM\u00c0TIQUES D&#8217;EDUCACI\u00d3 F\u00cdSICA.<\/strong><\/span><\/p>\n<p>Aqu\u00ed sota teniu tallers tem\u00e0tics quinzenals per aprofundir en un tema d&#8217;Educaci\u00f3 F\u00edsica. Tot i ser quinzenals, les propostes anteriors continuaran estant actives per si alg\u00fa no les va poder fer en el seu moment.<\/p>\n<p>\u00c9s per anar fent poc a poc. Aneu seguint l&#8217;ordre que us proposem ja que totes les activitats de la proposta estan pensades per que les pugueu fer de manera aut\u00f2noma<\/p>\n<p><span style=\"text-decoration: underline;\"><strong>PROPOSTES.<\/strong><\/span><\/p>\n<table style=\"width: 699px;\">\n<tbody>\n<tr style=\"height: 87px;\">\n<td style=\"width: 671.5px; height: 87px;\"><span style=\"text-decoration: underline;\"><em>Avui us proposem un<\/em> <strong>Kahoot<\/strong> que t\u00e9 dos tipus de diapositives. <\/span><\/p>\n<p><span style=\"text-decoration: underline;\">Unes que expliquen que s\u00f3n <strong>les qualitats f\u00edsiques b\u00e0siques<\/strong> i unes altres on se us faran preguntes sobre el que heu llegit. <\/span><\/p>\n<p><span style=\"text-decoration: underline;\">Observeu les fotografies que il\u00b7lustren cada diapositiva, us poden ajudar. <\/span><\/p>\n<p><span style=\"text-decoration: underline;\">Recordeu quan entreu al Kahoot posar el vostre nom i curs.<\/span><a href=\"https:\/\/kahoot.it\/challenge\/01208743?challenge-id=1b879362-1c30-418b-8015-891bf27cc55d_1590570383750\" rel=\"attachment wp-att-10975\"><img loading=\"lazy\" decoding=\"async\" class=\"aligncenter wp-image-10975\" src=\"https:\/\/agora.xtec.cat\/escjoanmaragall\/wp-content\/uploads\/usu115\/2020\/03\/kahoot.jpg\" alt=\"\" width=\"125\" height=\"60\" \/><\/a><\/td>\n<td style=\"width: 19.5px; height: 87px;\"><\/td>\n<\/tr>\n<\/tbody>\n<\/table>\n<p>Aquesta setmana us deixo un joc de <strong>marcianets<\/strong>. \u00c9s un recull de preguntes que si heu fet les propostes de les setmanes anteriors no tindreu gaires problemes per acabar la partida. I si no les heu fet totes, doncs&#8230; GAME OVER!!!!.<\/p>\n<table>\n<tbody>\n<tr>\n<td><a href=\"https:\/\/view.genial.ly\/5eb1373b625ccd0d291adef6\/game-genially-sin-titulo\" rel=\"attachment wp-att-12239\"><img loading=\"lazy\" decoding=\"async\" class=\"alignnone wp-image-12239\" src=\"https:\/\/agora.xtec.cat\/escjoanmaragall\/wp-content\/uploads\/usu115\/2020\/05\/Unknown.png\" alt=\"\" width=\"74\" height=\"60\" \/><\/a><\/td>\n<td><a href=\"https:\/\/view.genial.ly\/5eb1373b625ccd0d291adef6\/game-genially-sin-titulo\">JOC DELS MARCIANETS ESPORTISTES<\/a><\/td>\n<td><\/td>\n<\/tr>\n<\/tbody>\n<\/table>\n<p>&nbsp;<\/p>\n<table>\n<tbody>\n<tr>\n<td><span style=\"text-decoration: underline;\"><strong>ELS ESPORTS D&#8217;EQUIP<\/strong><\/span><\/td>\n<td><\/td>\n<\/tr>\n<\/tbody>\n<\/table>\n<p>Els\u00a0<strong>esports d&#8217;equip<\/strong>\u00a0s\u00f3n disciplines realitzades entre grups de persones amb l&#8217;objectiu com\u00fa de superar al contrincant, utilitzant un sistema de puntuaci\u00f3 per a decidir l&#8217;equip guanyador.<\/p>\n<p>Necessiten la compenetraci\u00f3 dels diversos membres de l&#8217;equip per aconseguir un bon resultat, es creen estrat\u00e8gies i planificaci\u00f3 de jugades en com\u00fa, per\u00f2 tamb\u00e9 es treballa la t\u00e8cnica individual per ajudar al rendiment del grup.<\/p>\n<p>Hi ha valors molt importants que es potencien amb la pr\u00e0ctica esportiva de grup com la <strong>participaci\u00f3, cooperaci\u00f3, sacrifici, solidaritat, sentit de grup, progr\u00e9s i superaci\u00f3<\/strong> que, a m\u00e9s a m\u00e9s d&#8217;ajudar al grup, faciliten el desenvolupament individual de cada membre de l&#8217;equip.<\/p>\n<p><a href=\"https:\/\/ca.wikipedia.org\/wiki\/Esports_d%27equip\">Wikipedia<\/a><\/p>\n<p>A continuaci\u00f3 a veure si descobriu tots els esports d&#8217;equip que s&#8217;amaguen en aquests <strong>mots encreuats<\/strong>.<\/p>\n<p><a href=\"https:\/\/crosswordlabs.com\/embed\/esports-dequip\">MOTS ENCREUATS ESPORTS D\u2019EQUIP<\/a><\/p>\n<p>Un petit v\u00eddeo on s&#8217;explica l&#8217;import\u00e0ncia dels esport d&#8217;equip en la vostra formaci\u00f3 com a persones.<\/p>\n<p><iframe loading=\"lazy\" src=\"\/\/www.youtube.com\/embed\/ovPYgF1FUt0\" width=\"560\" height=\"315\" frameborder=\"0\"><\/iframe><\/p>\n<table>\n<tbody>\n<tr>\n<td><span style=\"text-decoration: underline;\"><strong>T\u00d2QUIO 2020&#8230;2021<\/strong><\/span><\/td>\n<td><\/td>\n<\/tr>\n<\/tbody>\n<\/table>\n<p>En aquesta nova proposta descobrirem algunes de les curiosistats m\u00e9s enll\u00e0 de l&#8217;esport, que ens tenen preparades els organitzadors dels Jocs Ol\u00edmpics de T\u00f2quio 2020 que finalment tindran lloc l&#8217;estiu del 2021. Segur que us sorprenen!!!.<\/p>\n<p>Comencem amb una presentaci\u00f3 amb algunes d&#8217;aquestes curiositats.<\/p>\n<p><a href=\"https:\/\/docs.google.com\/presentation\/d\/e\/2PACX-1vQZGahnDaG_5jY4jJzIangmxOCFzRZdxFAljr_HZUQ7s5RVN8dALGjT8jIVETe1hODLkYcHeSKXZ0OM\/pub?start=true&amp;loop=true&amp;delayms=5000\"><img loading=\"lazy\" decoding=\"async\" class=\"alignnone wp-image-11625\" src=\"https:\/\/agora.xtec.cat\/escjoanmaragall\/wp-content\/uploads\/usu115\/2020\/04\/Captura-de-Pantalla-2020-04-20-a-les-19.58.25-1024x576.png\" alt=\"\" width=\"226\" height=\"127\" \/><\/a><\/p>\n<p>Ara com els grans atletes que sou, a posar-se a prova toca amb aquest Kahoot. Alerta, el temps per pregunta \u00e9s de 20 segons.<\/p>\n<p><a href=\"https:\/\/kahoot.it\/challenge\/01237507?challenge-id=1b879362-1c30-418b-8015-891bf27cc55d_1587119503487\"><img loading=\"lazy\" decoding=\"async\" class=\"alignnone wp-image-10975\" src=\"https:\/\/agora.xtec.cat\/escjoanmaragall\/wp-content\/uploads\/usu115\/2020\/03\/kahoot.jpg\" alt=\"\" width=\"127\" height=\"61\" \/><\/a><\/p>\n<p>Per finalitzar us deixo el v\u00eddeo promocional oficial dels JJOO de T\u00f2quio 2020 que es va presentar durant la clausura dels JJOO de Rio del 2016.<\/p>\n<p><iframe loading=\"lazy\" src=\"\/\/www.youtube.com\/embed\/FNuqKVG781I\" width=\"560\" height=\"315\" frameborder=\"0\"><\/iframe><\/p>\n<p>See you in Tokio!!!.<\/p>\n<table>\n<tbody>\n<tr>\n<td><span style=\"text-decoration: underline;\"><strong>DONES I ESPORT.<\/strong><\/span><\/td>\n<td><\/td>\n<\/tr>\n<\/tbody>\n<\/table>\n<p>Sentim parlar molt de la igualtat entre dones i homes, que cada dia estem m\u00e9s prop \u00a0que ens valorin com a persona i no pas pel sexe que tenim.<\/p>\n<p>Per\u00f2 realment \u00e9s aix\u00ed?. En el m\u00f3n de l&#8217;esport ja es compleix aquesta igualtat?. S&#8217;ha complert al llarg de la hist\u00f2ria de l&#8217;esport?. Les dones han fet esport sempre o \u00e9s una moda dels darrers anys?.<\/p>\n<p>Anem a veure si amb aquesta proposta ens fa reflexionar una mica noies i nois i arribem a alguna conclusi\u00f3.<\/p>\n<p><strong>Primer un Kahoot per veure el que sabeu sobre la dona i la seva relaci\u00f3 amb l&#8217;esport abans i ara<\/strong>. <strong>Segur que hi ha sorpreses<\/strong>.<\/p>\n<p><a href=\"https:\/\/kahoot.it\/challenge\/04155602?challenge-id=1b879362-1c30-418b-8015-891bf27cc55d_1588071314091\"><img loading=\"lazy\" decoding=\"async\" class=\"aligncenter wp-image-10975\" src=\"https:\/\/agora.xtec.cat\/escjoanmaragall\/wp-content\/uploads\/usu115\/2020\/03\/kahoot.jpg\" alt=\"\" width=\"123\" height=\"59\" \/><\/a><\/p>\n<p>Si creieu que n&#8217;heu fallat moltes podeu repetir-lo, per\u00f2 abans doneu un cop d&#8217;ull a aquests enlla\u00e7os on trobareu molta informaci\u00f3.<\/p>\n<table class=\" aligncenter\" style=\"height: 91px;\" width=\"653\">\n<tbody>\n<tr>\n<td style=\"width: 127.5px; text-align: left;\"><a href=\" https:\/\/www.vitonica.com\/entrenamiento\/las-xx-mujeres-que-han-hecho-historia-en-el-deporte\"><img loading=\"lazy\" decoding=\"async\" class=\"alignnone wp-image-11361 size-full\" src=\"https:\/\/agora.xtec.cat\/escjoanmaragall\/wp-content\/uploads\/usu115\/2020\/04\/web.jpg\" alt=\"\" width=\"108\" height=\"55\" \/><\/a><\/td>\n<td style=\"width: 127.5px;\"><a href=\" https:\/\/www.marca.com\/otros-deportes\/2017\/03\/08\/58bf5eab468aeb22588b45c5.html\"><img loading=\"lazy\" decoding=\"async\" class=\"alignnone wp-image-11361 size-full\" src=\"https:\/\/agora.xtec.cat\/escjoanmaragall\/wp-content\/uploads\/usu115\/2020\/04\/web.jpg\" alt=\"\" width=\"108\" height=\"55\" \/><\/a><\/td>\n<td style=\"width: 127.5px;\"><a href=\" https:\/\/www.wats.team\/ocho-mujeres-que-cambiaron-la-historia-del-deporte\/\"><img loading=\"lazy\" decoding=\"async\" class=\"alignnone wp-image-11361 size-full\" src=\"https:\/\/agora.xtec.cat\/escjoanmaragall\/wp-content\/uploads\/usu115\/2020\/04\/web.jpg\" alt=\"\" width=\"108\" height=\"55\" \/><\/a><\/td>\n<td style=\"width: 127.5px;\"><a href=\"https:\/\/www.planetatriatlon.com\/fiona-kolbinger-transcontinental-race\/\"><img loading=\"lazy\" decoding=\"async\" class=\"alignnone wp-image-11361 size-full\" src=\"https:\/\/agora.xtec.cat\/escjoanmaragall\/wp-content\/uploads\/usu115\/2020\/04\/web.jpg\" alt=\"\" width=\"108\" height=\"55\" \/><\/a><\/td>\n<td style=\"width: 127.5px;\"><a href=\"https:\/\/www.naciodigital.cat\/noticia\/112181\/dona\/esport\/olimpic\/cami\/gens\/facil\"><img loading=\"lazy\" decoding=\"async\" class=\"alignnone wp-image-11361 size-full\" src=\"https:\/\/agora.xtec.cat\/escjoanmaragall\/wp-content\/uploads\/usu115\/2020\/04\/web.jpg\" alt=\"\" width=\"108\" height=\"55\" \/><\/a><\/td>\n<\/tr>\n<\/tbody>\n<\/table>\n<p>Ara que en sabeu una mica m\u00e9s us proposo un nou Kahoot. Aquest \u00e9s sobre algunes de les grans esportites que heu llegit a les webs proposades. Perqu\u00e8 sigui m\u00e9s f\u00e0cil, per cada resposta teniu un temps de 90 segons, aix\u00ed podeu fer una mica d&#8217;investigadors amb l&#8217;ajuda de les p\u00e0gines web anteriors. \u00c0nims!!!!.<\/p>\n<p><a href=\"https:\/\/kahoot.it\/challenge\/08818913?challenge-id=1b879362-1c30-418b-8015-891bf27cc55d_1588071209821\"><img loading=\"lazy\" decoding=\"async\" class=\"aligncenter wp-image-10975\" src=\"https:\/\/agora.xtec.cat\/escjoanmaragall\/wp-content\/uploads\/usu115\/2020\/03\/kahoot.jpg\" alt=\"\" width=\"127\" height=\"61\" \/><\/a><\/p>\n<p>Felicitats noies i nois. Si heu arribat fins aqu\u00ed crec que \u00e9s perqu\u00e8 el tema us ha fet pensar una mica. I si encara no esteu conven\u00e7udes o conven\u00e7uts del tot, aqu\u00ed us deixo un petit v\u00eddeo que crec que ho far\u00e0.<\/p>\n<p style=\"text-align: center;\"><iframe loading=\"lazy\" src=\"\/\/www.youtube.com\/embed\/YhRCiZG8HgY\" width=\"560\" height=\"315\" frameborder=\"0\"><\/iframe><\/p>\n<p>&nbsp;<\/p>\n<p><span style=\"text-decoration: underline;\"><strong>ALIMENTACI\u00d3 I VIDA ACTIVA.<\/strong><\/span><\/p>\n<p>En aquesta proposta descobrirem la import\u00e0ncia de tenir una dieta equilibrada i una vida activa.<\/p>\n<p>Primer heu de mirar aquest dos v\u00eddeos. S\u00f3n molt curtets.<\/p>\n<p><iframe loading=\"lazy\" src=\"\/\/www.youtube.com\/embed\/C9lNTwZvPMI\" width=\"560\" height=\"315\" frameborder=\"0\"><\/iframe><\/p>\n<p><iframe loading=\"lazy\" src=\"\/\/www.youtube.com\/embed\/mOQIiyr_Q6Q\" width=\"560\" height=\"315\" frameborder=\"0\"><\/iframe><\/p>\n<p>Ara podeu fer aquest Kahoot.<\/p>\n<p><a href=\"https:\/\/kahoot.it\/challenge\/03892311?challenge-id=1b879362-1c30-418b-8015-891bf27cc55d_1588071380355\"><img loading=\"lazy\" decoding=\"async\" class=\"aligncenter wp-image-10975\" src=\"https:\/\/agora.xtec.cat\/escjoanmaragall\/wp-content\/uploads\/usu115\/2020\/03\/kahoot.jpg\" alt=\"\" width=\"115\" height=\"55\" \/><\/a><\/p>\n<p>&nbsp;<\/p>\n<div class=\"oKdM2c\">\n<div id=\"h.4640d3217e4b1815_0\" class=\"hJDwNd-AhqUyc-uQSCkd jXK9ad D2fZ2 wHaque GNzUNc\">\n<div class=\"jXK9ad-SmKAyb\">\n<div class=\"tyJCtd mGzaTb baZpAe\">\n<div class=\"oKdM2c Kzv0Me\">\n<div id=\"h.4a1d4ad701851e15_118\" class=\"hJDwNd-AhqUyc-uQSCkd jXK9ad D2fZ2 OjCsFc GNzUNc\">\n<div class=\"jXK9ad-SmKAyb\">\n<div class=\"tyJCtd mGzaTb baZpAe\">\n<div class=\"CjVfdc\"><\/div>\n<\/div>\n<\/div>\n<\/div>\n<\/div>\n<\/div>\n<\/div>\n<div class=\"jXK9ad-SmKAyb\">\n<div class=\"tyJCtd mGzaTb baZpAe\">\n<div class=\"oKdM2c\">\n<div id=\"h.4640d3217e4b1815_0\" class=\"hJDwNd-AhqUyc-uQSCkd jXK9ad D2fZ2 wHaque GNzUNc\">\n<div class=\"jXK9ad-SmKAyb\">\n<div class=\"tyJCtd mGzaTb baZpAe\"><\/div>\n<\/div>\n<\/div>\n<\/div>\n<\/div>\n<div><\/div>\n<\/div>\n<div><\/div>\n<\/div>\n<\/div>\n","protected":false},"excerpt":{"rendered":"<p>EDUCACI\u00d3 F\u00cdSICA A CASA.<br \/>\n&nbsp;<\/p>\n<p><a href=\"https:\/\/agora.xtec.cat\/escjoanmaragall\/el-blog-deducacio-fisica\/attachment\/unknown\/\" rel=\"attachment wp-att-11364\"><\/a>TELEGIMCANA 2020<a href=\"https:\/\/agora.xtec.cat\/escjoanmaragall\/el-blog-deducacio-fisica\/attachment\/unknown\/\" rel=\"attachment wp-att-11364\"><\/a><\/p>\n<p>Hola gent,<br \/>\ndesitjo que totes i tots esteu molt b\u00e9.<br \/>\nCom tots sabeu el darrer dia de curs els mestres us organitzem una gran gimcana per l\u2019escola. Aquest any no podr\u00e0 ser.<br \/>\nMalgrat tot, per\u00f2 no volem deixar&hellip;  <a href=\"https:\/\/agora.xtec.cat\/escjoanmaragall\/el-blog-deducacio-fisica\/\" title=\"Read EL BLOG D&#8217;EDUCACI\u00d3 F\u00cdSICA\">Llegeix m\u00e9s\u00bb<\/a><\/p>\n","protected":false},"author":1,"featured_media":0,"parent":0,"menu_order":0,"comment_status":"closed","ping_status":"closed","template":"","meta":{"_bbp_topic_count":0,"_bbp_reply_count":0,"_bbp_total_topic_count":0,"_bbp_total_reply_count":0,"_bbp_voice_count":0,"_bbp_anonymous_reply_count":0,"_bbp_topic_count_hidden":0,"_bbp_reply_count_hidden":0,"_bbp_forum_subforum_count":0,"footnotes":""},"class_list":["post-10949","page","type-page","status-publish","hentry"],"post_mailing_queue_ids":[],"_links":{"self":[{"href":"https:\/\/agora.xtec.cat\/escjoanmaragall\/wp-json\/wp\/v2\/pages\/10949","targetHints":{"allow":["GET"]}}],"collection":[{"href":"https:\/\/agora.xtec.cat\/escjoanmaragall\/wp-json\/wp\/v2\/pages"}],"about":[{"href":"https:\/\/agora.xtec.cat\/escjoanmaragall\/wp-json\/wp\/v2\/types\/page"}],"author":[{"embeddable":true,"href":"https:\/\/agora.xtec.cat\/escjoanmaragall\/wp-json\/wp\/v2\/users\/1"}],"replies":[{"embeddable":true,"href":"https:\/\/agora.xtec.cat\/escjoanmaragall\/wp-json\/wp\/v2\/comments?post=10949"}],"version-history":[{"count":5,"href":"https:\/\/agora.xtec.cat\/escjoanmaragall\/wp-json\/wp\/v2\/pages\/10949\/revisions"}],"predecessor-version":[{"id":13296,"href":"https:\/\/agora.xtec.cat\/escjoanmaragall\/wp-json\/wp\/v2\/pages\/10949\/revisions\/13296"}],"wp:attachment":[{"href":"https:\/\/agora.xtec.cat\/escjoanmaragall\/wp-json\/wp\/v2\/media?parent=10949"}],"curies":[{"name":"wp","href":"https:\/\/api.w.org\/{rel}","templated":true}]}}