{"id":979,"date":"2023-10-17T11:40:00","date_gmt":"2023-10-17T09:40:00","guid":{"rendered":"https:\/\/agora.xtec.cat\/escjoanmaragall-santcugat\/?page_id=979"},"modified":"2025-09-05T13:32:01","modified_gmt":"2025-09-05T11:32:01","slug":"butlleti-informatiu-curs-2023-2024","status":"publish","type":"page","link":"https:\/\/agora.xtec.cat\/escjoanmaragall-santcugat\/projectes\/butlleti-informatiu-curs-2023-2024\/","title":{"rendered":"Butllet\u00ed informatiu, curs 2025-2026"},"content":{"rendered":"<p>Aqu\u00ed us deixem el butllet\u00ed informatiu del present curs.<\/p>\n<p><a href=\"https:\/\/drive.google.com\/file\/d\/1yDUb-P80V8QyXfX67N2YZ_upTQfYsIMu\/view?usp=sharing\" target=\"_blank\" rel=\"noopener\"><img loading=\"lazy\" decoding=\"async\" class=\"aligncenter wp-image-1263 size-full\" src=\"https:\/\/agora.xtec.cat\/escjoanmaragall-santcugat\/wp-content\/uploads\/usu2648\/2025\/09\/butlleti-25-26.png\" alt=\"\" width=\"331\" height=\"490\" srcset=\"https:\/\/agora.xtec.cat\/escjoanmaragall-santcugat\/wp-content\/uploads\/usu2648\/2025\/09\/butlleti-25-26.png 331w, https:\/\/agora.xtec.cat\/escjoanmaragall-santcugat\/wp-content\/uploads\/usu2648\/2025\/09\/butlleti-25-26-203x300.png 203w\" sizes=\"auto, (max-width: 331px) 100vw, 331px\" \/><\/a><\/p>\n","protected":false},"excerpt":{"rendered":"<p>Aqu\u00ed us deixem el butllet\u00ed informatiu del present curs.<br \/>\n<a href=\"https:\/\/drive.google.com\/file\/d\/1yDUb-P80V8QyXfX67N2YZ_upTQfYsIMu\/view?usp=sharing\" target=\"_blank\" rel=\"noopener\"><\/a><\/p>\n","protected":false},"author":1,"featured_media":0,"parent":716,"menu_order":7,"comment_status":"closed","ping_status":"closed","template":"","meta":{"_bbp_topic_count":0,"_bbp_reply_count":0,"_bbp_total_topic_count":0,"_bbp_total_reply_count":0,"_bbp_voice_count":0,"_bbp_anonymous_reply_count":0,"_bbp_topic_count_hidden":0,"_bbp_reply_count_hidden":0,"_bbp_forum_subforum_count":0,"footnotes":""},"class_list":["post-979","page","type-page","status-publish","hentry"],"post_mailing_queue_ids":[],"_links":{"self":[{"href":"https:\/\/agora.xtec.cat\/escjoanmaragall-santcugat\/wp-json\/wp\/v2\/pages\/979","targetHints":{"allow":["GET"]}}],"collection":[{"href":"https:\/\/agora.xtec.cat\/escjoanmaragall-santcugat\/wp-json\/wp\/v2\/pages"}],"about":[{"href":"https:\/\/agora.xtec.cat\/escjoanmaragall-santcugat\/wp-json\/wp\/v2\/types\/page"}],"author":[{"embeddable":true,"href":"https:\/\/agora.xtec.cat\/escjoanmaragall-santcugat\/wp-json\/wp\/v2\/users\/1"}],"replies":[{"embeddable":true,"href":"https:\/\/agora.xtec.cat\/escjoanmaragall-santcugat\/wp-json\/wp\/v2\/comments?post=979"}],"version-history":[{"count":6,"href":"https:\/\/agora.xtec.cat\/escjoanmaragall-santcugat\/wp-json\/wp\/v2\/pages\/979\/revisions"}],"predecessor-version":[{"id":1277,"href":"https:\/\/agora.xtec.cat\/escjoanmaragall-santcugat\/wp-json\/wp\/v2\/pages\/979\/revisions\/1277"}],"up":[{"embeddable":true,"href":"https:\/\/agora.xtec.cat\/escjoanmaragall-santcugat\/wp-json\/wp\/v2\/pages\/716"}],"wp:attachment":[{"href":"https:\/\/agora.xtec.cat\/escjoanmaragall-santcugat\/wp-json\/wp\/v2\/media?parent=979"}],"curies":[{"name":"wp","href":"https:\/\/api.w.org\/{rel}","templated":true}]}}