{"id":921,"date":"2023-07-11T13:45:18","date_gmt":"2023-07-11T11:45:18","guid":{"rendered":"https:\/\/agora.xtec.cat\/escjoanmaragall-santcugat\/?page_id=921"},"modified":"2023-07-11T14:00:05","modified_gmt":"2023-07-11T12:00:05","slug":"web-de-lestrategia-digital-de-centre-edc","status":"publish","type":"page","link":"https:\/\/agora.xtec.cat\/escjoanmaragall-santcugat\/web-de-lestrategia-digital-de-centre-edc\/","title":{"rendered":"WEB de l&#8217;Estrat\u00e8gia Digital de Centre (EDC)"},"content":{"rendered":"<p>A continuaci\u00f3 volem compartir amb tothom la WEB de l&#8217;Estrat\u00e8gia Digital de Centre.<\/p>\n<p><a href=\"https:\/\/sites.google.com\/xtec.cat\/escolajoanmaragall\/p%C3%A0gina-dinici\" target=\"_blank\" rel=\"noopener\"><img loading=\"lazy\" decoding=\"async\" class=\"aligncenter wp-image-922 size-large\" src=\"https:\/\/agora.xtec.cat\/escjoanmaragall-santcugat\/wp-content\/uploads\/usu2648\/2023\/07\/WEB-dEDC-1024x428.png\" alt=\"\" width=\"1024\" height=\"428\" srcset=\"https:\/\/agora.xtec.cat\/escjoanmaragall-santcugat\/wp-content\/uploads\/usu2648\/2023\/07\/WEB-dEDC-1024x428.png 1024w, https:\/\/agora.xtec.cat\/escjoanmaragall-santcugat\/wp-content\/uploads\/usu2648\/2023\/07\/WEB-dEDC-300x125.png 300w, https:\/\/agora.xtec.cat\/escjoanmaragall-santcugat\/wp-content\/uploads\/usu2648\/2023\/07\/WEB-dEDC-768x321.png 768w, https:\/\/agora.xtec.cat\/escjoanmaragall-santcugat\/wp-content\/uploads\/usu2648\/2023\/07\/WEB-dEDC.png 1347w\" sizes=\"auto, (max-width: 1024px) 100vw, 1024px\" \/><\/a><\/p>\n","protected":false},"excerpt":{"rendered":"<p>A continuaci\u00f3 volem compartir amb tothom la WEB de l&#8217;Estrat\u00e8gia Digital de Centre.<br \/>\n<a href=\"https:\/\/sites.google.com\/xtec.cat\/escolajoanmaragall\/p%C3%A0gina-dinici\" target=\"_blank\" rel=\"noopener\"><\/a><\/p>\n","protected":false},"author":1,"featured_media":0,"parent":0,"menu_order":0,"comment_status":"closed","ping_status":"closed","template":"","meta":{"_bbp_topic_count":0,"_bbp_reply_count":0,"_bbp_total_topic_count":0,"_bbp_total_reply_count":0,"_bbp_voice_count":0,"_bbp_anonymous_reply_count":0,"_bbp_topic_count_hidden":0,"_bbp_reply_count_hidden":0,"_bbp_forum_subforum_count":0,"footnotes":""},"class_list":["post-921","page","type-page","status-publish","hentry"],"post_mailing_queue_ids":[],"_links":{"self":[{"href":"https:\/\/agora.xtec.cat\/escjoanmaragall-santcugat\/wp-json\/wp\/v2\/pages\/921","targetHints":{"allow":["GET"]}}],"collection":[{"href":"https:\/\/agora.xtec.cat\/escjoanmaragall-santcugat\/wp-json\/wp\/v2\/pages"}],"about":[{"href":"https:\/\/agora.xtec.cat\/escjoanmaragall-santcugat\/wp-json\/wp\/v2\/types\/page"}],"author":[{"embeddable":true,"href":"https:\/\/agora.xtec.cat\/escjoanmaragall-santcugat\/wp-json\/wp\/v2\/users\/1"}],"replies":[{"embeddable":true,"href":"https:\/\/agora.xtec.cat\/escjoanmaragall-santcugat\/wp-json\/wp\/v2\/comments?post=921"}],"version-history":[{"count":2,"href":"https:\/\/agora.xtec.cat\/escjoanmaragall-santcugat\/wp-json\/wp\/v2\/pages\/921\/revisions"}],"predecessor-version":[{"id":925,"href":"https:\/\/agora.xtec.cat\/escjoanmaragall-santcugat\/wp-json\/wp\/v2\/pages\/921\/revisions\/925"}],"wp:attachment":[{"href":"https:\/\/agora.xtec.cat\/escjoanmaragall-santcugat\/wp-json\/wp\/v2\/media?parent=921"}],"curies":[{"name":"wp","href":"https:\/\/api.w.org\/{rel}","templated":true}]}}