{"id":73,"date":"2014-09-18T14:01:51","date_gmt":"2014-09-18T13:01:51","guid":{"rendered":"http:\/\/agora.xtec.cat\/escjoanmaragall-santcugat\/?page_id=73"},"modified":"2024-09-27T13:02:23","modified_gmt":"2024-09-27T11:02:23","slug":"menjador-escolar","status":"publish","type":"page","link":"https:\/\/agora.xtec.cat\/escjoanmaragall-santcugat\/serveis\/menjador-escolar\/","title":{"rendered":"Menjador escolar i extraescolars"},"content":{"rendered":"<p>L&#8217;empresa que gestiona el nostre menjador escolar i les activitats extraescolars, aix\u00ed com els serveis d&#8217;acollida matinal i de tarda, \u00e9s Paidos.<br \/>\nAqu\u00ed us deixem l&#8217;enlla\u00e7 a la seva web perqu\u00e8 tingueu tota la informaci\u00f3 actualitzada:<\/p>\n<p><a href=\"https:\/\/paidos.fundesplai.org\/escoles\/escola-joan-maragall\/\"><img loading=\"lazy\" decoding=\"async\" class=\"aligncenter wp-image-504 size-large\" src=\"https:\/\/agora.xtec.cat\/escjoanmaragall-santcugat\/wp-content\/uploads\/usu2648\/2021\/10\/Screenshot-2021-10-13-19.30.26-e1634147802306-1024x332.png\" alt=\"\" width=\"1024\" height=\"332\" srcset=\"https:\/\/agora.xtec.cat\/escjoanmaragall-santcugat\/wp-content\/uploads\/usu2648\/2021\/10\/Screenshot-2021-10-13-19.30.26-e1634147802306-1024x332.png 1024w, https:\/\/agora.xtec.cat\/escjoanmaragall-santcugat\/wp-content\/uploads\/usu2648\/2021\/10\/Screenshot-2021-10-13-19.30.26-e1634147802306-300x97.png 300w, https:\/\/agora.xtec.cat\/escjoanmaragall-santcugat\/wp-content\/uploads\/usu2648\/2021\/10\/Screenshot-2021-10-13-19.30.26-e1634147802306-768x249.png 768w, https:\/\/agora.xtec.cat\/escjoanmaragall-santcugat\/wp-content\/uploads\/usu2648\/2021\/10\/Screenshot-2021-10-13-19.30.26-e1634147802306.png 1086w\" sizes=\"auto, (max-width: 1024px) 100vw, 1024px\" \/><\/a><\/p>\n<p><em>\u00a0<a href=\"https:\/\/paidos.fundesplai.org\/escoles\/escola-joan-maragall\/\">Paidos<\/a><\/em><\/p>\n","protected":false},"excerpt":{"rendered":"<p>L&#8217;empresa que gestiona el nostre menjador escolar i les activitats extraescolars, aix\u00ed com els serveis d&#8217;acollida matinal i de tarda, \u00e9s Paidos.<br \/>\nAqu\u00ed us deixem l&#8217;enlla\u00e7 a la seva web perqu\u00e8 tingueu tota la informaci\u00f3 actualitzada:<br \/>\n<a href=\"https:\/\/paidos.fundesplai.org\/escoles\/escola-joan-maragall\/\"><\/a><br \/>\n\u00a0<a href=\"https:\/\/paidos.fundesplai.org\/escoles\/escola-joan-maragall\/\">Paidos<\/a><\/p>\n","protected":false},"author":1,"featured_media":0,"parent":66,"menu_order":30,"comment_status":"closed","ping_status":"closed","template":"page-templates\/side-menu.php","meta":{"_bbp_topic_count":0,"_bbp_reply_count":0,"_bbp_total_topic_count":0,"_bbp_total_reply_count":0,"_bbp_voice_count":0,"_bbp_anonymous_reply_count":0,"_bbp_topic_count_hidden":0,"_bbp_reply_count_hidden":0,"_bbp_forum_subforum_count":0,"footnotes":""},"class_list":["post-73","page","type-page","status-publish","hentry"],"post_mailing_queue_ids":[],"_links":{"self":[{"href":"https:\/\/agora.xtec.cat\/escjoanmaragall-santcugat\/wp-json\/wp\/v2\/pages\/73","targetHints":{"allow":["GET"]}}],"collection":[{"href":"https:\/\/agora.xtec.cat\/escjoanmaragall-santcugat\/wp-json\/wp\/v2\/pages"}],"about":[{"href":"https:\/\/agora.xtec.cat\/escjoanmaragall-santcugat\/wp-json\/wp\/v2\/types\/page"}],"author":[{"embeddable":true,"href":"https:\/\/agora.xtec.cat\/escjoanmaragall-santcugat\/wp-json\/wp\/v2\/users\/1"}],"replies":[{"embeddable":true,"href":"https:\/\/agora.xtec.cat\/escjoanmaragall-santcugat\/wp-json\/wp\/v2\/comments?post=73"}],"version-history":[{"count":5,"href":"https:\/\/agora.xtec.cat\/escjoanmaragall-santcugat\/wp-json\/wp\/v2\/pages\/73\/revisions"}],"predecessor-version":[{"id":1198,"href":"https:\/\/agora.xtec.cat\/escjoanmaragall-santcugat\/wp-json\/wp\/v2\/pages\/73\/revisions\/1198"}],"up":[{"embeddable":true,"href":"https:\/\/agora.xtec.cat\/escjoanmaragall-santcugat\/wp-json\/wp\/v2\/pages\/66"}],"wp:attachment":[{"href":"https:\/\/agora.xtec.cat\/escjoanmaragall-santcugat\/wp-json\/wp\/v2\/media?parent=73"}],"curies":[{"name":"wp","href":"https:\/\/api.w.org\/{rel}","templated":true}]}}