{"id":720,"date":"2022-02-09T12:48:02","date_gmt":"2022-02-09T11:48:02","guid":{"rendered":"https:\/\/agora.xtec.cat\/escjoanmaragall-santcugat\/?page_id=720"},"modified":"2022-02-09T13:52:53","modified_gmt":"2022-02-09T12:52:53","slug":"projecte-de-convivencia","status":"publish","type":"page","link":"https:\/\/agora.xtec.cat\/escjoanmaragall-santcugat\/projectes\/projecte-de-convivencia\/","title":{"rendered":"Projecte de conviv\u00e8ncia"},"content":{"rendered":"<p>En el seg\u00fcent enlla\u00e7 tenim el nostre <a href=\"https:\/\/drive.google.com\/file\/d\/1yJetMU4ucuapKnxwjyN3J5XrrAjlI-ah\/view?usp=sharing\" target=\"_blank\" rel=\"noopener\">projecte de conviv\u00e8ncia<\/a><\/p>\n<p><a href=\"https:\/\/drive.google.com\/file\/d\/1yJetMU4ucuapKnxwjyN3J5XrrAjlI-ah\/view?usp=sharing\" target=\"_blank\" rel=\"noopener\"><img loading=\"lazy\" decoding=\"async\" class=\"aligncenter size-full wp-image-721\" src=\"https:\/\/agora.xtec.cat\/escjoanmaragall-santcugat\/wp-content\/uploads\/usu2648\/2022\/02\/projecte-de-convivencia.png\" alt=\"\" width=\"395\" height=\"592\" srcset=\"https:\/\/agora.xtec.cat\/escjoanmaragall-santcugat\/wp-content\/uploads\/usu2648\/2022\/02\/projecte-de-convivencia.png 395w, https:\/\/agora.xtec.cat\/escjoanmaragall-santcugat\/wp-content\/uploads\/usu2648\/2022\/02\/projecte-de-convivencia-200x300.png 200w\" sizes=\"auto, (max-width: 395px) 100vw, 395px\" \/><\/a><\/p>\n","protected":false},"excerpt":{"rendered":"<p>En el seg\u00fcent enlla\u00e7 tenim el nostre <a href=\"https:\/\/drive.google.com\/file\/d\/1yJetMU4ucuapKnxwjyN3J5XrrAjlI-ah\/view?usp=sharing\" target=\"_blank\" rel=\"noopener\">projecte de conviv\u00e8ncia<\/a><br \/>\n<a href=\"https:\/\/drive.google.com\/file\/d\/1yJetMU4ucuapKnxwjyN3J5XrrAjlI-ah\/view?usp=sharing\" target=\"_blank\" rel=\"noopener\"><\/a><\/p>\n","protected":false},"author":1,"featured_media":0,"parent":716,"menu_order":1,"comment_status":"closed","ping_status":"closed","template":"page-templates\/side-menu.php","meta":{"_bbp_topic_count":0,"_bbp_reply_count":0,"_bbp_total_topic_count":0,"_bbp_total_reply_count":0,"_bbp_voice_count":0,"_bbp_anonymous_reply_count":0,"_bbp_topic_count_hidden":0,"_bbp_reply_count_hidden":0,"_bbp_forum_subforum_count":0,"footnotes":""},"class_list":["post-720","page","type-page","status-publish","hentry"],"post_mailing_queue_ids":[],"_links":{"self":[{"href":"https:\/\/agora.xtec.cat\/escjoanmaragall-santcugat\/wp-json\/wp\/v2\/pages\/720","targetHints":{"allow":["GET"]}}],"collection":[{"href":"https:\/\/agora.xtec.cat\/escjoanmaragall-santcugat\/wp-json\/wp\/v2\/pages"}],"about":[{"href":"https:\/\/agora.xtec.cat\/escjoanmaragall-santcugat\/wp-json\/wp\/v2\/types\/page"}],"author":[{"embeddable":true,"href":"https:\/\/agora.xtec.cat\/escjoanmaragall-santcugat\/wp-json\/wp\/v2\/users\/1"}],"replies":[{"embeddable":true,"href":"https:\/\/agora.xtec.cat\/escjoanmaragall-santcugat\/wp-json\/wp\/v2\/comments?post=720"}],"version-history":[{"count":2,"href":"https:\/\/agora.xtec.cat\/escjoanmaragall-santcugat\/wp-json\/wp\/v2\/pages\/720\/revisions"}],"predecessor-version":[{"id":723,"href":"https:\/\/agora.xtec.cat\/escjoanmaragall-santcugat\/wp-json\/wp\/v2\/pages\/720\/revisions\/723"}],"up":[{"embeddable":true,"href":"https:\/\/agora.xtec.cat\/escjoanmaragall-santcugat\/wp-json\/wp\/v2\/pages\/716"}],"wp:attachment":[{"href":"https:\/\/agora.xtec.cat\/escjoanmaragall-santcugat\/wp-json\/wp\/v2\/media?parent=720"}],"curies":[{"name":"wp","href":"https:\/\/api.w.org\/{rel}","templated":true}]}}