{"id":716,"date":"2022-02-09T12:39:58","date_gmt":"2022-02-09T11:39:58","guid":{"rendered":"https:\/\/agora.xtec.cat\/escjoanmaragall-santcugat\/?page_id=716"},"modified":"2026-01-23T12:58:06","modified_gmt":"2026-01-23T11:58:06","slug":"projectes","status":"publish","type":"page","link":"https:\/\/agora.xtec.cat\/escjoanmaragall-santcugat\/projectes\/","title":{"rendered":"DOCUMENTACI\u00d3"},"content":{"rendered":"<p>En aquest apartat trobem diferent documentaci\u00f3 aix\u00ed com els projectes que defineixen la nostra escola. Com ara:<\/p>\n<ol>\n<li><strong>Projecte Educatiu<\/strong><\/li>\n<li><strong>Projecte de Direcci\u00f3<\/strong><\/li>\n<li><strong>Normativa d\u2019organitzaci\u00f3 i funcionament del centre (NOFC).<\/strong><\/li>\n<li><strong>Projecte de conviv\u00e8ncia<\/strong><\/li>\n<li><strong>Projecte ling\u00fc\u00edstic<\/strong><\/li>\n<li><strong>El butllet\u00ed<\/strong><\/li>\n<\/ol>\n","protected":false},"excerpt":{"rendered":"<p>En aquest apartat trobem diferent documentaci\u00f3 aix\u00ed com els projectes que defineixen la nostra escola. Com ara:<\/p>\n<ol>\n<li>Projecte Educatiu<\/li>\n<li>Projecte de Direcci\u00f3<\/li>\n<li>Normativa d\u2019organitzaci\u00f3 i funcionament del centre (NOFC).<\/li>\n<li>Projecte de conviv\u00e8ncia<\/li>\n<li>Projecte ling\u00fc\u00edstic<\/li>\n<li>El butllet\u00ed<\/li>\n<\/ol>\n","protected":false},"author":1,"featured_media":0,"parent":0,"menu_order":0,"comment_status":"closed","ping_status":"closed","template":"page-templates\/side-menu.php","meta":{"_bbp_topic_count":0,"_bbp_reply_count":0,"_bbp_total_topic_count":0,"_bbp_total_reply_count":0,"_bbp_voice_count":0,"_bbp_anonymous_reply_count":0,"_bbp_topic_count_hidden":0,"_bbp_reply_count_hidden":0,"_bbp_forum_subforum_count":0,"footnotes":""},"class_list":["post-716","page","type-page","status-publish","hentry"],"post_mailing_queue_ids":[],"_links":{"self":[{"href":"https:\/\/agora.xtec.cat\/escjoanmaragall-santcugat\/wp-json\/wp\/v2\/pages\/716","targetHints":{"allow":["GET"]}}],"collection":[{"href":"https:\/\/agora.xtec.cat\/escjoanmaragall-santcugat\/wp-json\/wp\/v2\/pages"}],"about":[{"href":"https:\/\/agora.xtec.cat\/escjoanmaragall-santcugat\/wp-json\/wp\/v2\/types\/page"}],"author":[{"embeddable":true,"href":"https:\/\/agora.xtec.cat\/escjoanmaragall-santcugat\/wp-json\/wp\/v2\/users\/1"}],"replies":[{"embeddable":true,"href":"https:\/\/agora.xtec.cat\/escjoanmaragall-santcugat\/wp-json\/wp\/v2\/comments?post=716"}],"version-history":[{"count":3,"href":"https:\/\/agora.xtec.cat\/escjoanmaragall-santcugat\/wp-json\/wp\/v2\/pages\/716\/revisions"}],"predecessor-version":[{"id":1400,"href":"https:\/\/agora.xtec.cat\/escjoanmaragall-santcugat\/wp-json\/wp\/v2\/pages\/716\/revisions\/1400"}],"wp:attachment":[{"href":"https:\/\/agora.xtec.cat\/escjoanmaragall-santcugat\/wp-json\/wp\/v2\/media?parent=716"}],"curies":[{"name":"wp","href":"https:\/\/api.w.org\/{rel}","templated":true}]}}