{"id":555,"date":"2021-10-14T18:18:59","date_gmt":"2021-10-14T16:18:59","guid":{"rendered":"https:\/\/agora.xtec.cat\/escjoanmaragall-santcugat\/?page_id=555"},"modified":"2026-01-23T13:29:49","modified_gmt":"2026-01-23T12:29:49","slug":"organitzacio-del-centre","status":"publish","type":"page","link":"https:\/\/agora.xtec.cat\/escjoanmaragall-santcugat\/lescola\/organitzacio-del-centre\/","title":{"rendered":"Organitzaci\u00f3 del centre"},"content":{"rendered":"<p>L&#8217;organitzaci\u00f3 del centre quedaria aix\u00ed:<\/p>\n<ul>\n<li>Membres del claustre.<\/li>\n<li>Personal administratiu i servei<\/li>\n<li>Consell escolar<\/li>\n<\/ul>\n<p>per con\u00e8ixer una mica millor les persones d&#8217;aquesta escola pica a la fletxa que trobar\u00e0s al costat d&#8217;Organitzaci\u00f3 de Centre.<\/p>\n","protected":false},"excerpt":{"rendered":"<p>L&#8217;organitzaci\u00f3 del centre quedaria aix\u00ed:<\/p>\n<ul>\n<li>Membres del claustre.<\/li>\n<li>Personal administratiu i servei<\/li>\n<li>Consell escolar<\/li>\n<\/ul>\n<p>per con\u00e8ixer una mica millor les persones d&#8217;aquesta escola pica a la fletxa que trobar\u00e0s al costat d&#8217;Organitzaci\u00f3 de Centre.<\/p>\n","protected":false},"author":1,"featured_media":0,"parent":22,"menu_order":1,"comment_status":"closed","ping_status":"closed","template":"page-templates\/side-menu.php","meta":{"_bbp_topic_count":0,"_bbp_reply_count":0,"_bbp_total_topic_count":0,"_bbp_total_reply_count":0,"_bbp_voice_count":0,"_bbp_anonymous_reply_count":0,"_bbp_topic_count_hidden":0,"_bbp_reply_count_hidden":0,"_bbp_forum_subforum_count":0,"footnotes":""},"class_list":["post-555","page","type-page","status-publish","hentry"],"post_mailing_queue_ids":[],"_links":{"self":[{"href":"https:\/\/agora.xtec.cat\/escjoanmaragall-santcugat\/wp-json\/wp\/v2\/pages\/555","targetHints":{"allow":["GET"]}}],"collection":[{"href":"https:\/\/agora.xtec.cat\/escjoanmaragall-santcugat\/wp-json\/wp\/v2\/pages"}],"about":[{"href":"https:\/\/agora.xtec.cat\/escjoanmaragall-santcugat\/wp-json\/wp\/v2\/types\/page"}],"author":[{"embeddable":true,"href":"https:\/\/agora.xtec.cat\/escjoanmaragall-santcugat\/wp-json\/wp\/v2\/users\/1"}],"replies":[{"embeddable":true,"href":"https:\/\/agora.xtec.cat\/escjoanmaragall-santcugat\/wp-json\/wp\/v2\/comments?post=555"}],"version-history":[{"count":4,"href":"https:\/\/agora.xtec.cat\/escjoanmaragall-santcugat\/wp-json\/wp\/v2\/pages\/555\/revisions"}],"predecessor-version":[{"id":1403,"href":"https:\/\/agora.xtec.cat\/escjoanmaragall-santcugat\/wp-json\/wp\/v2\/pages\/555\/revisions\/1403"}],"up":[{"embeddable":true,"href":"https:\/\/agora.xtec.cat\/escjoanmaragall-santcugat\/wp-json\/wp\/v2\/pages\/22"}],"wp:attachment":[{"href":"https:\/\/agora.xtec.cat\/escjoanmaragall-santcugat\/wp-json\/wp\/v2\/media?parent=555"}],"curies":[{"name":"wp","href":"https:\/\/api.w.org\/{rel}","templated":true}]}}