{"id":26,"date":"2014-09-18T12:24:32","date_gmt":"2014-09-18T11:24:32","guid":{"rendered":"http:\/\/agora.xtec.cat\/escjoanmaragall-santcugat\/?page_id=26"},"modified":"2026-01-23T11:32:57","modified_gmt":"2026-01-23T10:32:57","slug":"historia","status":"publish","type":"page","link":"https:\/\/agora.xtec.cat\/escjoanmaragall-santcugat\/lescola\/historia\/","title":{"rendered":"Hist\u00f2ria"},"content":{"rendered":"<p style=\"text-align: left;\"><span style=\"font-weight: 400;\">La nostra escola va ser inaugurada pel President Francesc Maci\u00e0, el 26 de Juny de 1932<\/span><span style=\"font-weight: 400;\">.<\/span><span style=\"font-weight: 400;\"><br \/>\n<\/span><span style=\"font-weight: 400;\">\u00a0 \u00a0 \u00a0 \u00a0 \u00a0 \u00a0<\/span><img loading=\"lazy\" decoding=\"async\" class=\"size-full wp-image-622 alignnone\" src=\"https:\/\/agora.xtec.cat\/escjoanmaragall-santcugat\/wp-content\/uploads\/usu2648\/2021\/10\/01.png\" alt=\"\" width=\"499\" height=\"319\" srcset=\"https:\/\/agora.xtec.cat\/escjoanmaragall-santcugat\/wp-content\/uploads\/usu2648\/2021\/10\/01.png 499w, https:\/\/agora.xtec.cat\/escjoanmaragall-santcugat\/wp-content\/uploads\/usu2648\/2021\/10\/01-300x192.png 300w\" sizes=\"auto, (max-width: 499px) 100vw, 499px\" \/><\/p>\n<p style=\"text-align: left;\"><span style=\"font-weight: 400;\">Abans era coneguda amb el nom de Col\u00b7legis Nous.<\/span><\/p>\n<p>\u00a0 \u00a0 \u00a0 \u00a0 <img loading=\"lazy\" decoding=\"async\" class=\"size-full wp-image-623 alignnone\" src=\"https:\/\/agora.xtec.cat\/escjoanmaragall-santcugat\/wp-content\/uploads\/usu2648\/2021\/10\/02.png\" alt=\"\" width=\"513\" height=\"149\" srcset=\"https:\/\/agora.xtec.cat\/escjoanmaragall-santcugat\/wp-content\/uploads\/usu2648\/2021\/10\/02.png 513w, https:\/\/agora.xtec.cat\/escjoanmaragall-santcugat\/wp-content\/uploads\/usu2648\/2021\/10\/02-300x87.png 300w\" sizes=\"auto, (max-width: 513px) 100vw, 513px\" \/><\/p>\n<p><span style=\"font-weight: 400;\">El curs 2006\/07 vam celebrar el 75\u00e8 aniversari.<\/span><\/p>\n<p><span style=\"font-weight: 400;\">\u00a0 \u00a0 \u00a0 \u00a0 \u00a0 \u00a0<img loading=\"lazy\" decoding=\"async\" class=\"size-full wp-image-624 alignnone\" src=\"https:\/\/agora.xtec.cat\/escjoanmaragall-santcugat\/wp-content\/uploads\/usu2648\/2021\/10\/03.png\" alt=\"\" width=\"483\" height=\"358\" srcset=\"https:\/\/agora.xtec.cat\/escjoanmaragall-santcugat\/wp-content\/uploads\/usu2648\/2021\/10\/03.png 483w, https:\/\/agora.xtec.cat\/escjoanmaragall-santcugat\/wp-content\/uploads\/usu2648\/2021\/10\/03-300x222.png 300w\" sizes=\"auto, (max-width: 483px) 100vw, 483px\" \/><\/span><\/p>\n<p><span style=\"font-weight: 400;\">\u00c9s l\u2019escola p\u00fablica m\u00e9s antiga de Sant Cugat. Al llarg dels anys ha anat evolucionant i canviant la seva fisonomia<\/span><\/p>\n<p><span style=\"font-weight: 400;\">per adaptar-se a les necessitats educatives actuals.<\/span><\/p>\n<p><img loading=\"lazy\" decoding=\"async\" class=\"size-medium wp-image-625 alignnone\" src=\"https:\/\/agora.xtec.cat\/escjoanmaragall-santcugat\/wp-content\/uploads\/usu2648\/2021\/10\/04-208x300.png\" alt=\"\" width=\"208\" height=\"300\" srcset=\"https:\/\/agora.xtec.cat\/escjoanmaragall-santcugat\/wp-content\/uploads\/usu2648\/2021\/10\/04-208x300.png 208w, https:\/\/agora.xtec.cat\/escjoanmaragall-santcugat\/wp-content\/uploads\/usu2648\/2021\/10\/04.png 234w\" sizes=\"auto, (max-width: 208px) 100vw, 208px\" \/>\u00a0 \u00a0 \u00a0 \u00a0<img loading=\"lazy\" decoding=\"async\" class=\"size-medium wp-image-626 alignnone\" src=\"https:\/\/agora.xtec.cat\/escjoanmaragall-santcugat\/wp-content\/uploads\/usu2648\/2021\/10\/05-300x226.png\" alt=\"\" width=\"300\" height=\"226\" srcset=\"https:\/\/agora.xtec.cat\/escjoanmaragall-santcugat\/wp-content\/uploads\/usu2648\/2021\/10\/05-300x226.png 300w, https:\/\/agora.xtec.cat\/escjoanmaragall-santcugat\/wp-content\/uploads\/usu2648\/2021\/10\/05-200x150.png 200w, https:\/\/agora.xtec.cat\/escjoanmaragall-santcugat\/wp-content\/uploads\/usu2648\/2021\/10\/05.png 481w\" sizes=\"auto, (max-width: 300px) 100vw, 300px\" \/><\/p>\n<p><span style=\"font-weight: 400;\">Entre els anys 1982 i 1984 va ser remodelat l&#8217;edifici antic i es va construir l&#8217;edifici d&#8217;aules.<\/span><\/p>\n<p><img loading=\"lazy\" decoding=\"async\" class=\"wp-image-627 size-full alignnone\" src=\"https:\/\/agora.xtec.cat\/escjoanmaragall-santcugat\/wp-content\/uploads\/usu2648\/2021\/10\/06.png\" alt=\"\" width=\"481\" height=\"316\" srcset=\"https:\/\/agora.xtec.cat\/escjoanmaragall-santcugat\/wp-content\/uploads\/usu2648\/2021\/10\/06.png 481w, https:\/\/agora.xtec.cat\/escjoanmaragall-santcugat\/wp-content\/uploads\/usu2648\/2021\/10\/06-300x197.png 300w\" sizes=\"auto, (max-width: 481px) 100vw, 481px\" \/><\/p>\n<p><span style=\"font-weight: 400;\">L\u2019any 1997 es van inaugurar les noves instal\u00b7lacions: menjador i gimn\u00e0s.<\/span><\/p>\n<p><span style=\"font-weight: 400;\">\u00a0 \u00a0 \u00a0 \u00a0 \u00a0 \u00a0<img loading=\"lazy\" decoding=\"async\" class=\"wp-image-628 size-full alignnone\" src=\"https:\/\/agora.xtec.cat\/escjoanmaragall-santcugat\/wp-content\/uploads\/usu2648\/2021\/10\/07.png\" alt=\"\" width=\"481\" height=\"316\" srcset=\"https:\/\/agora.xtec.cat\/escjoanmaragall-santcugat\/wp-content\/uploads\/usu2648\/2021\/10\/07.png 481w, https:\/\/agora.xtec.cat\/escjoanmaragall-santcugat\/wp-content\/uploads\/usu2648\/2021\/10\/07-300x197.png 300w\" sizes=\"auto, (max-width: 481px) 100vw, 481px\" \/><\/span><\/p>\n<p><span style=\"font-weight: 400;\">La nostra escola \u00e9s de doble l\u00ednia (dos classes a cada nivell educatiu), des de I3 fins a 6\u00e8 de prim\u00e0ria.<\/span><\/p>\n<p><span style=\"font-weight: 400;\">Acollim una poblaci\u00f3 molt heterog\u00e8nia on es barregen antigues fam\u00edlies del poble amb les nouvingudes a les zones d&#8217;expansi\u00f3 demogr\u00e0fica de Sant Cugat.<\/span><span style=\"font-weight: 400;\"><br \/>\n<\/span><\/p>\n<p><img loading=\"lazy\" decoding=\"async\" class=\"aligncenter size-full wp-image-629\" src=\"https:\/\/agora.xtec.cat\/escjoanmaragall-santcugat\/wp-content\/uploads\/usu2648\/2021\/10\/08.png\" alt=\"\" width=\"295\" height=\"218\" \/><\/p>\n","protected":false},"excerpt":{"rendered":"<p>La nostra escola va ser inaugurada pel President Francesc Maci\u00e0, el 26 de Juny de 1932.<br \/>\n\u00a0 \u00a0 \u00a0 \u00a0 \u00a0 \u00a0<br \/>\nAbans era coneguda amb el nom de Col\u00b7legis Nous.<br \/>\n\u00a0 \u00a0 \u00a0 \u00a0<br \/>\nEl curs 2006\/07 vam celebrar el 75\u00e8 aniversari.<br \/>\n\u00a0 \u00a0 \u00a0 \u00a0 \u00a0 \u00a0<br \/>\n\u00c9s&hellip;  <a href=\"https:\/\/agora.xtec.cat\/escjoanmaragall-santcugat\/lescola\/historia\/\" title=\"Read Hist\u00f2ria\">Llegeix m\u00e9s\u00bb<\/a><\/p>\n","protected":false},"author":1,"featured_media":0,"parent":22,"menu_order":20,"comment_status":"closed","ping_status":"closed","template":"page-templates\/side-menu.php","meta":{"_bbp_topic_count":0,"_bbp_reply_count":0,"_bbp_total_topic_count":0,"_bbp_total_reply_count":0,"_bbp_voice_count":0,"_bbp_anonymous_reply_count":0,"_bbp_topic_count_hidden":0,"_bbp_reply_count_hidden":0,"_bbp_forum_subforum_count":0,"footnotes":""},"class_list":["post-26","page","type-page","status-publish","hentry"],"post_mailing_queue_ids":[],"_links":{"self":[{"href":"https:\/\/agora.xtec.cat\/escjoanmaragall-santcugat\/wp-json\/wp\/v2\/pages\/26","targetHints":{"allow":["GET"]}}],"collection":[{"href":"https:\/\/agora.xtec.cat\/escjoanmaragall-santcugat\/wp-json\/wp\/v2\/pages"}],"about":[{"href":"https:\/\/agora.xtec.cat\/escjoanmaragall-santcugat\/wp-json\/wp\/v2\/types\/page"}],"author":[{"embeddable":true,"href":"https:\/\/agora.xtec.cat\/escjoanmaragall-santcugat\/wp-json\/wp\/v2\/users\/1"}],"replies":[{"embeddable":true,"href":"https:\/\/agora.xtec.cat\/escjoanmaragall-santcugat\/wp-json\/wp\/v2\/comments?post=26"}],"version-history":[{"count":4,"href":"https:\/\/agora.xtec.cat\/escjoanmaragall-santcugat\/wp-json\/wp\/v2\/pages\/26\/revisions"}],"predecessor-version":[{"id":1382,"href":"https:\/\/agora.xtec.cat\/escjoanmaragall-santcugat\/wp-json\/wp\/v2\/pages\/26\/revisions\/1382"}],"up":[{"embeddable":true,"href":"https:\/\/agora.xtec.cat\/escjoanmaragall-santcugat\/wp-json\/wp\/v2\/pages\/22"}],"wp:attachment":[{"href":"https:\/\/agora.xtec.cat\/escjoanmaragall-santcugat\/wp-json\/wp\/v2\/media?parent=26"}],"curies":[{"name":"wp","href":"https:\/\/api.w.org\/{rel}","templated":true}]}}