{"id":73,"date":"2014-09-18T14:01:51","date_gmt":"2014-09-18T13:01:51","guid":{"rendered":"http:\/\/agora.xtec.cat\/escjoandomenechimoner\/?page_id=73"},"modified":"2026-04-29T15:39:22","modified_gmt":"2026-04-29T13:39:22","slug":"menjador-escolar","status":"publish","type":"page","link":"https:\/\/agora.xtec.cat\/escjoandomenechimoner\/serveis\/menjador-escolar\/","title":{"rendered":"Menjador escolar"},"content":{"rendered":"<p style=\"text-align: left;\">El menjador escolar el gestiona l&#8217;empresa <a href=\"https:\/\/cateringvilanova.com\/\" target=\"_blank\" rel=\"noopener\">Vilanova<\/a>. Per contactar amb el responsable del menjador us facilitem el tel\u00e8fon: 622948358. Podeu trucar entre les 9:00 h i 10:00 h del mat\u00ed i les 12:30 h i les 15:00 h. Per funcionament de l&#8217;aplicaci\u00f3 podeu trucar a 972 22 83 83 i marcar l&#8217;extensi\u00f3 2. O al correu: gestio@cateringvilanova.com<\/p>\n<p><a class=\"button large\" style=\"padding: 1em; font-weight: 400; margin: 0.1em; color: white !important; background-color: #4c86a6;\" href=\"https:\/\/drive.google.com\/file\/d\/1MXZ_cYR59DbTuoODEr1EU_TJM3c4f0wk\/view?usp=sharing\" target=\"_blank\" rel=\"noopener noreferrer\">Pla de funcionament<\/a><a class=\"button large\" style=\"padding: 1em; font-weight: 400; margin: 0.1em; color: white !important; background-color: #ff3257;\" href=\"https:\/\/cateringvilanova.tpvescola.com \" target=\"_blank\" rel=\"noopener noreferrer\">Instal\u00b7laci\u00f3 App<\/a><\/p>\n<p>MEN\u00da BASAL<br \/>\n<iframe loading=\"lazy\" src=\"https:\/\/drive.google.com\/file\/d\/15v6f7sHWkRFIa9X6F7xAEuNVodEJUzTm\/preview\" width=\"640\" height=\"480\"><span data-mce-type=\"bookmark\" style=\"display: inline-block; width: 0px; overflow: hidden; line-height: 0;\" class=\"mce_SELRES_start\">\ufeff<\/span><\/iframe><br \/>\nMEN\u00da NO CARN<br \/>\n<iframe loading=\"lazy\" src=\"https:\/\/drive.google.com\/file\/d\/1fSowyOIsLjCpr6DmXqlRf1om4Mi584M2\/preview\" width=\"640\" height=\"480\"><span data-mce-type=\"bookmark\" style=\"display: inline-block; width: 0px; overflow: hidden; line-height: 0;\" class=\"mce_SELRES_start\">\ufeff<\/span><\/iframe><br \/>\nMEN\u00da HALAL<br \/>\n<iframe loading=\"lazy\" src=\"https:\/\/drive.google.com\/file\/d\/1S52ZII4MCGQjd42g1BxY8o0WR0op3peN\/preview\" width=\"640\" height=\"480\"><span data-mce-type=\"bookmark\" style=\"display: inline-block; width: 0px; overflow: hidden; line-height: 0;\" class=\"mce_SELRES_start\">\ufeff<\/span><\/iframe><br \/>\nPROPOSTA SOPAR<br \/>\n<iframe loading=\"lazy\" src=\"https:\/\/drive.google.com\/file\/d\/1B219DwInbM4buVibGon8XxUQi1OA2AOJ\/preview\" width=\"640\" height=\"480\"><span data-mce-type=\"bookmark\" style=\"display: inline-block; width: 0px; overflow: hidden; line-height: 0;\" class=\"mce_SELRES_start\">\ufeff<\/span><\/iframe><\/p>\n","protected":false},"excerpt":{"rendered":"<p>El menjador escolar el gestiona l&#8217;empresa <a href=\"https:\/\/cateringvilanova.com\/\" target=\"_blank\" rel=\"noopener\">Vilanova<\/a>. Per contactar amb el responsable del menjador us facilitem el tel\u00e8fon: 622948358. Podeu trucar entre les 9:00 h i 10:00 h del mat\u00ed i les 12:30 h i les 15:00 h. Per funcionament de l&#8217;aplicaci\u00f3&hellip;  <a href=\"https:\/\/agora.xtec.cat\/escjoandomenechimoner\/serveis\/menjador-escolar\/\" title=\"Read Menjador escolar\">Llegeix m\u00e9s\u00bb<\/a><\/p>\n","protected":false},"author":1,"featured_media":0,"parent":66,"menu_order":30,"comment_status":"closed","ping_status":"closed","template":"page-templates\/side-menu.php","meta":{"_bbp_topic_count":0,"_bbp_reply_count":0,"_bbp_total_topic_count":0,"_bbp_total_reply_count":0,"_bbp_voice_count":0,"_bbp_anonymous_reply_count":0,"_bbp_topic_count_hidden":0,"_bbp_reply_count_hidden":0,"_bbp_forum_subforum_count":0,"footnotes":""},"class_list":["post-73","page","type-page","status-publish","hentry"],"post_mailing_queue_ids":[],"_links":{"self":[{"href":"https:\/\/agora.xtec.cat\/escjoandomenechimoner\/wp-json\/wp\/v2\/pages\/73","targetHints":{"allow":["GET"]}}],"collection":[{"href":"https:\/\/agora.xtec.cat\/escjoandomenechimoner\/wp-json\/wp\/v2\/pages"}],"about":[{"href":"https:\/\/agora.xtec.cat\/escjoandomenechimoner\/wp-json\/wp\/v2\/types\/page"}],"author":[{"embeddable":true,"href":"https:\/\/agora.xtec.cat\/escjoandomenechimoner\/wp-json\/wp\/v2\/users\/1"}],"replies":[{"embeddable":true,"href":"https:\/\/agora.xtec.cat\/escjoandomenechimoner\/wp-json\/wp\/v2\/comments?post=73"}],"version-history":[{"count":6,"href":"https:\/\/agora.xtec.cat\/escjoandomenechimoner\/wp-json\/wp\/v2\/pages\/73\/revisions"}],"predecessor-version":[{"id":1438,"href":"https:\/\/agora.xtec.cat\/escjoandomenechimoner\/wp-json\/wp\/v2\/pages\/73\/revisions\/1438"}],"up":[{"embeddable":true,"href":"https:\/\/agora.xtec.cat\/escjoandomenechimoner\/wp-json\/wp\/v2\/pages\/66"}],"wp:attachment":[{"href":"https:\/\/agora.xtec.cat\/escjoandomenechimoner\/wp-json\/wp\/v2\/media?parent=73"}],"curies":[{"name":"wp","href":"https:\/\/api.w.org\/{rel}","templated":true}]}}