{"id":1140,"date":"2025-02-14T08:40:54","date_gmt":"2025-02-14T07:40:54","guid":{"rendered":"https:\/\/agora.xtec.cat\/escjoandomenechimoner\/?page_id=1140"},"modified":"2025-09-05T12:43:48","modified_gmt":"2025-09-05T10:43:48","slug":"perfil-professional-de-lequip","status":"publish","type":"page","link":"https:\/\/agora.xtec.cat\/escjoandomenechimoner\/perfil-professional-de-lequip\/","title":{"rendered":"Equip professional. Qui som?"},"content":{"rendered":"<p>A l&#8217;escola hi ha tot un <strong>engranatge de persones<\/strong> que fa que el centre pugui funcionar.<strong> Tothom forma part<\/strong> i la seva tasca \u00e9s fonamental per poder obrir cada dia les portes de l&#8217;escola. A continuaci\u00f3 podeu con\u00e8ixer a cadascuna de les persones que forma part de l&#8217;equip:<\/p>\n<div style=\"position: relative; width: 100%; height: 0; padding-top: 585.6515%; padding-bottom: 0; box-shadow: 0 2px 8px 0 rgba(63,69,81,0.16); margin-top: 1.6em; margin-bottom: 0.9em; overflow: hidden; border-radius: 8px; will-change: transform;\"><iframe style=\"position: absolute; width: 100%; height: 100%; top: 0; left: 0; border: none; padding: 0; margin: 0;\" src=\"https:\/\/www.canva.com\/design\/DAGeyTBvyRs\/kdyHrrXoAksWNF4eWpbbJQ\/view?embed\" allowfullscreen=\"allowfullscreen\"><br \/>\n<\/iframe><\/div>\n<p>&nbsp;<\/p>\n","protected":false},"excerpt":{"rendered":"<p>A l&#8217;escola hi ha tot un engranatge de persones que fa que el centre pugui funcionar. Tothom forma part i la seva tasca \u00e9s fonamental per poder obrir cada dia les portes de l&#8217;escola. A continuaci\u00f3 podeu con\u00e8ixer a cadascuna de les persones que forma&hellip;  <a href=\"https:\/\/agora.xtec.cat\/escjoandomenechimoner\/perfil-professional-de-lequip\/\" title=\"Read Equip professional. Qui som?\">Llegeix m\u00e9s\u00bb<\/a><\/p>\n","protected":false},"author":1,"featured_media":0,"parent":0,"menu_order":0,"comment_status":"closed","ping_status":"closed","template":"","meta":{"_bbp_topic_count":0,"_bbp_reply_count":0,"_bbp_total_topic_count":0,"_bbp_total_reply_count":0,"_bbp_voice_count":0,"_bbp_anonymous_reply_count":0,"_bbp_topic_count_hidden":0,"_bbp_reply_count_hidden":0,"_bbp_forum_subforum_count":0,"footnotes":""},"class_list":["post-1140","page","type-page","status-publish","hentry"],"post_mailing_queue_ids":[],"_links":{"self":[{"href":"https:\/\/agora.xtec.cat\/escjoandomenechimoner\/wp-json\/wp\/v2\/pages\/1140","targetHints":{"allow":["GET"]}}],"collection":[{"href":"https:\/\/agora.xtec.cat\/escjoandomenechimoner\/wp-json\/wp\/v2\/pages"}],"about":[{"href":"https:\/\/agora.xtec.cat\/escjoandomenechimoner\/wp-json\/wp\/v2\/types\/page"}],"author":[{"embeddable":true,"href":"https:\/\/agora.xtec.cat\/escjoandomenechimoner\/wp-json\/wp\/v2\/users\/1"}],"replies":[{"embeddable":true,"href":"https:\/\/agora.xtec.cat\/escjoandomenechimoner\/wp-json\/wp\/v2\/comments?post=1140"}],"version-history":[{"count":6,"href":"https:\/\/agora.xtec.cat\/escjoandomenechimoner\/wp-json\/wp\/v2\/pages\/1140\/revisions"}],"predecessor-version":[{"id":1166,"href":"https:\/\/agora.xtec.cat\/escjoandomenechimoner\/wp-json\/wp\/v2\/pages\/1140\/revisions\/1166"}],"wp:attachment":[{"href":"https:\/\/agora.xtec.cat\/escjoandomenechimoner\/wp-json\/wp\/v2\/media?parent=1140"}],"curies":[{"name":"wp","href":"https:\/\/api.w.org\/{rel}","templated":true}]}}