{"id":1002,"date":"2024-11-08T17:23:45","date_gmt":"2024-11-08T16:23:45","guid":{"rendered":"https:\/\/agora.xtec.cat\/escjoandomenechimoner\/?page_id=1002"},"modified":"2025-02-14T13:58:15","modified_gmt":"2025-02-14T12:58:15","slug":"espais-daprenentatge","status":"publish","type":"page","link":"https:\/\/agora.xtec.cat\/escjoandomenechimoner\/com-treballem\/espais-daprenentatge\/","title":{"rendered":"Espais d&#8217;aprenentatge"},"content":{"rendered":"<p>Els espais d&#8217;aprenentatge sorgeixen de la necessitat d&#8217;oferir als infants activitats m\u00e9s engrescadores a la franja hor\u00e0ria de la tarda on l&#8217;energia dels infants va minvant. Aquestes propostes es fan en grups heterogenis barrejant infants de diferents grups. Cada infant tria de manera volunt\u00e0ria a quin espai vol anar durant una setmana tot coneixent pr\u00e8viament les propostes que hi trobar\u00e0. \u00c9s un bon moment per con\u00e8ixer-nos entre tots. \u00a0A continuaci\u00f3 us deixem una petita mostra d&#8217;aquests:<\/p>\n<div style=\"position: relative; width: 100%; height: 0; padding-top: 75.0000%; padding-bottom: 0; box-shadow: 0 2px 8px 0 rgba(63,69,81,0.16); margin-top: 1.6em; margin-bottom: 0.9em; overflow: hidden; border-radius: 8px; will-change: transform;\"><iframe style=\"position: absolute; width: 100%; height: 100%; top: 0; left: 0; border: none; padding: 0; margin: 0;\" src=\"https:\/\/www.canva.com\/design\/DAGfErxt-JU\/aTZEzoLpMO6UNAEBPqM9Eg\/view?embed\" allowfullscreen=\"allowfullscreen\"><br \/>\n<\/iframe><\/div>\n<p>&nbsp;<\/p>\n<div style=\"position: relative; width: 100%; height: 0; padding-top: 75.0000%; padding-bottom: 0; box-shadow: 0 2px 8px 0 rgba(63,69,81,0.16); margin-top: 1.6em; margin-bottom: 0.9em; overflow: hidden; border-radius: 8px; will-change: transform;\"><iframe style=\"position: absolute; width: 100%; height: 100%; top: 0; left: 0; border: none; padding: 0; margin: 0;\" src=\"https:\/\/www.canva.com\/design\/DAGe-qdRZoM\/cmgWUsPEya0f38CT9MlNEw\/view?embed\" allowfullscreen=\"allowfullscreen\"><br \/>\n<\/iframe><\/div>\n<p>&nbsp;<\/p>\n<div style=\"position: relative; width: 100%; height: 0; padding-top: 75.0000%; padding-bottom: 0; box-shadow: 0 2px 8px 0 rgba(63,69,81,0.16); margin-top: 1.6em; margin-bottom: 0.9em; overflow: hidden; border-radius: 8px; will-change: transform;\"><iframe style=\"position: absolute; width: 100%; height: 100%; top: 0; left: 0; border: none; padding: 0; margin: 0;\" src=\"https:\/\/www.canva.com\/design\/DAGfEtBw_x4\/PuO_nuWn8qsQx9rgou5izg\/view?embed\" allowfullscreen=\"allowfullscreen\"><br \/>\n<\/iframe><\/div>\n<p>&nbsp;<\/p>\n<div style=\"position: relative; width: 100%; height: 0; padding-top: 75.0000%; padding-bottom: 0; box-shadow: 0 2px 8px 0 rgba(63,69,81,0.16); margin-top: 1.6em; margin-bottom: 0.9em; overflow: hidden; border-radius: 8px; will-change: transform;\"><iframe style=\"position: absolute; width: 100%; height: 100%; top: 0; left: 0; border: none; padding: 0; margin: 0;\" src=\"https:\/\/www.canva.com\/design\/DAGfEgC_6J4\/8Vxzhirs4hAFwps0HYBP1w\/view?embed\" allowfullscreen=\"allowfullscreen\"><br \/>\n<\/iframe><\/div>\n<p>&nbsp;<\/p>\n","protected":false},"excerpt":{"rendered":"<p>Els espais d&#8217;aprenentatge sorgeixen de la necessitat d&#8217;oferir als infants activitats m\u00e9s engrescadores a la franja hor\u00e0ria de la tarda on l&#8217;energia dels infants va minvant. Aquestes propostes es fan en grups heterogenis barrejant infants de diferents grups. Cada infant tria de manera volunt\u00e0ria a&hellip;  <a href=\"https:\/\/agora.xtec.cat\/escjoandomenechimoner\/com-treballem\/espais-daprenentatge\/\" title=\"Read Espais d&#8217;aprenentatge\">Llegeix m\u00e9s\u00bb<\/a><\/p>\n","protected":false},"author":1,"featured_media":0,"parent":581,"menu_order":0,"comment_status":"closed","ping_status":"closed","template":"","meta":{"_bbp_topic_count":0,"_bbp_reply_count":0,"_bbp_total_topic_count":0,"_bbp_total_reply_count":0,"_bbp_voice_count":0,"_bbp_anonymous_reply_count":0,"_bbp_topic_count_hidden":0,"_bbp_reply_count_hidden":0,"_bbp_forum_subforum_count":0,"footnotes":""},"class_list":["post-1002","page","type-page","status-publish","hentry"],"post_mailing_queue_ids":[],"_links":{"self":[{"href":"https:\/\/agora.xtec.cat\/escjoandomenechimoner\/wp-json\/wp\/v2\/pages\/1002","targetHints":{"allow":["GET"]}}],"collection":[{"href":"https:\/\/agora.xtec.cat\/escjoandomenechimoner\/wp-json\/wp\/v2\/pages"}],"about":[{"href":"https:\/\/agora.xtec.cat\/escjoandomenechimoner\/wp-json\/wp\/v2\/types\/page"}],"author":[{"embeddable":true,"href":"https:\/\/agora.xtec.cat\/escjoandomenechimoner\/wp-json\/wp\/v2\/users\/1"}],"replies":[{"embeddable":true,"href":"https:\/\/agora.xtec.cat\/escjoandomenechimoner\/wp-json\/wp\/v2\/comments?post=1002"}],"version-history":[{"count":6,"href":"https:\/\/agora.xtec.cat\/escjoandomenechimoner\/wp-json\/wp\/v2\/pages\/1002\/revisions"}],"predecessor-version":[{"id":1157,"href":"https:\/\/agora.xtec.cat\/escjoandomenechimoner\/wp-json\/wp\/v2\/pages\/1002\/revisions\/1157"}],"up":[{"embeddable":true,"href":"https:\/\/agora.xtec.cat\/escjoandomenechimoner\/wp-json\/wp\/v2\/pages\/581"}],"wp:attachment":[{"href":"https:\/\/agora.xtec.cat\/escjoandomenechimoner\/wp-json\/wp\/v2\/media?parent=1002"}],"curies":[{"name":"wp","href":"https:\/\/api.w.org\/{rel}","templated":true}]}}