{"id":66,"date":"2014-09-18T12:40:47","date_gmt":"2014-09-18T11:40:47","guid":{"rendered":"http:\/\/agora.xtec.cat\/escjoanblanquer\/?page_id=66"},"modified":"2025-10-17T12:55:24","modified_gmt":"2025-10-17T10:55:24","slug":"afa","status":"publish","type":"page","link":"https:\/\/agora.xtec.cat\/escjoanblanquer\/afa\/","title":{"rendered":"AFA"},"content":{"rendered":"<p>L&#8217;AFA est\u00e0 formada per totes les fam\u00edlies dels alumnes de l\u2019escola. De manera volunt\u00e0ria, per\u00f2, qui vulgui pot donar suport a l&#8217;activitat del Centre i col\u00b7laborar en tasques d\u2019organitzaci\u00f3 de serveis no oferts per l\u2019administraci\u00f3. Tamb\u00e9 \u00e9s un dels canals de representaci\u00f3 i participaci\u00f3 de les fam\u00edlies a la vida del Centre. Com a associaci\u00f3 sense \u00e0nim de lucre, i tal com ordena la normativa, estem degudament inscrits al Registre d\u2019Associacions de la Generalitat de Catalunya a la Secci\u00f3 primera, amb el n\u00famero 28420. Som membres de la FAPAC i de la Federaci\u00f3 d\u2019AMPAS de centres d\u2019ensenyament de Castellar del Vall\u00e8s.<\/p>\n<p><strong>Podeu descarregar el:<\/strong><\/p>\n<ul>\n<li><a href=\"https:\/\/drive.google.com\/file\/d\/1H-lLtRyM0ttfnWGSYtBr9iY3zcGWZd_z\/view?usp=sharing\" target=\"_blank\" rel=\"noopener\">Dossier de l&#8217;AFA Joan Blanquer 2025-2026<\/a><\/li>\n<li><a href=\"https:\/\/agora.xtec.cat\/escjoanblanquer\/wp-content\/uploads\/usu28\/2023\/10\/ESTATUTOS-AFA-JOAN-BLANQUER.pdf\" target=\"_blank\" rel=\"noopener\">Estatut de l&#8217;AFA Joan Blanquer\u00a0<\/a><\/li>\n<li><a href=\"https:\/\/drive.google.com\/file\/d\/1Ig72on0HjZ5o0FO7FB395MYcT6jac8vp\/view?usp=sharing\" target=\"_blank\" rel=\"noopener\">Codi \u00e8tic i de bones pr\u00e0ctiques de l&#8217;AFA<\/a><\/li>\n<\/ul>\n<p>&nbsp;<\/p>\n<h3><strong>DADES DE CONTACTE<\/strong><\/h3>\n<p>Tel\u00e8fon: 606 92 26 27<br \/>\nE-mail: secre.afa.jb@gmail.com<\/p>\n<p>&nbsp;<\/p>\n<h3><span style=\"text-decoration: underline;\"><strong>HORARI D&#8217;ATENCI\u00d3<\/strong><\/span><\/h3>\n<p><strong>MATINS: <\/strong><\/p>\n<ul>\n<li><span style=\"font-weight: 400;\">DE DILLUNS A DIMECRES: 9:00H A 14:00H<\/span><\/li>\n<li><span style=\"font-weight: 400;\">DIJOUS: 9:00H A 12:30H<\/span><\/li>\n<li><span style=\"font-weight: 400;\">DIVENDRES: 9:00H A 12H<\/span><\/li>\n<\/ul>\n<p><strong>TARDA:<\/strong><\/p>\n<ul>\n<li><span style=\"font-weight: 400;\">DILLUNS DE 15 A 18:15H<\/span><\/li>\n<\/ul>\n","protected":false},"excerpt":{"rendered":"<p>L&#8217;AFA est\u00e0 formada per totes les fam\u00edlies dels alumnes de l\u2019escola. De manera volunt\u00e0ria, per\u00f2, qui vulgui pot donar suport a l&#8217;activitat del Centre i col\u00b7laborar en tasques d\u2019organitzaci\u00f3 de serveis no oferts per l\u2019administraci\u00f3. Tamb\u00e9 \u00e9s un dels canals de representaci\u00f3 i participaci\u00f3 de&hellip;  <a href=\"https:\/\/agora.xtec.cat\/escjoanblanquer\/afa\/\" title=\"Read AFA\">Llegeix m\u00e9s\u00bb<\/a><\/p>\n","protected":false},"author":1,"featured_media":0,"parent":0,"menu_order":0,"comment_status":"closed","ping_status":"closed","template":"page-templates\/side-menu.php","meta":{"_bbp_topic_count":0,"_bbp_reply_count":0,"_bbp_total_topic_count":0,"_bbp_total_reply_count":0,"_bbp_voice_count":0,"_bbp_anonymous_reply_count":0,"_bbp_topic_count_hidden":0,"_bbp_reply_count_hidden":0,"_bbp_forum_subforum_count":0,"footnotes":""},"class_list":["post-66","page","type-page","status-publish","hentry"],"post_mailing_queue_ids":[],"_links":{"self":[{"href":"https:\/\/agora.xtec.cat\/escjoanblanquer\/wp-json\/wp\/v2\/pages\/66","targetHints":{"allow":["GET"]}}],"collection":[{"href":"https:\/\/agora.xtec.cat\/escjoanblanquer\/wp-json\/wp\/v2\/pages"}],"about":[{"href":"https:\/\/agora.xtec.cat\/escjoanblanquer\/wp-json\/wp\/v2\/types\/page"}],"author":[{"embeddable":true,"href":"https:\/\/agora.xtec.cat\/escjoanblanquer\/wp-json\/wp\/v2\/users\/1"}],"replies":[{"embeddable":true,"href":"https:\/\/agora.xtec.cat\/escjoanblanquer\/wp-json\/wp\/v2\/comments?post=66"}],"version-history":[{"count":8,"href":"https:\/\/agora.xtec.cat\/escjoanblanquer\/wp-json\/wp\/v2\/pages\/66\/revisions"}],"predecessor-version":[{"id":4051,"href":"https:\/\/agora.xtec.cat\/escjoanblanquer\/wp-json\/wp\/v2\/pages\/66\/revisions\/4051"}],"wp:attachment":[{"href":"https:\/\/agora.xtec.cat\/escjoanblanquer\/wp-json\/wp\/v2\/media?parent=66"}],"curies":[{"name":"wp","href":"https:\/\/api.w.org\/{rel}","templated":true}]}}