{"id":4777,"date":"2017-09-26T18:11:29","date_gmt":"2017-09-26T16:11:29","guid":{"rendered":"http:\/\/agora.xtec.cat\/escjoanardevol\/?page_id=4777"},"modified":"2020-04-23T12:34:30","modified_gmt":"2020-04-23T10:34:30","slug":"dinantia","status":"publish","type":"page","link":"https:\/\/agora.xtec.cat\/escjoanardevol\/dinantia\/","title":{"rendered":"DINANTIA"},"content":{"rendered":"<p>Els familiars poden accedir a Dinantia a trav\u00e9s de la web: <a href=\"https:\/\/app.dinantia.com\" target=\"_blank\" rel=\"noopener noreferrer\">https:\/\/app.dinantia.com<\/a><br \/>\nSi \u00e9s el primer cop i no es disposa de contrasenya, cal generar-ne una clicant &#8220;No tens una contrasenya encara?&#8221; o b\u00e9 a &#8220;Has oblidat la teva contrasenya?&#8221;, escriure el correu electr\u00f2nic proporcionat al centre i seguir les instruccions.<\/p>\n<p>Des del curs 2018-2019 la comunicaci\u00f3 habitual entre fam\u00edlies i escola es fa a trav\u00e9s de l&#8217;app DINANTIA.<\/p>\n<p><a href=\"http:\/\/dinantia.com\/ca\/\" target=\"_blank\" rel=\"noopener noreferrer\"><img loading=\"lazy\" decoding=\"async\" class=\"alignnone wp-image-5417 size-full\" src=\"http:\/\/agora.xtec.cat\/escjoanardevol\/wp-content\/uploads\/usu550\/2018\/09\/images.png\" alt=\"\" width=\"330\" height=\"100\" srcset=\"https:\/\/agora.xtec.cat\/escjoanardevol\/wp-content\/uploads\/usu550\/2018\/09\/images.png 330w, https:\/\/agora.xtec.cat\/escjoanardevol\/wp-content\/uploads\/usu550\/2018\/09\/images-300x91.png 300w\" sizes=\"auto, (max-width: 330px) 100vw, 330px\" \/><\/a><\/p>\n<p>Per instal\u00b7lar l\u2019aplicaci\u00f3 haureu d\u2019anar al Play Store, en el cas que el sistema operatiu del vostre dispositiu sigui Android, o b\u00e9 a l\u2019Apple Store, en el cas de que el vostre dispositiu sigui iOS.<\/p>\n<p><a href=\"https:\/\/play.google.com\/store\/apps\/details?id=com.dinantia.dinantia\" target=\"_blank\" rel=\"noopener noreferrer\"><img loading=\"lazy\" decoding=\"async\" class=\"alignnone wp-image-5419 size-full\" src=\"http:\/\/agora.xtec.cat\/escjoanardevol\/wp-content\/uploads\/usu550\/2018\/09\/unnamed.png\" alt=\"\" width=\"129\" height=\"45\" \/><\/a>\u00a0 <a href=\"https:\/\/itunes.apple.com\/es\/app\/dinantia\/id1057051981\" target=\"_blank\" rel=\"noopener noreferrer\"><img loading=\"lazy\" decoding=\"async\" class=\"alignnone wp-image-5420 size-full\" src=\"http:\/\/agora.xtec.cat\/escjoanardevol\/wp-content\/uploads\/usu550\/2018\/09\/unnamed2.png\" alt=\"\" width=\"132\" height=\"45\" \/><\/a><\/p>\n<p>1- Des del vostre tel\u00e8fon m\u00f2bil heu d&#8217;instal\u00b7lar l&#8217;app Dinantia, ja sigui de l&#8217;Apple Store o des de Google Play.<br \/>\n2- Un cop instal\u00b7lada, heu d&#8217;inscriure-us escrivint el mateix correu electr\u00f2nic que haureu informat a la secretaria de l&#8217;Institut Escola pr\u00e8viament.<br \/>\n3- Un cop inscrits, rebreu un email automatitzat a partir del qual haureu de confirmar la vostra inscripci\u00f3 a DINANTIA.<br \/>\n4- A partir d&#8217;aquest moment, ja podreu accedir a l&#8217;aplicaci\u00f3 i podreu rebre missatges de l&#8217;escola.<\/p>\n<p>Trobareu m\u00e9s informaci\u00f3 a <a href=\"http:\/\/www.dinantia.com\/ca\/\" target=\"_blank\" rel=\"noopener noreferrer\">http:\/\/www.dinantia.com\/ca\/<\/a><\/p>\n<p>Si teniu algun dubte o problema, podeu escriure&#8217;ns a <a href=\"mailto:secretaria@joanardevol.org\">secretaria@joanardevol.org<\/a><\/p>\n<p>&nbsp;<\/p>\n","protected":false},"excerpt":{"rendered":"<p>Els familiars poden accedir a Dinantia a trav\u00e9s de la web: <a href=\"https:\/\/app.dinantia.com\" target=\"_blank\" rel=\"noopener noreferrer\">https:\/\/app.dinantia.com<\/a><br \/>\nSi \u00e9s el primer cop i no es disposa de contrasenya, cal generar-ne una clicant &#8220;No tens una contrasenya encara?&#8221; o b\u00e9 a &#8220;Has oblidat la teva contrasenya?&#8221;, escriure el&hellip;  <a href=\"https:\/\/agora.xtec.cat\/escjoanardevol\/dinantia\/\" title=\"Read DINANTIA\">Llegeix m\u00e9s\u00bb<\/a><\/p>\n","protected":false},"author":1,"featured_media":0,"parent":0,"menu_order":0,"comment_status":"closed","ping_status":"closed","template":"","meta":{"_bbp_topic_count":0,"_bbp_reply_count":0,"_bbp_total_topic_count":0,"_bbp_total_reply_count":0,"_bbp_voice_count":0,"_bbp_anonymous_reply_count":0,"_bbp_topic_count_hidden":0,"_bbp_reply_count_hidden":0,"_bbp_forum_subforum_count":0,"footnotes":""},"class_list":["post-4777","page","type-page","status-publish","hentry"],"post_mailing_queue_ids":[],"_links":{"self":[{"href":"https:\/\/agora.xtec.cat\/escjoanardevol\/wp-json\/wp\/v2\/pages\/4777","targetHints":{"allow":["GET"]}}],"collection":[{"href":"https:\/\/agora.xtec.cat\/escjoanardevol\/wp-json\/wp\/v2\/pages"}],"about":[{"href":"https:\/\/agora.xtec.cat\/escjoanardevol\/wp-json\/wp\/v2\/types\/page"}],"author":[{"embeddable":true,"href":"https:\/\/agora.xtec.cat\/escjoanardevol\/wp-json\/wp\/v2\/users\/1"}],"replies":[{"embeddable":true,"href":"https:\/\/agora.xtec.cat\/escjoanardevol\/wp-json\/wp\/v2\/comments?post=4777"}],"version-history":[{"count":4,"href":"https:\/\/agora.xtec.cat\/escjoanardevol\/wp-json\/wp\/v2\/pages\/4777\/revisions"}],"predecessor-version":[{"id":6977,"href":"https:\/\/agora.xtec.cat\/escjoanardevol\/wp-json\/wp\/v2\/pages\/4777\/revisions\/6977"}],"wp:attachment":[{"href":"https:\/\/agora.xtec.cat\/escjoanardevol\/wp-json\/wp\/v2\/media?parent=4777"}],"curies":[{"name":"wp","href":"https:\/\/api.w.org\/{rel}","templated":true}]}}