{"id":2819,"date":"2014-11-22T09:08:46","date_gmt":"2014-11-22T09:08:46","guid":{"rendered":"http:\/\/joanardevol.org\/info\/?page_id=2819"},"modified":"2016-09-04T21:19:10","modified_gmt":"2016-09-04T19:19:10","slug":"drets-dimatge","status":"publish","type":"page","link":"https:\/\/agora.xtec.cat\/escjoanardevol\/albums-de-fotos-2\/drets-dimatge\/","title":{"rendered":"Drets d&#8217;imatge"},"content":{"rendered":"<p style=\"text-align: justify;\">At\u00e8s que el dret a la pr\u00f2pia imatge \u00e9s reconegut en l\u2019article 18.1 de la Constituci\u00f3 i regulat per la Llei org\u00e0nica 1\/1982, de 5 de maig, sobre el dret a l\u2019honor, a la intimitat personal i familiar i a la pr\u00f2pia imatge, la direcci\u00f3 d\u2019aquest Centre demana autoritzaci\u00f3 per poder publicar fotografies i v\u00eddeos on apareguin els seus fills i filles i on siguin clarament identificables.<\/p>\n<p style=\"text-align: justify;\">No hi ha autoritzaci\u00f3 per fer un \u00fas diferent del merament informatiu de les activitats que es duen a terme. Aquesta autoritzaci\u00f3 no \u00e9s extensible a terceres persones. Les imatges que puguin captar els mateixos pares, mares o tutors legals en les activitats p\u00fabliques, festes, obres de teatre, etc. o a la mateixa p\u00e0gina web de l&#8217;escola quedar\u00e0 reservada per al seu \u00fas privat.<\/p>\n<p style=\"text-align: justify;\">Pel que fa a les imatges d&#8217;activitats p\u00fabliques com festes, obres de teatre, festivals, concerts, etc. la seva difusi\u00f3 queda recollida en l&#8217;article 8.2.c. de la Ley Org\u00e1nica 1\/1982. Les imatges preses en un acte p\u00fablic, en un lloc p\u00fablic, sense \u00e0nim de lucre i formalment anunciat amb antelaci\u00f3, corresponen a l&#8217;inter\u00e8s d&#8217;informar de l&#8217;acte i no de cap participant en particular. Si algun pare, mare o tutor considera que la privacitat del menor pot veure&#8217;s compromesa ho pot comentar abans de l&#8217;acte i hi t\u00e9 el dret de sol\u00b7licitar la retirada de qualsevol imatge publicada.<\/p>\n<p style=\"text-align: justify;\">Totes les imatges que apareixen en aquesta web compten amb l&#8217;autoritzaci\u00f3 expressa dels pares o tutors dels alumnes. Intentem, amb molta cura, mostrar exclusivament les imatges d&#8217;aquells alumnes dels quals els pares o tutors han signat l\u2019autoritzaci\u00f3. Qualsevol imatge referida a una persona de la comunitat educativa de l&#8217;escola que aparegui en aquesta web ser\u00e0 retirada el m\u00e9s aviat possible si aix\u00ed ho vol l&#8217;interessat o els seus pares o representants legals (en el cas de menors). Si voleu retirar alguna imatge caldr\u00e0 comunicar-ho a la direcci\u00f3 de l&#8217;escola preferentment per correu electr\u00f2nic a escola@joanardevol.org indicant clarament imatge i situaci\u00f3 on es troba a la web.<\/p>\n<p style=\"text-align: justify;\">\n","protected":false},"excerpt":{"rendered":"<p>At\u00e8s que el dret a la pr\u00f2pia imatge \u00e9s reconegut en l\u2019article 18.1 de la Constituci\u00f3 i regulat per la Llei org\u00e0nica 1\/1982, de 5 de maig, sobre el dret a l\u2019honor, a la intimitat personal i familiar i a la pr\u00f2pia imatge, la direcci\u00f3&hellip;  <a href=\"https:\/\/agora.xtec.cat\/escjoanardevol\/albums-de-fotos-2\/drets-dimatge\/\" title=\"Read Drets d&#8217;imatge\">Llegeix m\u00e9s\u00bb<\/a><\/p>\n","protected":false},"author":1,"featured_media":0,"parent":1422,"menu_order":0,"comment_status":"closed","ping_status":"open","template":"page-templates\/side-menu.php","meta":{"_bbp_topic_count":0,"_bbp_reply_count":0,"_bbp_total_topic_count":0,"_bbp_total_reply_count":0,"_bbp_voice_count":0,"_bbp_anonymous_reply_count":0,"_bbp_topic_count_hidden":0,"_bbp_reply_count_hidden":0,"_bbp_forum_subforum_count":0,"footnotes":""},"class_list":["post-2819","page","type-page","status-publish","hentry"],"post_mailing_queue_ids":[],"_links":{"self":[{"href":"https:\/\/agora.xtec.cat\/escjoanardevol\/wp-json\/wp\/v2\/pages\/2819","targetHints":{"allow":["GET"]}}],"collection":[{"href":"https:\/\/agora.xtec.cat\/escjoanardevol\/wp-json\/wp\/v2\/pages"}],"about":[{"href":"https:\/\/agora.xtec.cat\/escjoanardevol\/wp-json\/wp\/v2\/types\/page"}],"author":[{"embeddable":true,"href":"https:\/\/agora.xtec.cat\/escjoanardevol\/wp-json\/wp\/v2\/users\/1"}],"replies":[{"embeddable":true,"href":"https:\/\/agora.xtec.cat\/escjoanardevol\/wp-json\/wp\/v2\/comments?post=2819"}],"version-history":[{"count":1,"href":"https:\/\/agora.xtec.cat\/escjoanardevol\/wp-json\/wp\/v2\/pages\/2819\/revisions"}],"predecessor-version":[{"id":4007,"href":"https:\/\/agora.xtec.cat\/escjoanardevol\/wp-json\/wp\/v2\/pages\/2819\/revisions\/4007"}],"up":[{"embeddable":true,"href":"https:\/\/agora.xtec.cat\/escjoanardevol\/wp-json\/wp\/v2\/pages\/1422"}],"wp:attachment":[{"href":"https:\/\/agora.xtec.cat\/escjoanardevol\/wp-json\/wp\/v2\/media?parent=2819"}],"curies":[{"name":"wp","href":"https:\/\/api.w.org\/{rel}","templated":true}]}}