{"id":195,"date":"2010-11-21T23:07:54","date_gmt":"2010-11-21T23:07:54","guid":{"rendered":"http:\/\/joanardevol.org\/info\/?page_id=195"},"modified":"2017-10-22T11:51:35","modified_gmt":"2017-10-22T09:51:35","slug":"joan-ardevol","status":"publish","type":"page","link":"https:\/\/agora.xtec.cat\/escjoanardevol\/lescola-2\/historia\/joan-ardevol\/","title":{"rendered":"Joan Ard\u00e8vol"},"content":{"rendered":"<p style=\"text-align: justify;\"><a href=\"http:\/\/joanardevol.org\/info\/wp-content\/uploads\/2010\/11\/joan-ardevol.jpg\"><img loading=\"lazy\" decoding=\"async\" class=\"alignleft size-medium wp-image-107\" title=\"joan ardevol\" src=\"http:\/\/agora.xtec.cat\/escjoanardevol\/wp-content\/uploads\/usu550\/2017\/10\/joan-ardevol.jpg\" alt=\"\" width=\"216\" height=\"300\" \/><\/a>Joan Ard\u00e8vol i Oliv\u00e9 va n\u00e9ixer a Alforja el 27 de juny de 1861. el seu pare que tamb\u00e9 havia estat mestre de Cambrils, es deia Joan Ard\u00e8vol i Aulestia i la seva mare Maria Gl\u00f2ria Oliv\u00e9 i Cabr\u00e9.<br \/>\nJoan Ard\u00e8vol va anar a escola a Cambrils i despr\u00e9s estudi\u00e0 magisteri a Tarragona i Barcelona. Acabada la carrera, tragu\u00e9 les oposicions i obtingu\u00e9 pla\u00e7a de mestre a La Seu d\u2019Urgell. Tot seguit, el 1884, va venir a Cambrils a continuar la seva tasca pedag\u00f2gica fins el 1924 que es jubil\u00e0. El 28 de maig de 1941 va morir a Cambrils. Joan Ard\u00e8vol, a m\u00e9s de mestre, fou un dels fundadors del sindicat agr\u00edcola el 1902 i tamb\u00e9 esdevingu\u00e9 president del centre cat\u00f2lic d\u2019obrers el 1905.<\/p>\n<p style=\"text-align: justify;\">El mestre i alcalde de Cambrils Josep Ortoneda i Bud\u00ed va voler que el nou centre escolar, inaugurat el 1961, port\u00e9s el nom de Col\u00b7legi &#8220;Joan Ard\u00e8vol&#8221; en mem\u00f2ria del que havia estat el seu mestre i de molts altres cambrilencs.<\/p>\n<p style=\"text-align: justify;\">Cristina Carrera i Yolanda Ler\u00edn (alumnes de 8\u00e8 A el curs 1992-93) Article aparegut a la revista &#8220;El Pinaret&#8221; n\u00fam. 20<\/p>\n","protected":false},"excerpt":{"rendered":"<p><a href=\"http:\/\/joanardevol.org\/info\/wp-content\/uploads\/2010\/11\/joan-ardevol.jpg\"><\/a>Joan Ard\u00e8vol i Oliv\u00e9 va n\u00e9ixer a Alforja el 27 de juny de 1861. el seu pare que tamb\u00e9 havia estat mestre de Cambrils, es deia Joan Ard\u00e8vol i Aulestia i la seva mare Maria Gl\u00f2ria Oliv\u00e9 i Cabr\u00e9.<br \/>\nJoan Ard\u00e8vol va anar a escola&hellip;  <a href=\"https:\/\/agora.xtec.cat\/escjoanardevol\/lescola-2\/historia\/joan-ardevol\/\" title=\"Read Joan Ard\u00e8vol\">Llegeix m\u00e9s\u00bb<\/a><\/p>\n","protected":false},"author":1,"featured_media":0,"parent":3728,"menu_order":0,"comment_status":"closed","ping_status":"open","template":"page-templates\/side-menu.php","meta":{"_bbp_topic_count":0,"_bbp_reply_count":0,"_bbp_total_topic_count":0,"_bbp_total_reply_count":0,"_bbp_voice_count":0,"_bbp_anonymous_reply_count":0,"_bbp_topic_count_hidden":0,"_bbp_reply_count_hidden":0,"_bbp_forum_subforum_count":0,"footnotes":""},"class_list":["post-195","page","type-page","status-publish","hentry"],"post_mailing_queue_ids":[],"_links":{"self":[{"href":"https:\/\/agora.xtec.cat\/escjoanardevol\/wp-json\/wp\/v2\/pages\/195","targetHints":{"allow":["GET"]}}],"collection":[{"href":"https:\/\/agora.xtec.cat\/escjoanardevol\/wp-json\/wp\/v2\/pages"}],"about":[{"href":"https:\/\/agora.xtec.cat\/escjoanardevol\/wp-json\/wp\/v2\/types\/page"}],"author":[{"embeddable":true,"href":"https:\/\/agora.xtec.cat\/escjoanardevol\/wp-json\/wp\/v2\/users\/1"}],"replies":[{"embeddable":true,"href":"https:\/\/agora.xtec.cat\/escjoanardevol\/wp-json\/wp\/v2\/comments?post=195"}],"version-history":[{"count":2,"href":"https:\/\/agora.xtec.cat\/escjoanardevol\/wp-json\/wp\/v2\/pages\/195\/revisions"}],"predecessor-version":[{"id":4874,"href":"https:\/\/agora.xtec.cat\/escjoanardevol\/wp-json\/wp\/v2\/pages\/195\/revisions\/4874"}],"up":[{"embeddable":true,"href":"https:\/\/agora.xtec.cat\/escjoanardevol\/wp-json\/wp\/v2\/pages\/3728"}],"wp:attachment":[{"href":"https:\/\/agora.xtec.cat\/escjoanardevol\/wp-json\/wp\/v2\/media?parent=195"}],"curies":[{"name":"wp","href":"https:\/\/api.w.org\/{rel}","templated":true}]}}