{"id":957,"date":"2022-05-11T16:10:17","date_gmt":"2022-05-11T14:10:17","guid":{"rendered":"https:\/\/agora.xtec.cat\/escjaumebalmessb\/?page_id=957"},"modified":"2022-05-11T16:10:17","modified_gmt":"2022-05-11T14:10:17","slug":"comunicacio-de-la-comunitat-educativa","status":"publish","type":"page","link":"https:\/\/agora.xtec.cat\/escjaumebalmessb\/projecte-educatiu\/estrategia-digital-de-centre\/comunicacio-de-la-comunitat-educativa\/","title":{"rendered":"COMUNICACI\u00d3 DE LA COMUNITAT EDUCATIVA"},"content":{"rendered":"<p>A l\u2019escola Jaume Balmes de Santa B\u00e0rbara<a href=\"https:\/\/agora.xtec.cat\/escjaumebalmessb\/wp-content\/uploads\/usu2043\/2022\/05\/classdojo.png\"><img loading=\"lazy\" decoding=\"async\" class=\"wp-image-955 alignright\" src=\"https:\/\/agora.xtec.cat\/escjaumebalmessb\/wp-content\/uploads\/usu2043\/2022\/05\/classdojo.png\" alt=\"\" width=\"178\" height=\"178\" srcset=\"https:\/\/agora.xtec.cat\/escjaumebalmessb\/wp-content\/uploads\/usu2043\/2022\/05\/classdojo.png 512w, https:\/\/agora.xtec.cat\/escjaumebalmessb\/wp-content\/uploads\/usu2043\/2022\/05\/classdojo-300x300.png 300w, https:\/\/agora.xtec.cat\/escjaumebalmessb\/wp-content\/uploads\/usu2043\/2022\/05\/classdojo-150x150.png 150w\" sizes=\"auto, (max-width: 178px) 100vw, 178px\" \/><\/a> utilitzem l\u2019app del Classdojo que \u00e9s una plataforma virtual per poder comunicar-nos amb les fam\u00edlies. \u00c9s per aix\u00f2, que la utilitzem com a mitj\u00e0 de comunicaci\u00f3, ja que \u00e9s instant\u00e0nia i els missatges que s\u2019envien poden ser personals o d\u2019aula.<\/p>\n<p>Qu\u00e8 hem de fer per fer-la servir? Nom\u00e9s \u00e9s necessita descarregar-se l\u2019app o entrar a la web <a href=\"https:\/\/www.classdojo.com\/es-es\/\" target=\"_blank\" rel=\"noopener\">https:\/\/www.classdojo.com\/es-es\/<\/a> i amb el codi que facilita el\/la tutor\/a a l&#8217;alumnat, nom\u00e9s cal registrar-se i posar el codi.<\/p>\n<p>A m\u00e9s de comunicar-nos, amb aquesta plataforma virtual les fam\u00edlies poden seguir el dia a dia a l\u2019aula amb la hist\u00f2ria de la classe on es pengen, fotos, escrits, treballs, sortides\u2026 del que est\u00e0 passant a l\u2019aula dels seus fills i filles.<\/p>\n<p><a href=\"https:\/\/agora.xtec.cat\/escjaumebalmessb\/wp-content\/uploads\/usu2043\/2022\/05\/whatsapp.jpg\"><img loading=\"lazy\" decoding=\"async\" class=\" wp-image-956 alignleft\" src=\"https:\/\/agora.xtec.cat\/escjaumebalmessb\/wp-content\/uploads\/usu2043\/2022\/05\/whatsapp.jpg\" alt=\"\" width=\"113\" height=\"114\" srcset=\"https:\/\/agora.xtec.cat\/escjaumebalmessb\/wp-content\/uploads\/usu2043\/2022\/05\/whatsapp.jpg 224w, https:\/\/agora.xtec.cat\/escjaumebalmessb\/wp-content\/uploads\/usu2043\/2022\/05\/whatsapp-150x150.jpg 150w\" sizes=\"auto, (max-width: 113px) 100vw, 113px\" \/><\/a><\/p>\n<p>Un altre mitj\u00e0 de comunicaci\u00f3 \u00e9s amb el WhatsApp de difusi\u00f3 de l\u2019escola on s&#8217;informa a les fam\u00edlies de tot all\u00f2 important relacionat amb el funcionament de l&#8217;escola.<\/p>\n","protected":false},"excerpt":{"rendered":"<p>A l\u2019escola Jaume Balmes de Santa B\u00e0rbara utilitzem l\u2019app del Classdojo que \u00e9s una plataforma virtual per poder comunicar-nos amb les fam\u00edlies. \u00c9s per aix\u00f2, que la utilitzem com a mitj\u00e0 de comunicaci\u00f3, ja que \u00e9s instant\u00e0nia i els missatges que s\u2019envien poden ser personals o d\u2019aula. Qu\u00e8 hem de fer per fer-la servir? Nom\u00e9s [&hellip;]<\/p>\n","protected":false},"author":1,"featured_media":0,"parent":923,"menu_order":0,"comment_status":"closed","ping_status":"closed","template":"","meta":{"_bbp_topic_count":0,"_bbp_reply_count":0,"_bbp_total_topic_count":0,"_bbp_total_reply_count":0,"_bbp_voice_count":0,"_bbp_anonymous_reply_count":0,"_bbp_topic_count_hidden":0,"_bbp_reply_count_hidden":0,"_bbp_forum_subforum_count":0,"site-sidebar-layout":"default","site-content-layout":"","ast-site-content-layout":"","site-content-style":"default","site-sidebar-style":"default","ast-global-header-display":"","ast-banner-title-visibility":"","ast-main-header-display":"","ast-hfb-above-header-display":"","ast-hfb-below-header-display":"","ast-hfb-mobile-header-display":"","site-post-title":"","ast-breadcrumbs-content":"","ast-featured-img":"","footer-sml-layout":"","theme-transparent-header-meta":"","adv-header-id-meta":"","stick-header-meta":"","header-above-stick-meta":"","header-main-stick-meta":"","header-below-stick-meta":"","astra-migrate-meta-layouts":"default","ast-page-background-enabled":"default","ast-page-background-meta":{"desktop":{"background-color":"var(--ast-global-color-4)","background-image":"","background-repeat":"repeat","background-position":"center center","background-size":"auto","background-attachment":"scroll","background-type":"","background-media":"","overlay-type":"","overlay-color":"","overlay-opacity":"","overlay-gradient":""},"tablet":{"background-color":"","background-image":"","background-repeat":"repeat","background-position":"center center","background-size":"auto","background-attachment":"scroll","background-type":"","background-media":"","overlay-type":"","overlay-color":"","overlay-opacity":"","overlay-gradient":""},"mobile":{"background-color":"","background-image":"","background-repeat":"repeat","background-position":"center center","background-size":"auto","background-attachment":"scroll","background-type":"","background-media":"","overlay-type":"","overlay-color":"","overlay-opacity":"","overlay-gradient":""}},"ast-content-background-meta":{"desktop":{"background-color":"var(--ast-global-color-5)","background-image":"","background-repeat":"repeat","background-position":"center center","background-size":"auto","background-attachment":"scroll","background-type":"","background-media":"","overlay-type":"","overlay-color":"","overlay-opacity":"","overlay-gradient":""},"tablet":{"background-color":"var(--ast-global-color-5)","background-image":"","background-repeat":"repeat","background-position":"center center","background-size":"auto","background-attachment":"scroll","background-type":"","background-media":"","overlay-type":"","overlay-color":"","overlay-opacity":"","overlay-gradient":""},"mobile":{"background-color":"var(--ast-global-color-5)","background-image":"","background-repeat":"repeat","background-position":"center center","background-size":"auto","background-attachment":"scroll","background-type":"","background-media":"","overlay-type":"","overlay-color":"","overlay-opacity":"","overlay-gradient":""}},"footnotes":""},"class_list":["post-957","page","type-page","status-publish","hentry"],"post_mailing_queue_ids":[],"_links":{"self":[{"href":"https:\/\/agora.xtec.cat\/escjaumebalmessb\/wp-json\/wp\/v2\/pages\/957","targetHints":{"allow":["GET"]}}],"collection":[{"href":"https:\/\/agora.xtec.cat\/escjaumebalmessb\/wp-json\/wp\/v2\/pages"}],"about":[{"href":"https:\/\/agora.xtec.cat\/escjaumebalmessb\/wp-json\/wp\/v2\/types\/page"}],"author":[{"embeddable":true,"href":"https:\/\/agora.xtec.cat\/escjaumebalmessb\/wp-json\/wp\/v2\/users\/1"}],"replies":[{"embeddable":true,"href":"https:\/\/agora.xtec.cat\/escjaumebalmessb\/wp-json\/wp\/v2\/comments?post=957"}],"version-history":[{"count":1,"href":"https:\/\/agora.xtec.cat\/escjaumebalmessb\/wp-json\/wp\/v2\/pages\/957\/revisions"}],"predecessor-version":[{"id":958,"href":"https:\/\/agora.xtec.cat\/escjaumebalmessb\/wp-json\/wp\/v2\/pages\/957\/revisions\/958"}],"up":[{"embeddable":true,"href":"https:\/\/agora.xtec.cat\/escjaumebalmessb\/wp-json\/wp\/v2\/pages\/923"}],"wp:attachment":[{"href":"https:\/\/agora.xtec.cat\/escjaumebalmessb\/wp-json\/wp\/v2\/media?parent=957"}],"curies":[{"name":"wp","href":"https:\/\/api.w.org\/{rel}","templated":true}]}}