{"id":940,"date":"2022-03-02T13:32:19","date_gmt":"2022-03-02T12:32:19","guid":{"rendered":"https:\/\/agora.xtec.cat\/escjaumebalmessb\/?page_id=940"},"modified":"2022-05-16T12:48:26","modified_gmt":"2022-05-16T10:48:26","slug":"objectius-digitals","status":"publish","type":"page","link":"https:\/\/agora.xtec.cat\/escjaumebalmessb\/projecte-educatiu\/estrategia-digital-de-centre\/objectius-digitals\/","title":{"rendered":"OBJECTIUS DIGITALS"},"content":{"rendered":"<p>Els objectius a treballar s\u00f3n:<\/p>\n<ol>\n<li>Definir i planificar els \u00e0mbits d&#8217;actuaci\u00f3 i les l\u00ednies generals de planificaci\u00f3 de les tecnologies en el centre.<\/li>\n<li>Avaluar els \u00e0mbits d&#8217;actuaci\u00f3 i les l\u00ednies generals de planificaci\u00f3 de les tecnologies en el centre.<\/li>\n<li>Definir les aplicacions metodol\u00f2giques de les tecnologies en el centre, afavorir el seu \u00fas i vetllar per la seva pres\u00e8ncia a totes les \u00e0rees curriculars.<\/li>\n<li>Donar a con\u00e8ixer a les fam\u00edlies el treball digital que implementem a l&#8217;escola.<\/li>\n<\/ol>\n<p>La temporitzaci\u00f3 d&#8217;aquests objectius tindran una durada de tres cursos escolars. Durant tot aquest proc\u00e9s ens anirem reajustant a les necessitats que vagin sorgint a l&#8217;escola.<\/p>\n<p>A continuaci\u00f3 deixem l&#8217;enlla\u00e7 al cronograma dels objectius i indicadors:<br \/>\n<iframe loading=\"lazy\" src=\"https:\/\/docs.google.com\/spreadsheets\/d\/e\/2PACX-1vSVsqfSMRkRniXInWdw3Jb5jtYNUZ-hvCMuAOMF6qEz3LZ2WyvZGXXHZhYiCEIoL9cCkqvMuqmGUofG\/pubhtml?widget=true&amp;headers=false\" width=\"1200\" height=\"810\"><\/iframe><br \/>\n&nbsp;<\/p>\n<p>&nbsp;<\/p>\n","protected":false},"excerpt":{"rendered":"<p>Els objectius a treballar s\u00f3n: Definir i planificar els \u00e0mbits d&#8217;actuaci\u00f3 i les l\u00ednies generals de planificaci\u00f3 de les tecnologies en el centre. Avaluar els \u00e0mbits d&#8217;actuaci\u00f3 i les l\u00ednies generals de planificaci\u00f3 de les tecnologies en el centre. Definir les aplicacions metodol\u00f2giques de les tecnologies en el centre, afavorir el seu \u00fas i vetllar [&hellip;]<\/p>\n","protected":false},"author":1,"featured_media":0,"parent":923,"menu_order":0,"comment_status":"closed","ping_status":"closed","template":"","meta":{"_bbp_topic_count":0,"_bbp_reply_count":0,"_bbp_total_topic_count":0,"_bbp_total_reply_count":0,"_bbp_voice_count":0,"_bbp_anonymous_reply_count":0,"_bbp_topic_count_hidden":0,"_bbp_reply_count_hidden":0,"_bbp_forum_subforum_count":0,"site-sidebar-layout":"default","site-content-layout":"","ast-site-content-layout":"","site-content-style":"default","site-sidebar-style":"default","ast-global-header-display":"","ast-banner-title-visibility":"","ast-main-header-display":"","ast-hfb-above-header-display":"","ast-hfb-below-header-display":"","ast-hfb-mobile-header-display":"","site-post-title":"","ast-breadcrumbs-content":"","ast-featured-img":"","footer-sml-layout":"","theme-transparent-header-meta":"","adv-header-id-meta":"","stick-header-meta":"","header-above-stick-meta":"","header-main-stick-meta":"","header-below-stick-meta":"","astra-migrate-meta-layouts":"default","ast-page-background-enabled":"default","ast-page-background-meta":{"desktop":{"background-color":"var(--ast-global-color-4)","background-image":"","background-repeat":"repeat","background-position":"center center","background-size":"auto","background-attachment":"scroll","background-type":"","background-media":"","overlay-type":"","overlay-color":"","overlay-opacity":"","overlay-gradient":""},"tablet":{"background-color":"","background-image":"","background-repeat":"repeat","background-position":"center center","background-size":"auto","background-attachment":"scroll","background-type":"","background-media":"","overlay-type":"","overlay-color":"","overlay-opacity":"","overlay-gradient":""},"mobile":{"background-color":"","background-image":"","background-repeat":"repeat","background-position":"center center","background-size":"auto","background-attachment":"scroll","background-type":"","background-media":"","overlay-type":"","overlay-color":"","overlay-opacity":"","overlay-gradient":""}},"ast-content-background-meta":{"desktop":{"background-color":"var(--ast-global-color-5)","background-image":"","background-repeat":"repeat","background-position":"center center","background-size":"auto","background-attachment":"scroll","background-type":"","background-media":"","overlay-type":"","overlay-color":"","overlay-opacity":"","overlay-gradient":""},"tablet":{"background-color":"var(--ast-global-color-5)","background-image":"","background-repeat":"repeat","background-position":"center center","background-size":"auto","background-attachment":"scroll","background-type":"","background-media":"","overlay-type":"","overlay-color":"","overlay-opacity":"","overlay-gradient":""},"mobile":{"background-color":"var(--ast-global-color-5)","background-image":"","background-repeat":"repeat","background-position":"center center","background-size":"auto","background-attachment":"scroll","background-type":"","background-media":"","overlay-type":"","overlay-color":"","overlay-opacity":"","overlay-gradient":""}},"footnotes":""},"class_list":["post-940","page","type-page","status-publish","hentry"],"post_mailing_queue_ids":[],"_links":{"self":[{"href":"https:\/\/agora.xtec.cat\/escjaumebalmessb\/wp-json\/wp\/v2\/pages\/940","targetHints":{"allow":["GET"]}}],"collection":[{"href":"https:\/\/agora.xtec.cat\/escjaumebalmessb\/wp-json\/wp\/v2\/pages"}],"about":[{"href":"https:\/\/agora.xtec.cat\/escjaumebalmessb\/wp-json\/wp\/v2\/types\/page"}],"author":[{"embeddable":true,"href":"https:\/\/agora.xtec.cat\/escjaumebalmessb\/wp-json\/wp\/v2\/users\/1"}],"replies":[{"embeddable":true,"href":"https:\/\/agora.xtec.cat\/escjaumebalmessb\/wp-json\/wp\/v2\/comments?post=940"}],"version-history":[{"count":3,"href":"https:\/\/agora.xtec.cat\/escjaumebalmessb\/wp-json\/wp\/v2\/pages\/940\/revisions"}],"predecessor-version":[{"id":960,"href":"https:\/\/agora.xtec.cat\/escjaumebalmessb\/wp-json\/wp\/v2\/pages\/940\/revisions\/960"}],"up":[{"embeddable":true,"href":"https:\/\/agora.xtec.cat\/escjaumebalmessb\/wp-json\/wp\/v2\/pages\/923"}],"wp:attachment":[{"href":"https:\/\/agora.xtec.cat\/escjaumebalmessb\/wp-json\/wp\/v2\/media?parent=940"}],"curies":[{"name":"wp","href":"https:\/\/api.w.org\/{rel}","templated":true}]}}