{"id":931,"date":"2021-11-24T16:31:15","date_gmt":"2021-11-24T15:31:15","guid":{"rendered":"https:\/\/agora.xtec.cat\/escjaumebalmessb\/?page_id=931"},"modified":"2022-06-13T13:40:26","modified_gmt":"2022-06-13T11:40:26","slug":"descripcio-de-serveis-digitals","status":"publish","type":"page","link":"https:\/\/agora.xtec.cat\/escjaumebalmessb\/descripcio-de-serveis-digitals\/","title":{"rendered":"DESCRIPCI\u00d3 DE SERVEIS DIGITALS"},"content":{"rendered":"<p>L&#8217;escola Jaume Balmes compta actualment amb ordinadors per a totes les aules amb un sistema de projecci\u00f3 PDI (Pissarra Digital Interactiva).<\/p>\n<p>Tamb\u00e9 disposem d&#8217;una aula d&#8217;inform\u00e0tica (1), l&#8217;aula d&#8217;inform\u00e0tica (2) per a grups redu\u00efts, carros per a guardar els dispositius digitals i recursos de rob\u00f2tica.<\/p>\n<p>Tots els docents tenen el seu propi port\u00e0til per treballar.<\/p>\n<p>Tamb\u00e9 gaudim de 2 impressores en xarxa i una multicopista.<\/p>\n<p>Tot aix\u00f2 est\u00e0 gestionat des de 2 servidors, un d\u2019impressi\u00f3 i un altre d\u2019arxius.<\/p>\n<p>Som un centre amb xarxa LAN transformada.<\/p>\n","protected":false},"excerpt":{"rendered":"<p>L&#8217;escola Jaume Balmes compta actualment amb ordinadors per a totes les aules amb un sistema de projecci\u00f3 PDI (Pissarra Digital Interactiva). Tamb\u00e9 disposem d&#8217;una aula d&#8217;inform\u00e0tica (1), l&#8217;aula d&#8217;inform\u00e0tica (2) per a grups redu\u00efts, carros per a guardar els dispositius digitals i recursos de rob\u00f2tica. Tots els docents tenen el seu propi port\u00e0til per treballar. [&hellip;]<\/p>\n","protected":false},"author":1,"featured_media":0,"parent":0,"menu_order":0,"comment_status":"closed","ping_status":"closed","template":"","meta":{"_bbp_topic_count":0,"_bbp_reply_count":0,"_bbp_total_topic_count":0,"_bbp_total_reply_count":0,"_bbp_voice_count":0,"_bbp_anonymous_reply_count":0,"_bbp_topic_count_hidden":0,"_bbp_reply_count_hidden":0,"_bbp_forum_subforum_count":0,"site-sidebar-layout":"default","site-content-layout":"","ast-site-content-layout":"","site-content-style":"default","site-sidebar-style":"default","ast-global-header-display":"","ast-banner-title-visibility":"","ast-main-header-display":"","ast-hfb-above-header-display":"","ast-hfb-below-header-display":"","ast-hfb-mobile-header-display":"","site-post-title":"","ast-breadcrumbs-content":"","ast-featured-img":"","footer-sml-layout":"","theme-transparent-header-meta":"","adv-header-id-meta":"","stick-header-meta":"","header-above-stick-meta":"","header-main-stick-meta":"","header-below-stick-meta":"","astra-migrate-meta-layouts":"default","ast-page-background-enabled":"default","ast-page-background-meta":{"desktop":{"background-color":"var(--ast-global-color-4)","background-image":"","background-repeat":"repeat","background-position":"center center","background-size":"auto","background-attachment":"scroll","background-type":"","background-media":"","overlay-type":"","overlay-color":"","overlay-opacity":"","overlay-gradient":""},"tablet":{"background-color":"","background-image":"","background-repeat":"repeat","background-position":"center center","background-size":"auto","background-attachment":"scroll","background-type":"","background-media":"","overlay-type":"","overlay-color":"","overlay-opacity":"","overlay-gradient":""},"mobile":{"background-color":"","background-image":"","background-repeat":"repeat","background-position":"center center","background-size":"auto","background-attachment":"scroll","background-type":"","background-media":"","overlay-type":"","overlay-color":"","overlay-opacity":"","overlay-gradient":""}},"ast-content-background-meta":{"desktop":{"background-color":"var(--ast-global-color-5)","background-image":"","background-repeat":"repeat","background-position":"center center","background-size":"auto","background-attachment":"scroll","background-type":"","background-media":"","overlay-type":"","overlay-color":"","overlay-opacity":"","overlay-gradient":""},"tablet":{"background-color":"var(--ast-global-color-5)","background-image":"","background-repeat":"repeat","background-position":"center center","background-size":"auto","background-attachment":"scroll","background-type":"","background-media":"","overlay-type":"","overlay-color":"","overlay-opacity":"","overlay-gradient":""},"mobile":{"background-color":"var(--ast-global-color-5)","background-image":"","background-repeat":"repeat","background-position":"center center","background-size":"auto","background-attachment":"scroll","background-type":"","background-media":"","overlay-type":"","overlay-color":"","overlay-opacity":"","overlay-gradient":""}},"footnotes":""},"class_list":["post-931","page","type-page","status-publish","hentry"],"post_mailing_queue_ids":[],"_links":{"self":[{"href":"https:\/\/agora.xtec.cat\/escjaumebalmessb\/wp-json\/wp\/v2\/pages\/931","targetHints":{"allow":["GET"]}}],"collection":[{"href":"https:\/\/agora.xtec.cat\/escjaumebalmessb\/wp-json\/wp\/v2\/pages"}],"about":[{"href":"https:\/\/agora.xtec.cat\/escjaumebalmessb\/wp-json\/wp\/v2\/types\/page"}],"author":[{"embeddable":true,"href":"https:\/\/agora.xtec.cat\/escjaumebalmessb\/wp-json\/wp\/v2\/users\/1"}],"replies":[{"embeddable":true,"href":"https:\/\/agora.xtec.cat\/escjaumebalmessb\/wp-json\/wp\/v2\/comments?post=931"}],"version-history":[{"count":2,"href":"https:\/\/agora.xtec.cat\/escjaumebalmessb\/wp-json\/wp\/v2\/pages\/931\/revisions"}],"predecessor-version":[{"id":996,"href":"https:\/\/agora.xtec.cat\/escjaumebalmessb\/wp-json\/wp\/v2\/pages\/931\/revisions\/996"}],"wp:attachment":[{"href":"https:\/\/agora.xtec.cat\/escjaumebalmessb\/wp-json\/wp\/v2\/media?parent=931"}],"curies":[{"name":"wp","href":"https:\/\/api.w.org\/{rel}","templated":true}]}}