{"id":64,"date":"2014-09-18T12:39:08","date_gmt":"2014-09-18T11:39:08","guid":{"rendered":"http:\/\/agora.xtec.cat\/escjaumebalmessb\/?page_id=64"},"modified":"2023-11-27T16:46:06","modified_gmt":"2023-11-27T15:46:06","slug":"projecte-educatiu","status":"publish","type":"page","link":"https:\/\/agora.xtec.cat\/escjaumebalmessb\/projecte-educatiu\/","title":{"rendered":"DOCUMENTS"},"content":{"rendered":"<p>&nbsp;<\/p>\n<p><a href=\"https:\/\/agora.xtec.cat\/escjaumebalmessb\/wp-content\/uploads\/usu2043\/2021\/11\/PdD-Jaume-Balmes-2020-2024.pdf\" target=\"_blank\" rel=\"noopener\">PROJECTE DE DIRECCI\u00d3 2020-2024<\/a><\/p>\n<p><a href=\"https:\/\/agora.xtec.cat\/escjaumebalmessb\/wp-content\/uploads\/usu2043\/2023\/11\/PGAC-2023-2024-ESCOLA-JAUME-BALMES-2.pdf\" target=\"_blank\" rel=\"noopener\">PGAC 2023-2024 ESCOLA JAUME BALMES<\/a><\/p>\n<p><a href=\"https:\/\/agora.xtec.cat\/escjaumebalmessb\/wp-content\/uploads\/usu2043\/2021\/11\/Pla-de-comunicacio-.pdf\">Pla de comunicaci\u00f3<\/a><\/p>\n<p><a href=\"https:\/\/agora.xtec.cat\/escjaumebalmessb\/wp-content\/uploads\/usu2043\/2020\/05\/NORMES-DORGANITZACI\u00d3-I-FUNCIONAMENT-DEL-CENTRE-NOFC.pdf\" target=\"_blank\" rel=\"noopener\">NORMES D&#8217;ORGANITZACI\u00d3 I FUNCIONAMENT DEL CENTRE (NOFC)\u00a0 (En actualitzaci\u00f3)<\/a><\/p>\n<p><a href=\"https:\/\/agora.xtec.cat\/escjaumebalmessb\/wp-content\/uploads\/usu2043\/2023\/11\/Escola-Jaume-Balmes-PEC-1-5.pdf\" target=\"_blank\" rel=\"noopener\">PROJECTE EDUCATIU DE CENTRE- PEC-<\/a><\/p>\n<p><a href=\"https:\/\/agora.xtec.cat\/escjaumebalmessb\/wp-content\/uploads\/usu2043\/2020\/05\/PLA-DATENCI\u00d3-A-LA-DIVERSITAT-I-INCLUSI\u00d3-EDUCATIVA.pdf\">PLA D&#8217;ATENCI\u00d3 A LA DIVERSITAT I INCLUSI\u00d3 EDUCATIVA<\/a><\/p>\n<p><a href=\"https:\/\/agora.xtec.cat\/escjaumebalmessb\/wp-content\/uploads\/usu2043\/2021\/09\/21-22-PLA-DORGANITZACIO-DE-CENTRE-.pdf\">PLA D\u2019ORGANITZACI\u00d3 DE CENTRE 2021-2022<\/a><\/p>\n<p>&nbsp;<\/p>\n","protected":false},"excerpt":{"rendered":"<p>&nbsp; PROJECTE DE DIRECCI\u00d3 2020-2024 PGAC 2023-2024 ESCOLA JAUME BALMES Pla de comunicaci\u00f3 NORMES D&#8217;ORGANITZACI\u00d3 I FUNCIONAMENT DEL CENTRE (NOFC)\u00a0 (En actualitzaci\u00f3) PROJECTE EDUCATIU DE CENTRE- PEC- PLA D&#8217;ATENCI\u00d3 A LA DIVERSITAT I INCLUSI\u00d3 EDUCATIVA PLA D\u2019ORGANITZACI\u00d3 DE CENTRE 2021-2022 &nbsp;<\/p>\n","protected":false},"author":1,"featured_media":0,"parent":0,"menu_order":0,"comment_status":"closed","ping_status":"closed","template":"page-templates\/side-menu.php","meta":{"_bbp_topic_count":0,"_bbp_reply_count":0,"_bbp_total_topic_count":0,"_bbp_total_reply_count":0,"_bbp_voice_count":0,"_bbp_anonymous_reply_count":0,"_bbp_topic_count_hidden":0,"_bbp_reply_count_hidden":0,"_bbp_forum_subforum_count":0,"site-sidebar-layout":"default","site-content-layout":"","ast-site-content-layout":"","site-content-style":"default","site-sidebar-style":"default","ast-global-header-display":"","ast-banner-title-visibility":"","ast-main-header-display":"","ast-hfb-above-header-display":"","ast-hfb-below-header-display":"","ast-hfb-mobile-header-display":"","site-post-title":"","ast-breadcrumbs-content":"","ast-featured-img":"","footer-sml-layout":"","theme-transparent-header-meta":"","adv-header-id-meta":"","stick-header-meta":"","header-above-stick-meta":"","header-main-stick-meta":"","header-below-stick-meta":"","astra-migrate-meta-layouts":"default","ast-page-background-enabled":"default","ast-page-background-meta":{"desktop":{"background-color":"var(--ast-global-color-4)","background-image":"","background-repeat":"repeat","background-position":"center center","background-size":"auto","background-attachment":"scroll","background-type":"","background-media":"","overlay-type":"","overlay-color":"","overlay-opacity":"","overlay-gradient":""},"tablet":{"background-color":"","background-image":"","background-repeat":"repeat","background-position":"center center","background-size":"auto","background-attachment":"scroll","background-type":"","background-media":"","overlay-type":"","overlay-color":"","overlay-opacity":"","overlay-gradient":""},"mobile":{"background-color":"","background-image":"","background-repeat":"repeat","background-position":"center center","background-size":"auto","background-attachment":"scroll","background-type":"","background-media":"","overlay-type":"","overlay-color":"","overlay-opacity":"","overlay-gradient":""}},"ast-content-background-meta":{"desktop":{"background-color":"var(--ast-global-color-5)","background-image":"","background-repeat":"repeat","background-position":"center center","background-size":"auto","background-attachment":"scroll","background-type":"","background-media":"","overlay-type":"","overlay-color":"","overlay-opacity":"","overlay-gradient":""},"tablet":{"background-color":"var(--ast-global-color-5)","background-image":"","background-repeat":"repeat","background-position":"center center","background-size":"auto","background-attachment":"scroll","background-type":"","background-media":"","overlay-type":"","overlay-color":"","overlay-opacity":"","overlay-gradient":""},"mobile":{"background-color":"var(--ast-global-color-5)","background-image":"","background-repeat":"repeat","background-position":"center center","background-size":"auto","background-attachment":"scroll","background-type":"","background-media":"","overlay-type":"","overlay-color":"","overlay-opacity":"","overlay-gradient":""}},"footnotes":""},"class_list":["post-64","page","type-page","status-publish","hentry"],"post_mailing_queue_ids":[],"_links":{"self":[{"href":"https:\/\/agora.xtec.cat\/escjaumebalmessb\/wp-json\/wp\/v2\/pages\/64","targetHints":{"allow":["GET"]}}],"collection":[{"href":"https:\/\/agora.xtec.cat\/escjaumebalmessb\/wp-json\/wp\/v2\/pages"}],"about":[{"href":"https:\/\/agora.xtec.cat\/escjaumebalmessb\/wp-json\/wp\/v2\/types\/page"}],"author":[{"embeddable":true,"href":"https:\/\/agora.xtec.cat\/escjaumebalmessb\/wp-json\/wp\/v2\/users\/1"}],"replies":[{"embeddable":true,"href":"https:\/\/agora.xtec.cat\/escjaumebalmessb\/wp-json\/wp\/v2\/comments?post=64"}],"version-history":[{"count":6,"href":"https:\/\/agora.xtec.cat\/escjaumebalmessb\/wp-json\/wp\/v2\/pages\/64\/revisions"}],"predecessor-version":[{"id":1221,"href":"https:\/\/agora.xtec.cat\/escjaumebalmessb\/wp-json\/wp\/v2\/pages\/64\/revisions\/1221"}],"wp:attachment":[{"href":"https:\/\/agora.xtec.cat\/escjaumebalmessb\/wp-json\/wp\/v2\/media?parent=64"}],"curies":[{"name":"wp","href":"https:\/\/api.w.org\/{rel}","templated":true}]}}