{"id":587,"date":"2020-02-18T15:47:10","date_gmt":"2020-02-18T14:47:10","guid":{"rendered":"https:\/\/agora.xtec.cat\/escjaumebalmessb\/?page_id=587"},"modified":"2020-02-18T15:47:10","modified_gmt":"2020-02-18T14:47:10","slug":"informacio","status":"publish","type":"page","link":"https:\/\/agora.xtec.cat\/escjaumebalmessb\/informacio\/","title":{"rendered":"Informaci\u00f3"},"content":{"rendered":"<div id=\"comp-jcj1vjaq\" class=\"txtNew\" data-packed=\"true\">\n<h2 class=\"font_2\" style=\"text-align: center;\">CURS 2017-18<\/h2>\n<\/div>\n<div id=\"comp-jizpe190\" class=\"wp2\" title=\"\" data-is-responsive=\"false\" data-display-mode=\"fill\" data-content-padding-horizontal=\"0\" data-content-padding-vertical=\"0\" data-exact-height=\"291\"><img decoding=\"async\" class=\"aligncenter\" src=\"https:\/\/static.wixstatic.com\/media\/2f2aaa_865dddd844f7405b841f1ccc2a94cba9~mv2.jpg\/v1\/crop\/x_114,y_54,w_957,h_846\/fill\/w_330,h_291,al_c,q_80,usm_0.66_1.00_0.01\/2f2aaa_865dddd844f7405b841f1ccc2a94cba9~mv2.webp\" \/><\/div>\n<div title=\"\" data-is-responsive=\"false\" data-display-mode=\"fill\" data-content-padding-horizontal=\"0\" data-content-padding-vertical=\"0\" data-exact-height=\"291\"><\/div>\n<div title=\"\" data-is-responsive=\"false\" data-display-mode=\"fill\" data-content-padding-horizontal=\"0\" data-content-padding-vertical=\"0\" data-exact-height=\"291\">\n<div id=\"comp-itzuwv1p\" class=\"txtNew\" data-packed=\"true\">\n<h2 class=\"font_2\" style=\"text-align: center;\">APORTACI\u00d3 DE L&#8217;AMPA A L&#8217;ESCOLA<\/h2>\n<h5 class=\"font_5\" style=\"text-align: center;\"><\/h5>\n<\/div>\n<div id=\"comp-jizpe14w\" class=\"style-js1q03yf\" data-border-width=\"2px\">\n<div id=\"comp-j4pbqkc3\" class=\"wp2\" title=\"\" data-is-responsive=\"false\" data-display-mode=\"fill\" data-content-padding-horizontal=\"0\" data-content-padding-vertical=\"0\" data-exact-height=\"450\">\n<div id=\"comp-j4pbqkc3link\" class=\"wp2link\" style=\"text-align: center;\"><\/div>\n<\/div>\n<\/div>\n<div id=\"comp-jizpe180\" class=\"style-js1q03x5\" data-align=\"center\" data-disabled=\"false\" data-margin=\"16\" data-should-use-flex=\"true\" data-width=\"305\" data-height=\"57\" data-state=\"desktop shouldUseFlex center\"><img loading=\"lazy\" decoding=\"async\" class=\"aligncenter\" src=\"https:\/\/static.wixstatic.com\/media\/2f2aaa_4de6b32e7fe04aa1a90164bc7c97c3c8~mv2_d_4160_3120_s_4_2.jpg\/v1\/fill\/w_516,h_387,al_c,q_80,usm_0.66_1.00_0.01\/2f2aaa_4de6b32e7fe04aa1a90164bc7c97c3c8~mv2_d_4160_3120_s_4_2.webp\" width=\"428\" height=\"321\" \/><\/div>\n<\/div>\n<div data-align=\"center\" data-disabled=\"false\" data-margin=\"16\" data-should-use-flex=\"true\" data-width=\"305\" data-height=\"57\" data-state=\"desktop shouldUseFlex center\"><\/div>\n<div data-align=\"center\" data-disabled=\"false\" data-margin=\"16\" data-should-use-flex=\"true\" data-width=\"305\" data-height=\"57\" data-state=\"desktop shouldUseFlex center\">\n<div id=\"comp-jcj1vjaq\" class=\"txtNew\" data-packed=\"true\">\n<h2 class=\"font_2\" style=\"text-align: center;\">L&#8217;AMPA COMPRA UNA SEGONA PISSARRA DIGITAL<\/h2>\n<\/div>\n<div id=\"comp-jizpe190\" class=\"wp2\" title=\"\" data-is-responsive=\"false\" data-display-mode=\"fill\" data-content-padding-horizontal=\"0\" data-content-padding-vertical=\"0\" data-exact-height=\"291\">\n<div id=\"comp-jizpe190img\" class=\"wp2img\" data-has-bg-scroll-effect=\"\" data-image-info=\"{&quot;imageData&quot;:{&quot;link&quot;:{&quot;pageId&quot;:{&quot;pageBackgrounds&quot;:{&quot;desktop&quot;:{&quot;ref&quot;:{&quot;type&quot;:&quot;BackgroundMedia&quot;,&quot;id&quot;:&quot;koawa_desktop_bg&quot;,&quot;metaData&quot;:{&quot;isPreset&quot;:false,&quot;schemaVersion&quot;:&quot;1.0&quot;,&quot;isHidden&quot;:false},&quot;color&quot;:&quot;{color_11}&quot;,&quot;alignType&quot;:&quot;center&quot;,&quot;fittingType&quot;:&quot;fill&quot;,&quot;scrollType&quot;:&quot;fixed&quot;},&quot;custom&quot;:true,&quot;isPreset&quot;:false},&quot;mobile&quot;:{&quot;ref&quot;:{&quot;type&quot;:&quot;BackgroundMedia&quot;,&quot;id&quot;:&quot;koawa_mobile_bg&quot;,&quot;metaData&quot;:{&quot;isPreset&quot;:false,&quot;schemaVersion&quot;:&quot;1.0&quot;,&quot;isHidden&quot;:false},&quot;color&quot;:&quot;#FFFFFF&quot;,&quot;alignType&quot;:&quot;top&quot;,&quot;fittingType&quot;:&quot;legacy_tile&quot;,&quot;scrollType&quot;:&quot;scroll&quot;},&quot;custom&quot;:true,&quot;isPreset&quot;:false,&quot;mediaSizing&quot;:&quot;viewport&quot;}},&quot;type&quot;:&quot;Page&quot;,&quot;id&quot;:&quot;koawa&quot;,&quot;metaData&quot;:{&quot;isPreset&quot;:false,&quot;schemaVersion&quot;:&quot;1.0&quot;,&quot;isHidden&quot;:false},&quot;title&quot;:&quot;Informaci\u00f3&quot;,&quot;hideTitle&quot;:true,&quot;icon&quot;:&quot;&quot;,&quot;descriptionSEO&quot;:&quot;&quot;,&quot;metaKeywordsSEO&quot;:&quot;&quot;,&quot;pageTitleSEO&quot;:&quot;&quot;,&quot;pageUriSEO&quot;:&quot;copia-de-ampa&quot;,&quot;hidePage&quot;:false,&quot;isMobileLandingPage&quot;:false,&quot;underConstruction&quot;:false,&quot;tpaApplicationId&quot;:0,&quot;pageSecurity&quot;:{&quot;requireLogin&quot;:false},&quot;isPopup&quot;:false,&quot;indexable&quot;:true,&quot;isLandingPage&quot;:false,&quot;translationData&quot;:{&quot;uriSEOTranslated&quot;:false},&quot;ignoreBottomBottomAnchors&quot;:true},&quot;type&quot;:&quot;PageLink&quot;,&quot;id&quot;:&quot;dataItem-jizpe1ri1&quot;,&quot;metaData&quot;:{&quot;isPreset&quot;:false,&quot;schemaVersion&quot;:&quot;1.0&quot;,&quot;isHidden&quot;:false},&quot;target&quot;:&quot;_self&quot;},&quot;type&quot;:&quot;Image&quot;,&quot;id&quot;:&quot;dataItem-jizpe1ri&quot;,&quot;metaData&quot;:{&quot;isPreset&quot;:false,&quot;schemaVersion&quot;:&quot;1.0&quot;,&quot;isHidden&quot;:false},&quot;title&quot;:&quot;&quot;,&quot;uri&quot;:&quot;2f2aaa_865dddd844f7405b841f1ccc2a94cba9~mv2.jpg&quot;,&quot;description&quot;:&quot;&quot;,&quot;width&quot;:1200,&quot;height&quot;:900,&quot;alt&quot;:&quot;&quot;,&quot;crop&quot;:{&quot;x&quot;:114,&quot;y&quot;:54,&quot;width&quot;:957,&quot;height&quot;:846},&quot;displayMode&quot;:&quot;fill&quot;},&quot;containerId&quot;:&quot;comp-jizpe190&quot;,&quot;displayMode&quot;:&quot;fill&quot;}\" data-has-ssr-src=\"\" data-is-svg=\"false\"><\/div>\n<\/div>\n<\/div>\n<div class=\"style-js1q03yf\" data-border-width=\"2px\"><\/div>\n<div data-border-width=\"2px\"><\/div>\n<div data-align=\"center\" data-disabled=\"false\" data-margin=\"16\" data-should-use-flex=\"true\" data-width=\"305\" data-height=\"57\" data-state=\"desktop shouldUseFlex center\">\n<div id=\"comp-jizpe15w\" class=\"style-js1q03y0\" data-border-width=\"2px\"><\/div>\n<div id=\"comp-jizpe16x\" class=\"style-js1q03xj\" data-align=\"center\" data-disabled=\"false\" data-margin=\"16\" data-should-use-flex=\"true\" data-width=\"155\" data-height=\"57\" data-state=\"desktop shouldUseFlex center\">\n<div id=\"comp-itzuwv2s\" class=\"txtNew\" data-packed=\"true\">\n<h2 class=\"font_2\" style=\"text-align: center;\">CURS 2016-17<\/h2>\n<\/div>\n<div id=\"comp-j4pbqkc3\" class=\"wp2\" title=\"\" data-is-responsive=\"false\" data-display-mode=\"fill\" data-content-padding-horizontal=\"0\" data-content-padding-vertical=\"0\" data-exact-height=\"450\">\n<div id=\"comp-j4pbqkc3link\" class=\"wp2link\">\n<div id=\"comp-j4pbqkc3img\" class=\"wp2img\" data-has-bg-scroll-effect=\"\" data-image-info=\"{&quot;imageData&quot;:{&quot;type&quot;:&quot;Image&quot;,&quot;id&quot;:&quot;dataItem-j4pbqkda&quot;,&quot;metaData&quot;:{&quot;isPreset&quot;:false,&quot;schemaVersion&quot;:&quot;2.0&quot;,&quot;isHidden&quot;:false},&quot;title&quot;:&quot;&quot;,&quot;uri&quot;:&quot;2f2aaa_164f8642696d4fe1b596702aa90b635f~mv2_d_1600_1200_s_2.jpg&quot;,&quot;description&quot;:&quot;&quot;,&quot;width&quot;:1600,&quot;height&quot;:1200,&quot;alt&quot;:&quot;&quot;,&quot;displayMode&quot;:&quot;fill&quot;},&quot;containerId&quot;:&quot;comp-j4pbqkc3&quot;,&quot;displayMode&quot;:&quot;fill&quot;}\" data-has-ssr-src=\"\" data-is-svg=\"false\"><img loading=\"lazy\" decoding=\"async\" id=\"comp-j4pbqkc3imgimage\" class=\"aligncenter\" src=\"https:\/\/static.wixstatic.com\/media\/2f2aaa_164f8642696d4fe1b596702aa90b635f~mv2_d_1600_1200_s_2.jpg\/v1\/fill\/w_600,h_450,al_c,q_80,usm_0.66_1.00_0.01\/2f2aaa_164f8642696d4fe1b596702aa90b635f~mv2_d_1600_1200_s_2.webp\" alt=\"\" width=\"393\" height=\"295\" data-type=\"image\" \/><\/div>\n<\/div>\n<\/div>\n<div id=\"comp-itzv065l\" class=\"txtNew\" data-packed=\"true\">\n<p>&nbsp;<\/p>\n<p class=\"font_7\" style=\"text-align: center;\"><strong>INICIEM LA REUTILITZACI\u00d3: L&#8217;obra Social &#8220;la Caixa&#8221; i l&#8217;AMPA han adquirit un diccionari d&#8217;angl\u00e8s per a cada alumne de sis\u00e8 curs. Un total de cinquanta-un diccionaris que a partir d&#8217;ara, tots els anys, \u00a0l&#8217;alumnat de sis\u00e8 podr\u00e0 aprofitar.<\/strong><\/p>\n<\/div>\n<\/div>\n<\/div>\n<div class=\"wp2img\" data-has-bg-scroll-effect=\"\" data-image-info=\"{&quot;imageData&quot;:{&quot;type&quot;:&quot;Image&quot;,&quot;id&quot;:&quot;dataItem-jcj1yanu&quot;,&quot;metaData&quot;:{&quot;isPreset&quot;:false,&quot;schemaVersion&quot;:&quot;2.0&quot;,&quot;isHidden&quot;:false},&quot;title&quot;:&quot;IMG_20180117_100835.jpg&quot;,&quot;uri&quot;:&quot;2f2aaa_4de6b32e7fe04aa1a90164bc7c97c3c8~mv2_d_4160_3120_s_4_2.jpg&quot;,&quot;description&quot;:&quot;&quot;,&quot;width&quot;:4160,&quot;height&quot;:3120,&quot;alt&quot;:&quot;&quot;,&quot;displayMode&quot;:&quot;fill&quot;},&quot;containerId&quot;:&quot;comp-jcj1yala&quot;,&quot;displayMode&quot;:&quot;fill&quot;}\" data-has-ssr-src=\"\" data-is-svg=\"false\"><\/div>\n<div data-align=\"center\" data-disabled=\"false\" data-margin=\"16\" data-should-use-flex=\"true\" data-width=\"305\" data-height=\"57\" data-state=\"desktop shouldUseFlex center\">\n<div id=\"comp-jcj1zkj3\" class=\"style-js1q03w8\" data-align=\"center\" data-disabled=\"false\" data-margin=\"16\" data-should-use-flex=\"true\" data-width=\"406\" data-height=\"57\" data-state=\"desktop shouldUseFlex center\"><img loading=\"lazy\" decoding=\"async\" class=\"\" src=\"https:\/\/static.wixstatic.com\/media\/2f2aaa_bc8c06883c24433d9af5cbfc12282e8d~mv2_d_1600_1200_s_2.jpg\/v1\/fill\/w_394,h_272,al_c,q_80,usm_0.66_1.00_0.01\/2f2aaa_bc8c06883c24433d9af5cbfc12282e8d~mv2_d_1600_1200_s_2.webp\" width=\"324\" height=\"224\" \/><img loading=\"lazy\" decoding=\"async\" class=\"alignright\" src=\"https:\/\/static.wixstatic.com\/media\/2f2aaa_ec847c96aabe405b8c892140af3e18ee~mv2.jpg\/v1\/fill\/w_394,h_272,al_c,q_80,usm_0.66_1.00_0.01\/2f2aaa_ec847c96aabe405b8c892140af3e18ee~mv2.webp\" width=\"309\" height=\"213\" \/><\/div>\n<\/div>\n","protected":false},"excerpt":{"rendered":"<p>CURS 2017-18 APORTACI\u00d3 DE L&#8217;AMPA A L&#8217;ESCOLA L&#8217;AMPA COMPRA UNA SEGONA PISSARRA DIGITAL CURS 2016-17 &nbsp; INICIEM LA REUTILITZACI\u00d3: L&#8217;obra Social &#8220;la Caixa&#8221; i l&#8217;AMPA han adquirit un diccionari d&#8217;angl\u00e8s per a cada alumne de sis\u00e8 curs. Un total de cinquanta-un diccionaris que a partir d&#8217;ara, tots els anys, \u00a0l&#8217;alumnat de sis\u00e8 podr\u00e0 aprofitar.<\/p>\n","protected":false},"author":1,"featured_media":0,"parent":0,"menu_order":0,"comment_status":"closed","ping_status":"closed","template":"","meta":{"_bbp_topic_count":0,"_bbp_reply_count":0,"_bbp_total_topic_count":0,"_bbp_total_reply_count":0,"_bbp_voice_count":0,"_bbp_anonymous_reply_count":0,"_bbp_topic_count_hidden":0,"_bbp_reply_count_hidden":0,"_bbp_forum_subforum_count":0,"site-sidebar-layout":"default","site-content-layout":"","ast-site-content-layout":"","site-content-style":"default","site-sidebar-style":"default","ast-global-header-display":"","ast-banner-title-visibility":"","ast-main-header-display":"","ast-hfb-above-header-display":"","ast-hfb-below-header-display":"","ast-hfb-mobile-header-display":"","site-post-title":"","ast-breadcrumbs-content":"","ast-featured-img":"","footer-sml-layout":"","theme-transparent-header-meta":"","adv-header-id-meta":"","stick-header-meta":"","header-above-stick-meta":"","header-main-stick-meta":"","header-below-stick-meta":"","astra-migrate-meta-layouts":"default","ast-page-background-enabled":"default","ast-page-background-meta":{"desktop":{"background-color":"var(--ast-global-color-4)","background-image":"","background-repeat":"repeat","background-position":"center center","background-size":"auto","background-attachment":"scroll","background-type":"","background-media":"","overlay-type":"","overlay-color":"","overlay-opacity":"","overlay-gradient":""},"tablet":{"background-color":"","background-image":"","background-repeat":"repeat","background-position":"center center","background-size":"auto","background-attachment":"scroll","background-type":"","background-media":"","overlay-type":"","overlay-color":"","overlay-opacity":"","overlay-gradient":""},"mobile":{"background-color":"","background-image":"","background-repeat":"repeat","background-position":"center center","background-size":"auto","background-attachment":"scroll","background-type":"","background-media":"","overlay-type":"","overlay-color":"","overlay-opacity":"","overlay-gradient":""}},"ast-content-background-meta":{"desktop":{"background-color":"var(--ast-global-color-5)","background-image":"","background-repeat":"repeat","background-position":"center center","background-size":"auto","background-attachment":"scroll","background-type":"","background-media":"","overlay-type":"","overlay-color":"","overlay-opacity":"","overlay-gradient":""},"tablet":{"background-color":"var(--ast-global-color-5)","background-image":"","background-repeat":"repeat","background-position":"center center","background-size":"auto","background-attachment":"scroll","background-type":"","background-media":"","overlay-type":"","overlay-color":"","overlay-opacity":"","overlay-gradient":""},"mobile":{"background-color":"var(--ast-global-color-5)","background-image":"","background-repeat":"repeat","background-position":"center center","background-size":"auto","background-attachment":"scroll","background-type":"","background-media":"","overlay-type":"","overlay-color":"","overlay-opacity":"","overlay-gradient":""}},"footnotes":""},"class_list":["post-587","page","type-page","status-publish","hentry"],"post_mailing_queue_ids":[],"_links":{"self":[{"href":"https:\/\/agora.xtec.cat\/escjaumebalmessb\/wp-json\/wp\/v2\/pages\/587","targetHints":{"allow":["GET"]}}],"collection":[{"href":"https:\/\/agora.xtec.cat\/escjaumebalmessb\/wp-json\/wp\/v2\/pages"}],"about":[{"href":"https:\/\/agora.xtec.cat\/escjaumebalmessb\/wp-json\/wp\/v2\/types\/page"}],"author":[{"embeddable":true,"href":"https:\/\/agora.xtec.cat\/escjaumebalmessb\/wp-json\/wp\/v2\/users\/1"}],"replies":[{"embeddable":true,"href":"https:\/\/agora.xtec.cat\/escjaumebalmessb\/wp-json\/wp\/v2\/comments?post=587"}],"version-history":[{"count":2,"href":"https:\/\/agora.xtec.cat\/escjaumebalmessb\/wp-json\/wp\/v2\/pages\/587\/revisions"}],"predecessor-version":[{"id":1113,"href":"https:\/\/agora.xtec.cat\/escjaumebalmessb\/wp-json\/wp\/v2\/pages\/587\/revisions\/1113"}],"wp:attachment":[{"href":"https:\/\/agora.xtec.cat\/escjaumebalmessb\/wp-json\/wp\/v2\/media?parent=587"}],"curies":[{"name":"wp","href":"https:\/\/api.w.org\/{rel}","templated":true}]}}