{"id":572,"date":"2020-02-18T15:17:41","date_gmt":"2020-02-18T14:17:41","guid":{"rendered":"https:\/\/agora.xtec.cat\/escjaumebalmessb\/?page_id=572"},"modified":"2023-11-27T15:56:10","modified_gmt":"2023-11-27T14:56:10","slug":"qui-som","status":"publish","type":"page","link":"https:\/\/agora.xtec.cat\/escjaumebalmessb\/afa\/qui-som\/","title":{"rendered":"Qui som?"},"content":{"rendered":"<div id=\"comp-ih3b8b9p\" class=\"txtNew\" data-packed=\"true\">\n<h5 class=\"font_5\"><\/h5>\n<\/div>\n<div id=\"comp-ig1xl116\" class=\"txtNew\" data-packed=\"true\"><a href=\"https:\/\/agora.xtec.cat\/escjaumebalmessb\/wp-content\/uploads\/usu2043\/2023\/11\/Logo-AFA.png\"><img loading=\"lazy\" decoding=\"async\" class=\"aligncenter  wp-image-1198\" src=\"https:\/\/agora.xtec.cat\/escjaumebalmessb\/wp-content\/uploads\/usu2043\/2023\/11\/Logo-AFA.png\" alt=\"\" width=\"160\" height=\"142\" \/><\/a><\/div>\n<div id=\"comp-ig1xatai\" class=\"txtNew\" data-packed=\"true\">\n<h5 class=\"font_5\"><\/h5>\n<\/div>\n<div id=\"comp-ifppamzx2\" class=\"txtNew\" data-packed=\"true\">\n<p class=\"font_8\"><strong>PRESIDENTA:<\/strong><\/p>\n<p class=\"font_8\">N\u00daRIA ROYO FIGUERA<\/p>\n<p class=\"font_8\"><strong>VICEPRESIDENTA:<\/strong><\/p>\n<p class=\"font_8\">REBECA ESTRADA PLA<\/p>\n<p class=\"font_8\"><strong>SECRET\u00c0RIA:<\/strong><\/p>\n<p class=\"font_8\">ANDREA SUBIRATS MART\u00cd<\/p>\n<p class=\"font_8\"><strong>TRESORERA:<\/strong><\/p>\n<p class=\"font_8\">JORDI MARCO PONS<\/p>\n<p class=\"font_8\"><strong>VOCALS:<\/strong><\/p>\n<p class=\"font_8\">F\u00c0TIMA BLANCH<\/p>\n<p>MARIOLA AIXAL\u00c0<\/p>\n<p>SILVIA BALAGU\u00c9<\/p>\n<p>CRISTIANA SOL\u00c0<\/p>\n<p>SILVIA CID<\/p>\n<p>SALOM\u00c9 GAYA<\/p>\n<p>INGRID MONTERO<\/p>\n<p>MARIA JOSE TORRES<\/p>\n<p>ANA BELEN JIM\u00c9NEZ<\/p>\n<div id=\"comp-ig1xl116\" class=\"txtNew\" data-packed=\"true\">\n<h2 class=\"font_2\" style=\"text-align: center;\">HORARI D&#8217;ATENCI\u00d3 A LES FAM\u00cdLIES:<\/h2>\n<h2 class=\"font_2\" style=\"text-align: center;\">Divendres de 15&#8217;00 h. a 16&#8217;30 h.<\/h2>\n<\/div>\n<\/div>\n","protected":false},"excerpt":{"rendered":"<p>PRESIDENTA: N\u00daRIA ROYO FIGUERA VICEPRESIDENTA: REBECA ESTRADA PLA SECRET\u00c0RIA: ANDREA SUBIRATS MART\u00cd TRESORERA: JORDI MARCO PONS VOCALS: F\u00c0TIMA BLANCH MARIOLA AIXAL\u00c0 SILVIA BALAGU\u00c9 CRISTIANA SOL\u00c0 SILVIA CID SALOM\u00c9 GAYA INGRID MONTERO MARIA JOSE TORRES ANA BELEN JIM\u00c9NEZ HORARI D&#8217;ATENCI\u00d3 A LES FAM\u00cdLIES: Divendres de 15&#8217;00 h. a 16&#8217;30 h.<\/p>\n","protected":false},"author":1,"featured_media":0,"parent":1114,"menu_order":0,"comment_status":"closed","ping_status":"closed","template":"","meta":{"_bbp_topic_count":0,"_bbp_reply_count":0,"_bbp_total_topic_count":0,"_bbp_total_reply_count":0,"_bbp_voice_count":0,"_bbp_anonymous_reply_count":0,"_bbp_topic_count_hidden":0,"_bbp_reply_count_hidden":0,"_bbp_forum_subforum_count":0,"site-sidebar-layout":"default","site-content-layout":"","ast-site-content-layout":"","site-content-style":"default","site-sidebar-style":"default","ast-global-header-display":"","ast-banner-title-visibility":"","ast-main-header-display":"","ast-hfb-above-header-display":"","ast-hfb-below-header-display":"","ast-hfb-mobile-header-display":"","site-post-title":"","ast-breadcrumbs-content":"","ast-featured-img":"","footer-sml-layout":"","theme-transparent-header-meta":"","adv-header-id-meta":"","stick-header-meta":"","header-above-stick-meta":"","header-main-stick-meta":"","header-below-stick-meta":"","astra-migrate-meta-layouts":"default","ast-page-background-enabled":"default","ast-page-background-meta":{"desktop":{"background-color":"var(--ast-global-color-4)","background-image":"","background-repeat":"repeat","background-position":"center center","background-size":"auto","background-attachment":"scroll","background-type":"","background-media":"","overlay-type":"","overlay-color":"","overlay-opacity":"","overlay-gradient":""},"tablet":{"background-color":"","background-image":"","background-repeat":"repeat","background-position":"center center","background-size":"auto","background-attachment":"scroll","background-type":"","background-media":"","overlay-type":"","overlay-color":"","overlay-opacity":"","overlay-gradient":""},"mobile":{"background-color":"","background-image":"","background-repeat":"repeat","background-position":"center center","background-size":"auto","background-attachment":"scroll","background-type":"","background-media":"","overlay-type":"","overlay-color":"","overlay-opacity":"","overlay-gradient":""}},"ast-content-background-meta":{"desktop":{"background-color":"var(--ast-global-color-5)","background-image":"","background-repeat":"repeat","background-position":"center center","background-size":"auto","background-attachment":"scroll","background-type":"","background-media":"","overlay-type":"","overlay-color":"","overlay-opacity":"","overlay-gradient":""},"tablet":{"background-color":"var(--ast-global-color-5)","background-image":"","background-repeat":"repeat","background-position":"center center","background-size":"auto","background-attachment":"scroll","background-type":"","background-media":"","overlay-type":"","overlay-color":"","overlay-opacity":"","overlay-gradient":""},"mobile":{"background-color":"var(--ast-global-color-5)","background-image":"","background-repeat":"repeat","background-position":"center center","background-size":"auto","background-attachment":"scroll","background-type":"","background-media":"","overlay-type":"","overlay-color":"","overlay-opacity":"","overlay-gradient":""}},"footnotes":""},"class_list":["post-572","page","type-page","status-publish","hentry"],"post_mailing_queue_ids":[],"_links":{"self":[{"href":"https:\/\/agora.xtec.cat\/escjaumebalmessb\/wp-json\/wp\/v2\/pages\/572","targetHints":{"allow":["GET"]}}],"collection":[{"href":"https:\/\/agora.xtec.cat\/escjaumebalmessb\/wp-json\/wp\/v2\/pages"}],"about":[{"href":"https:\/\/agora.xtec.cat\/escjaumebalmessb\/wp-json\/wp\/v2\/types\/page"}],"author":[{"embeddable":true,"href":"https:\/\/agora.xtec.cat\/escjaumebalmessb\/wp-json\/wp\/v2\/users\/1"}],"replies":[{"embeddable":true,"href":"https:\/\/agora.xtec.cat\/escjaumebalmessb\/wp-json\/wp\/v2\/comments?post=572"}],"version-history":[{"count":5,"href":"https:\/\/agora.xtec.cat\/escjaumebalmessb\/wp-json\/wp\/v2\/pages\/572\/revisions"}],"predecessor-version":[{"id":1126,"href":"https:\/\/agora.xtec.cat\/escjaumebalmessb\/wp-json\/wp\/v2\/pages\/572\/revisions\/1126"}],"up":[{"embeddable":true,"href":"https:\/\/agora.xtec.cat\/escjaumebalmessb\/wp-json\/wp\/v2\/pages\/1114"}],"wp:attachment":[{"href":"https:\/\/agora.xtec.cat\/escjaumebalmessb\/wp-json\/wp\/v2\/media?parent=572"}],"curies":[{"name":"wp","href":"https:\/\/api.w.org\/{rel}","templated":true}]}}