{"id":38,"date":"2014-09-18T12:34:08","date_gmt":"2014-09-18T11:34:08","guid":{"rendered":"http:\/\/agora.xtec.cat\/escjaumebalmessb\/?page_id=38"},"modified":"2023-11-21T17:49:42","modified_gmt":"2023-11-21T16:49:42","slug":"salut","status":"publish","type":"page","link":"https:\/\/agora.xtec.cat\/escjaumebalmessb\/lescola\/salut\/","title":{"rendered":"Salut"},"content":{"rendered":"<p><b>HIGIENE I SALUT<\/b><\/p>\n<ul>\n<li style=\"font-weight: 400;\" aria-level=\"1\"><span style=\"font-weight: 400;\">Els i les alumnes han de mantenir les adequades mesures d&#8217;higiene i <\/span><b>no poden venir a l&#8217;escola<\/b><span style=\"font-weight: 400;\"> amb febre o febr\u00edcula, tos, dificultat per respirar, congesti\u00f3 nasal, mal de coll, mal de panxa, v\u00f2mits, diarrea, malestar i\/o dolor muscular, etc. En qualsevol d\u2019aquests casos s\u2019ha de comunicar a l\u2019escola i posar-se amb comunicaci\u00f3 amb el vostre o la vostra pediatra.<\/span><\/li>\n<li style=\"font-weight: 400;\" aria-level=\"1\"><span style=\"font-weight: 400;\">\u00a0En cas que un alumne\/a del centre presenti qualsevol d\u2019aquests s\u00edmptomes es seguir\u00e0 el protocol d\u2019actuaci\u00f3 establert pel Departament de Salut i d\u2019Educaci\u00f3.<\/span><\/li>\n<li style=\"font-weight: 400;\" aria-level=\"1\"><b>En cas d&#8217;accident<\/b><span style=\"font-weight: 400;\">, si la cura \u00e9s urgent, l&#8217;escola portar\u00e0 a l&#8217;alumne o alumna al centre sanitari i avisar\u00e0 a la fam\u00edlia. Si no \u00e9s urgent, es notificar\u00e0 a la fam\u00edlia perqu\u00e8 se&#8217;n faci c\u00e0rrec.<\/span><\/li>\n<li style=\"font-weight: 400;\" aria-level=\"1\"><b>El professorat no pot administrar medicaments a l\u2019alumnat<\/b><span style=\"font-weight: 400;\">. <\/span><b>Els medicaments s\u2019han d\u2019administrar a casa. Nom\u00e9s en casos especials, i amb la prescripci\u00f3 facultativa del metge, es podr\u00e0 administrar un medicament dins l\u2019horari escolar.<\/b><\/li>\n<li style=\"font-weight: 400;\" aria-level=\"1\"><span style=\"font-weight: 400;\">En cas d\u2019al\u00b7l\u00e8rgies, cal tenir-les justificades presentant un informe m\u00e8dic actualitzat<\/span><b>.<\/b><\/li>\n<\/ul>\n<p>&nbsp;<\/p>\n<p>&nbsp;<\/p>\n<p>&nbsp;<\/p>\n","protected":false},"excerpt":{"rendered":"<p>HIGIENE I SALUT Els i les alumnes han de mantenir les adequades mesures d&#8217;higiene i no poden venir a l&#8217;escola amb febre o febr\u00edcula, tos, dificultat per respirar, congesti\u00f3 nasal, mal de coll, mal de panxa, v\u00f2mits, diarrea, malestar i\/o dolor muscular, etc. En qualsevol d\u2019aquests casos s\u2019ha de comunicar a l\u2019escola i posar-se amb [&hellip;]<\/p>\n","protected":false},"author":1,"featured_media":0,"parent":22,"menu_order":80,"comment_status":"closed","ping_status":"closed","template":"page-templates\/side-menu.php","meta":{"_bbp_topic_count":0,"_bbp_reply_count":0,"_bbp_total_topic_count":0,"_bbp_total_reply_count":0,"_bbp_voice_count":0,"_bbp_anonymous_reply_count":0,"_bbp_topic_count_hidden":0,"_bbp_reply_count_hidden":0,"_bbp_forum_subforum_count":0,"site-sidebar-layout":"default","site-content-layout":"","ast-site-content-layout":"","site-content-style":"default","site-sidebar-style":"default","ast-global-header-display":"","ast-banner-title-visibility":"","ast-main-header-display":"","ast-hfb-above-header-display":"","ast-hfb-below-header-display":"","ast-hfb-mobile-header-display":"","site-post-title":"","ast-breadcrumbs-content":"","ast-featured-img":"","footer-sml-layout":"","theme-transparent-header-meta":"","adv-header-id-meta":"","stick-header-meta":"","header-above-stick-meta":"","header-main-stick-meta":"","header-below-stick-meta":"","astra-migrate-meta-layouts":"default","ast-page-background-enabled":"default","ast-page-background-meta":{"desktop":{"background-color":"var(--ast-global-color-4)","background-image":"","background-repeat":"repeat","background-position":"center center","background-size":"auto","background-attachment":"scroll","background-type":"","background-media":"","overlay-type":"","overlay-color":"","overlay-opacity":"","overlay-gradient":""},"tablet":{"background-color":"","background-image":"","background-repeat":"repeat","background-position":"center center","background-size":"auto","background-attachment":"scroll","background-type":"","background-media":"","overlay-type":"","overlay-color":"","overlay-opacity":"","overlay-gradient":""},"mobile":{"background-color":"","background-image":"","background-repeat":"repeat","background-position":"center center","background-size":"auto","background-attachment":"scroll","background-type":"","background-media":"","overlay-type":"","overlay-color":"","overlay-opacity":"","overlay-gradient":""}},"ast-content-background-meta":{"desktop":{"background-color":"var(--ast-global-color-5)","background-image":"","background-repeat":"repeat","background-position":"center center","background-size":"auto","background-attachment":"scroll","background-type":"","background-media":"","overlay-type":"","overlay-color":"","overlay-opacity":"","overlay-gradient":""},"tablet":{"background-color":"var(--ast-global-color-5)","background-image":"","background-repeat":"repeat","background-position":"center center","background-size":"auto","background-attachment":"scroll","background-type":"","background-media":"","overlay-type":"","overlay-color":"","overlay-opacity":"","overlay-gradient":""},"mobile":{"background-color":"var(--ast-global-color-5)","background-image":"","background-repeat":"repeat","background-position":"center center","background-size":"auto","background-attachment":"scroll","background-type":"","background-media":"","overlay-type":"","overlay-color":"","overlay-opacity":"","overlay-gradient":""}},"footnotes":""},"class_list":["post-38","page","type-page","status-publish","hentry"],"post_mailing_queue_ids":[],"_links":{"self":[{"href":"https:\/\/agora.xtec.cat\/escjaumebalmessb\/wp-json\/wp\/v2\/pages\/38","targetHints":{"allow":["GET"]}}],"collection":[{"href":"https:\/\/agora.xtec.cat\/escjaumebalmessb\/wp-json\/wp\/v2\/pages"}],"about":[{"href":"https:\/\/agora.xtec.cat\/escjaumebalmessb\/wp-json\/wp\/v2\/types\/page"}],"author":[{"embeddable":true,"href":"https:\/\/agora.xtec.cat\/escjaumebalmessb\/wp-json\/wp\/v2\/users\/1"}],"replies":[{"embeddable":true,"href":"https:\/\/agora.xtec.cat\/escjaumebalmessb\/wp-json\/wp\/v2\/comments?post=38"}],"version-history":[{"count":5,"href":"https:\/\/agora.xtec.cat\/escjaumebalmessb\/wp-json\/wp\/v2\/pages\/38\/revisions"}],"predecessor-version":[{"id":1153,"href":"https:\/\/agora.xtec.cat\/escjaumebalmessb\/wp-json\/wp\/v2\/pages\/38\/revisions\/1153"}],"up":[{"embeddable":true,"href":"https:\/\/agora.xtec.cat\/escjaumebalmessb\/wp-json\/wp\/v2\/pages\/22"}],"wp:attachment":[{"href":"https:\/\/agora.xtec.cat\/escjaumebalmessb\/wp-json\/wp\/v2\/media?parent=38"}],"curies":[{"name":"wp","href":"https:\/\/api.w.org\/{rel}","templated":true}]}}