{"id":36,"date":"2014-09-18T12:33:11","date_gmt":"2014-09-18T11:33:11","guid":{"rendered":"http:\/\/agora.xtec.cat\/escjaumebalmessb\/?page_id=36"},"modified":"2023-11-21T17:24:50","modified_gmt":"2023-11-21T16:24:50","slug":"material-escolar","status":"publish","type":"page","link":"https:\/\/agora.xtec.cat\/escjaumebalmessb\/lescola\/material-escolar\/","title":{"rendered":"Material escolar"},"content":{"rendered":"<p><span style=\"font-weight: 400;\">El curs 2017-2018 es va iniciar amb el material socialitzat a la nostra escola. Aquesta organitzaci\u00f3 del material va lligada amb la pedagog\u00eda i l\u00ednea de centre on l\u2019equitat i la igualtat d\u2019oportunitats s\u00f3n l\u2019eix central de la nostra escola. L\u2019alumnat ha d\u2019aprendre a conviure en societat i aix\u00f2 comporta compartir i al mateix temps respectar.\u00a0<\/span><\/p>\n<p><span style=\"font-weight: 400;\">Per tant, tot el material de l\u2019escola \u00e9s socialitzat i es comprar\u00e0 a les botigues del poble (preferentment).<\/span><\/p>\n<p><span style=\"color: #0000ff;\">MATERIAL ESCOLAR INFANTIL<\/span><\/p>\n<p><span style=\"font-weight: 400;\">L\u2019alumnat ha d\u2019haver fet <\/span><b>una aportaci\u00f3 econ\u00f2mica de 110 euros<\/b> <b>per alumne\/a<\/b><span style=\"font-weight: 400;\"> pel pagament de:\u00a0<\/span><\/p>\n<ul>\n<li style=\"font-weight: 400;\" aria-level=\"1\"><span style=\"font-weight: 400;\">Fotoc\u00f2pies (recordem que no hi ha despesa de llibres).\u00a0<\/span><\/li>\n<li style=\"font-weight: 400;\" aria-level=\"1\"><span style=\"font-weight: 400;\">Material fungible: cartolines, fulls de colors, paper d\u2019embalar i de seda&#8230;\u00a0<\/span><\/li>\n<li style=\"font-weight: 400;\" aria-level=\"1\"><span style=\"font-weight: 400;\">Folis blancs per a tot el curs.<\/span><\/li>\n<li style=\"font-weight: 400;\" aria-level=\"1\"><span style=\"font-weight: 400;\">Material per a la taula de llum d\u2019Infantil: pintures fluorescents i fosforescents, formes&#8230;<\/span><\/li>\n<li style=\"font-weight: 400;\" aria-level=\"1\"><span style=\"font-weight: 400;\">Paper vileda per fer servir de pissarretes.<\/span><\/li>\n<li style=\"font-weight: 400;\" aria-level=\"1\"><span style=\"font-weight: 400;\">Material art\u00edstic: pintures, aquarel\u00b7les, pinzells, fang, cavallets, plastilina, cel\u00b7lofana, punxons, tisores, plastidecors, retoladors gruixuts i de dues puntes, ceres, llapis gruixuts i prims, gomes, pegaments, fasteners&#8230;\u00a0<\/span><\/li>\n<li style=\"font-weight: 400;\" aria-level=\"1\"><span style=\"font-weight: 400;\">Material per fer tallers d\u2019experiments: recipients, lupes, colorants&#8230;<\/span><\/li>\n<\/ul>\n<p><span style=\"color: #0000ff;\">MATERIAL ESCOLAR PRIM\u00c0RIA<\/span><\/p>\n<p><span style=\"font-weight: 400;\">Aquest curs les fam\u00edlies heu rebut dos vals de 50 \u20ac cadascun per a bescanviar-los per llibres i material escolar. Aquest import de 100\u20ac s\u2019ha descomptat directament de l\u2019aportaci\u00f3 que heu fet les fam\u00edlies al preu inicial del Banc de recursos pedag\u00f2gics (material, recursos pedag\u00f2gics i llibres de text). Per aquest motiu les fam\u00edlies heu fet una aportaci\u00f3 final de <\/span><b>30\u20ac a Cicle Inicial i de 55\u20ac\u00a0 a Cicle Mitj\u00e0 i Cicle Superior<\/b><span style=\"font-weight: 400;\"> en concepte de despeses de la resta del material, recursos pedag\u00f2gics i llibres de text\u00a0 del Banc de recursos pedag\u00f2gics.<\/span><\/p>\n<p><span style=\"font-weight: 400;\">Material del Banc de recursos pedag\u00f2gics:<\/span><\/p>\n<ul>\n<li style=\"font-weight: 400;\" aria-level=\"1\"><span style=\"font-weight: 400;\">Material per fer tallers, racons i projectes.<\/span><\/li>\n<li style=\"font-weight: 400;\" aria-level=\"1\"><span style=\"font-weight: 400;\">Material art\u00edstic: pintures, aquarel\u00b7les, pinzells, fang, ceres, cartolines, fulls de colors, paper d\u2019embalar i de seda,\u00a0 etc.<\/span><\/li>\n<li style=\"font-weight: 400;\" aria-level=\"1\"><span style=\"font-weight: 400;\">Fotoc\u00f2pies\u00a0<\/span><\/li>\n<li style=\"font-weight: 400;\" aria-level=\"1\"><span style=\"font-weight: 400;\">Material fungible com llibretes, fundes, carpetes, plastidecors, colors de fusta, retoladors, llapis, bol\u00edgrafs, gomes, pegaments, maquinetes, cinta d\u2019esborrar, etc.<\/span><\/li>\n<li style=\"font-weight: 400;\" aria-level=\"1\"><span style=\"font-weight: 400;\">Material com estoig,\u00a0 tisores, regles, compassos, etc.<\/span><\/li>\n<li style=\"font-weight: 400;\" aria-level=\"1\"><span style=\"font-weight: 400;\">Folis blancs per a tot el curs.<\/span><\/li>\n<li style=\"font-weight: 400;\" aria-level=\"1\"><span style=\"font-weight: 400;\">Llibres de text de matem\u00e0tiques, projecte a tota prim\u00e0ria, quadern d\u2019angl\u00e8s i llibre de text soacialitzat d\u2019angl\u00e8s a CM i CS.<\/span><\/li>\n<\/ul>\n<p><span style=\"font-weight: 400;\">Cada cicle organitza aquest material segons necessitats.<\/span><\/p>\n<p>&nbsp;<\/p>\n","protected":false},"excerpt":{"rendered":"<p>El curs 2017-2018 es va iniciar amb el material socialitzat a la nostra escola. Aquesta organitzaci\u00f3 del material va lligada amb la pedagog\u00eda i l\u00ednea de centre on l\u2019equitat i la igualtat d\u2019oportunitats s\u00f3n l\u2019eix central de la nostra escola. L\u2019alumnat ha d\u2019aprendre a conviure en societat i aix\u00f2 comporta compartir i al mateix temps [&hellip;]<\/p>\n","protected":false},"author":1,"featured_media":0,"parent":22,"menu_order":70,"comment_status":"closed","ping_status":"closed","template":"page-templates\/side-menu.php","meta":{"_bbp_topic_count":0,"_bbp_reply_count":0,"_bbp_total_topic_count":0,"_bbp_total_reply_count":0,"_bbp_voice_count":0,"_bbp_anonymous_reply_count":0,"_bbp_topic_count_hidden":0,"_bbp_reply_count_hidden":0,"_bbp_forum_subforum_count":0,"site-sidebar-layout":"default","site-content-layout":"","ast-site-content-layout":"","site-content-style":"default","site-sidebar-style":"default","ast-global-header-display":"","ast-banner-title-visibility":"","ast-main-header-display":"","ast-hfb-above-header-display":"","ast-hfb-below-header-display":"","ast-hfb-mobile-header-display":"","site-post-title":"","ast-breadcrumbs-content":"","ast-featured-img":"","footer-sml-layout":"","theme-transparent-header-meta":"","adv-header-id-meta":"","stick-header-meta":"","header-above-stick-meta":"","header-main-stick-meta":"","header-below-stick-meta":"","astra-migrate-meta-layouts":"default","ast-page-background-enabled":"default","ast-page-background-meta":{"desktop":{"background-color":"var(--ast-global-color-4)","background-image":"","background-repeat":"repeat","background-position":"center center","background-size":"auto","background-attachment":"scroll","background-type":"","background-media":"","overlay-type":"","overlay-color":"","overlay-opacity":"","overlay-gradient":""},"tablet":{"background-color":"","background-image":"","background-repeat":"repeat","background-position":"center center","background-size":"auto","background-attachment":"scroll","background-type":"","background-media":"","overlay-type":"","overlay-color":"","overlay-opacity":"","overlay-gradient":""},"mobile":{"background-color":"","background-image":"","background-repeat":"repeat","background-position":"center center","background-size":"auto","background-attachment":"scroll","background-type":"","background-media":"","overlay-type":"","overlay-color":"","overlay-opacity":"","overlay-gradient":""}},"ast-content-background-meta":{"desktop":{"background-color":"var(--ast-global-color-5)","background-image":"","background-repeat":"repeat","background-position":"center center","background-size":"auto","background-attachment":"scroll","background-type":"","background-media":"","overlay-type":"","overlay-color":"","overlay-opacity":"","overlay-gradient":""},"tablet":{"background-color":"var(--ast-global-color-5)","background-image":"","background-repeat":"repeat","background-position":"center center","background-size":"auto","background-attachment":"scroll","background-type":"","background-media":"","overlay-type":"","overlay-color":"","overlay-opacity":"","overlay-gradient":""},"mobile":{"background-color":"var(--ast-global-color-5)","background-image":"","background-repeat":"repeat","background-position":"center center","background-size":"auto","background-attachment":"scroll","background-type":"","background-media":"","overlay-type":"","overlay-color":"","overlay-opacity":"","overlay-gradient":""}},"footnotes":""},"class_list":["post-36","page","type-page","status-publish","hentry"],"post_mailing_queue_ids":[],"_links":{"self":[{"href":"https:\/\/agora.xtec.cat\/escjaumebalmessb\/wp-json\/wp\/v2\/pages\/36","targetHints":{"allow":["GET"]}}],"collection":[{"href":"https:\/\/agora.xtec.cat\/escjaumebalmessb\/wp-json\/wp\/v2\/pages"}],"about":[{"href":"https:\/\/agora.xtec.cat\/escjaumebalmessb\/wp-json\/wp\/v2\/types\/page"}],"author":[{"embeddable":true,"href":"https:\/\/agora.xtec.cat\/escjaumebalmessb\/wp-json\/wp\/v2\/users\/1"}],"replies":[{"embeddable":true,"href":"https:\/\/agora.xtec.cat\/escjaumebalmessb\/wp-json\/wp\/v2\/comments?post=36"}],"version-history":[{"count":5,"href":"https:\/\/agora.xtec.cat\/escjaumebalmessb\/wp-json\/wp\/v2\/pages\/36\/revisions"}],"predecessor-version":[{"id":1139,"href":"https:\/\/agora.xtec.cat\/escjaumebalmessb\/wp-json\/wp\/v2\/pages\/36\/revisions\/1139"}],"up":[{"embeddable":true,"href":"https:\/\/agora.xtec.cat\/escjaumebalmessb\/wp-json\/wp\/v2\/pages\/22"}],"wp:attachment":[{"href":"https:\/\/agora.xtec.cat\/escjaumebalmessb\/wp-json\/wp\/v2\/media?parent=36"}],"curies":[{"name":"wp","href":"https:\/\/api.w.org\/{rel}","templated":true}]}}