{"id":34,"date":"2014-09-18T12:32:18","date_gmt":"2014-09-18T11:32:18","guid":{"rendered":"http:\/\/agora.xtec.cat\/escjaumebalmessb\/?page_id=34"},"modified":"2023-11-27T13:43:46","modified_gmt":"2023-11-27T12:43:46","slug":"oferta-educativa","status":"publish","type":"page","link":"https:\/\/agora.xtec.cat\/escjaumebalmessb\/lescola\/oferta-educativa\/","title":{"rendered":"La nostra l\u00ednia"},"content":{"rendered":"<div id=\"comp-ie9or3gk\" class=\"txtNew\" data-packed=\"false\">\n<h5 class=\"font_5\"><\/h5>\n<div class=\"measurer\"><\/div>\n<\/div>\n<div id=\"comp-ie9ou7e0\" class=\"txtNew\" data-packed=\"false\">\n<h1 class=\"font_0\"><\/h1>\n<p class=\"font_7\">L&#8217;Escola Jaume Balmes manifesta els seg\u00fcents trets d&#8217;identitat:<\/p>\n<p class=\"font_8\">&#8211; Respecte pel pluralisme ideol\u00f2gic.<\/p>\n<p class=\"font_8\">&#8211; Voluntat de no adoctrinament.<\/p>\n<p class=\"font_8\">&#8211; Rebuig de tota mena d&#8217;autoritarisme.<\/p>\n<p class=\"font_8\">&#8211; Respecte pels drets humans.<\/p>\n<p class=\"font_8\">&#8211; Respecte a la llibertat d\u2019expressar les seves opinions que tenen tots els\u00a0 membres de la comunitat.<\/p>\n<p class=\"font_8\">&#8211; Comprom\u00eds amb el conjunt de valors democr\u00e0tics:<\/p>\n<p class=\"font_8\">\u00a0 \u00a0 \u00a0 \u00a0 \u00a0 \u00a0 \u00a0 \u00a0 \u00a0 \u00a0 \u00a0 \u00a0 \u00a0 \u00a0 \u00a0 \u00a0 \u00a0 \u00a0 \u00a0 \u00d8 Actitud de di\u00e0leg.<\/p>\n<p class=\"font_8\">\u00a0 \u00a0 \u00a0 \u00a0 \u00a0 \u00a0 \u00a0 \u00a0 \u00a0 \u00a0 \u00a0 \u00a0 \u00a0 \u00a0 \u00a0 \u00a0 \u00a0 \u00a0 \u00a0 \u00d8 Cooperaci\u00f3.<a href=\"https:\/\/agora.xtec.cat\/escjaumebalmessb\/wp-content\/uploads\/usu2043\/2020\/02\/LA-NOSTRA-L\u00cdNIA.jpg\"><img loading=\"lazy\" decoding=\"async\" class=\" wp-image-536 alignright\" src=\"https:\/\/agora.xtec.cat\/escjaumebalmessb\/wp-content\/uploads\/usu2043\/2020\/02\/LA-NOSTRA-L\u00cdNIA.jpg\" alt=\"\" width=\"375\" height=\"191\" srcset=\"https:\/\/agora.xtec.cat\/escjaumebalmessb\/wp-content\/uploads\/usu2043\/2020\/02\/LA-NOSTRA-L\u00cdNIA.jpg 449w, https:\/\/agora.xtec.cat\/escjaumebalmessb\/wp-content\/uploads\/usu2043\/2020\/02\/LA-NOSTRA-L\u00cdNIA-300x152.jpg 300w\" sizes=\"auto, (max-width: 375px) 100vw, 375px\" \/><\/a><\/p>\n<p class=\"font_8\">\u00a0 \u00a0 \u00a0 \u00a0 \u00a0 \u00a0 \u00a0 \u00a0 \u00a0 \u00a0 \u00a0 \u00a0 \u00a0 \u00a0 \u00a0 \u00a0 \u00a0 \u00a0 \u00a0 \u00d8 Respecte a l\u2019altre.<\/p>\n<p class=\"font_8\">\u00a0 \u00a0 \u00a0 \u00a0 \u00a0 \u00a0 \u00a0 \u00a0 \u00a0 \u00a0 \u00a0 \u00a0 \u00a0 \u00a0 \u00a0 \u00a0 \u00a0 \u00a0 \u00a0 \u00d8 Esperit cr\u00edtic.<\/p>\n<p class=\"font_8\">\u00a0 \u00a0 \u00a0 \u00a0 \u00a0 \u00a0 \u00a0 \u00a0 \u00a0 \u00a0 \u00a0 \u00a0 \u00a0 \u00a0 \u00a0 \u00a0 \u00a0 \u00a0 \u00a0 \u00d8 Responsabilitat.<\/p>\n<p class=\"font_8\">\u00a0 \u00a0 \u00a0 \u00a0 \u00a0 \u00a0 \u00a0 \u00a0 \u00a0 \u00a0 \u00a0 \u00a0 \u00a0 \u00a0 \u00a0 \u00a0 \u00a0 \u00a0 \u00a0 \u00d8 Toler\u00e0ncia.<\/p>\n<p class=\"font_8\">\u00a0 \u00a0 \u00a0 \u00a0 \u00a0 \u00a0 \u00a0 \u00a0 \u00a0 \u00a0 \u00a0 \u00a0 \u00a0 \u00a0 \u00a0 \u00a0 \u00a0 \u00a0 \u00a0 \u00d8 Comprensi\u00f3.<\/p>\n<p class=\"font_7\">ESCOLA CATALANA<\/p>\n<p class=\"font_7\">El catal\u00e0 \u00e9s la nostra llengua vehicular i, juntament amb la nostra cultura, fem que tot alumne i fam\u00edlia se senti ben arrelat al nostre pa\u00eds.<\/p>\n<p class=\"font_7\">ATENCI\u00d3 A LA DIVERSITAT<\/p>\n<p class=\"font_7\">S\u2019ent\u00e9n per diversitat el conjunt de difer\u00e8ncies socials, econ\u00f2miques, culturals, personals i d\u2019aprenentatge que identifica a l\u2019individu com a \u00e9sser \u00fanic. Considerem la diversitat com un fet positiu i enriquidor per a la totalitat dels alumnes i l\u2019acceptem no com un problema sin\u00f3 com la oportunitat de con\u00e8ixer altres realitats diferents a la nostra. La nostra escola t\u00e9 una funci\u00f3 inclusiva i busca l\u2019equilibri personal. Ning\u00fa no ser\u00e0 discriminat per raons d\u2019origen, ra\u00e7a, capacitat f\u00edsica o intel\u00b7lectual. Es respectaran els diversos ritmes de treball adequant els programes i els mitjans humans i t\u00e8cnics a les necessitats i caracter\u00edstiques de cadasc\u00fa.\u00a0Desdoblaments de grups per atendre millor el nostre alumnat, juntament amb hores de Suport Escolar Personalitzat (SEP) per l\u2019alumnat en qu\u00e8 es detecti alguna dificultat d\u2019aprenentatge o possibilitat d\u2019estimulaci\u00f3.<\/p>\n<p class=\"font_7\">ESCOLA ACTIVA<\/p>\n<p class=\"font_7\">Creiem en l\u2019aprenentatge significatiu mitjan\u00e7ant l\u2019observaci\u00f3, la manipulaci\u00f3, la motivaci\u00f3, la concentraci\u00f3 i escolta, la reflexi\u00f3, el treball individual i el treball en grup, el pas de la concreci\u00f3 a l\u2019abstracci\u00f3, les sortides i activitats, les festes i els projectes que treballen l\u2019escola.<\/p>\n<p class=\"font_7\">CONFESSIONALITAT<\/p>\n<p class=\"font_7\">L\u2019escola Jaume Balmes respecta la llibertat de consci\u00e8ncia, les conviccions religioses i morals d\u2019acord amb la constituci\u00f3 i en cas dels menors d\u2019edat dels seus pares i o tutors legals.<\/p>\n<p class=\"font_7\">ESCOLA PARTICIPATIVA I DEMOCR\u00c0TICA<\/p>\n<p class=\"font_7\">Creiem que en un projecte d\u2019escola on tothom es comprometi, respon a un model de decisions per consens del claustre. Tamb\u00e9 creiem en el comprom\u00eds i la col\u00b7laboraci\u00f3 de l\u2019AMPA, les fam\u00edlies i el Consell Escolar.<\/p>\n<p class=\"font_7\">COEDUCACI\u00d3<\/p>\n<p class=\"font_8\">L\u2019Escola Jaume Balmes es compromet a orientar les activitats cap a una educaci\u00f3 per a la igualtat, la formaci\u00f3 en educaci\u00f3 i en el respecte de la pluralitat ling\u00fc\u00edstica i cultural, adoptant una actitud igualit\u00e0ria en el tracte amb els alumnes, sense discriminar ning\u00fa per\u00a0ra\u00f3 de sexe, llengua, religi\u00f3, cultura, ra\u00e7a, ideologia, discapacitat i proced\u00e8ncia.<\/p>\n<\/div>\n","protected":false},"excerpt":{"rendered":"<p>L&#8217;Escola Jaume Balmes manifesta els seg\u00fcents trets d&#8217;identitat: &#8211; Respecte pel pluralisme ideol\u00f2gic. &#8211; Voluntat de no adoctrinament. &#8211; Rebuig de tota mena d&#8217;autoritarisme. &#8211; Respecte pels drets humans. &#8211; Respecte a la llibertat d\u2019expressar les seves opinions que tenen tots els\u00a0 membres de la comunitat. &#8211; Comprom\u00eds amb el conjunt de valors democr\u00e0tics: \u00a0 [&hellip;]<\/p>\n","protected":false},"author":1,"featured_media":0,"parent":22,"menu_order":60,"comment_status":"closed","ping_status":"closed","template":"page-templates\/side-menu.php","meta":{"_bbp_topic_count":0,"_bbp_reply_count":0,"_bbp_total_topic_count":0,"_bbp_total_reply_count":0,"_bbp_voice_count":0,"_bbp_anonymous_reply_count":0,"_bbp_topic_count_hidden":0,"_bbp_reply_count_hidden":0,"_bbp_forum_subforum_count":0,"site-sidebar-layout":"default","site-content-layout":"","ast-site-content-layout":"","site-content-style":"default","site-sidebar-style":"default","ast-global-header-display":"","ast-banner-title-visibility":"","ast-main-header-display":"","ast-hfb-above-header-display":"","ast-hfb-below-header-display":"","ast-hfb-mobile-header-display":"","site-post-title":"","ast-breadcrumbs-content":"","ast-featured-img":"","footer-sml-layout":"","theme-transparent-header-meta":"","adv-header-id-meta":"","stick-header-meta":"","header-above-stick-meta":"","header-main-stick-meta":"","header-below-stick-meta":"","astra-migrate-meta-layouts":"default","ast-page-background-enabled":"default","ast-page-background-meta":{"desktop":{"background-color":"var(--ast-global-color-4)","background-image":"","background-repeat":"repeat","background-position":"center center","background-size":"auto","background-attachment":"scroll","background-type":"","background-media":"","overlay-type":"","overlay-color":"","overlay-opacity":"","overlay-gradient":""},"tablet":{"background-color":"","background-image":"","background-repeat":"repeat","background-position":"center center","background-size":"auto","background-attachment":"scroll","background-type":"","background-media":"","overlay-type":"","overlay-color":"","overlay-opacity":"","overlay-gradient":""},"mobile":{"background-color":"","background-image":"","background-repeat":"repeat","background-position":"center center","background-size":"auto","background-attachment":"scroll","background-type":"","background-media":"","overlay-type":"","overlay-color":"","overlay-opacity":"","overlay-gradient":""}},"ast-content-background-meta":{"desktop":{"background-color":"var(--ast-global-color-5)","background-image":"","background-repeat":"repeat","background-position":"center center","background-size":"auto","background-attachment":"scroll","background-type":"","background-media":"","overlay-type":"","overlay-color":"","overlay-opacity":"","overlay-gradient":""},"tablet":{"background-color":"var(--ast-global-color-5)","background-image":"","background-repeat":"repeat","background-position":"center center","background-size":"auto","background-attachment":"scroll","background-type":"","background-media":"","overlay-type":"","overlay-color":"","overlay-opacity":"","overlay-gradient":""},"mobile":{"background-color":"var(--ast-global-color-5)","background-image":"","background-repeat":"repeat","background-position":"center center","background-size":"auto","background-attachment":"scroll","background-type":"","background-media":"","overlay-type":"","overlay-color":"","overlay-opacity":"","overlay-gradient":""}},"footnotes":""},"class_list":["post-34","page","type-page","status-publish","hentry"],"post_mailing_queue_ids":[],"_links":{"self":[{"href":"https:\/\/agora.xtec.cat\/escjaumebalmessb\/wp-json\/wp\/v2\/pages\/34","targetHints":{"allow":["GET"]}}],"collection":[{"href":"https:\/\/agora.xtec.cat\/escjaumebalmessb\/wp-json\/wp\/v2\/pages"}],"about":[{"href":"https:\/\/agora.xtec.cat\/escjaumebalmessb\/wp-json\/wp\/v2\/types\/page"}],"author":[{"embeddable":true,"href":"https:\/\/agora.xtec.cat\/escjaumebalmessb\/wp-json\/wp\/v2\/users\/1"}],"replies":[{"embeddable":true,"href":"https:\/\/agora.xtec.cat\/escjaumebalmessb\/wp-json\/wp\/v2\/comments?post=34"}],"version-history":[{"count":3,"href":"https:\/\/agora.xtec.cat\/escjaumebalmessb\/wp-json\/wp\/v2\/pages\/34\/revisions"}],"predecessor-version":[{"id":538,"href":"https:\/\/agora.xtec.cat\/escjaumebalmessb\/wp-json\/wp\/v2\/pages\/34\/revisions\/538"}],"up":[{"embeddable":true,"href":"https:\/\/agora.xtec.cat\/escjaumebalmessb\/wp-json\/wp\/v2\/pages\/22"}],"wp:attachment":[{"href":"https:\/\/agora.xtec.cat\/escjaumebalmessb\/wp-json\/wp\/v2\/media?parent=34"}],"curies":[{"name":"wp","href":"https:\/\/api.w.org\/{rel}","templated":true}]}}