{"id":26,"date":"2014-09-18T12:24:32","date_gmt":"2014-09-18T11:24:32","guid":{"rendered":"http:\/\/agora.xtec.cat\/escjaumebalmessb\/?page_id=26"},"modified":"2023-11-27T13:41:56","modified_gmt":"2023-11-27T12:41:56","slug":"historia","status":"publish","type":"page","link":"https:\/\/agora.xtec.cat\/escjaumebalmessb\/lescola\/historia\/","title":{"rendered":"Hist\u00f2ria"},"content":{"rendered":"<p><img loading=\"lazy\" decoding=\"async\" class=\"wp-image-479 alignright\" src=\"https:\/\/agora.xtec.cat\/escjaumebalmessb\/wp-content\/uploads\/usu2043\/2020\/02\/9475.jpg\" alt=\"\" width=\"348\" height=\"218\" srcset=\"https:\/\/agora.xtec.cat\/escjaumebalmessb\/wp-content\/uploads\/usu2043\/2020\/02\/9475.jpg 500w, https:\/\/agora.xtec.cat\/escjaumebalmessb\/wp-content\/uploads\/usu2043\/2020\/02\/9475-300x188.jpg 300w\" sizes=\"auto, (max-width: 348px) 100vw, 348px\" \/><\/p>\n<p>L&#8217;Escola d&#8217;Educaci\u00f3 Infantil i Prim\u00e0ria Jaume Balmes t\u00e9 200 anys d&#8217;hist\u00f2ria. Per aquesta han passat alumnes que ara s\u00f3n professors al mateix centre i altres que, pels seus estudis o feina, s\u00f3n fora. Durant el S. XVIII, gent procedent d&#8217;altres indrets\u00a0-sobretot tortosins- s&#8217;havien anat establint dins del que avui \u00e9s el terme municipal de Santa B\u00e0rbara. No va ser fins l&#8217;1 d&#8217;abril de 1802, que el tortos\u00ed Pau Fregin\u00e9 Espelta va instal\u00b7lar la primera escola en estes planes per a l&#8217;ensenyan\u00e7a elemental de xiquets i xiquetes.\u00a0El local on feia escola estava pels voltants del que avui \u00e9s la pla\u00e7a de l&#8217;Alcalde Cid i Cid.*<\/p>\n<p><img loading=\"lazy\" decoding=\"async\" class=\" wp-image-478 alignleft\" src=\"https:\/\/agora.xtec.cat\/escjaumebalmessb\/wp-content\/uploads\/usu2043\/2020\/02\/9474.jpg\" alt=\"\" width=\"321\" height=\"203\" \/><\/p>\n<p>M\u00e9s tard, al 1913 l&#8217;escola es va traslladar al tercer pis de la casa que avui t\u00e9 el n\u00famero 48-50 del carrer Major. Donades les\u00a0seves condicions poc apropiades per acondicionar a mestres i alumnes, es va tornar a traslladar l&#8217;escola, en aquest cas a un domicili propietat de D. Joaqu\u00edn Vall\u00e9s Cid. Finalment, es va decidir de donar un lloc estable i independent a les escoles. I aix\u00ed es va construir un edifici en el qual ara mateix est\u00e0 ubicada, encara que no \u00e9s el mateix que actualment podem veure.<\/p>\n<p class=\"font_8\">Com durant la guerra Civil va se<a href=\"https:\/\/agora.xtec.cat\/escjaumebalmessb\/wp-content\/uploads\/usu2043\/2020\/02\/9480.jpg\"><img loading=\"lazy\" decoding=\"async\" class=\" wp-image-480 alignleft\" src=\"https:\/\/agora.xtec.cat\/escjaumebalmessb\/wp-content\/uploads\/usu2043\/2020\/02\/9480.jpg\" alt=\"\" width=\"327\" height=\"209\" srcset=\"https:\/\/agora.xtec.cat\/escjaumebalmessb\/wp-content\/uploads\/usu2043\/2020\/02\/9480.jpg 500w, https:\/\/agora.xtec.cat\/escjaumebalmessb\/wp-content\/uploads\/usu2043\/2020\/02\/9480-300x191.jpg 300w\" sizes=\"auto, (max-width: 327px) 100vw, 327px\" \/><\/a>rvir d&#8217;Hospital de campanya i estava construit amb materials poc s\u00f2lids, l&#8217;edifici no va poder resistir b\u00e9 el pas dels anys i va haver de ser derruit l&#8217;any 1985.<\/p>\n<p class=\"font_8\">El 12 d&#8217;Abril de 1987 s&#8217;inaugur\u00e0 la que actualment \u00e9s la nostra escola\u00a0pel Conseller d&#8217;Ensenyament, Joan Guitart. I fins avui, aquest edifici es el que podeu contemplar si us passeu pel carrer de les Escoles 7-9.<\/p>\n<p class=\"font_8\">Durant el curs 2013-2014 va tenir lloc una ampliaci\u00f3 del pati, aix\u00ed com la construcci\u00f3 d&#8217;un nou edifici d&#8217;Educaci\u00f3 Infantil i la creaci\u00f3 d&#8217;un menjador escolar ubicat al propi centre.<\/p>\n<p>L&#8217;escola disposa d&#8217;unes instal\u00b7lacions ludicoesportives adequades a les seves necessitats. D&#8217;una banda un pati per als alumnes de Prim\u00e0ria amb espais per jugar i una pista poliesportiva que s&#8217;utilitza seguint un ordre preestablert de torns dia a dia, i unes dutxes\u00a0 tant per a nois com per a noies.<\/p>\n<p><a href=\"https:\/\/agora.xtec.cat\/escjaumebalmessb\/wp-content\/uploads\/usu2043\/2020\/02\/05.jpg\"><img loading=\"lazy\" decoding=\"async\" class=\"wp-image-482 alignright\" src=\"https:\/\/agora.xtec.cat\/escjaumebalmessb\/wp-content\/uploads\/usu2043\/2020\/02\/05-1024x751.jpg\" alt=\"\" width=\"330\" height=\"242\" srcset=\"https:\/\/agora.xtec.cat\/escjaumebalmessb\/wp-content\/uploads\/usu2043\/2020\/02\/05-1024x751.jpg 1024w, https:\/\/agora.xtec.cat\/escjaumebalmessb\/wp-content\/uploads\/usu2043\/2020\/02\/05-300x220.jpg 300w, https:\/\/agora.xtec.cat\/escjaumebalmessb\/wp-content\/uploads\/usu2043\/2020\/02\/05-768x564.jpg 768w\" sizes=\"auto, (max-width: 330px) 100vw, 330px\" \/><\/a>Per altra banda i per al cicle d&#8217;Infantil, hi ha un pati amb alguns elements l\u00fadics per\u00f2 que no representen cap perill per a la seva integritat. En cas de pluja disposem d&#8217;una sala polivalent per realitzar activitats alternatives d&#8217;Educaci\u00f3 F\u00edsica. En la nostra escola s&#8217;imparteixen classes des del Cicle d&#8217;Educaci\u00f3 Infantil (P3, P4 i P5) fins a sis\u00e8 de Prim\u00e0ria (1r, 2n, 3r, 4t, 5\u00e8 i 6\u00e8). Un cop acabada la Prim\u00e0ria, els alumnes que ho dessitgen, poden cursar Ensenyament Secundari a la mateixa poblaci\u00f3, a l&#8217;Institut d&#8217;Ensenyament Secundari IES &#8220;Les Planes&#8221;.<\/p>\n<p>&nbsp;<\/p>\n<p>&nbsp;<\/p>\n<p><iframe loading=\"lazy\" src=\"https:\/\/www.youtube.com\/embed\/R4EOBmSfwaY\" width=\"560\" height=\"315\" frameborder=\"0\" allowfullscreen=\"allowfullscreen\"><\/iframe><\/p>\n<div id=\"comp-if6w08pk\" class=\"txtNew\" data-packed=\"true\">\n<p class=\"font_7\" style=\"text-align: left;\">Us enllacem un document hist\u00f2ric: un reportatge de v\u00eddeo gravat el mateix 12 d&#8217;abril de 1987, amb motiu de la inauguraci\u00f3 de la nostra escola a c\u00e0rrec del conseller d&#8217;ensenyament d&#8217;aquell temps, el senyor Joan Guitart. Tot un esdeveniment al poble que va mer\u00e8ixer un seguit de celebracions de les que aquest v\u00eddeo d\u00f3na un magn\u00edfic testimoni.<\/p>\n<p>&nbsp;<\/p>\n<\/div>\n<div id=\"comp-ie4m9na2\" class=\"txtNew\" data-packed=\"true\"><\/div>\n<p><iframe loading=\"lazy\" src=\"https:\/\/www.youtube.com\/embed\/f_5-ror95aU\" width=\"560\" height=\"315\" frameborder=\"0\" allowfullscreen=\"allowfullscreen\"><\/iframe><\/p>\n<div id=\"comp-if6w1uzr\" class=\"txtNew\" data-packed=\"true\">\n<p class=\"font_7\">El 8 de gener de 2014, la consellera Irene Rigau va vindre a inaugurar el nou edifici d&#8217;Educaci\u00f3 Infantil. Aquest \u00e9s l&#8217;extens v\u00eddeo on es mostren tots els bons moments d&#8217;aquell dia tan especial i que van significar el comen\u00e7ament d&#8217;una nova \u00e8pooca per a l&#8217;escola, gr\u00e0cies a aquesta ampliaci\u00f3.<\/p>\n<\/div>\n<div id=\"comp-ieptiko6\" class=\"wp2\" title=\"flecha-azul-hacia-arriba_17-526113150.jpg\" data-is-responsive=\"false\" data-display-mode=\"fill\" data-content-padding-horizontal=\"0\" data-content-padding-vertical=\"0\" data-exact-height=\"71\"><\/div>\n<p>&nbsp;<\/p>\n<p>&nbsp;<\/p>\n<p>&nbsp;<\/p>\n","protected":false},"excerpt":{"rendered":"<p>L&#8217;Escola d&#8217;Educaci\u00f3 Infantil i Prim\u00e0ria Jaume Balmes t\u00e9 200 anys d&#8217;hist\u00f2ria. Per aquesta han passat alumnes que ara s\u00f3n professors al mateix centre i altres que, pels seus estudis o feina, s\u00f3n fora. Durant el S. XVIII, gent procedent d&#8217;altres indrets\u00a0-sobretot tortosins- s&#8217;havien anat establint dins del que avui \u00e9s el terme municipal de Santa [&hellip;]<\/p>\n","protected":false},"author":1,"featured_media":0,"parent":22,"menu_order":20,"comment_status":"closed","ping_status":"closed","template":"page-templates\/side-menu.php","meta":{"_bbp_topic_count":0,"_bbp_reply_count":0,"_bbp_total_topic_count":0,"_bbp_total_reply_count":0,"_bbp_voice_count":0,"_bbp_anonymous_reply_count":0,"_bbp_topic_count_hidden":0,"_bbp_reply_count_hidden":0,"_bbp_forum_subforum_count":0,"site-sidebar-layout":"default","site-content-layout":"","ast-site-content-layout":"","site-content-style":"default","site-sidebar-style":"default","ast-global-header-display":"","ast-banner-title-visibility":"","ast-main-header-display":"","ast-hfb-above-header-display":"","ast-hfb-below-header-display":"","ast-hfb-mobile-header-display":"","site-post-title":"","ast-breadcrumbs-content":"","ast-featured-img":"","footer-sml-layout":"","theme-transparent-header-meta":"","adv-header-id-meta":"","stick-header-meta":"","header-above-stick-meta":"","header-main-stick-meta":"","header-below-stick-meta":"","astra-migrate-meta-layouts":"default","ast-page-background-enabled":"default","ast-page-background-meta":{"desktop":{"background-color":"var(--ast-global-color-4)","background-image":"","background-repeat":"repeat","background-position":"center center","background-size":"auto","background-attachment":"scroll","background-type":"","background-media":"","overlay-type":"","overlay-color":"","overlay-opacity":"","overlay-gradient":""},"tablet":{"background-color":"","background-image":"","background-repeat":"repeat","background-position":"center center","background-size":"auto","background-attachment":"scroll","background-type":"","background-media":"","overlay-type":"","overlay-color":"","overlay-opacity":"","overlay-gradient":""},"mobile":{"background-color":"","background-image":"","background-repeat":"repeat","background-position":"center center","background-size":"auto","background-attachment":"scroll","background-type":"","background-media":"","overlay-type":"","overlay-color":"","overlay-opacity":"","overlay-gradient":""}},"ast-content-background-meta":{"desktop":{"background-color":"var(--ast-global-color-5)","background-image":"","background-repeat":"repeat","background-position":"center center","background-size":"auto","background-attachment":"scroll","background-type":"","background-media":"","overlay-type":"","overlay-color":"","overlay-opacity":"","overlay-gradient":""},"tablet":{"background-color":"var(--ast-global-color-5)","background-image":"","background-repeat":"repeat","background-position":"center center","background-size":"auto","background-attachment":"scroll","background-type":"","background-media":"","overlay-type":"","overlay-color":"","overlay-opacity":"","overlay-gradient":""},"mobile":{"background-color":"var(--ast-global-color-5)","background-image":"","background-repeat":"repeat","background-position":"center center","background-size":"auto","background-attachment":"scroll","background-type":"","background-media":"","overlay-type":"","overlay-color":"","overlay-opacity":"","overlay-gradient":""}},"footnotes":""},"class_list":["post-26","page","type-page","status-publish","hentry"],"post_mailing_queue_ids":[],"_links":{"self":[{"href":"https:\/\/agora.xtec.cat\/escjaumebalmessb\/wp-json\/wp\/v2\/pages\/26","targetHints":{"allow":["GET"]}}],"collection":[{"href":"https:\/\/agora.xtec.cat\/escjaumebalmessb\/wp-json\/wp\/v2\/pages"}],"about":[{"href":"https:\/\/agora.xtec.cat\/escjaumebalmessb\/wp-json\/wp\/v2\/types\/page"}],"author":[{"embeddable":true,"href":"https:\/\/agora.xtec.cat\/escjaumebalmessb\/wp-json\/wp\/v2\/users\/1"}],"replies":[{"embeddable":true,"href":"https:\/\/agora.xtec.cat\/escjaumebalmessb\/wp-json\/wp\/v2\/comments?post=26"}],"version-history":[{"count":4,"href":"https:\/\/agora.xtec.cat\/escjaumebalmessb\/wp-json\/wp\/v2\/pages\/26\/revisions"}],"predecessor-version":[{"id":489,"href":"https:\/\/agora.xtec.cat\/escjaumebalmessb\/wp-json\/wp\/v2\/pages\/26\/revisions\/489"}],"up":[{"embeddable":true,"href":"https:\/\/agora.xtec.cat\/escjaumebalmessb\/wp-json\/wp\/v2\/pages\/22"}],"wp:attachment":[{"href":"https:\/\/agora.xtec.cat\/escjaumebalmessb\/wp-json\/wp\/v2\/media?parent=26"}],"curies":[{"name":"wp","href":"https:\/\/api.w.org\/{rel}","templated":true}]}}