{"id":22,"date":"2014-09-18T12:19:57","date_gmt":"2014-09-18T11:19:57","guid":{"rendered":"http:\/\/agora.xtec.cat\/escjaumebalmessb\/?page_id=22"},"modified":"2020-02-04T15:18:47","modified_gmt":"2020-02-04T14:18:47","slug":"lescola","status":"publish","type":"page","link":"https:\/\/agora.xtec.cat\/escjaumebalmessb\/lescola\/","title":{"rendered":"L&#8217;escola"},"content":{"rendered":"<div id=\"comp-ieoarbra\" class=\"txtNew\" data-packed=\"true\">\n<h4 class=\"font_4\">Benvolgudes fam\u00edlies,<\/h4>\n<\/div>\n<div id=\"WRchTxt0-1b6t\" class=\"txtNew\" data-packed=\"true\">\n<p class=\"font_8\">\n<p class=\"font_8\" style=\"text-align: left;\">Heu entrat a la p\u00e0gina web de la nostra escola, l\u2019Escola Jaume Balmes. Amb aquest nou espai a la xarxa volem connectar el nostre centre amb les fam\u00edlies i tota aquella gent interessada en saber una miqueta m\u00e9s de les activitats que en ell hi realitzem i establir un canal interactiu mitjan\u00e7ant el qual poder comunicar-nos i descarregar documents d&#8217;inter\u00e8s o informaci\u00f3 adequada per a qualsevol tramitaci\u00f3 que necessiteu fer.<\/p>\n<p class=\"font_8\">Et convidem a que naveguis i facis un recorregut per con\u00e8ixer el que fan els xiquets i xiquetes al nostre centre educatiu.<\/p>\n<p class=\"font_8\">Educar no \u00e9s cosa d\u2019un dia, una setmana o un any; s\u2019educa tota la vida de la mateixa manera que ens formem durant tota la vida i, segurament, l\u2019escola \u00e9s el lloc on els xiquets i les xiquetes passen molt\u00edssimes hores i el lloc del qual s\u2019emporten una gran motxilla plena d\u2019experi\u00e8ncies, tant a nivell acad\u00e8mic com hum\u00e0.<\/p>\n<p class=\"font_8\">Aix\u00ed doncs, us convidem a con\u00e8ixer les nostres activitats, a endinsar-vos en el nostre projecte pedag\u00f2gic i a gaudir de la nostra escola mitjan\u00e7ant les not\u00edcies, les fotografies, els blocs i totes aquestes pinzellades que us volem oferir amb aquesta web.<\/p>\n<p class=\"font_8\">Si encara us queden dubtes, restem a la vostra disposici\u00f3.<\/p>\n<p class=\"font_8\" style=\"text-align: left;\">Atentament,<\/p>\n<p class=\"font_8\">ESCOLA JAUME BALMES<\/p>\n<\/div>\n","protected":false},"excerpt":{"rendered":"<p>Benvolgudes fam\u00edlies, Heu entrat a la p\u00e0gina web de la nostra escola, l\u2019Escola Jaume Balmes. Amb aquest nou espai a la xarxa volem connectar el nostre centre amb les fam\u00edlies i tota aquella gent interessada en saber una miqueta m\u00e9s de les activitats que en ell hi realitzem i establir un canal interactiu mitjan\u00e7ant el [&hellip;]<\/p>\n","protected":false},"author":1,"featured_media":0,"parent":0,"menu_order":0,"comment_status":"closed","ping_status":"closed","template":"page-templates\/side-menu.php","meta":{"_bbp_topic_count":0,"_bbp_reply_count":0,"_bbp_total_topic_count":0,"_bbp_total_reply_count":0,"_bbp_voice_count":0,"_bbp_anonymous_reply_count":0,"_bbp_topic_count_hidden":0,"_bbp_reply_count_hidden":0,"_bbp_forum_subforum_count":0,"site-sidebar-layout":"default","site-content-layout":"","ast-site-content-layout":"","site-content-style":"default","site-sidebar-style":"default","ast-global-header-display":"","ast-banner-title-visibility":"","ast-main-header-display":"","ast-hfb-above-header-display":"","ast-hfb-below-header-display":"","ast-hfb-mobile-header-display":"","site-post-title":"","ast-breadcrumbs-content":"","ast-featured-img":"","footer-sml-layout":"","theme-transparent-header-meta":"","adv-header-id-meta":"","stick-header-meta":"","header-above-stick-meta":"","header-main-stick-meta":"","header-below-stick-meta":"","astra-migrate-meta-layouts":"default","ast-page-background-enabled":"default","ast-page-background-meta":{"desktop":{"background-color":"var(--ast-global-color-4)","background-image":"","background-repeat":"repeat","background-position":"center center","background-size":"auto","background-attachment":"scroll","background-type":"","background-media":"","overlay-type":"","overlay-color":"","overlay-opacity":"","overlay-gradient":""},"tablet":{"background-color":"","background-image":"","background-repeat":"repeat","background-position":"center center","background-size":"auto","background-attachment":"scroll","background-type":"","background-media":"","overlay-type":"","overlay-color":"","overlay-opacity":"","overlay-gradient":""},"mobile":{"background-color":"","background-image":"","background-repeat":"repeat","background-position":"center center","background-size":"auto","background-attachment":"scroll","background-type":"","background-media":"","overlay-type":"","overlay-color":"","overlay-opacity":"","overlay-gradient":""}},"ast-content-background-meta":{"desktop":{"background-color":"var(--ast-global-color-5)","background-image":"","background-repeat":"repeat","background-position":"center center","background-size":"auto","background-attachment":"scroll","background-type":"","background-media":"","overlay-type":"","overlay-color":"","overlay-opacity":"","overlay-gradient":""},"tablet":{"background-color":"var(--ast-global-color-5)","background-image":"","background-repeat":"repeat","background-position":"center center","background-size":"auto","background-attachment":"scroll","background-type":"","background-media":"","overlay-type":"","overlay-color":"","overlay-opacity":"","overlay-gradient":""},"mobile":{"background-color":"var(--ast-global-color-5)","background-image":"","background-repeat":"repeat","background-position":"center center","background-size":"auto","background-attachment":"scroll","background-type":"","background-media":"","overlay-type":"","overlay-color":"","overlay-opacity":"","overlay-gradient":""}},"footnotes":""},"class_list":["post-22","page","type-page","status-publish","hentry"],"post_mailing_queue_ids":[],"_links":{"self":[{"href":"https:\/\/agora.xtec.cat\/escjaumebalmessb\/wp-json\/wp\/v2\/pages\/22","targetHints":{"allow":["GET"]}}],"collection":[{"href":"https:\/\/agora.xtec.cat\/escjaumebalmessb\/wp-json\/wp\/v2\/pages"}],"about":[{"href":"https:\/\/agora.xtec.cat\/escjaumebalmessb\/wp-json\/wp\/v2\/types\/page"}],"author":[{"embeddable":true,"href":"https:\/\/agora.xtec.cat\/escjaumebalmessb\/wp-json\/wp\/v2\/users\/1"}],"replies":[{"embeddable":true,"href":"https:\/\/agora.xtec.cat\/escjaumebalmessb\/wp-json\/wp\/v2\/comments?post=22"}],"version-history":[{"count":1,"href":"https:\/\/agora.xtec.cat\/escjaumebalmessb\/wp-json\/wp\/v2\/pages\/22\/revisions"}],"predecessor-version":[{"id":475,"href":"https:\/\/agora.xtec.cat\/escjaumebalmessb\/wp-json\/wp\/v2\/pages\/22\/revisions\/475"}],"wp:attachment":[{"href":"https:\/\/agora.xtec.cat\/escjaumebalmessb\/wp-json\/wp\/v2\/media?parent=22"}],"curies":[{"name":"wp","href":"https:\/\/api.w.org\/{rel}","templated":true}]}}