{"id":73,"date":"2014-09-18T14:01:51","date_gmt":"2014-09-18T13:01:51","guid":{"rendered":"http:\/\/agora.xtec.cat\/escjaume1rllivia\/?page_id=73"},"modified":"2025-09-29T13:13:37","modified_gmt":"2025-09-29T11:13:37","slug":"menjador-escolar","status":"publish","type":"page","link":"https:\/\/agora.xtec.cat\/escjaume1rllivia\/serveis\/menjador-escolar\/","title":{"rendered":"Menjador escolar"},"content":{"rendered":"<p>El servei de menjador est\u00e0 gestionat per l\u2019 empresa de c\u00e0tering Aramark i el Consell Comarcal.<\/p>\n<p><strong>Horari del servei:<\/strong> 12.30h a les 14.30h<br \/>\n<strong>Torns de menjador:<\/strong> Torns seguits<br \/>\n<strong>Men\u00fas:<\/strong> L\u00ednia transportada d\u00b4elaboraci\u00f3 di\u00e0ria, freda. Men\u00fas inclosos en el<br \/>\nprojecte \u201cmengem d\u00b4aqu\u00ed\u201d<a href=\"http:\/\/mengemdaqui.com\/index.php\/projecte\/\">http:\/\/mengemdaqui.com\/index.php\/projecte\/<\/a><\/p>\n<ul>\n<li>Es respecta el temps que necessita cada alumne per a cada \u00e0pat.<\/li>\n<li>El rentat de dents, es portar\u00e0 cada dia el raspall i la pasta de dents en un estoig tancat, que es retornar\u00e0 a casa. Si detectem algun estoig que no compleix les normes d\u00b4higiene, es comunicar\u00e0 a la fam\u00edlia. \u00c9s molt important que estigui en bon estat d\u00b4higiene, que el raspall estigui sec i la pasta de dents tancada i neta.<\/li>\n<li>Es treballen els diferents h\u00e0bits tant alimentaris com d\u2019aprenentatge, per edat i per grup.<\/li>\n<li>Els nens\/es que necessitem algun tipus de men\u00fa espec\u00edfic, hauran de presentar l\u00b4informe m\u00e8dic.<\/li>\n<\/ul>\n<p><strong>Activitats<\/strong>: Realitzarem activitats l\u00fadiques un cop finalitzada l\u2019estona de dinar de l\u2019espai migdia.<br \/>\n&#8211; Aquestes activitats es planificaran per mitj\u00e0 de programacions setmanals, respectant<br \/>\nen tot moment la l\u00ednia educativa de l\u2019escola i tenint presents les festivitats i es faran<br \/>\narribar a totes les fam\u00edlies pels canals de comunicaci\u00f3 habituals.<br \/>\n&#8211; Les diferents activitats estan pensades per a cada grup d\u00b4edat i les seves necessitats, a<br \/>\nm\u00e9s a m\u00e9s per tal de tenir en compte les opinions dels propis infants, realitzem<br \/>\nassemblees on poden fer propostes d\u2019activitats que tenim en compte.<br \/>\n&#8211; Intentem fer el temps del migdia el m\u00e9s semblant a l\u2019estada a casa, temps de<br \/>\ndesconnexi\u00f3 de les tasques escolars, temps de relaxaci\u00f3 amb activitats exclusivament<br \/>\nl\u00fadiques i sobretot de gesti\u00f3 del seu temps.<br \/>\n&#8211; Els nens\/es d&#8217;I3 despr\u00e9s de dinar, faran activitats per fomentar el seu descans.<\/p>\n<p><strong>Formes d\u00b4utilitzaci\u00f3:<\/strong><br \/>\n** Tots els usuaris del menjador escolar aquest any, per poder utilitzar el servei s\u00b4han de donar d\u00b4alta a la web <a href=\"https:\/\/www.elgustdecreixer.cat\/\">https:\/\/www.elgustdecreixer.cat\/<\/a>. Si no tenim la inscripci\u00f3 NO PODRAN UTILITZAR EL SERVEI. Podeu tamb\u00e9 consultar els men\u00fas<\/p>\n<p><span style=\"font-weight: 400;\">El preu de l\u2019\u00e0pat per aquest curs \u00e9s de 6,87 \u20ac els fixes i 7,56 \u20ac els eventuals.<\/span><\/p>\n<p><span style=\"font-weight: 400;\">El Consell Comarcal de la Cerdanya subvenciona els alumnes que reuneixen els requisits necessaris per accedir als ajuts (beques menjador).<\/span><\/p>\n<p>\u2022 En cas de no utilitzar el servei i avisant abans de les 9h:00 del mateix dia, es descomptar\u00e0 a partir del 1r, 2n i 3r dia de falta avisada consecutiva \u2013 2, 30\u20ac a partir del 4rt consecutiu avisat, es descomptar\u00e0 el 100%.<br \/>\n\u2022 Les devolucions que es puguin generar, es veuran reflectides en el rebut del mes .<\/p>\n","protected":false},"excerpt":{"rendered":"<p>El servei de menjador est\u00e0 gestionat per l\u2019 empresa de c\u00e0tering Aramark i el Consell Comarcal. Horari del servei: 12.30h a les 14.30h Torns de menjador: Torns seguits Men\u00fas: L\u00ednia transportada d\u00b4elaboraci\u00f3 di\u00e0ria, freda. Men\u00fas inclosos en el projecte \u201cmengem d\u00b4aqu\u00ed\u201dhttp:\/\/mengemdaqui.com\/index.php\/projecte\/ Es respecta el temps que necessita cada alumne per a cada \u00e0pat. El rentat [&hellip;]<\/p>\n","protected":false},"author":1,"featured_media":0,"parent":66,"menu_order":30,"comment_status":"closed","ping_status":"closed","template":"","meta":{"_bbp_topic_count":0,"_bbp_reply_count":0,"_bbp_total_topic_count":0,"_bbp_total_reply_count":0,"_bbp_voice_count":0,"_bbp_anonymous_reply_count":0,"_bbp_topic_count_hidden":0,"_bbp_reply_count_hidden":0,"_bbp_forum_subforum_count":0,"site-sidebar-layout":"default","site-content-layout":"","ast-site-content-layout":"default","site-content-style":"default","site-sidebar-style":"default","ast-global-header-display":"","ast-banner-title-visibility":"","ast-main-header-display":"","ast-hfb-above-header-display":"","ast-hfb-below-header-display":"","ast-hfb-mobile-header-display":"","site-post-title":"","ast-breadcrumbs-content":"","ast-featured-img":"","footer-sml-layout":"","theme-transparent-header-meta":"","adv-header-id-meta":"","stick-header-meta":"","header-above-stick-meta":"","header-main-stick-meta":"","header-below-stick-meta":"","astra-migrate-meta-layouts":"set","ast-page-background-enabled":"default","ast-page-background-meta":{"desktop":{"background-color":"var(--ast-global-color-4)","background-image":"","background-repeat":"repeat","background-position":"center center","background-size":"auto","background-attachment":"scroll","background-type":"","background-media":"","overlay-type":"","overlay-color":"","overlay-opacity":"","overlay-gradient":""},"tablet":{"background-color":"","background-image":"","background-repeat":"repeat","background-position":"center center","background-size":"auto","background-attachment":"scroll","background-type":"","background-media":"","overlay-type":"","overlay-color":"","overlay-opacity":"","overlay-gradient":""},"mobile":{"background-color":"","background-image":"","background-repeat":"repeat","background-position":"center center","background-size":"auto","background-attachment":"scroll","background-type":"","background-media":"","overlay-type":"","overlay-color":"","overlay-opacity":"","overlay-gradient":""}},"ast-content-background-meta":{"desktop":{"background-color":"var(--ast-global-color-5)","background-image":"","background-repeat":"repeat","background-position":"center center","background-size":"auto","background-attachment":"scroll","background-type":"","background-media":"","overlay-type":"","overlay-color":"","overlay-opacity":"","overlay-gradient":""},"tablet":{"background-color":"var(--ast-global-color-5)","background-image":"","background-repeat":"repeat","background-position":"center center","background-size":"auto","background-attachment":"scroll","background-type":"","background-media":"","overlay-type":"","overlay-color":"","overlay-opacity":"","overlay-gradient":""},"mobile":{"background-color":"var(--ast-global-color-5)","background-image":"","background-repeat":"repeat","background-position":"center center","background-size":"auto","background-attachment":"scroll","background-type":"","background-media":"","overlay-type":"","overlay-color":"","overlay-opacity":"","overlay-gradient":""}},"footnotes":""},"class_list":["post-73","page","type-page","status-publish","hentry"],"post_mailing_queue_ids":[],"_links":{"self":[{"href":"https:\/\/agora.xtec.cat\/escjaume1rllivia\/wp-json\/wp\/v2\/pages\/73","targetHints":{"allow":["GET"]}}],"collection":[{"href":"https:\/\/agora.xtec.cat\/escjaume1rllivia\/wp-json\/wp\/v2\/pages"}],"about":[{"href":"https:\/\/agora.xtec.cat\/escjaume1rllivia\/wp-json\/wp\/v2\/types\/page"}],"author":[{"embeddable":true,"href":"https:\/\/agora.xtec.cat\/escjaume1rllivia\/wp-json\/wp\/v2\/users\/1"}],"replies":[{"embeddable":true,"href":"https:\/\/agora.xtec.cat\/escjaume1rllivia\/wp-json\/wp\/v2\/comments?post=73"}],"version-history":[{"count":6,"href":"https:\/\/agora.xtec.cat\/escjaume1rllivia\/wp-json\/wp\/v2\/pages\/73\/revisions"}],"predecessor-version":[{"id":5278,"href":"https:\/\/agora.xtec.cat\/escjaume1rllivia\/wp-json\/wp\/v2\/pages\/73\/revisions\/5278"}],"up":[{"embeddable":true,"href":"https:\/\/agora.xtec.cat\/escjaume1rllivia\/wp-json\/wp\/v2\/pages\/66"}],"wp:attachment":[{"href":"https:\/\/agora.xtec.cat\/escjaume1rllivia\/wp-json\/wp\/v2\/media?parent=73"}],"curies":[{"name":"wp","href":"https:\/\/api.w.org\/{rel}","templated":true}]}}