{"id":38,"date":"2014-09-18T12:34:08","date_gmt":"2014-09-18T11:34:08","guid":{"rendered":"http:\/\/agora.xtec.cat\/escjaume1rllivia\/?page_id=38"},"modified":"2025-09-29T13:29:48","modified_gmt":"2025-09-29T11:29:48","slug":"salut","status":"publish","type":"page","link":"https:\/\/agora.xtec.cat\/escjaume1rllivia\/lescola\/salut\/","title":{"rendered":"Salut"},"content":{"rendered":"<p>Us deixem informaci\u00f3 de com actuar en cas de Conjuntivitis i polls .<\/p>\n<p>*CONJUNTIVITIS: <span style=\"font-weight: 400;\">La conjuntivitis \u00e9s una inflamaci\u00f3 de la conjuntiva (la membrana que recobreix l\u2019ull) que\u00a0 pot \u00a0 ser d\u2019origen v\u00edric, bacteri\u00e0 o al\u00b7l\u00e8rgic. En el cas de la conjuntivitis infecciosa (v\u00edrica o\u00a0 bacteriana), \u00a0 \u00e9s altament contagiosa i pot afectar r\u00e0pidament altres infants. Podeu consultar les recomanacions del Deparpament d&#8217; Educaci\u00f3 : <\/span><a href=\"https:\/\/canalsalut.gencat.cat\/ca\/salut-a-z\/c\/conjuntivitis\/\">Protocol de conjuntivitis<\/a><\/p>\n<p>*INFESTACI\u00d3 DE POLLS: <span style=\"font-weight: 400;\">L\u2019escola \u00e9s un lloc on la pres\u00e8ncia de polls al cap pot ser freq\u00fcent, ja que la conviv\u00e8ncia de molts infants n\u2019afavoreix la difusi\u00f3, malgrat que les fam\u00edlies i les mestres ens preocupem per evitar-ho. Us recordem que els polls del cap no transmeten malalties i no s\u00f3n cap risc per la salut, per\u00f2 conv\u00e9 eliminar-los. Aqu\u00ed teniu l&#8217; enla\u00e7 del\u00a0 <\/span><a href=\"https:\/\/canalsalut.gencat.cat\/ca\/detalls\/article\/Polls-00001\">Protocol de polls<\/a><\/p>\n","protected":false},"excerpt":{"rendered":"<p>Us deixem informaci\u00f3 de com actuar en cas de Conjuntivitis i polls . *CONJUNTIVITIS: La conjuntivitis \u00e9s una inflamaci\u00f3 de la conjuntiva (la membrana que recobreix l\u2019ull) que\u00a0 pot \u00a0 ser d\u2019origen v\u00edric, bacteri\u00e0 o al\u00b7l\u00e8rgic. En el cas de la conjuntivitis infecciosa (v\u00edrica o\u00a0 bacteriana), \u00a0 \u00e9s altament contagiosa i pot afectar r\u00e0pidament altres [&hellip;]<\/p>\n","protected":false},"author":1,"featured_media":0,"parent":22,"menu_order":80,"comment_status":"closed","ping_status":"closed","template":"","meta":{"_bbp_topic_count":0,"_bbp_reply_count":0,"_bbp_total_topic_count":0,"_bbp_total_reply_count":0,"_bbp_voice_count":0,"_bbp_anonymous_reply_count":0,"_bbp_topic_count_hidden":0,"_bbp_reply_count_hidden":0,"_bbp_forum_subforum_count":0,"site-sidebar-layout":"default","site-content-layout":"","ast-site-content-layout":"default","site-content-style":"default","site-sidebar-style":"default","ast-global-header-display":"","ast-banner-title-visibility":"","ast-main-header-display":"","ast-hfb-above-header-display":"","ast-hfb-below-header-display":"","ast-hfb-mobile-header-display":"","site-post-title":"","ast-breadcrumbs-content":"","ast-featured-img":"","footer-sml-layout":"","theme-transparent-header-meta":"","adv-header-id-meta":"","stick-header-meta":"","header-above-stick-meta":"","header-main-stick-meta":"","header-below-stick-meta":"","astra-migrate-meta-layouts":"set","ast-page-background-enabled":"default","ast-page-background-meta":{"desktop":{"background-color":"var(--ast-global-color-4)","background-image":"","background-repeat":"repeat","background-position":"center center","background-size":"auto","background-attachment":"scroll","background-type":"","background-media":"","overlay-type":"","overlay-color":"","overlay-opacity":"","overlay-gradient":""},"tablet":{"background-color":"","background-image":"","background-repeat":"repeat","background-position":"center center","background-size":"auto","background-attachment":"scroll","background-type":"","background-media":"","overlay-type":"","overlay-color":"","overlay-opacity":"","overlay-gradient":""},"mobile":{"background-color":"","background-image":"","background-repeat":"repeat","background-position":"center center","background-size":"auto","background-attachment":"scroll","background-type":"","background-media":"","overlay-type":"","overlay-color":"","overlay-opacity":"","overlay-gradient":""}},"ast-content-background-meta":{"desktop":{"background-color":"var(--ast-global-color-5)","background-image":"","background-repeat":"repeat","background-position":"center center","background-size":"auto","background-attachment":"scroll","background-type":"","background-media":"","overlay-type":"","overlay-color":"","overlay-opacity":"","overlay-gradient":""},"tablet":{"background-color":"var(--ast-global-color-5)","background-image":"","background-repeat":"repeat","background-position":"center center","background-size":"auto","background-attachment":"scroll","background-type":"","background-media":"","overlay-type":"","overlay-color":"","overlay-opacity":"","overlay-gradient":""},"mobile":{"background-color":"var(--ast-global-color-5)","background-image":"","background-repeat":"repeat","background-position":"center center","background-size":"auto","background-attachment":"scroll","background-type":"","background-media":"","overlay-type":"","overlay-color":"","overlay-opacity":"","overlay-gradient":""}},"footnotes":""},"class_list":["post-38","page","type-page","status-publish","hentry"],"post_mailing_queue_ids":[],"_links":{"self":[{"href":"https:\/\/agora.xtec.cat\/escjaume1rllivia\/wp-json\/wp\/v2\/pages\/38","targetHints":{"allow":["GET"]}}],"collection":[{"href":"https:\/\/agora.xtec.cat\/escjaume1rllivia\/wp-json\/wp\/v2\/pages"}],"about":[{"href":"https:\/\/agora.xtec.cat\/escjaume1rllivia\/wp-json\/wp\/v2\/types\/page"}],"author":[{"embeddable":true,"href":"https:\/\/agora.xtec.cat\/escjaume1rllivia\/wp-json\/wp\/v2\/users\/1"}],"replies":[{"embeddable":true,"href":"https:\/\/agora.xtec.cat\/escjaume1rllivia\/wp-json\/wp\/v2\/comments?post=38"}],"version-history":[{"count":4,"href":"https:\/\/agora.xtec.cat\/escjaume1rllivia\/wp-json\/wp\/v2\/pages\/38\/revisions"}],"predecessor-version":[{"id":5281,"href":"https:\/\/agora.xtec.cat\/escjaume1rllivia\/wp-json\/wp\/v2\/pages\/38\/revisions\/5281"}],"up":[{"embeddable":true,"href":"https:\/\/agora.xtec.cat\/escjaume1rllivia\/wp-json\/wp\/v2\/pages\/22"}],"wp:attachment":[{"href":"https:\/\/agora.xtec.cat\/escjaume1rllivia\/wp-json\/wp\/v2\/media?parent=38"}],"curies":[{"name":"wp","href":"https:\/\/api.w.org\/{rel}","templated":true}]}}