{"id":36,"date":"2014-09-18T12:33:11","date_gmt":"2014-09-18T11:33:11","guid":{"rendered":"http:\/\/agora.xtec.cat\/escjaume1rllivia\/?page_id=36"},"modified":"2025-09-29T13:34:19","modified_gmt":"2025-09-29T11:34:19","slug":"material-escolar","status":"publish","type":"page","link":"https:\/\/agora.xtec.cat\/escjaume1rllivia\/lescola\/material-escolar\/","title":{"rendered":"Material escolar"},"content":{"rendered":"\n<p>A l&#8217; escola tenim el material socialitzat. Tots els infants treballen amb el material .<\/p>\n\n\n\n<p>Qu\u00e8 \u00e9s el material escolar socialitzat?<\/p>\n\n\n\n<p>-El material socialitzat \u00e9s tot el material escolar que necessiten els infants per treballar a l&#8217;aula i que l&#8217;escola s\u2019encarrega de comprar per a tots els infants. El material socialitzat \u00e9s tota la llista de material que l&#8217;escola us demana que compreu a principi de curs (estoig, llapis, goma, maquineta, bol\u00edgrafs, regle, tisores, cola, colors de fusta, retoladors, carpetes, llibretes, compas, material de pl\u00e0stica&#8230;), tot aquest material \u00e9s d&#8217;\u00fas col\u00b7lectiu de l&#8217;aula i el compra l&#8217;escola. Cada infant t\u00e9 un estoig, igual per a tothom, amb el seu material, que se li reposar\u00e0 en cas que se li acabi o el perdi i cada infant haur\u00e0 de tenir cura del seu estoig. Cada aula t\u00e9 els colors de fusta, retoladors, &#8220;plastidecors&#8221;, cola, regles, comp\u00e0s, etc&#8230; organitzats en pots o safates a disposici\u00f3 dels infants. La tutora o tutor s\u00f3n els encarregats de reposar el material d&#8217;aula i de cada infant si ho necessita.<\/p>\n\n\n\n<p>&#8211; El material socialitzat \u00e9s un material d&#8217;\u00fas com\u00fa que entre totes i tots se n&#8217;ha de tenir cura i mantenir.<\/p>\n\n\n\n<p>&#8211; Els infants no han de portar cap tipus de material de casa (tret de la motxilla i algun material concret que puntualment puguin necessitar).<\/p>\n\n\n\n<p>Qu\u00e8 es pret\u00e9n amb el material socialitzat?<\/p>\n\n\n\n<p>&#8211; Que tots els infants tinguin des del primer dia el material necessari per a treballar a l&#8217;aula.<\/p>\n\n\n\n<p>&#8211; Evitar que el material que utilitzen els infants sigui motiu de difer\u00e8ncies socials.<\/p>\n\n\n\n<p>&#8211; Estalviar costos i temps a les fam\u00edlies.<\/p>\n\n\n\n<p><\/p>\n\n\n\n<p><\/p>\n","protected":false},"excerpt":{"rendered":"<p>A l&#8217; escola tenim el material socialitzat. Tots els infants treballen amb el material . Qu\u00e8 \u00e9s el material escolar socialitzat? -El material socialitzat \u00e9s tot el material escolar que necessiten els infants per treballar a l&#8217;aula i que l&#8217;escola s\u2019encarrega de comprar per a tots els infants. El material socialitzat \u00e9s tota la llista [&hellip;]<\/p>\n","protected":false},"author":1,"featured_media":0,"parent":22,"menu_order":70,"comment_status":"closed","ping_status":"closed","template":"","meta":{"_bbp_topic_count":0,"_bbp_reply_count":0,"_bbp_total_topic_count":0,"_bbp_total_reply_count":0,"_bbp_voice_count":0,"_bbp_anonymous_reply_count":0,"_bbp_topic_count_hidden":0,"_bbp_reply_count_hidden":0,"_bbp_forum_subforum_count":0,"site-sidebar-layout":"default","site-content-layout":"","ast-site-content-layout":"default","site-content-style":"default","site-sidebar-style":"default","ast-global-header-display":"","ast-banner-title-visibility":"","ast-main-header-display":"","ast-hfb-above-header-display":"","ast-hfb-below-header-display":"","ast-hfb-mobile-header-display":"","site-post-title":"","ast-breadcrumbs-content":"","ast-featured-img":"","footer-sml-layout":"","theme-transparent-header-meta":"","adv-header-id-meta":"","stick-header-meta":"","header-above-stick-meta":"","header-main-stick-meta":"","header-below-stick-meta":"","astra-migrate-meta-layouts":"set","ast-page-background-enabled":"default","ast-page-background-meta":{"desktop":{"background-color":"var(--ast-global-color-4)","background-image":"","background-repeat":"repeat","background-position":"center center","background-size":"auto","background-attachment":"scroll","background-type":"","background-media":"","overlay-type":"","overlay-color":"","overlay-opacity":"","overlay-gradient":""},"tablet":{"background-color":"","background-image":"","background-repeat":"repeat","background-position":"center center","background-size":"auto","background-attachment":"scroll","background-type":"","background-media":"","overlay-type":"","overlay-color":"","overlay-opacity":"","overlay-gradient":""},"mobile":{"background-color":"","background-image":"","background-repeat":"repeat","background-position":"center center","background-size":"auto","background-attachment":"scroll","background-type":"","background-media":"","overlay-type":"","overlay-color":"","overlay-opacity":"","overlay-gradient":""}},"ast-content-background-meta":{"desktop":{"background-color":"var(--ast-global-color-5)","background-image":"","background-repeat":"repeat","background-position":"center center","background-size":"auto","background-attachment":"scroll","background-type":"","background-media":"","overlay-type":"","overlay-color":"","overlay-opacity":"","overlay-gradient":""},"tablet":{"background-color":"var(--ast-global-color-5)","background-image":"","background-repeat":"repeat","background-position":"center center","background-size":"auto","background-attachment":"scroll","background-type":"","background-media":"","overlay-type":"","overlay-color":"","overlay-opacity":"","overlay-gradient":""},"mobile":{"background-color":"var(--ast-global-color-5)","background-image":"","background-repeat":"repeat","background-position":"center center","background-size":"auto","background-attachment":"scroll","background-type":"","background-media":"","overlay-type":"","overlay-color":"","overlay-opacity":"","overlay-gradient":""}},"footnotes":""},"class_list":["post-36","page","type-page","status-publish","hentry"],"post_mailing_queue_ids":[],"_links":{"self":[{"href":"https:\/\/agora.xtec.cat\/escjaume1rllivia\/wp-json\/wp\/v2\/pages\/36","targetHints":{"allow":["GET"]}}],"collection":[{"href":"https:\/\/agora.xtec.cat\/escjaume1rllivia\/wp-json\/wp\/v2\/pages"}],"about":[{"href":"https:\/\/agora.xtec.cat\/escjaume1rllivia\/wp-json\/wp\/v2\/types\/page"}],"author":[{"embeddable":true,"href":"https:\/\/agora.xtec.cat\/escjaume1rllivia\/wp-json\/wp\/v2\/users\/1"}],"replies":[{"embeddable":true,"href":"https:\/\/agora.xtec.cat\/escjaume1rllivia\/wp-json\/wp\/v2\/comments?post=36"}],"version-history":[{"count":5,"href":"https:\/\/agora.xtec.cat\/escjaume1rllivia\/wp-json\/wp\/v2\/pages\/36\/revisions"}],"predecessor-version":[{"id":5283,"href":"https:\/\/agora.xtec.cat\/escjaume1rllivia\/wp-json\/wp\/v2\/pages\/36\/revisions\/5283"}],"up":[{"embeddable":true,"href":"https:\/\/agora.xtec.cat\/escjaume1rllivia\/wp-json\/wp\/v2\/pages\/22"}],"wp:attachment":[{"href":"https:\/\/agora.xtec.cat\/escjaume1rllivia\/wp-json\/wp\/v2\/media?parent=36"}],"curies":[{"name":"wp","href":"https:\/\/api.w.org\/{rel}","templated":true}]}}