{"id":2260,"date":"2019-10-14T11:43:22","date_gmt":"2019-10-14T09:43:22","guid":{"rendered":"http:\/\/agora.xtec.cat\/escjaume1rllivia\/?page_id=2260"},"modified":"2026-03-15T15:24:50","modified_gmt":"2026-03-15T14:24:50","slug":"projecte-educatiu","status":"publish","type":"page","link":"https:\/\/agora.xtec.cat\/escjaume1rllivia\/projecte-educatiu\/","title":{"rendered":"Projecte d&#8217;escola"},"content":{"rendered":"<p>En aquesta secci\u00f3 hi trobarem les p\u00e0gines necess\u00e0ries per a descriure el projecte\u00a0 de la nostra escola. D\u2019acord amb la <a title=\"Article 91 LEC\" href=\"http:\/\/www20.gencat.cat\/portal\/site\/portaljuridic\/menuitem.d15a4e5dfb99396dc366ec10b0c0e1a0\/?vgnextoid=b85297b5a87d6210VgnVCM1000000b0c1e0aRCRD&amp;vgnextchannel=b85297b5a87d6210VgnVCM1000000b0c1e0aRCRD&amp;vgnextfmt=default&amp;action=fitxa&amp;portalId=1&amp;documentId=480169&amp;newLang=ca_ES#fragment-1182442\" target=\"_blank\" rel=\"noopener noreferrer\">Llei d\u2019Educaci\u00f3 de Catalunya<\/a>, el projecte educatiu incorpora el car\u00e0cter propi del centre.<\/p>\n<p>Aqu\u00ed podeu consultar:<\/p>\n<p>-El PEC de l&#8217;escola. <a href=\"https:\/\/agora.xtec.cat\/escjaume1rllivia\/wp-content\/uploads\/usu1462\/2020\/05\/PEC-20.pdf\">PEC 20<\/a><\/p>\n<p>-Les Normes de conviv\u00e8nvia del centre <a href=\"https:\/\/agora.xtec.cat\/escjaume1rllivia\/wp-content\/uploads\/usu1462\/2021\/02\/normes-cole-.pdf\">normes cole &#8211;<\/a><\/p>\n<p>-Les NOFC(normes d&#8217;organtizaci\u00f3 i funcionament del centre <a href=\"https:\/\/drive.google.com\/file\/d\/1NPS_ccJJC6CtamGyUBVUoogCBSwv3IYA\/view?usp=drive_link\">NOFC<\/a><\/p>\n\n\n<p><\/p>\n","protected":false},"excerpt":{"rendered":"<p>En aquesta secci\u00f3 hi trobarem les p\u00e0gines necess\u00e0ries per a descriure el projecte\u00a0 de la nostra escola. D\u2019acord amb la Llei d\u2019Educaci\u00f3 de Catalunya, el projecte educatiu incorpora el car\u00e0cter propi del centre. Aqu\u00ed podeu consultar: -El PEC de l&#8217;escola. PEC 20 -Les Normes de conviv\u00e8nvia del centre normes cole &#8211; -Les NOFC(normes d&#8217;organtizaci\u00f3 i [&hellip;]<\/p>\n","protected":false},"author":1,"featured_media":0,"parent":0,"menu_order":0,"comment_status":"closed","ping_status":"closed","template":"","meta":{"_bbp_topic_count":0,"_bbp_reply_count":0,"_bbp_total_topic_count":0,"_bbp_total_reply_count":0,"_bbp_voice_count":0,"_bbp_anonymous_reply_count":0,"_bbp_topic_count_hidden":0,"_bbp_reply_count_hidden":0,"_bbp_forum_subforum_count":0,"site-sidebar-layout":"default","site-content-layout":"","ast-site-content-layout":"default","site-content-style":"default","site-sidebar-style":"default","ast-global-header-display":"","ast-banner-title-visibility":"","ast-main-header-display":"","ast-hfb-above-header-display":"","ast-hfb-below-header-display":"","ast-hfb-mobile-header-display":"","site-post-title":"","ast-breadcrumbs-content":"","ast-featured-img":"","footer-sml-layout":"","theme-transparent-header-meta":"","adv-header-id-meta":"","stick-header-meta":"","header-above-stick-meta":"","header-main-stick-meta":"","header-below-stick-meta":"","astra-migrate-meta-layouts":"set","ast-page-background-enabled":"default","ast-page-background-meta":{"desktop":{"background-color":"var(--ast-global-color-4)","background-image":"","background-repeat":"repeat","background-position":"center center","background-size":"auto","background-attachment":"scroll","background-type":"","background-media":"","overlay-type":"","overlay-color":"","overlay-opacity":"","overlay-gradient":""},"tablet":{"background-color":"","background-image":"","background-repeat":"repeat","background-position":"center center","background-size":"auto","background-attachment":"scroll","background-type":"","background-media":"","overlay-type":"","overlay-color":"","overlay-opacity":"","overlay-gradient":""},"mobile":{"background-color":"","background-image":"","background-repeat":"repeat","background-position":"center center","background-size":"auto","background-attachment":"scroll","background-type":"","background-media":"","overlay-type":"","overlay-color":"","overlay-opacity":"","overlay-gradient":""}},"ast-content-background-meta":{"desktop":{"background-color":"var(--ast-global-color-5)","background-image":"","background-repeat":"repeat","background-position":"center center","background-size":"auto","background-attachment":"scroll","background-type":"","background-media":"","overlay-type":"","overlay-color":"","overlay-opacity":"","overlay-gradient":""},"tablet":{"background-color":"var(--ast-global-color-5)","background-image":"","background-repeat":"repeat","background-position":"center center","background-size":"auto","background-attachment":"scroll","background-type":"","background-media":"","overlay-type":"","overlay-color":"","overlay-opacity":"","overlay-gradient":""},"mobile":{"background-color":"var(--ast-global-color-5)","background-image":"","background-repeat":"repeat","background-position":"center center","background-size":"auto","background-attachment":"scroll","background-type":"","background-media":"","overlay-type":"","overlay-color":"","overlay-opacity":"","overlay-gradient":""}},"footnotes":""},"class_list":["post-2260","page","type-page","status-publish","hentry"],"post_mailing_queue_ids":[],"_links":{"self":[{"href":"https:\/\/agora.xtec.cat\/escjaume1rllivia\/wp-json\/wp\/v2\/pages\/2260","targetHints":{"allow":["GET"]}}],"collection":[{"href":"https:\/\/agora.xtec.cat\/escjaume1rllivia\/wp-json\/wp\/v2\/pages"}],"about":[{"href":"https:\/\/agora.xtec.cat\/escjaume1rllivia\/wp-json\/wp\/v2\/types\/page"}],"author":[{"embeddable":true,"href":"https:\/\/agora.xtec.cat\/escjaume1rllivia\/wp-json\/wp\/v2\/users\/1"}],"replies":[{"embeddable":true,"href":"https:\/\/agora.xtec.cat\/escjaume1rllivia\/wp-json\/wp\/v2\/comments?post=2260"}],"version-history":[{"count":3,"href":"https:\/\/agora.xtec.cat\/escjaume1rllivia\/wp-json\/wp\/v2\/pages\/2260\/revisions"}],"predecessor-version":[{"id":5692,"href":"https:\/\/agora.xtec.cat\/escjaume1rllivia\/wp-json\/wp\/v2\/pages\/2260\/revisions\/5692"}],"wp:attachment":[{"href":"https:\/\/agora.xtec.cat\/escjaume1rllivia\/wp-json\/wp\/v2\/media?parent=2260"}],"curies":[{"name":"wp","href":"https:\/\/api.w.org\/{rel}","templated":true}]}}