{"id":642,"date":"2019-11-27T09:14:42","date_gmt":"2019-11-27T08:14:42","guid":{"rendered":"https:\/\/agora.xtec.cat\/escguillemisarn\/?page_id=642"},"modified":"2019-11-27T09:14:42","modified_gmt":"2019-11-27T08:14:42","slug":"torna-la-missio-apilo-xii-a-la-nostra-escola","status":"publish","type":"page","link":"https:\/\/agora.xtec.cat\/escguillemisarn\/torna-la-missio-apilo-xii-a-la-nostra-escola\/","title":{"rendered":"Torna la missi\u00f3 Apilo XII a la nostra escola!"},"content":{"rendered":"<p>Three, two, one\u2026 TORNA LA MISSI\u00d3 APILO XII a la nostra escola!!!<\/p>\n<p>Les dues edicions anteriors han estat tot un \u00e8xit, amb m\u00e9s d\u2019una tona de piles gastades recollides pels alumnes i les seves fam\u00edlies.<\/p>\n<p>Per aquest motiu, aquest curs volem continuar amb aquest projecte de conscienciaci\u00f3 sobre el reciclatge i, per aix\u00f2, necessitem la vostra ajuda. Necessitem que porteu totes les piles o acumuladors el\u00e8ctrics que tingueu per casa i els dipositeu al contenidor que trobareu a l\u2019entrada de l\u2019escola.<\/p>\n<p>\u00c0nims i ajudeu-nos a col\u00b7laborar en aquesta causa!<\/p>\n<blockquote class=\"wp-embedded-content\" data-secret=\"pgEbktkFPD\"><p><a href=\"https:\/\/www.apilo.cat\/a-lescola\/\">A l&#8217;escola<\/a><\/p><\/blockquote>\n<p><iframe loading=\"lazy\" class=\"wp-embedded-content\" sandbox=\"allow-scripts\" security=\"restricted\" style=\"position: absolute; clip: rect(1px, 1px, 1px, 1px);\" title=\"&#8220;A l&#8217;escola&#8221; &#8212; Apilo\" src=\"https:\/\/www.apilo.cat\/a-lescola\/embed\/#?secret=pgEbktkFPD\" data-secret=\"pgEbktkFPD\" width=\"500\" height=\"282\" frameborder=\"0\" marginwidth=\"0\" marginheight=\"0\" scrolling=\"no\"><\/iframe><\/p>\n<p><a href=\"https:\/\/agora.xtec.cat\/escguillemisarn\/wp-content\/uploads\/usu1631\/2019\/11\/missi\u00f3-apilo.jpg\"><img loading=\"lazy\" decoding=\"async\" class=\"alignnone size-full wp-image-643\" src=\"https:\/\/agora.xtec.cat\/escguillemisarn\/wp-content\/uploads\/usu1631\/2019\/11\/missi\u00f3-apilo.jpg\" alt=\"\" width=\"540\" height=\"270\" srcset=\"https:\/\/agora.xtec.cat\/escguillemisarn\/wp-content\/uploads\/usu1631\/2019\/11\/missi\u00f3-apilo.jpg 540w, https:\/\/agora.xtec.cat\/escguillemisarn\/wp-content\/uploads\/usu1631\/2019\/11\/missi\u00f3-apilo-300x150.jpg 300w\" sizes=\"auto, (max-width: 540px) 100vw, 540px\" \/><\/a><\/p>\n","protected":false},"excerpt":{"rendered":"<p>Three, two, one\u2026 TORNA LA MISSI\u00d3 APILO XII a la nostra escola!!!<br \/>\nLes dues edicions anteriors han estat tot un \u00e8xit, amb m\u00e9s d\u2019una tona de piles gastades recollides pels alumnes i les seves fam\u00edlies.<br \/>\nPer aquest motiu, aquest curs volem continuar amb aquest projecte de conscienciaci\u00f3&hellip;  <a href=\"https:\/\/agora.xtec.cat\/escguillemisarn\/torna-la-missio-apilo-xii-a-la-nostra-escola\/\" title=\"Read Torna la missi\u00f3 Apilo XII a la nostra escola!\">Llegeix m\u00e9s\u00bb<\/a><\/p>\n","protected":false},"author":1,"featured_media":0,"parent":0,"menu_order":0,"comment_status":"closed","ping_status":"closed","template":"","meta":{"_bbp_topic_count":0,"_bbp_reply_count":0,"_bbp_total_topic_count":0,"_bbp_total_reply_count":0,"_bbp_voice_count":0,"_bbp_anonymous_reply_count":0,"_bbp_topic_count_hidden":0,"_bbp_reply_count_hidden":0,"_bbp_forum_subforum_count":0,"footnotes":""},"class_list":["post-642","page","type-page","status-publish","hentry"],"post_mailing_queue_ids":[],"_links":{"self":[{"href":"https:\/\/agora.xtec.cat\/escguillemisarn\/wp-json\/wp\/v2\/pages\/642","targetHints":{"allow":["GET"]}}],"collection":[{"href":"https:\/\/agora.xtec.cat\/escguillemisarn\/wp-json\/wp\/v2\/pages"}],"about":[{"href":"https:\/\/agora.xtec.cat\/escguillemisarn\/wp-json\/wp\/v2\/types\/page"}],"author":[{"embeddable":true,"href":"https:\/\/agora.xtec.cat\/escguillemisarn\/wp-json\/wp\/v2\/users\/1"}],"replies":[{"embeddable":true,"href":"https:\/\/agora.xtec.cat\/escguillemisarn\/wp-json\/wp\/v2\/comments?post=642"}],"version-history":[{"count":2,"href":"https:\/\/agora.xtec.cat\/escguillemisarn\/wp-json\/wp\/v2\/pages\/642\/revisions"}],"predecessor-version":[{"id":647,"href":"https:\/\/agora.xtec.cat\/escguillemisarn\/wp-json\/wp\/v2\/pages\/642\/revisions\/647"}],"wp:attachment":[{"href":"https:\/\/agora.xtec.cat\/escguillemisarn\/wp-json\/wp\/v2\/media?parent=642"}],"curies":[{"name":"wp","href":"https:\/\/api.w.org\/{rel}","templated":true}]}}