{"id":36,"date":"2014-09-18T12:33:11","date_gmt":"2014-09-18T10:33:11","guid":{"rendered":"http:\/\/agora.xtec.cat\/escguillemisarn\/?page_id=36"},"modified":"2025-06-26T12:08:06","modified_gmt":"2025-06-26T10:08:06","slug":"material-escolar","status":"publish","type":"page","link":"https:\/\/agora.xtec.cat\/escguillemisarn\/lescola\/material-escolar\/","title":{"rendered":"Material escolar curs 2025 &#8211; 2026"},"content":{"rendered":"<p>Descripci\u00f3 i enumeraci\u00f3 del material escolar que els alumnes i fam\u00edlies necessitaran per al nivell educatiu corresponent, \u00e9s recomanable diferenciar les diferents tipologies de material escolar necessari (llibres de text, lectures, dispositius digitals, material de taller, de dibuix\u2026)<\/p>\n<p><iframe loading=\"lazy\" class=\"scribd_iframe_embed\" tabindex=\"0\" title=\"Material Merged\" src=\"https:\/\/www.scribd.com\/embeds\/880943300\/content?start_page=1&amp;view_mode=scroll&amp;access_key=key-ekjHlSto1CCJfWwySG4N\" width=\"100%\" height=\"600\" frameborder=\"0\" scrolling=\"no\" data-auto-height=\"true\" data-aspect-ratio=\"0.7066666666666667\"><\/iframe><\/p>\n<p style=\"margin: 12px auto 6px auto; font-family: Helvetica,Arial,Sans-serif; font-size: 14px; line-height: normal; display: block;\"><a style=\"color: #098642; text-decoration: underline;\" title=\"View Material Merged on Scribd\" href=\"https:\/\/www.scribd.com\/document\/880943300\/Material-Merged#from_embed\"> Material Merged <\/a> by <a style=\"color: #098642; text-decoration: underline;\" title=\"View Escola Guillem Isarn's profile on Scribd\" href=\"https:\/\/www.scribd.com\/user\/496119401\/Escola-Guillem-Isarn#from_embed\"> Escola Guillem Isarn <\/a><\/p>\n","protected":false},"excerpt":{"rendered":"<p>Descripci\u00f3 i enumeraci\u00f3 del material escolar que els alumnes i fam\u00edlies necessitaran per al nivell educatiu corresponent, \u00e9s recomanable diferenciar les diferents tipologies de material escolar necessari (llibres de text, lectures, dispositius digitals, material de taller, de dibuix\u2026)<\/p>\n<p><a style=\"color: #098642; text-decoration: underline;\" title=\"View Material Merged&hellip;  <a href=\"https:\/\/agora.xtec.cat\/escguillemisarn\/lescola\/material-escolar\/\" title=\"Read Material escolar curs 2025 &#8211; 2026\">Llegeix m\u00e9s\u00bb<\/a><\/p>\n","protected":false},"author":1,"featured_media":0,"parent":22,"menu_order":8,"comment_status":"closed","ping_status":"closed","template":"page-templates\/side-menu.php","meta":{"_bbp_topic_count":0,"_bbp_reply_count":0,"_bbp_total_topic_count":0,"_bbp_total_reply_count":0,"_bbp_voice_count":0,"_bbp_anonymous_reply_count":0,"_bbp_topic_count_hidden":0,"_bbp_reply_count_hidden":0,"_bbp_forum_subforum_count":0,"footnotes":""},"class_list":["post-36","page","type-page","status-publish","hentry"],"post_mailing_queue_ids":[],"_links":{"self":[{"href":"https:\/\/agora.xtec.cat\/escguillemisarn\/wp-json\/wp\/v2\/pages\/36","targetHints":{"allow":["GET"]}}],"collection":[{"href":"https:\/\/agora.xtec.cat\/escguillemisarn\/wp-json\/wp\/v2\/pages"}],"about":[{"href":"https:\/\/agora.xtec.cat\/escguillemisarn\/wp-json\/wp\/v2\/types\/page"}],"author":[{"embeddable":true,"href":"https:\/\/agora.xtec.cat\/escguillemisarn\/wp-json\/wp\/v2\/users\/1"}],"replies":[{"embeddable":true,"href":"https:\/\/agora.xtec.cat\/escguillemisarn\/wp-json\/wp\/v2\/comments?post=36"}],"version-history":[{"count":6,"href":"https:\/\/agora.xtec.cat\/escguillemisarn\/wp-json\/wp\/v2\/pages\/36\/revisions"}],"predecessor-version":[{"id":4052,"href":"https:\/\/agora.xtec.cat\/escguillemisarn\/wp-json\/wp\/v2\/pages\/36\/revisions\/4052"}],"up":[{"embeddable":true,"href":"https:\/\/agora.xtec.cat\/escguillemisarn\/wp-json\/wp\/v2\/pages\/22"}],"wp:attachment":[{"href":"https:\/\/agora.xtec.cat\/escguillemisarn\/wp-json\/wp\/v2\/media?parent=36"}],"curies":[{"name":"wp","href":"https:\/\/api.w.org\/{rel}","templated":true}]}}