{"id":3533,"date":"2024-10-02T11:52:38","date_gmt":"2024-10-02T09:52:38","guid":{"rendered":"https:\/\/agora.xtec.cat\/escguillemisarn\/?page_id=3533"},"modified":"2025-10-21T15:11:03","modified_gmt":"2025-10-21T13:11:03","slug":"radio-escola-guillem-isarn","status":"publish","type":"page","link":"https:\/\/agora.xtec.cat\/escguillemisarn\/radio-escola-guillem-isarn\/","title":{"rendered":"Fem ci\u00e8ncia a l&#8217;escola!"},"content":{"rendered":"<p>Benvinguts i benvingudes al nostre projecte &#8220;FANS DE LA CI\u00c8NCIA&#8221;. En aquesta p\u00e0gina web veureu v\u00eddeos d&#8217;experiments cient\u00edfics adre\u00e7ats a nens i nenes des de 3 anys fins als 12 anys.<\/p>\n<p>Nom\u00e9s cal que cliqueu al logotip!<\/p>\n<p>Som-hi!<\/p>\n<p><a href=\"https:\/\/sites.google.com\/xtec.cat\/femcienciaalescolaguillemisarn?usp=sharing\"><img loading=\"lazy\" decoding=\"async\" class=\"size-large wp-image-4107 aligncenter\" src=\"https:\/\/agora.xtec.cat\/escguillemisarn\/wp-content\/uploads\/usu1631\/2025\/10\/fem-ciencia-1024x576.jpg\" alt=\"\" width=\"1024\" height=\"576\" srcset=\"https:\/\/agora.xtec.cat\/escguillemisarn\/wp-content\/uploads\/usu1631\/2025\/10\/fem-ciencia-1024x576.jpg 1024w, https:\/\/agora.xtec.cat\/escguillemisarn\/wp-content\/uploads\/usu1631\/2025\/10\/fem-ciencia-300x169.jpg 300w, https:\/\/agora.xtec.cat\/escguillemisarn\/wp-content\/uploads\/usu1631\/2025\/10\/fem-ciencia-768x432.jpg 768w, https:\/\/agora.xtec.cat\/escguillemisarn\/wp-content\/uploads\/usu1631\/2025\/10\/fem-ciencia-1536x864.jpg 1536w, https:\/\/agora.xtec.cat\/escguillemisarn\/wp-content\/uploads\/usu1631\/2025\/10\/fem-ciencia.jpg 1920w\" sizes=\"auto, (max-width: 1024px) 100vw, 1024px\" \/><\/a><\/p>\n<p>&nbsp;<\/p>\n<p>&nbsp;<\/p>\n","protected":false},"excerpt":{"rendered":"<p>Benvinguts i benvingudes al nostre projecte &#8220;FANS DE LA CI\u00c8NCIA&#8221;. En aquesta p\u00e0gina web veureu v\u00eddeos d&#8217;experiments cient\u00edfics adre\u00e7ats a nens i nenes des de 3 anys fins als 12 anys.<br \/>\nNom\u00e9s cal que cliqueu al logotip!<br \/>\nSom-hi!<br \/>\n<a href=\"https:\/\/sites.google.com\/xtec.cat\/femcienciaalescolaguillemisarn?usp=sharing\"><\/a><br \/>\n&nbsp;<br \/>\n&nbsp;<\/p>\n","protected":false},"author":1,"featured_media":0,"parent":0,"menu_order":0,"comment_status":"closed","ping_status":"closed","template":"","meta":{"_bbp_topic_count":0,"_bbp_reply_count":0,"_bbp_total_topic_count":0,"_bbp_total_reply_count":0,"_bbp_voice_count":0,"_bbp_anonymous_reply_count":0,"_bbp_topic_count_hidden":0,"_bbp_reply_count_hidden":0,"_bbp_forum_subforum_count":0,"footnotes":""},"class_list":["post-3533","page","type-page","status-publish","hentry"],"post_mailing_queue_ids":[],"_links":{"self":[{"href":"https:\/\/agora.xtec.cat\/escguillemisarn\/wp-json\/wp\/v2\/pages\/3533","targetHints":{"allow":["GET"]}}],"collection":[{"href":"https:\/\/agora.xtec.cat\/escguillemisarn\/wp-json\/wp\/v2\/pages"}],"about":[{"href":"https:\/\/agora.xtec.cat\/escguillemisarn\/wp-json\/wp\/v2\/types\/page"}],"author":[{"embeddable":true,"href":"https:\/\/agora.xtec.cat\/escguillemisarn\/wp-json\/wp\/v2\/users\/1"}],"replies":[{"embeddable":true,"href":"https:\/\/agora.xtec.cat\/escguillemisarn\/wp-json\/wp\/v2\/comments?post=3533"}],"version-history":[{"count":6,"href":"https:\/\/agora.xtec.cat\/escguillemisarn\/wp-json\/wp\/v2\/pages\/3533\/revisions"}],"predecessor-version":[{"id":4109,"href":"https:\/\/agora.xtec.cat\/escguillemisarn\/wp-json\/wp\/v2\/pages\/3533\/revisions\/4109"}],"wp:attachment":[{"href":"https:\/\/agora.xtec.cat\/escguillemisarn\/wp-json\/wp\/v2\/media?parent=3533"}],"curies":[{"name":"wp","href":"https:\/\/api.w.org\/{rel}","templated":true}]}}