{"id":3041,"date":"2023-11-29T13:25:04","date_gmt":"2023-11-29T12:25:04","guid":{"rendered":"https:\/\/agora.xtec.cat\/escguillemisarn\/?page_id=3041"},"modified":"2023-11-29T13:25:37","modified_gmt":"2023-11-29T12:25:37","slug":"treball-en-equip-la-funcio-de-relacio","status":"publish","type":"page","link":"https:\/\/agora.xtec.cat\/escguillemisarn\/treball-en-equip-la-funcio-de-relacio\/","title":{"rendered":"TREBALL EN EQUIP: LA FUNCI\u00d3 DE RELACI\u00d3"},"content":{"rendered":"<p><a href=\"https:\/\/agora.xtec.cat\/escguillemisarn\/wp-content\/uploads\/usu1631\/2023\/11\/IMG20231129100852.jpg\"><img loading=\"lazy\" decoding=\"async\" class=\"alignnone size-full wp-image-3042\" src=\"https:\/\/agora.xtec.cat\/escguillemisarn\/wp-content\/uploads\/usu1631\/2023\/11\/IMG20231129100852.jpg\" alt=\"\" width=\"1000\" height=\"820\" srcset=\"https:\/\/agora.xtec.cat\/escguillemisarn\/wp-content\/uploads\/usu1631\/2023\/11\/IMG20231129100852.jpg 1000w, https:\/\/agora.xtec.cat\/escguillemisarn\/wp-content\/uploads\/usu1631\/2023\/11\/IMG20231129100852-300x246.jpg 300w, https:\/\/agora.xtec.cat\/escguillemisarn\/wp-content\/uploads\/usu1631\/2023\/11\/IMG20231129100852-768x630.jpg 768w\" sizes=\"auto, (max-width: 1000px) 100vw, 1000px\" \/><\/a><\/p>\n<p>L&#8217;alumnat de cinqu\u00e8, dins de l&#8217;\u00e0rea de medi, hem estat treballant cooperativament en la realitzaci\u00f3 d&#8217;uns murals que representen i sintetitzen all\u00f2 que hem apr\u00e8s sobre els sentits i nostre sistema nervi\u00f3s.<\/p>\n<p>Aqu\u00ed us deixem un recull de fotografies:<\/p>\n<p><a href=\"https:\/\/photos.app.goo.gl\/ctpL3gvXvxPdEpKNA\">https:\/\/photos.app.goo.gl\/ctpL3gvXvxPdEpKNA<\/a><\/p>\n","protected":false},"excerpt":{"rendered":"<p><a href=\"https:\/\/agora.xtec.cat\/escguillemisarn\/wp-content\/uploads\/usu1631\/2023\/11\/IMG20231129100852.jpg\"><\/a><br \/>\nL&#8217;alumnat de cinqu\u00e8, dins de l&#8217;\u00e0rea de medi, hem estat treballant cooperativament en la realitzaci\u00f3 d&#8217;uns murals que representen i sintetitzen all\u00f2 que hem apr\u00e8s sobre els sentits i nostre sistema nervi\u00f3s.<br \/>\nAqu\u00ed us deixem un recull de fotografies:<br \/>\n<a href=\"https:\/\/photos.app.goo.gl\/ctpL3gvXvxPdEpKNA\">https:\/\/photos.app.goo.gl\/ctpL3gvXvxPdEpKNA<\/a><\/p>\n","protected":false},"author":1,"featured_media":0,"parent":0,"menu_order":0,"comment_status":"closed","ping_status":"closed","template":"","meta":{"_bbp_topic_count":0,"_bbp_reply_count":0,"_bbp_total_topic_count":0,"_bbp_total_reply_count":0,"_bbp_voice_count":0,"_bbp_anonymous_reply_count":0,"_bbp_topic_count_hidden":0,"_bbp_reply_count_hidden":0,"_bbp_forum_subforum_count":0,"footnotes":""},"class_list":["post-3041","page","type-page","status-publish","hentry"],"post_mailing_queue_ids":[],"_links":{"self":[{"href":"https:\/\/agora.xtec.cat\/escguillemisarn\/wp-json\/wp\/v2\/pages\/3041","targetHints":{"allow":["GET"]}}],"collection":[{"href":"https:\/\/agora.xtec.cat\/escguillemisarn\/wp-json\/wp\/v2\/pages"}],"about":[{"href":"https:\/\/agora.xtec.cat\/escguillemisarn\/wp-json\/wp\/v2\/types\/page"}],"author":[{"embeddable":true,"href":"https:\/\/agora.xtec.cat\/escguillemisarn\/wp-json\/wp\/v2\/users\/1"}],"replies":[{"embeddable":true,"href":"https:\/\/agora.xtec.cat\/escguillemisarn\/wp-json\/wp\/v2\/comments?post=3041"}],"version-history":[{"count":1,"href":"https:\/\/agora.xtec.cat\/escguillemisarn\/wp-json\/wp\/v2\/pages\/3041\/revisions"}],"predecessor-version":[{"id":3044,"href":"https:\/\/agora.xtec.cat\/escguillemisarn\/wp-json\/wp\/v2\/pages\/3041\/revisions\/3044"}],"wp:attachment":[{"href":"https:\/\/agora.xtec.cat\/escguillemisarn\/wp-json\/wp\/v2\/media?parent=3041"}],"curies":[{"name":"wp","href":"https:\/\/api.w.org\/{rel}","templated":true}]}}