{"id":26,"date":"2014-09-18T12:24:32","date_gmt":"2014-09-18T10:24:32","guid":{"rendered":"http:\/\/agora.xtec.cat\/escguillemisarn\/?page_id=26"},"modified":"2024-10-10T11:50:17","modified_gmt":"2024-10-10T09:50:17","slug":"historia","status":"publish","type":"page","link":"https:\/\/agora.xtec.cat\/escguillemisarn\/lescola\/historia\/","title":{"rendered":"Hist\u00f2ria"},"content":{"rendered":"<p>L\u2019ESCOLA GUILLEM ISARN \u00e9s una escola p\u00fablica d&#8217;una l\u00ednia. El nostre Projecte Educatiu inclou una metodologia activa, amb un tracte personalitzat que s&#8217;adequa al ritme evolutiu i a les capacitats de cada alumne\/a.<\/p>\n<p>Es tracta d&#8217;un edifici inaugurat el primer trimestre de l&#8217;any 1995. Anteriorment est\u00e0vem ubicats a l&#8217;edifici de l&#8217;Ajuntament, situat a la Pla\u00e7a de l&#8217;Ajuntament.<\/p>\n<p>Disposa de planta baixa i primer pis i de les seg\u00fcents depend\u00e8ncies:<\/p>\n<p>\u00b7 Sala Polivalent utilitzada com a gimn\u00e0s, amb vestidors i dutxes.<\/p>\n<p>\u00b7 Secretaria, Direcci\u00f3, Tutories i Sala de Professors.<\/p>\n<p>\u00b7 6 aules d&#8217;Educaci\u00f3 Prim\u00e0ria i 3 aules d&#8217;Educaci\u00f3 Infantil. Totes les aules disposen de pissarra digital.<\/p>\n<p>\u00b7 Aules de m\u00fasica, laboratori, pl\u00e0stica, inform\u00e0tica, lleng\u00fces estrangeres i audiovisuals. Des de totes les aules\u00a0 de l\u2019escola hi ha connexi\u00f3 a internet.<\/p>\n<p>\u00b7 Menjador i cuina.<\/p>\n<p>\u00b7 Biblioteca amb pissarra digital.<\/p>\n<p><strong>\u00b7 En l&#8217;edifici annex s&#8217;hi troba la Llar d&#8217;Infants Els Barrufets.<\/strong><\/p>\n<h2><\/h2>\n<h2>AIX\u00cd TREBALLEM<\/h2>\n<p>\u00b7 Treballem en racons de treball alguns aspectes de les \u00e0rees de llengua catalana, castellana,\u00a0 matem\u00e0tiques i llengua anglesa. Sistema que ha estat reconegut amb nombrosos premis.<\/p>\n<p>\u00b7 Treballem l&#8217;\u00e0mbit art\u00edstic amb llengua anglesa (Arts&amp;Crafts) en tots els cursos d\u2019Infantil i Prim\u00e0ria.<\/p>\n<p>\u00b7 Fem viure als alumnes totes les festes locals i tradicionals: Castanyada, Santa Ll\u00facia, Nadal, Carnaval, Sant Jordi, &#8230;<\/p>\n<p>\u00b7 L\u2019AFA\u00a0 del centre organitza activitats en horari extraescolar per als alumnes aix\u00ed com xerrades o confer\u00e8ncies adre\u00e7ades als pares i a les mares.<\/p>\n<p>\u00b7 Durant el curs els alumnes de l\u2019escola realitzen sortides locals i comarcals i s\u2019organitzen col\u00f2nies escolars de dos dies de durada.<\/p>\n<p>\u00b7 El nostre centre participa tamb\u00e9 en programes educatius com el PMOE-Proa+.<\/p>\n","protected":false},"excerpt":{"rendered":"<p>L\u2019ESCOLA GUILLEM ISARN \u00e9s una escola p\u00fablica d&#8217;una l\u00ednia. El nostre Projecte Educatiu inclou una metodologia activa, amb un tracte personalitzat que s&#8217;adequa al ritme evolutiu i a les capacitats de cada alumne\/a.<br \/>\nEs tracta d&#8217;un edifici inaugurat el primer trimestre de l&#8217;any 1995. Anteriorment est\u00e0vem&hellip;  <a href=\"https:\/\/agora.xtec.cat\/escguillemisarn\/lescola\/historia\/\" title=\"Read Hist\u00f2ria\">Llegeix m\u00e9s\u00bb<\/a><\/p>\n","protected":false},"author":1,"featured_media":0,"parent":22,"menu_order":2,"comment_status":"closed","ping_status":"closed","template":"page-templates\/side-menu.php","meta":{"_bbp_topic_count":0,"_bbp_reply_count":0,"_bbp_total_topic_count":0,"_bbp_total_reply_count":0,"_bbp_voice_count":0,"_bbp_anonymous_reply_count":0,"_bbp_topic_count_hidden":0,"_bbp_reply_count_hidden":0,"_bbp_forum_subforum_count":0,"footnotes":""},"class_list":["post-26","page","type-page","status-publish","hentry"],"post_mailing_queue_ids":[],"_links":{"self":[{"href":"https:\/\/agora.xtec.cat\/escguillemisarn\/wp-json\/wp\/v2\/pages\/26","targetHints":{"allow":["GET"]}}],"collection":[{"href":"https:\/\/agora.xtec.cat\/escguillemisarn\/wp-json\/wp\/v2\/pages"}],"about":[{"href":"https:\/\/agora.xtec.cat\/escguillemisarn\/wp-json\/wp\/v2\/types\/page"}],"author":[{"embeddable":true,"href":"https:\/\/agora.xtec.cat\/escguillemisarn\/wp-json\/wp\/v2\/users\/1"}],"replies":[{"embeddable":true,"href":"https:\/\/agora.xtec.cat\/escguillemisarn\/wp-json\/wp\/v2\/comments?post=26"}],"version-history":[{"count":5,"href":"https:\/\/agora.xtec.cat\/escguillemisarn\/wp-json\/wp\/v2\/pages\/26\/revisions"}],"predecessor-version":[{"id":3567,"href":"https:\/\/agora.xtec.cat\/escguillemisarn\/wp-json\/wp\/v2\/pages\/26\/revisions\/3567"}],"up":[{"embeddable":true,"href":"https:\/\/agora.xtec.cat\/escguillemisarn\/wp-json\/wp\/v2\/pages\/22"}],"wp:attachment":[{"href":"https:\/\/agora.xtec.cat\/escguillemisarn\/wp-json\/wp\/v2\/media?parent=26"}],"curies":[{"name":"wp","href":"https:\/\/api.w.org\/{rel}","templated":true}]}}