{"id":9,"date":"2014-09-17T15:08:18","date_gmt":"2014-09-17T13:08:18","guid":{"rendered":"http:\/\/agora.xtec.cat\/escguillemfortuny\/?page_id=9"},"modified":"2023-10-25T10:20:17","modified_gmt":"2023-10-25T08:20:17","slug":"pagina-dinici-buida","status":"publish","type":"page","link":"https:\/\/agora.xtec.cat\/escguillemfortuny\/el-centre\/pagina-dinici-buida\/","title":{"rendered":"Ubicaci\u00f3"},"content":{"rendered":"<p>L&#8217;Escola Guillem Fortuny es troba ubicada a la zona de Cambrils anomenada Vilafortuny, concretament al carrer Pisa, n\u00famero 3, dins de la urbanitzaci\u00f3 Els Ametllers.\u00a0 \u00c9s una zona residencial de cases unifamiliars. Est\u00e1 envoltada d\u2019una zona enjardinada. A prop es troba la llar d\u2019infants Montessori i el nou Institut La Mar de la Frau.<\/p>\n<p>Aquesta zona es troba a uns quatre quil\u00f2metres del casc urb\u00e0 de Cambrils i l\u2019acc\u00e9s \u00e9s pel vial Cam\u00ed del Cavet.<\/p>\n<p style=\"text-align: center;\"><iframe loading=\"lazy\" src=\"https:\/\/www.google.com\/maps\/embed?pb=!1m18!1m12!1m3!1d3007.709478786876!2d1.0844463154161128!3d41.07534267929396!2m3!1f0!2f0!3f0!3m2!1i1024!2i768!4f13.1!3m3!1m2!1s0x12a15ae2bed511b1%3A0x943b2ae94158d8b5!2sCol%C2%B7legi+P%C3%BAblic+Guillem+Fortuny!5e0!3m2!1ses!2ses!4v1493914419689\" width=\"800\" height=\"600\" frameborder=\"0\"><\/iframe><\/p>\n","protected":false},"excerpt":{"rendered":"<p>L&#8217;Escola Guillem Fortuny es troba ubicada a la zona de Cambrils anomenada Vilafortuny, concretament al carrer Pisa, n\u00famero 3, dins de la urbanitzaci\u00f3 Els Ametllers.\u00a0 \u00c9s una zona residencial de cases unifamiliars. Est\u00e1 envoltada d\u2019una zona enjardinada. A prop es troba la llar d\u2019infants Montessori&hellip;  <a href=\"https:\/\/agora.xtec.cat\/escguillemfortuny\/el-centre\/pagina-dinici-buida\/\" title=\"Read Ubicaci\u00f3\">Llegeix m\u00e9s\u00bb<\/a><\/p>\n","protected":false},"author":2,"featured_media":0,"parent":301,"menu_order":1,"comment_status":"closed","ping_status":"closed","template":"page-templates\/side-menu.php","meta":{"_bbp_topic_count":0,"_bbp_reply_count":0,"_bbp_total_topic_count":0,"_bbp_total_reply_count":0,"_bbp_voice_count":0,"_bbp_anonymous_reply_count":0,"_bbp_topic_count_hidden":0,"_bbp_reply_count_hidden":0,"_bbp_forum_subforum_count":0,"footnotes":""},"class_list":["post-9","page","type-page","status-publish","hentry"],"post_mailing_queue_ids":[],"_links":{"self":[{"href":"https:\/\/agora.xtec.cat\/escguillemfortuny\/wp-json\/wp\/v2\/pages\/9","targetHints":{"allow":["GET"]}}],"collection":[{"href":"https:\/\/agora.xtec.cat\/escguillemfortuny\/wp-json\/wp\/v2\/pages"}],"about":[{"href":"https:\/\/agora.xtec.cat\/escguillemfortuny\/wp-json\/wp\/v2\/types\/page"}],"author":[{"embeddable":true,"href":"https:\/\/agora.xtec.cat\/escguillemfortuny\/wp-json\/wp\/v2\/users\/2"}],"replies":[{"embeddable":true,"href":"https:\/\/agora.xtec.cat\/escguillemfortuny\/wp-json\/wp\/v2\/comments?post=9"}],"version-history":[{"count":4,"href":"https:\/\/agora.xtec.cat\/escguillemfortuny\/wp-json\/wp\/v2\/pages\/9\/revisions"}],"predecessor-version":[{"id":9547,"href":"https:\/\/agora.xtec.cat\/escguillemfortuny\/wp-json\/wp\/v2\/pages\/9\/revisions\/9547"}],"up":[{"embeddable":true,"href":"https:\/\/agora.xtec.cat\/escguillemfortuny\/wp-json\/wp\/v2\/pages\/301"}],"wp:attachment":[{"href":"https:\/\/agora.xtec.cat\/escguillemfortuny\/wp-json\/wp\/v2\/media?parent=9"}],"curies":[{"name":"wp","href":"https:\/\/api.w.org\/{rel}","templated":true}]}}