{"id":752,"date":"2018-03-25T15:42:18","date_gmt":"2018-03-25T13:42:18","guid":{"rendered":"http:\/\/agora.xtec.cat\/escguillemfortuny\/?page_id=752"},"modified":"2024-01-26T06:22:40","modified_gmt":"2024-01-26T05:22:40","slug":"erasmus","status":"publish","type":"page","link":"https:\/\/agora.xtec.cat\/escguillemfortuny\/projectes\/erasmus\/","title":{"rendered":"Erasmus+"},"content":{"rendered":"<div class=\"hJDwNd-AhqUyc-EehZO Ft7HRd-AhqUyc-EehZO purZT-AhqUyc-II5mzb ZcASvf-AhqUyc-II5mzb pSzOP-AhqUyc-qWD73c Ktthjf-AhqUyc-qWD73c JNdkSc SQVYQc\">\n<div class=\"JNdkSc-SmKAyb LkDMRd\">\n<div class=\"\">\n<div class=\"oKdM2c ZZyype Kzv0Me\">\n<div id=\"h.7123622778cc0faf_170\" class=\"hJDwNd-AhqUyc-EehZO Ft7HRd-AhqUyc-EehZO jXK9ad D2fZ2 zu5uec OjCsFc dmUFtb wHaque g5GTcb\">\n<div class=\"jXK9ad-SmKAyb\">\n<div class=\"tyJCtd mGzaTb Depvyb baZpAe\">\n<p class=\"zfr3Q CDt4Ke \" dir=\"ltr\"><span class=\"C9DxTc \"><a href=\"https:\/\/agora.xtec.cat\/escguillemfortuny\/wp-content\/uploads\/usu346\/2023\/11\/Logo-Erasmus.png\"><img loading=\"lazy\" decoding=\"async\" class=\"alignright wp-image-9928 size-medium\" src=\"https:\/\/agora.xtec.cat\/escguillemfortuny\/wp-content\/uploads\/usu346\/2023\/11\/Logo-Erasmus-300x63.png\" alt=\"\" width=\"300\" height=\"63\" srcset=\"https:\/\/agora.xtec.cat\/escguillemfortuny\/wp-content\/uploads\/usu346\/2023\/11\/Logo-Erasmus-300x63.png 300w, https:\/\/agora.xtec.cat\/escguillemfortuny\/wp-content\/uploads\/usu346\/2023\/11\/Logo-Erasmus-1024x215.png 1024w, https:\/\/agora.xtec.cat\/escguillemfortuny\/wp-content\/uploads\/usu346\/2023\/11\/Logo-Erasmus-768x161.png 768w, https:\/\/agora.xtec.cat\/escguillemfortuny\/wp-content\/uploads\/usu346\/2023\/11\/Logo-Erasmus-1536x322.png 1536w, https:\/\/agora.xtec.cat\/escguillemfortuny\/wp-content\/uploads\/usu346\/2023\/11\/Logo-Erasmus-2048x429.png 2048w\" sizes=\"auto, (max-width: 300px) 100vw, 300px\" \/><\/a>Erasmus+ \u00e9s el programa de la UE per donar suport a l&#8217;educaci\u00f3, la formaci\u00f3, la joventut i l&#8217;esport a Europa. <\/span><span class=\"C9DxTc \">T\u00e9 un pressupost estimat de 26.200 milions d&#8217;euros. Aix\u00f2 suposa gaireb\u00e9 el doble del finan\u00e7ament del programa que el va precedir en el per\u00edode 2014-2020.<\/span><\/p>\n<div class=\"mYVXT\">\n<div class=\"LS81yb VICjCf j5pSsc db35Fc\" tabindex=\"-1\">\n<div class=\"hJDwNd-AhqUyc-uQSCkd Ft7HRd-AhqUyc-uQSCkd purZT-AhqUyc-II5mzb ZcASvf-AhqUyc-II5mzb pSzOP-AhqUyc-qWD73c Ktthjf-AhqUyc-qWD73c JNdkSc SQVYQc\">\n<div class=\"JNdkSc-SmKAyb LkDMRd\">\n<div class=\"\">\n<div class=\"oKdM2c ZZyype Kzv0Me\">\n<div id=\"h.1df6413f4aa66a01_0\" class=\"hJDwNd-AhqUyc-uQSCkd Ft7HRd-AhqUyc-uQSCkd jXK9ad D2fZ2 zu5uec OjCsFc dmUFtb wHaque g5GTcb\">\n<div class=\"jXK9ad-SmKAyb\">\n<div class=\"tyJCtd mGzaTb Depvyb baZpAe\">\n<p class=\"zfr3Q CDt4Ke \" dir=\"ltr\"><span class=\"C9DxTc \">Per al per\u00edode 2021-2027, el programa posa un \u00e8mfasi especial en la inclusi\u00f3 social, les transicions ecol\u00f2gica i digital, i el foment de la participaci\u00f3 de les persones joves en la vida democr\u00e0tica.<\/span><\/p>\n<p class=\"zfr3Q CDt4Ke \" dir=\"ltr\"><span class=\"C9DxTc \">Recolza les prioritats i activitats establertes a l&#8217;Espai Europeu d&#8217;Educaci\u00f3, el Pla d&#8217;Acci\u00f3 d&#8217;Educaci\u00f3 Digital i l&#8217;Agenda de Capacitats Europea. El programa tamb\u00e9:<\/span><\/p>\n<ul>\n<li class=\"zfr3Q CDt4Ke \" dir=\"ltr\"><span class=\"C9DxTc \">Dona suport <\/span><span class=\"C9DxTc \">al pilar europeu de drets socials.<\/span><\/li>\n<\/ul>\n<\/div>\n<div class=\"tyJCtd mGzaTb Depvyb baZpAe\">\n<ul class=\"n8H08c UVNKR \">\n<li class=\"zfr3Q TYR86d eD0Rn \" dir=\"ltr\">\n<p class=\"zfr3Q CDt4Ke \" dir=\"ltr\" role=\"presentation\"><span class=\"C9DxTc \">Aplica l&#8217;Estrat\u00e8gia de la UE per a la Joventut 2019-2027.<\/span><\/p>\n<\/li>\n<li class=\"zfr3Q TYR86d eD0Rn \" dir=\"ltr\">\n<p class=\"zfr3Q CDt4Ke \" dir=\"ltr\" role=\"presentation\"><span class=\"C9DxTc \">Desenvolupa la dimensi\u00f3 europea de l&#8217;esport.<\/span><\/p>\n<\/li>\n<\/ul>\n<p class=\"zfr3Q CDt4Ke \" dir=\"ltr\"><strong><span class=\"C9DxTc \">Oportunitats<\/span><\/strong><\/p>\n<p class=\"zfr3Q CDt4Ke \" dir=\"ltr\"><span class=\"C9DxTc \">Erasmus+ ofereix oportunitats de mobilitat i cooperaci\u00f3 a:<\/span><\/p>\n<ul class=\"n8H08c UVNKR \">\n<li class=\"zfr3Q TYR86d eD0Rn \" dir=\"ltr\">\n<p class=\"zfr3Q CDt4Ke \" dir=\"ltr\" role=\"presentation\"><span class=\"C9DxTc \">Educaci\u00f3 superior.<\/span><\/p>\n<\/li>\n<li class=\"zfr3Q TYR86d eD0Rn \" dir=\"ltr\">\n<p class=\"zfr3Q CDt4Ke \" dir=\"ltr\" role=\"presentation\"><span class=\"C9DxTc \">Educaci\u00f3 i formaci\u00f3 professionals.<\/span><\/p>\n<\/li>\n<li class=\"zfr3Q TYR86d eD0Rn \" dir=\"ltr\">\n<p class=\"zfr3Q CDt4Ke \" dir=\"ltr\" role=\"presentation\"><span class=\"C9DxTc \">Educaci\u00f3 escolar (inclosa l&#8217;atenci\u00f3 i l&#8217;educaci\u00f3 de la primera inf\u00e0ncia).<\/span><\/p>\n<\/li>\n<li class=\"zfr3Q TYR86d eD0Rn \" dir=\"ltr\">\n<p class=\"zfr3Q CDt4Ke \" dir=\"ltr\" role=\"presentation\"><span class=\"C9DxTc \">Educaci\u00f3 de persones adultes.<\/span><\/p>\n<\/li>\n<li class=\"zfr3Q TYR86d eD0Rn \" dir=\"ltr\">\n<p class=\"zfr3Q CDt4Ke \" dir=\"ltr\" role=\"presentation\"><span class=\"C9DxTc \">Joventut i esport.<\/span><\/p>\n<\/li>\n<\/ul>\n<p style=\"text-align: center;\"><a href=\"https:\/\/sites.google.com\/xtec.cat\/erasmus-guillemfortuny?usp=sharing\">Acc\u00e9s a la web del projecte<\/a><\/p>\n<hr \/>\n<div class=\"mYVXT\">\n<div class=\"LS81yb VICjCf j5pSsc db35Fc\" tabindex=\"-1\">\n<div class=\"hJDwNd-AhqUyc-uQSCkd Ft7HRd-AhqUyc-uQSCkd purZT-AhqUyc-II5mzb ZcASvf-AhqUyc-II5mzb pSzOP-AhqUyc-qWD73c Ktthjf-AhqUyc-qWD73c JNdkSc SQVYQc\">\n<div class=\"JNdkSc-SmKAyb LkDMRd\">\n<div class=\"\">\n<div class=\"oKdM2c ZZyype Kzv0Me\">\n<div id=\"h.1df6413f4aa66a01_8\" class=\"hJDwNd-AhqUyc-uQSCkd Ft7HRd-AhqUyc-uQSCkd jXK9ad D2fZ2 zu5uec OjCsFc dmUFtb wHaque g5GTcb\">\n<div class=\"jXK9ad-SmKAyb\">\n<div class=\"tyJCtd mGzaTb Depvyb baZpAe\">\n<p class=\"zfr3Q CDt4Ke \" dir=\"ltr\"><span class=\"C9DxTc \"><a href=\"https:\/\/agora.xtec.cat\/escguillemfortuny\/wp-content\/uploads\/usu346\/2023\/11\/Logo-Erasmus.png\"><img loading=\"lazy\" decoding=\"async\" class=\"alignright wp-image-9928 size-medium\" src=\"https:\/\/agora.xtec.cat\/escguillemfortuny\/wp-content\/uploads\/usu346\/2023\/11\/Logo-Erasmus-300x63.png\" alt=\"\" width=\"300\" height=\"63\" srcset=\"https:\/\/agora.xtec.cat\/escguillemfortuny\/wp-content\/uploads\/usu346\/2023\/11\/Logo-Erasmus-300x63.png 300w, https:\/\/agora.xtec.cat\/escguillemfortuny\/wp-content\/uploads\/usu346\/2023\/11\/Logo-Erasmus-1024x215.png 1024w, https:\/\/agora.xtec.cat\/escguillemfortuny\/wp-content\/uploads\/usu346\/2023\/11\/Logo-Erasmus-768x161.png 768w, https:\/\/agora.xtec.cat\/escguillemfortuny\/wp-content\/uploads\/usu346\/2023\/11\/Logo-Erasmus-1536x322.png 1536w, https:\/\/agora.xtec.cat\/escguillemfortuny\/wp-content\/uploads\/usu346\/2023\/11\/Logo-Erasmus-2048x429.png 2048w\" sizes=\"auto, (max-width: 300px) 100vw, 300px\" \/><\/a>Erasmus+ is the EU&#8217;s program to support education, training, youth and sport in Europe. <\/span><span class=\"C9DxTc \">It has an estimated budget of 26.2 billion euros. This is almost double the funding of the program that preceded it in the period 2014-2020.<\/span><\/p>\n<p class=\"zfr3Q CDt4Ke \" dir=\"ltr\"><span class=\"C9DxTc \">For the period 2021-2027, the program places special emphasis on social inclusion, ecological and digital transformation, and the promotion of the participation of young people in democratic life.<\/span><\/p>\n<p class=\"zfr3Q CDt4Ke \" dir=\"ltr\"><span class=\"C9DxTc \">It supports the priorities and activities established in the European Education Area, the Digital Education Action Plan and the European Skills Agenda. The program also:<\/span><\/p>\n<ul class=\"n8H08c UVNKR \">\n<li class=\"zfr3Q TYR86d eD0Rn \" dir=\"ltr\">\n<p class=\"zfr3Q CDt4Ke \" dir=\"ltr\" role=\"presentation\"><span class=\"C9DxTc \">It supports the European pillar of social rights.<\/span><\/p>\n<\/li>\n<li class=\"zfr3Q TYR86d eD0Rn \" dir=\"ltr\">\n<p class=\"zfr3Q CDt4Ke \" dir=\"ltr\" role=\"presentation\"><span class=\"C9DxTc \">It applies the EU Youth Strategy 2019-2027.<\/span><\/p>\n<\/li>\n<li class=\"zfr3Q TYR86d eD0Rn \" dir=\"ltr\">\n<p class=\"zfr3Q CDt4Ke \" dir=\"ltr\" role=\"presentation\"><span class=\"C9DxTc \">It develops the European dimension of sport.<\/span><\/p>\n<\/li>\n<\/ul>\n<p class=\"zfr3Q CDt4Ke \" dir=\"ltr\"><strong><span class=\"C9DxTc \">O<\/span><span class=\"C9DxTc \">pportunities<\/span><\/strong><\/p>\n<p class=\"zfr3Q CDt4Ke \" dir=\"ltr\"><span class=\"C9DxTc \">Erasmus+ offers opportunities for mobility and cooperation in:<\/span><\/p>\n<ul class=\"n8H08c UVNKR \">\n<li class=\"zfr3Q TYR86d eD0Rn \" dir=\"ltr\">\n<p class=\"zfr3Q CDt4Ke \" dir=\"ltr\" role=\"presentation\"><span class=\"C9DxTc \">Higher education.<\/span><\/p>\n<\/li>\n<li class=\"zfr3Q TYR86d eD0Rn \" dir=\"ltr\">\n<p class=\"zfr3Q CDt4Ke \" dir=\"ltr\" role=\"presentation\"><span class=\"C9DxTc \">Professional education and training.<\/span><\/p>\n<\/li>\n<li class=\"zfr3Q TYR86d eD0Rn \" dir=\"ltr\">\n<p class=\"zfr3Q CDt4Ke \" dir=\"ltr\" role=\"presentation\"><span class=\"C9DxTc \">School education (including early childhood care and education).<a href=\"https:\/\/agora.xtec.cat\/escguillemfortuny\/wp-content\/uploads\/usu346\/2023\/10\/Logo-centre.png\"><img loading=\"lazy\" decoding=\"async\" class=\"alignright wp-image-9774 size-medium\" src=\"https:\/\/agora.xtec.cat\/escguillemfortuny\/wp-content\/uploads\/usu346\/2023\/10\/Logo-centre-300x295.png\" alt=\"\" width=\"300\" height=\"295\" srcset=\"https:\/\/agora.xtec.cat\/escguillemfortuny\/wp-content\/uploads\/usu346\/2023\/10\/Logo-centre-300x295.png 300w, https:\/\/agora.xtec.cat\/escguillemfortuny\/wp-content\/uploads\/usu346\/2023\/10\/Logo-centre-768x756.png 768w, https:\/\/agora.xtec.cat\/escguillemfortuny\/wp-content\/uploads\/usu346\/2023\/10\/Logo-centre.png 863w\" sizes=\"auto, (max-width: 300px) 100vw, 300px\" \/><\/a><\/span><\/p>\n<\/li>\n<li class=\"zfr3Q TYR86d eD0Rn \" dir=\"ltr\">\n<p class=\"zfr3Q CDt4Ke \" dir=\"ltr\" role=\"presentation\"><span class=\"C9DxTc \">Adult education.<\/span><\/p>\n<\/li>\n<li class=\"zfr3Q TYR86d eD0Rn \" dir=\"ltr\">\n<p class=\"zfr3Q CDt4Ke \" dir=\"ltr\" role=\"presentation\"><span class=\"C9DxTc \">Youth and sport.<\/span><\/p>\n<\/li>\n<\/ul>\n<p style=\"text-align: center;\"><a href=\"https:\/\/sites.google.com\/xtec.cat\/erasmus-guillemfortuny?usp=sharing\">Access to the project&#8217;s website<\/a><\/p>\n<\/div>\n<\/div>\n<\/div>\n<\/div>\n<\/div>\n<\/div>\n<\/div>\n<\/div>\n<\/div>\n<\/div>\n<\/div>\n<\/div>\n<\/div>\n<\/div>\n<\/div>\n<\/div>\n<\/div>\n<\/div>\n<\/div>\n<\/div>\n<\/div>\n<\/div>\n<\/div>\n<\/div>\n<\/div>\n","protected":false},"excerpt":{"rendered":"<p><a href=\"https:\/\/agora.xtec.cat\/escguillemfortuny\/wp-content\/uploads\/usu346\/2023\/11\/Logo-Erasmus.png\"><\/a>Erasmus+ \u00e9s el programa de la UE per donar suport a l&#8217;educaci\u00f3, la formaci\u00f3, la joventut i l&#8217;esport a Europa. T\u00e9 un pressupost estimat de 26.200 milions d&#8217;euros. Aix\u00f2 suposa gaireb\u00e9 el doble del finan\u00e7ament del programa que el va precedir en el per\u00edode&hellip;  <a href=\"https:\/\/agora.xtec.cat\/escguillemfortuny\/projectes\/erasmus\/\" title=\"Read Erasmus+\">Llegeix m\u00e9s\u00bb<\/a><\/p>\n","protected":false},"author":1,"featured_media":0,"parent":383,"menu_order":2,"comment_status":"closed","ping_status":"closed","template":"","meta":{"_bbp_topic_count":0,"_bbp_reply_count":0,"_bbp_total_topic_count":0,"_bbp_total_reply_count":0,"_bbp_voice_count":0,"_bbp_anonymous_reply_count":0,"_bbp_topic_count_hidden":0,"_bbp_reply_count_hidden":0,"_bbp_forum_subforum_count":0,"footnotes":""},"class_list":["post-752","page","type-page","status-publish","hentry"],"post_mailing_queue_ids":[],"_links":{"self":[{"href":"https:\/\/agora.xtec.cat\/escguillemfortuny\/wp-json\/wp\/v2\/pages\/752","targetHints":{"allow":["GET"]}}],"collection":[{"href":"https:\/\/agora.xtec.cat\/escguillemfortuny\/wp-json\/wp\/v2\/pages"}],"about":[{"href":"https:\/\/agora.xtec.cat\/escguillemfortuny\/wp-json\/wp\/v2\/types\/page"}],"author":[{"embeddable":true,"href":"https:\/\/agora.xtec.cat\/escguillemfortuny\/wp-json\/wp\/v2\/users\/1"}],"replies":[{"embeddable":true,"href":"https:\/\/agora.xtec.cat\/escguillemfortuny\/wp-json\/wp\/v2\/comments?post=752"}],"version-history":[{"count":6,"href":"https:\/\/agora.xtec.cat\/escguillemfortuny\/wp-json\/wp\/v2\/pages\/752\/revisions"}],"predecessor-version":[{"id":10200,"href":"https:\/\/agora.xtec.cat\/escguillemfortuny\/wp-json\/wp\/v2\/pages\/752\/revisions\/10200"}],"up":[{"embeddable":true,"href":"https:\/\/agora.xtec.cat\/escguillemfortuny\/wp-json\/wp\/v2\/pages\/383"}],"wp:attachment":[{"href":"https:\/\/agora.xtec.cat\/escguillemfortuny\/wp-json\/wp\/v2\/media?parent=752"}],"curies":[{"name":"wp","href":"https:\/\/api.w.org\/{rel}","templated":true}]}}