{"id":398,"date":"2017-05-04T18:01:40","date_gmt":"2017-05-04T16:01:40","guid":{"rendered":"http:\/\/agora.xtec.cat\/escguillemfortuny\/?page_id=398"},"modified":"2023-10-06T22:10:07","modified_gmt":"2023-10-06T20:10:07","slug":"reutilitzacio-llibres-de-text","status":"publish","type":"page","link":"https:\/\/agora.xtec.cat\/escguillemfortuny\/projectes\/reutilitzacio-llibres-de-text\/","title":{"rendered":"Reutilitzaci\u00f3 Llibres de Text"},"content":{"rendered":"<p><b>PROGRAMA COOPERATIU PER AL FOMENT DE LA REUTILITZACI\u00d3 DE LLIBRES DE TEXT I MATERIAL DID\u00c0CTIC COMPLEMENTARI<\/b><\/p>\n<p><strong>FINALITAT DEL PROJECTE:<\/strong><\/p>\n<p>El projecte per la reutilitzaci\u00f3 i socialitzaci\u00f3 del material did\u00e0ctic i llibres de text s\u2019inicia el curs 2007-2008 amb la intenci\u00f3 de tingui continu\u00eftat durant els cursos posteriors.\u00a0<strong>Els destinataris s\u00f3n tots els alumnes d\u2019educaci\u00f3 prim\u00e0ria<\/strong><\/p>\n<p>Les finalitats d\u2019aquest projecte s\u00f3n, entre d\u2019altres, compensar les desigualtats econ\u00f2miques i socials, incentivar l&#8217;estudi i la cura de llibres entre els alumnes, procurar la participaci\u00f3 de les fam\u00edlies en el proc\u00e9s educatiu i impulsar aquelles iniciatives que afavoreixin la innovaci\u00f3 pedag\u00f2gica i curricular.<\/p>\n<p><strong>OBJECTIUS DEL PROJECTE:<\/strong><\/p>\n<ul>\n<li>Reduir la despesa en llibres de text i material did\u00e0ctic complementari que tenen les fam\u00edlies a comen\u00e7ament de cada curs.<\/li>\n<li>Fomentar els valors de:<\/li>\n<li>compartir i respectar els b\u00e9ns de tots.<\/li>\n<li>l\u2019austeritat i la utilitzaci\u00f3 racional de recursos.<\/li>\n<li>el consum sostingut.<\/li>\n<li>la socialitzaci\u00f3 i la responsabilitat<\/li>\n<\/ul>\n<p>Reciclar i\/o reutilitzar els llibres i el material escolar com un dels objectius del projecte d\u2019innovaci\u00f3 Escoles Verdes que el centre porta realitzant des d\u2019aquest curs.<\/p>\n<p><strong>Programa elaborat pel centre i que ha estat adjudicat pel Departament\u00a0d\u2019Educaci\u00f3\u00a0el curs 2007-2008.<\/strong><\/p>\n<p><strong>Aquest programa t\u00e9 com a objectius principals:<\/strong><\/p>\n<p>1.- Reduir la despesa en llibres de text i material did\u00e0ctic complementari que tenen les fam\u00edlies a comen\u00e7ament de cada curs.<\/p>\n<p>2.- Fomentar els valors de socialitzaci\u00f3 i responsabilitat, de consum sostingut i de saber compartir i respectar el material com\u00fa.<\/p>\n<p>Durant el curs 2007-2008 la subvenci\u00f3 obtinguda ens ha servit per fer front al cost econ\u00f2mic de llibres no fungibles que utilitzen\u00a0\u00a0els diferents nivells (llibres de lectura de primer i segon curs de cicle inicial i una part dels diccionaris de catal\u00e0 castell\u00e0 i angles per als diferents cursos de cicle mitj\u00e0 i superior).<\/p>\n<h3 style=\"text-align: center;\"><a href=\"https:\/\/drive.google.com\/file\/d\/0B_-dWPnLJBQiYVBlQkNRMy1kSmM\/view?usp=sharing&amp;resourcekey=0-QBpPu18w2-zR63yUPQMyxA\" target=\"_blank\" rel=\"noopener noreferrer\">Full de participaci\u00f3 i comprom\u00eds<\/a><\/h3>\n","protected":false},"excerpt":{"rendered":"<p>PROGRAMA COOPERATIU PER AL FOMENT DE LA REUTILITZACI\u00d3 DE LLIBRES DE TEXT I MATERIAL DID\u00c0CTIC COMPLEMENTARI<br \/>\nFINALITAT DEL PROJECTE:<br \/>\nEl projecte per la reutilitzaci\u00f3 i socialitzaci\u00f3 del material did\u00e0ctic i llibres de text s\u2019inicia el curs 2007-2008 amb la intenci\u00f3 de tingui continu\u00eftat durant els cursos posteriors.\u00a0Els&hellip;  <a href=\"https:\/\/agora.xtec.cat\/escguillemfortuny\/projectes\/reutilitzacio-llibres-de-text\/\" title=\"Read Reutilitzaci\u00f3 Llibres de Text\">Llegeix m\u00e9s\u00bb<\/a><\/p>\n","protected":false},"author":1,"featured_media":0,"parent":383,"menu_order":3,"comment_status":"closed","ping_status":"closed","template":"page-templates\/side-menu.php","meta":{"_bbp_topic_count":0,"_bbp_reply_count":0,"_bbp_total_topic_count":0,"_bbp_total_reply_count":0,"_bbp_voice_count":0,"_bbp_anonymous_reply_count":0,"_bbp_topic_count_hidden":0,"_bbp_reply_count_hidden":0,"_bbp_forum_subforum_count":0,"footnotes":""},"class_list":["post-398","page","type-page","status-publish","hentry"],"post_mailing_queue_ids":[],"_links":{"self":[{"href":"https:\/\/agora.xtec.cat\/escguillemfortuny\/wp-json\/wp\/v2\/pages\/398","targetHints":{"allow":["GET"]}}],"collection":[{"href":"https:\/\/agora.xtec.cat\/escguillemfortuny\/wp-json\/wp\/v2\/pages"}],"about":[{"href":"https:\/\/agora.xtec.cat\/escguillemfortuny\/wp-json\/wp\/v2\/types\/page"}],"author":[{"embeddable":true,"href":"https:\/\/agora.xtec.cat\/escguillemfortuny\/wp-json\/wp\/v2\/users\/1"}],"replies":[{"embeddable":true,"href":"https:\/\/agora.xtec.cat\/escguillemfortuny\/wp-json\/wp\/v2\/comments?post=398"}],"version-history":[{"count":3,"href":"https:\/\/agora.xtec.cat\/escguillemfortuny\/wp-json\/wp\/v2\/pages\/398\/revisions"}],"predecessor-version":[{"id":6803,"href":"https:\/\/agora.xtec.cat\/escguillemfortuny\/wp-json\/wp\/v2\/pages\/398\/revisions\/6803"}],"up":[{"embeddable":true,"href":"https:\/\/agora.xtec.cat\/escguillemfortuny\/wp-json\/wp\/v2\/pages\/383"}],"wp:attachment":[{"href":"https:\/\/agora.xtec.cat\/escguillemfortuny\/wp-json\/wp\/v2\/media?parent=398"}],"curies":[{"name":"wp","href":"https:\/\/api.w.org\/{rel}","templated":true}]}}