{"id":395,"date":"2017-05-04T18:01:10","date_gmt":"2017-05-04T16:01:10","guid":{"rendered":"http:\/\/agora.xtec.cat\/escguillemfortuny\/?page_id=395"},"modified":"2025-10-30T09:35:36","modified_gmt":"2025-10-30T08:35:36","slug":"biblioteca","status":"publish","type":"page","link":"https:\/\/agora.xtec.cat\/escguillemfortuny\/projectes\/biblioteca\/","title":{"rendered":"Biblioteca"},"content":{"rendered":"<p>La biblioteca de la nostra escola \u00e9s un espai creat i pensat per a fomentar el gust a la lectura a l\u2019abast de tota la comunitat educativa.<\/p>\n<p style=\"text-align: center;\">\r\n\t<div class=\"slideshow_container slideshow_container_style-light\" style=\"height: 300px; \" data-slideshow-id=\"10740\" data-style-name=\"style-light\" data-style-version=\"2.3.1\" >\r\n\r\n\t\t\t\t\t<div class=\"slideshow_loading_icon\"><\/div>\r\n\t\t\r\n\t\t<div class=\"slideshow_content\" style=\"display: none;\">\r\n\r\n\t\t\t<div class=\"slideshow_view\">\r\n\t\t\t\t<div class=\"slideshow_slide slideshow_slide_image\">\r\n\t\t\t\t\t\t\t\t\t\t\t<img src=\"https:\/\/agora.xtec.cat\/escguillemfortuny\/wp-content\/uploads\/usu346\/2024\/02\/WhatsApp-Image-2024-02-13-at-11.31.06.jpeg\" alt=\"WhatsApp Image 2024-02-13 at 11.31.06\" width=\"2048\" height=\"1536\" \/>\r\n\t\t\t\t\t\t\t\t\t\t<div class=\"slideshow_description_box slideshow_transparent\">\r\n\t\t\t\t\t\t<div class=\"slideshow_title\">WhatsApp Image 2024-02-13 at 11.31.06<\/div>\t\t\t\t\t\t\t\t\t\t\t<\/div>\r\n\t\t\t\t<\/div>\r\n\r\n\t\t\t\t\t\t<div style=\"clear: both;\"><\/div><\/div><div class=\"slideshow_view\">\r\n\t\t\t\t<div class=\"slideshow_slide slideshow_slide_image\">\r\n\t\t\t\t\t\t\t\t\t\t\t<img src=\"https:\/\/agora.xtec.cat\/escguillemfortuny\/wp-content\/uploads\/usu346\/2024\/02\/WhatsApp-Image-2024-02-13-at-11.31.27.jpeg\" alt=\"WhatsApp Image 2024-02-13 at 11.31.27\" width=\"2048\" height=\"1850\" \/>\r\n\t\t\t\t\t\t\t\t\t\t<div class=\"slideshow_description_box slideshow_transparent\">\r\n\t\t\t\t\t\t<div class=\"slideshow_title\">WhatsApp Image 2024-02-13 at 11.31.27<\/div>\t\t\t\t\t\t\t\t\t\t\t<\/div>\r\n\t\t\t\t<\/div>\r\n\r\n\t\t\t\t\t\t<div style=\"clear: both;\"><\/div><\/div><div class=\"slideshow_view\">\r\n\t\t\t\t<div class=\"slideshow_slide slideshow_slide_image\">\r\n\t\t\t\t\t\t\t\t\t\t\t<img src=\"https:\/\/agora.xtec.cat\/escguillemfortuny\/wp-content\/uploads\/usu346\/2024\/02\/WhatsApp-Image-2024-02-13-at-11.31.271.jpeg\" alt=\"WhatsApp Image 2024-02-13 at 11.31.27(1)\" width=\"2048\" height=\"1412\" \/>\r\n\t\t\t\t\t\t\t\t\t\t<div class=\"slideshow_description_box slideshow_transparent\">\r\n\t\t\t\t\t\t<div class=\"slideshow_title\">WhatsApp Image 2024-02-13 at 11.31.27(1)<\/div>\t\t\t\t\t\t\t\t\t\t\t<\/div>\r\n\t\t\t\t<\/div>\r\n\r\n\t\t\t\t\t\t<div style=\"clear: both;\"><\/div><\/div><div class=\"slideshow_view\">\r\n\t\t\t\t<div class=\"slideshow_slide slideshow_slide_image\">\r\n\t\t\t\t\t\t\t\t\t\t\t<img src=\"https:\/\/agora.xtec.cat\/escguillemfortuny\/wp-content\/uploads\/usu346\/2024\/02\/WhatsApp-Image-2024-02-13-at-11.31.272.jpeg\" alt=\"WhatsApp Image 2024-02-13 at 11.31.27(2)\" width=\"2048\" height=\"1536\" \/>\r\n\t\t\t\t\t\t\t\t\t\t<div class=\"slideshow_description_box slideshow_transparent\">\r\n\t\t\t\t\t\t<div class=\"slideshow_title\">WhatsApp Image 2024-02-13 at 11.31.27(2)<\/div>\t\t\t\t\t\t\t\t\t\t\t<\/div>\r\n\t\t\t\t<\/div>\r\n\r\n\t\t\t\t\t\t<div style=\"clear: both;\"><\/div><\/div>\r\n\t\t<\/div>\r\n\r\n\t\t<div class=\"slideshow_controlPanel slideshow_transparent\" style=\"display: none;\"><ul><li class=\"slideshow_togglePlay\" data-play-text=\"Visualitza\" data-pause-text=\"Pausa\"><\/li><\/ul><\/div>\r\n\r\n\t\t<div class=\"slideshow_button slideshow_previous slideshow_transparent\" role=\"button\" data-previous-text=\"Anterior\" style=\"display: none;\"><\/div>\r\n\t\t<div class=\"slideshow_button slideshow_next slideshow_transparent\" role=\"button\" data-next-text=\"Seg\u00fcent\" style=\"display: none;\"><\/div>\r\n\r\n\t\t<div class=\"slideshow_pagination\" style=\"display: none;\" data-go-to-text=\"V\u00e9s a la diapositiva\"><div class=\"slideshow_pagination_center\"><\/div><\/div>\r\n\r\n\t\t<!-- WordPress Slideshow Version 2.3.1 -->\r\n\r\n\t\t\t<\/div>\r\n\r\n<\/p>\n<p><b>Com est\u00e0 organitzada la biblioteca LA CUCA?<\/b><br \/>\nLa biblioteca disposa de 3 espais:<br \/>\nEspai 1 &#8212; Espai per als Lectors (Espai de lectura amb grades i pufs).<br \/>\nEspai 2 &#8212; Espai de prestatgeries (Hi trobem tots els llibres classificats)<br \/>\nEspai 3 &#8212; Espai de treball (taules grans, ordinadors i projector)<\/p>\n<p><b>Catalogaci\u00f3 i etiquetatge del fons bibliogr\u00e0fic<\/b><br \/>\nLa <b>catalogaci\u00f3<\/b> del fons bibliogr\u00e0fic es realitza a trav\u00e9s del programa P\u00e8rgam. Aquest programa permet introduir les dades de tots els llibres que disposa la biblioteca per un bon registre i posteriorment, poder realitzar el servei de pr\u00e9stec en format digital.<\/p>\n<p><strong>L\u2019<\/strong><b>etiquetatge <\/b>\u00e9s posterior a la catalogaci\u00f3 i consisteix a identificar el llibre a trav\u00e9s de la classificaci\u00f3 decimal universal i\/o altra classificaci\u00f3 que permeti una millor identificaci\u00f3 per a l\u2019alumne\/a.<\/p>\n<p><strong>Documents relacionats:<a href=\"https:\/\/agora.xtec.cat\/escguillemfortuny\/wp-content\/uploads\/usu346\/2023\/10\/Logo-centre.png\"><img loading=\"lazy\" decoding=\"async\" class=\"alignright wp-image-9774 size-medium\" src=\"https:\/\/agora.xtec.cat\/escguillemfortuny\/wp-content\/uploads\/usu346\/2023\/10\/Logo-centre-300x295.png\" alt=\"\" width=\"300\" height=\"295\" srcset=\"https:\/\/agora.xtec.cat\/escguillemfortuny\/wp-content\/uploads\/usu346\/2023\/10\/Logo-centre-300x295.png 300w, https:\/\/agora.xtec.cat\/escguillemfortuny\/wp-content\/uploads\/usu346\/2023\/10\/Logo-centre-768x756.png 768w, https:\/\/agora.xtec.cat\/escguillemfortuny\/wp-content\/uploads\/usu346\/2023\/10\/Logo-centre.png 863w\" sizes=\"auto, (max-width: 300px) 100vw, 300px\" \/><\/a><\/strong><br \/>\n&#8211; <a href=\"https:\/\/docs.google.com\/document\/d\/1r4rlU13jBVvHp36zN4uSJoU53AhLgHdVUjrea4WLHp8\/edit?usp=sharing\">Organitzaci\u00f3 i \u00fas de la biblioteca (docents)<\/a><br \/>\n&#8211;<a href=\"https:\/\/docs.google.com\/document\/d\/1R34gwlzGDb25pgxqTo3U2vuZ6AMpjlOh-7_Y6Hl6ZIw\/edit?usp=sharing\"> Indicacions tutors\/es biblioteca (docents)<\/a><br \/>\n&#8211; <a href=\"https:\/\/docs.google.com\/document\/d\/1hAI8ytJydDaN5jdtFGIqaALqWBNWnfNBvtE9l_LVTus\/edit?usp=sharing\">Propostes activitats padrins de lectura<\/a><\/p>\n","protected":false},"excerpt":{"rendered":"<p>La biblioteca de la nostra escola \u00e9s un espai creat i pensat per a fomentar el gust a la lectura a l\u2019abast de tota la comunitat educativa.<\/p>\n<p>\t\t\t\t\t\tWhatsApp Image 2024-02-13 at 11.31.06\t\t\t\t\t\t\t\t\t\t\t<\/p>\n<p>\t\t\t\t\t\tWhatsApp Image 2024-02-13 at 11.31.27\t\t\t\t\t\t\t\t\t\t\t<\/p>\n<p>\t\t\t\t\t\tWhatsApp Image 2024-02-13 at 11.31.27(1)\t\t\t\t\t\t\t\t\t\t\t<\/p>\n<p>\t\t\t\t\t\tWhatsApp Image 2024-02-13 at 11.31.27(2)\t\t\t\t\t\t\t\t\t\t\t<\/p>\n<ul>\n<li class=\"slideshow_togglePlay\" data-play-text=\"Visualitza\"&hellip;  <a href=\"https:\/\/agora.xtec.cat\/escguillemfortuny\/projectes\/biblioteca\/\" title=\"Read Biblioteca\">Llegeix m\u00e9s\u00bb<\/a><br \/>\n","protected":false},"author":1,"featured_media":0,"parent":383,"menu_order":5,"comment_status":"closed","ping_status":"closed","template":"page-templates\/side-menu.php","meta":{"_bbp_topic_count":0,"_bbp_reply_count":0,"_bbp_total_topic_count":0,"_bbp_total_reply_count":0,"_bbp_voice_count":0,"_bbp_anonymous_reply_count":0,"_bbp_topic_count_hidden":0,"_bbp_reply_count_hidden":0,"_bbp_forum_subforum_count":0,"footnotes":""},"class_list":["post-395","page","type-page","status-publish","hentry"],"post_mailing_queue_ids":[],"_links":{"self":[{"href":"https:\/\/agora.xtec.cat\/escguillemfortuny\/wp-json\/wp\/v2\/pages\/395","targetHints":{"allow":["GET"]}}],"collection":[{"href":"https:\/\/agora.xtec.cat\/escguillemfortuny\/wp-json\/wp\/v2\/pages"}],"about":[{"href":"https:\/\/agora.xtec.cat\/escguillemfortuny\/wp-json\/wp\/v2\/types\/page"}],"author":[{"embeddable":true,"href":"https:\/\/agora.xtec.cat\/escguillemfortuny\/wp-json\/wp\/v2\/users\/1"}],"replies":[{"embeddable":true,"href":"https:\/\/agora.xtec.cat\/escguillemfortuny\/wp-json\/wp\/v2\/comments?post=395"}],"version-history":[{"count":7,"href":"https:\/\/agora.xtec.cat\/escguillemfortuny\/wp-json\/wp\/v2\/pages\/395\/revisions"}],"predecessor-version":[{"id":14031,"href":"https:\/\/agora.xtec.cat\/escguillemfortuny\/wp-json\/wp\/v2\/pages\/395\/revisions\/14031"}],"up":[{"embeddable":true,"href":"https:\/\/agora.xtec.cat\/escguillemfortuny\/wp-json\/wp\/v2\/pages\/383"}],"wp:attachment":[{"href":"https:\/\/agora.xtec.cat\/escguillemfortuny\/wp-json\/wp\/v2\/media?parent=395"}],"curies":[{"name":"wp","href":"https:\/\/api.w.org\/{rel}","templated":true}]}}