{"id":365,"date":"2017-05-04T17:56:43","date_gmt":"2017-05-04T15:56:43","guid":{"rendered":"http:\/\/agora.xtec.cat\/escguillemfortuny\/?page_id=365"},"modified":"2023-12-16T07:42:12","modified_gmt":"2023-12-16T06:42:12","slug":"educacio-primaria","status":"publish","type":"page","link":"https:\/\/agora.xtec.cat\/escguillemfortuny\/alumnes\/educacio-primaria\/","title":{"rendered":"Educaci\u00f3 Primaria"},"content":{"rendered":"<p>La finalitat de l&#8217;educaci\u00f3 prim\u00e0ria \u00e9s proporcionar a tots els nens i les nenes les compet\u00e8ncies que els permetin assegurar el seu desenvolupament personal i social; adquirir les habilitats i les compet\u00e8ncies culturals i socials relatives a l&#8217;expressi\u00f3 i comprensi\u00f3 oral, a la lectura i a l&#8217;escriptura, al c\u00e0lcul, a la igualtat de drets i oportunitats entre homes i dones, a l&#8217;autonomia personal, la corresponsabilitat i la interdepend\u00e8ncia personal, a la resoluci\u00f3 de problemes i als coneixements b\u00e0sics de la ci\u00e8ncia, la cultura i la conviv\u00e8ncia, el rebuig de tota mena de comportaments discriminatoris per ra\u00f3 de sexe; desenvolupar la compet\u00e8ncia d&#8217;expressar el que s&#8217;ha apr\u00e8s, d&#8217;explicar amb raons coherents, fiables i ben justificades el seu punt de vista i la seva opini\u00f3, de saber escoltar el punt de vista dels altres amb respecte i d&#8217;arribar a acords quan sigui necessari; desenvolupar les habilitats socials, d&#8217;esfor\u00e7, treball i estudi; expressar el sentit art\u00edstic, la creativitat i l&#8217;afectivitat; i con\u00e8ixer els elements b\u00e0sics de la llengua, la hist\u00f2ria, la geografia i les tradicions pr\u00f2pies de Catalunya que permetin el seu arrelament.<\/p>\n<p><img loading=\"lazy\" decoding=\"async\" class=\"size-full wp-image-505 aligncenter\" src=\"http:\/\/agora.xtec.cat\/escguillemfortuny\/wp-content\/uploads\/usu346\/2017\/05\/pati_prim_nens.jpg\" alt=\"\" width=\"822\" height=\"156\" srcset=\"https:\/\/agora.xtec.cat\/escguillemfortuny\/wp-content\/uploads\/usu346\/2017\/05\/pati_prim_nens.jpg 822w, https:\/\/agora.xtec.cat\/escguillemfortuny\/wp-content\/uploads\/usu346\/2017\/05\/pati_prim_nens-300x57.jpg 300w, https:\/\/agora.xtec.cat\/escguillemfortuny\/wp-content\/uploads\/usu346\/2017\/05\/pati_prim_nens-768x146.jpg 768w\" sizes=\"auto, (max-width: 822px) 100vw, 822px\" \/><\/p>\n<p>&nbsp;<\/p>\n<table style=\"border-collapse: collapse; width: 100%;\">\n<tbody>\n<tr>\n<td style=\"width: 33.3333%; border-color: #ffffff; background-color: #ffffff;\"><a href=\"https:\/\/agora.xtec.cat\/escguillemfortuny\/categoria\/primaria\/1r\/\"><img loading=\"lazy\" decoding=\"async\" class=\"wp-image-9587 size-medium aligncenter\" src=\"https:\/\/agora.xtec.cat\/escguillemfortuny\/wp-content\/uploads\/usu346\/2023\/10\/1r-300x74.jpg\" alt=\"\" width=\"300\" height=\"74\" srcset=\"https:\/\/agora.xtec.cat\/escguillemfortuny\/wp-content\/uploads\/usu346\/2023\/10\/1r-300x74.jpg 300w, https:\/\/agora.xtec.cat\/escguillemfortuny\/wp-content\/uploads\/usu346\/2023\/10\/1r-768x190.jpg 768w, https:\/\/agora.xtec.cat\/escguillemfortuny\/wp-content\/uploads\/usu346\/2023\/10\/1r.jpg 1010w\" sizes=\"auto, (max-width: 300px) 100vw, 300px\" \/><\/a><\/td>\n<td style=\"width: 33.3333%; border-color: #ffffff; background-color: #ffffff;\"><a href=\"https:\/\/agora.xtec.cat\/escguillemfortuny\/categoria\/primaria\/2n\/\"><img loading=\"lazy\" decoding=\"async\" class=\"wp-image-9588 size-medium aligncenter\" src=\"https:\/\/agora.xtec.cat\/escguillemfortuny\/wp-content\/uploads\/usu346\/2023\/10\/2n-300x74.jpg\" alt=\"\" width=\"300\" height=\"74\" srcset=\"https:\/\/agora.xtec.cat\/escguillemfortuny\/wp-content\/uploads\/usu346\/2023\/10\/2n-300x74.jpg 300w, https:\/\/agora.xtec.cat\/escguillemfortuny\/wp-content\/uploads\/usu346\/2023\/10\/2n-768x190.jpg 768w, https:\/\/agora.xtec.cat\/escguillemfortuny\/wp-content\/uploads\/usu346\/2023\/10\/2n.jpg 1010w\" sizes=\"auto, (max-width: 300px) 100vw, 300px\" \/><\/a><\/td>\n<td style=\"width: 33.3333%; border-color: #ffffff; background-color: #ffffff;\"><a href=\"https:\/\/agora.xtec.cat\/escguillemfortuny\/categoria\/primaria\/3r\/\" target=\"_blank\" rel=\"noopener\"><img loading=\"lazy\" decoding=\"async\" class=\"wp-image-9589 size-medium aligncenter\" src=\"https:\/\/agora.xtec.cat\/escguillemfortuny\/wp-content\/uploads\/usu346\/2023\/10\/3r-300x74.jpg\" alt=\"\" width=\"300\" height=\"74\" srcset=\"https:\/\/agora.xtec.cat\/escguillemfortuny\/wp-content\/uploads\/usu346\/2023\/10\/3r-300x74.jpg 300w, https:\/\/agora.xtec.cat\/escguillemfortuny\/wp-content\/uploads\/usu346\/2023\/10\/3r-768x190.jpg 768w, https:\/\/agora.xtec.cat\/escguillemfortuny\/wp-content\/uploads\/usu346\/2023\/10\/3r.jpg 1010w\" sizes=\"auto, (max-width: 300px) 100vw, 300px\" \/><\/a><\/td>\n<\/tr>\n<tr>\n<td style=\"width: 33.3333%; border-color: #ffffff; background-color: #ffffff;\"><a href=\"https:\/\/agora.xtec.cat\/escguillemfortuny\/categoria\/primaria\/4t\/\" target=\"_blank\" rel=\"noopener\"><img loading=\"lazy\" decoding=\"async\" class=\"wp-image-9590 size-medium aligncenter\" src=\"https:\/\/agora.xtec.cat\/escguillemfortuny\/wp-content\/uploads\/usu346\/2023\/10\/4t-300x74.jpg\" alt=\"\" width=\"300\" height=\"74\" srcset=\"https:\/\/agora.xtec.cat\/escguillemfortuny\/wp-content\/uploads\/usu346\/2023\/10\/4t-300x74.jpg 300w, https:\/\/agora.xtec.cat\/escguillemfortuny\/wp-content\/uploads\/usu346\/2023\/10\/4t-768x190.jpg 768w, https:\/\/agora.xtec.cat\/escguillemfortuny\/wp-content\/uploads\/usu346\/2023\/10\/4t.jpg 1010w\" sizes=\"auto, (max-width: 300px) 100vw, 300px\" \/><\/a><\/td>\n<td style=\"width: 33.3333%; border-color: #ffffff; background-color: #ffffff;\"><a href=\"https:\/\/agora.xtec.cat\/escguillemfortuny\/categoria\/primaria\/5e\/\"><img loading=\"lazy\" decoding=\"async\" class=\"wp-image-9591 size-medium aligncenter\" src=\"https:\/\/agora.xtec.cat\/escguillemfortuny\/wp-content\/uploads\/usu346\/2023\/10\/5e-300x74.jpg\" alt=\"\" width=\"300\" height=\"74\" srcset=\"https:\/\/agora.xtec.cat\/escguillemfortuny\/wp-content\/uploads\/usu346\/2023\/10\/5e-300x74.jpg 300w, https:\/\/agora.xtec.cat\/escguillemfortuny\/wp-content\/uploads\/usu346\/2023\/10\/5e-768x190.jpg 768w, https:\/\/agora.xtec.cat\/escguillemfortuny\/wp-content\/uploads\/usu346\/2023\/10\/5e.jpg 1010w\" sizes=\"auto, (max-width: 300px) 100vw, 300px\" \/><\/a><\/td>\n<td style=\"width: 33.3333%; border-color: #ffffff; background-color: #ffffff;\"><a href=\"https:\/\/agora.xtec.cat\/escguillemfortuny\/categoria\/primaria\/6e\/\" target=\"_blank\" rel=\"noopener\"><img loading=\"lazy\" decoding=\"async\" class=\"wp-image-9592 size-medium aligncenter\" src=\"https:\/\/agora.xtec.cat\/escguillemfortuny\/wp-content\/uploads\/usu346\/2023\/10\/6e-300x74.jpg\" alt=\"\" width=\"300\" height=\"74\" srcset=\"https:\/\/agora.xtec.cat\/escguillemfortuny\/wp-content\/uploads\/usu346\/2023\/10\/6e-300x74.jpg 300w, https:\/\/agora.xtec.cat\/escguillemfortuny\/wp-content\/uploads\/usu346\/2023\/10\/6e-768x190.jpg 768w, https:\/\/agora.xtec.cat\/escguillemfortuny\/wp-content\/uploads\/usu346\/2023\/10\/6e.jpg 1010w\" sizes=\"auto, (max-width: 300px) 100vw, 300px\" \/><\/a><\/td>\n<\/tr>\n<\/tbody>\n<\/table>\n<p><img loading=\"lazy\" decoding=\"async\" class=\"alignright wp-image-9774 size-medium\" src=\"https:\/\/agora.xtec.cat\/escguillemfortuny\/wp-content\/uploads\/usu346\/2023\/10\/Logo-centre-300x295.png\" alt=\"\" width=\"300\" height=\"295\" srcset=\"https:\/\/agora.xtec.cat\/escguillemfortuny\/wp-content\/uploads\/usu346\/2023\/10\/Logo-centre-300x295.png 300w, https:\/\/agora.xtec.cat\/escguillemfortuny\/wp-content\/uploads\/usu346\/2023\/10\/Logo-centre-768x756.png 768w, https:\/\/agora.xtec.cat\/escguillemfortuny\/wp-content\/uploads\/usu346\/2023\/10\/Logo-centre.png 863w\" sizes=\"auto, (max-width: 300px) 100vw, 300px\" \/><\/p>\n<p>&nbsp;<\/p>\n<p>&nbsp;<\/p>\n","protected":false},"excerpt":{"rendered":"<p>La finalitat de l&#8217;educaci\u00f3 prim\u00e0ria \u00e9s proporcionar a tots els nens i les nenes les compet\u00e8ncies que els permetin assegurar el seu desenvolupament personal i social; adquirir les habilitats i les compet\u00e8ncies culturals i socials relatives a l&#8217;expressi\u00f3 i comprensi\u00f3 oral, a la lectura i&hellip;  <a href=\"https:\/\/agora.xtec.cat\/escguillemfortuny\/alumnes\/educacio-primaria\/\" title=\"Read Educaci\u00f3 Primaria\">Llegeix m\u00e9s\u00bb<\/a><\/p>\n","protected":false},"author":1,"featured_media":0,"parent":333,"menu_order":2,"comment_status":"closed","ping_status":"closed","template":"page-templates\/side-menu.php","meta":{"_bbp_topic_count":0,"_bbp_reply_count":0,"_bbp_total_topic_count":0,"_bbp_total_reply_count":0,"_bbp_voice_count":0,"_bbp_anonymous_reply_count":0,"_bbp_topic_count_hidden":0,"_bbp_reply_count_hidden":0,"_bbp_forum_subforum_count":0,"footnotes":""},"class_list":["post-365","page","type-page","status-publish","hentry"],"post_mailing_queue_ids":[],"_links":{"self":[{"href":"https:\/\/agora.xtec.cat\/escguillemfortuny\/wp-json\/wp\/v2\/pages\/365","targetHints":{"allow":["GET"]}}],"collection":[{"href":"https:\/\/agora.xtec.cat\/escguillemfortuny\/wp-json\/wp\/v2\/pages"}],"about":[{"href":"https:\/\/agora.xtec.cat\/escguillemfortuny\/wp-json\/wp\/v2\/types\/page"}],"author":[{"embeddable":true,"href":"https:\/\/agora.xtec.cat\/escguillemfortuny\/wp-json\/wp\/v2\/users\/1"}],"replies":[{"embeddable":true,"href":"https:\/\/agora.xtec.cat\/escguillemfortuny\/wp-json\/wp\/v2\/comments?post=365"}],"version-history":[{"count":6,"href":"https:\/\/agora.xtec.cat\/escguillemfortuny\/wp-json\/wp\/v2\/pages\/365\/revisions"}],"predecessor-version":[{"id":10310,"href":"https:\/\/agora.xtec.cat\/escguillemfortuny\/wp-json\/wp\/v2\/pages\/365\/revisions\/10310"}],"up":[{"embeddable":true,"href":"https:\/\/agora.xtec.cat\/escguillemfortuny\/wp-json\/wp\/v2\/pages\/333"}],"wp:attachment":[{"href":"https:\/\/agora.xtec.cat\/escguillemfortuny\/wp-json\/wp\/v2\/media?parent=365"}],"curies":[{"name":"wp","href":"https:\/\/api.w.org\/{rel}","templated":true}]}}