{"id":353,"date":"2017-05-04T17:55:31","date_gmt":"2017-05-04T15:55:31","guid":{"rendered":"http:\/\/agora.xtec.cat\/escguillemfortuny\/?page_id=353"},"modified":"2023-12-15T09:54:48","modified_gmt":"2023-12-15T08:54:48","slug":"educacio-infantil","status":"publish","type":"page","link":"https:\/\/agora.xtec.cat\/escguillemfortuny\/alumnes\/educacio-infantil\/","title":{"rendered":"Educaci\u00f3 Infantil"},"content":{"rendered":"<p>La nostra escola es regeix en la normativa actual que \u00e9s el Decret 21\/2023 que determina que l&#8217;educaci\u00f3 infantil contribueix al desenvolupament integral i harm\u00f2nic dels infants, en totes les seves dimensions, tant personals com de relaci\u00f3 amb les altres persones, en col\u00b7laboraci\u00f3 amb les fam\u00edlies i l&#8217;entorn, i garanteix la igualtat d&#8217;oportunitats.<\/p>\n<p>Tamb\u00e9 es basa en diverses experi\u00e8ncies i aprenentatges i sempre garantint els principis d&#8217;equitat i inclusi\u00f3.<\/p>\n<p>Les mesures organitzatives, metodol\u00f2giques i curriculars que s&#8217;adopten a l&#8217;escola es regeixen pel reconeixement dels drets dels infants i els principis del disseny universal de l&#8217;aprenentatge.<\/p>\n<p>L&#8217;educaci\u00f3 infantil \u00e9s la primera etapa educativa i una de les m\u00e9s importants del sistema oferint un gran ventall d&#8217;oportunitats.<\/p>\n<p style=\"text-align: center;\"><a href=\"https:\/\/drive.google.com\/open?id=0B_-dWPnLJBQiM0x0QnZFZ2NYaGs\">Fent clic en aquest enlla\u00e7 podeu veure els criteris metodol\u00f2gics d&#8217;Ed. Infantil. (en construcci\u00f3)<\/a><\/p>\n<p><img loading=\"lazy\" decoding=\"async\" class=\"alignnone wp-image-504 size-large\" src=\"http:\/\/agora.xtec.cat\/escguillemfortuny\/wp-content\/uploads\/usu346\/2017\/05\/pati_inf_nens-1024x181.jpg\" alt=\"\" width=\"1024\" height=\"181\" srcset=\"https:\/\/agora.xtec.cat\/escguillemfortuny\/wp-content\/uploads\/usu346\/2017\/05\/pati_inf_nens-1024x181.jpg 1024w, https:\/\/agora.xtec.cat\/escguillemfortuny\/wp-content\/uploads\/usu346\/2017\/05\/pati_inf_nens-300x53.jpg 300w, https:\/\/agora.xtec.cat\/escguillemfortuny\/wp-content\/uploads\/usu346\/2017\/05\/pati_inf_nens-768x136.jpg 768w, https:\/\/agora.xtec.cat\/escguillemfortuny\/wp-content\/uploads\/usu346\/2017\/05\/pati_inf_nens.jpg 1050w\" sizes=\"auto, (max-width: 1024px) 100vw, 1024px\" \/><\/p>\n<table style=\"width: 100%; border-collapse: collapse; border-color: #ffffff; background-color: #ffffff;\">\n<tbody>\n<tr>\n<td style=\"width: 50%; border-style: outset;\"><a href=\"https:\/\/agora.xtec.cat\/escguillemfortuny\/categoria\/infantil\/i3\/\"><img loading=\"lazy\" decoding=\"async\" class=\"wp-image-9595 size-medium aligncenter\" src=\"https:\/\/agora.xtec.cat\/escguillemfortuny\/wp-content\/uploads\/usu346\/2023\/10\/i3-300x74.jpg\" alt=\"\" width=\"300\" height=\"74\" srcset=\"https:\/\/agora.xtec.cat\/escguillemfortuny\/wp-content\/uploads\/usu346\/2023\/10\/i3-300x74.jpg 300w, https:\/\/agora.xtec.cat\/escguillemfortuny\/wp-content\/uploads\/usu346\/2023\/10\/i3-768x190.jpg 768w, https:\/\/agora.xtec.cat\/escguillemfortuny\/wp-content\/uploads\/usu346\/2023\/10\/i3.jpg 1010w\" sizes=\"auto, (max-width: 300px) 100vw, 300px\" \/><\/a><\/td>\n<td style=\"width: 50%; border-color: #ffffff; background-color: #ffffff;\" rowspan=\"3\"><img loading=\"lazy\" decoding=\"async\" class=\"alignright wp-image-9774 size-medium\" src=\"https:\/\/agora.xtec.cat\/escguillemfortuny\/wp-content\/uploads\/usu346\/2023\/10\/Logo-centre-300x295.png\" alt=\"\" width=\"300\" height=\"295\" srcset=\"https:\/\/agora.xtec.cat\/escguillemfortuny\/wp-content\/uploads\/usu346\/2023\/10\/Logo-centre-300x295.png 300w, https:\/\/agora.xtec.cat\/escguillemfortuny\/wp-content\/uploads\/usu346\/2023\/10\/Logo-centre-768x756.png 768w, https:\/\/agora.xtec.cat\/escguillemfortuny\/wp-content\/uploads\/usu346\/2023\/10\/Logo-centre.png 863w\" sizes=\"auto, (max-width: 300px) 100vw, 300px\" \/><\/td>\n<\/tr>\n<tr>\n<td style=\"width: 50%; border-color: #ffffff; background-color: #ffffff;\"><a href=\"https:\/\/agora.xtec.cat\/escguillemfortuny\/categoria\/infantil\/i4\/\" target=\"_blank\" rel=\"noopener\"><img loading=\"lazy\" decoding=\"async\" class=\"wp-image-9596 size-medium aligncenter\" src=\"https:\/\/agora.xtec.cat\/escguillemfortuny\/wp-content\/uploads\/usu346\/2023\/10\/i4-300x74.jpg\" alt=\"\" width=\"300\" height=\"74\" srcset=\"https:\/\/agora.xtec.cat\/escguillemfortuny\/wp-content\/uploads\/usu346\/2023\/10\/i4-300x74.jpg 300w, https:\/\/agora.xtec.cat\/escguillemfortuny\/wp-content\/uploads\/usu346\/2023\/10\/i4-768x190.jpg 768w, https:\/\/agora.xtec.cat\/escguillemfortuny\/wp-content\/uploads\/usu346\/2023\/10\/i4.jpg 1010w\" sizes=\"auto, (max-width: 300px) 100vw, 300px\" \/><\/a><\/td>\n<\/tr>\n<tr>\n<td style=\"width: 50%; border-color: #ffffff; background-color: #ffffff;\"><a href=\"https:\/\/agora.xtec.cat\/escguillemfortuny\/categoria\/infantil\/i5\/\" target=\"_blank\" rel=\"noopener\"><img loading=\"lazy\" decoding=\"async\" class=\"wp-image-9597 size-medium aligncenter\" src=\"https:\/\/agora.xtec.cat\/escguillemfortuny\/wp-content\/uploads\/usu346\/2023\/10\/i5-300x74.jpg\" alt=\"\" width=\"300\" height=\"74\" srcset=\"https:\/\/agora.xtec.cat\/escguillemfortuny\/wp-content\/uploads\/usu346\/2023\/10\/i5-300x74.jpg 300w, https:\/\/agora.xtec.cat\/escguillemfortuny\/wp-content\/uploads\/usu346\/2023\/10\/i5-768x190.jpg 768w, https:\/\/agora.xtec.cat\/escguillemfortuny\/wp-content\/uploads\/usu346\/2023\/10\/i5.jpg 1010w\" sizes=\"auto, (max-width: 300px) 100vw, 300px\" \/><\/a><\/td>\n<\/tr>\n<\/tbody>\n<\/table>\n<p>&nbsp;<\/p>\n<p>&nbsp;<\/p>\n<p>&nbsp;<\/p>\n<p>&nbsp;<\/p>\n<p>&nbsp;<\/p>\n<p>&nbsp;<\/p>\n","protected":false},"excerpt":{"rendered":"<p>La nostra escola es regeix en la normativa actual que \u00e9s el Decret 21\/2023 que determina que l&#8217;educaci\u00f3 infantil contribueix al desenvolupament integral i harm\u00f2nic dels infants, en totes les seves dimensions, tant personals com de relaci\u00f3 amb les altres persones, en col\u00b7laboraci\u00f3 amb les&hellip;  <a href=\"https:\/\/agora.xtec.cat\/escguillemfortuny\/alumnes\/educacio-infantil\/\" title=\"Read Educaci\u00f3 Infantil\">Llegeix m\u00e9s\u00bb<\/a><\/p>\n","protected":false},"author":1,"featured_media":0,"parent":333,"menu_order":1,"comment_status":"closed","ping_status":"closed","template":"page-templates\/side-menu.php","meta":{"_bbp_topic_count":0,"_bbp_reply_count":0,"_bbp_total_topic_count":0,"_bbp_total_reply_count":0,"_bbp_voice_count":0,"_bbp_anonymous_reply_count":0,"_bbp_topic_count_hidden":0,"_bbp_reply_count_hidden":0,"_bbp_forum_subforum_count":0,"footnotes":""},"class_list":["post-353","page","type-page","status-publish","hentry"],"post_mailing_queue_ids":[],"_links":{"self":[{"href":"https:\/\/agora.xtec.cat\/escguillemfortuny\/wp-json\/wp\/v2\/pages\/353","targetHints":{"allow":["GET"]}}],"collection":[{"href":"https:\/\/agora.xtec.cat\/escguillemfortuny\/wp-json\/wp\/v2\/pages"}],"about":[{"href":"https:\/\/agora.xtec.cat\/escguillemfortuny\/wp-json\/wp\/v2\/types\/page"}],"author":[{"embeddable":true,"href":"https:\/\/agora.xtec.cat\/escguillemfortuny\/wp-json\/wp\/v2\/users\/1"}],"replies":[{"embeddable":true,"href":"https:\/\/agora.xtec.cat\/escguillemfortuny\/wp-json\/wp\/v2\/comments?post=353"}],"version-history":[{"count":7,"href":"https:\/\/agora.xtec.cat\/escguillemfortuny\/wp-json\/wp\/v2\/pages\/353\/revisions"}],"predecessor-version":[{"id":10295,"href":"https:\/\/agora.xtec.cat\/escguillemfortuny\/wp-json\/wp\/v2\/pages\/353\/revisions\/10295"}],"up":[{"embeddable":true,"href":"https:\/\/agora.xtec.cat\/escguillemfortuny\/wp-json\/wp\/v2\/pages\/333"}],"wp:attachment":[{"href":"https:\/\/agora.xtec.cat\/escguillemfortuny\/wp-json\/wp\/v2\/media?parent=353"}],"curies":[{"name":"wp","href":"https:\/\/api.w.org\/{rel}","templated":true}]}}