{"id":327,"date":"2017-05-04T17:39:33","date_gmt":"2017-05-04T15:39:33","guid":{"rendered":"http:\/\/agora.xtec.cat\/escguillemfortuny\/?page_id=327"},"modified":"2023-11-25T06:58:52","modified_gmt":"2023-11-25T05:58:52","slug":"autoritzacions-escolars","status":"publish","type":"page","link":"https:\/\/agora.xtec.cat\/escguillemfortuny\/families\/autoritzacions-escolars\/","title":{"rendered":"Autoritzacions escolars"},"content":{"rendered":"<ul>\n<li><a href=\"https:\/\/agora.xtec.cat\/escguillemfortuny\/wp-content\/uploads\/usu346\/2023\/10\/Logo-centre.png\"><img loading=\"lazy\" decoding=\"async\" class=\"alignright wp-image-9774 size-medium\" src=\"https:\/\/agora.xtec.cat\/escguillemfortuny\/wp-content\/uploads\/usu346\/2023\/10\/Logo-centre-300x295.png\" alt=\"\" width=\"300\" height=\"295\" srcset=\"https:\/\/agora.xtec.cat\/escguillemfortuny\/wp-content\/uploads\/usu346\/2023\/10\/Logo-centre-300x295.png 300w, https:\/\/agora.xtec.cat\/escguillemfortuny\/wp-content\/uploads\/usu346\/2023\/10\/Logo-centre-768x756.png 768w, https:\/\/agora.xtec.cat\/escguillemfortuny\/wp-content\/uploads\/usu346\/2023\/10\/Logo-centre.png 863w\" sizes=\"auto, (max-width: 300px) 100vw, 300px\" \/><\/a><a href=\"https:\/\/docs.google.com\/document\/d\/1P0ET76JZb-cY0XNYZuCuH2grTSYot08V54mu4K88Lhw\/edit?usp=drive_link\" target=\"_blank\" rel=\"noopener\">Administraci\u00f3 de medicaments a alumnes.<\/a><\/li>\n<li><a href=\"https:\/\/docs.google.com\/document\/d\/1O5psJG-Qhy60RsP--EbN9FWgYnRDb5w7XsLIDZ6BelU\/edit?usp=drive_link\" target=\"_blank\" rel=\"noopener\">Autoritzaci\u00f3 d&#8217;alumnes de 3r (sortir sols del centre).<\/a><\/li>\n<li><a href=\"https:\/\/docs.google.com\/document\/d\/1Qm-4nKlhCswfudT0r4hv1zh_bAs__HMlsYLKQBwRgLU\/edit?usp=drive_link\" target=\"_blank\" rel=\"noopener\">Autoritzaci\u00f3 sortida de l&#8217;alumnat de 4t, 5\u00e8 i 6\u00e8.<\/a><\/li>\n<li><a href=\"https:\/\/docs.google.com\/document\/d\/1N2t8-Z_To07oZT69IVSfPEXZWnhr_AFB-MZaFdPWc5k\/edit?usp=drive_link\" target=\"_blank\" rel=\"noopener\">Recollida alumnes per adults diferents dels pares o tutors legals.<\/a><\/li>\n<li><a href=\"https:\/\/docs.google.com\/document\/d\/1CiMIW8bfXz16E0_nbIf4teh_VBU7tAnOB36x0T-4a_A\/edit?usp=drive_link\" target=\"_blank\" rel=\"noopener\">Autoritzaci\u00f3 de drets d&#8217;imatge i dades de l&#8217;alumne.<\/a><\/li>\n<li><a href=\"https:\/\/docs.google.com\/document\/d\/1fFt8sg7i8HjGC08zA1qcPsnOn8oyuzc5_50srpZXuSE\/edit?usp=drive_link\" target=\"_blank\" rel=\"noopener\">Autoritzaci\u00f3 cessi\u00f3 de dades.<\/a><\/li>\n<li><a href=\"https:\/\/docs.google.com\/document\/d\/1UmAmC76RxXs0P4n5Z6f-pnQKD-F56XzMBDAN-Ej9MLM\/edit?usp=drive_link\" target=\"_blank\" rel=\"noopener\">Autoritzaci\u00f3 \u00fas de correu electr\u00f2nic.<\/a><\/li>\n<li><a href=\"https:\/\/docs.google.com\/document\/d\/1w0unRT3v6d0Ga2RQiMsNFnrQ3I7DXVD492vBxyvI-0E\/edit?usp=drive_link\" target=\"_blank\" rel=\"noopener\"><span class=\"il\">Autoritzaci\u00f3<\/span> creaci\u00f3 correu corporatiu del centre a l&#8217;alumnat.<\/a><\/li>\n<li><a href=\"https:\/\/docs.google.com\/document\/d\/1CZzsDNn5jBF7DFoJN6u5sNQPkMbCnCjbLsOvYUZCXiQ\/edit?usp=drive_link\" target=\"_blank\" rel=\"noopener\">Declaraci\u00f3 sobre l&#8217;opci\u00f3 religiosa &#8211; Atenci\u00f3 educativa alternativa.<\/a><\/li>\n<\/ul>\n","protected":false},"excerpt":{"rendered":"<ul>\n<li><a href=\"https:\/\/agora.xtec.cat\/escguillemfortuny\/wp-content\/uploads\/usu346\/2023\/10\/Logo-centre.png\"><\/a><a href=\"https:\/\/docs.google.com\/document\/d\/1P0ET76JZb-cY0XNYZuCuH2grTSYot08V54mu4K88Lhw\/edit?usp=drive_link\" target=\"_blank\" rel=\"noopener\">Administraci\u00f3 de medicaments a alumnes.<\/a><\/li>\n<li><a href=\"https:\/\/docs.google.com\/document\/d\/1O5psJG-Qhy60RsP--EbN9FWgYnRDb5w7XsLIDZ6BelU\/edit?usp=drive_link\" target=\"_blank\" rel=\"noopener\">Autoritzaci\u00f3 d&#8217;alumnes de 3r (sortir sols del centre).<\/a><\/li>\n<li><a href=\"https:\/\/docs.google.com\/document\/d\/1Qm-4nKlhCswfudT0r4hv1zh_bAs__HMlsYLKQBwRgLU\/edit?usp=drive_link\" target=\"_blank\" rel=\"noopener\">Autoritzaci\u00f3 sortida de l&#8217;alumnat de 4t, 5\u00e8 i 6\u00e8.<\/a><\/li>\n<li><a href=\"https:\/\/docs.google.com\/document\/d\/1N2t8-Z_To07oZT69IVSfPEXZWnhr_AFB-MZaFdPWc5k\/edit?usp=drive_link\" target=\"_blank\" rel=\"noopener\">Recollida alumnes per adults diferents dels pares o tutors legals.<\/a><\/li>\n<li><a href=\"https:\/\/docs.google.com\/document\/d\/1CiMIW8bfXz16E0_nbIf4teh_VBU7tAnOB36x0T-4a_A\/edit?usp=drive_link\" target=\"_blank\" rel=\"noopener\">Autoritzaci\u00f3&hellip;  <a href=\"https:\/\/agora.xtec.cat\/escguillemfortuny\/families\/autoritzacions-escolars\/\" title=\"Read Autoritzacions escolars\">Llegeix m\u00e9s\u00bb<\/a><br \/>\n","protected":false},"author":1,"featured_media":0,"parent":317,"menu_order":5,"comment_status":"closed","ping_status":"closed","template":"page-templates\/side-menu.php","meta":{"_bbp_topic_count":0,"_bbp_reply_count":0,"_bbp_total_topic_count":0,"_bbp_total_reply_count":0,"_bbp_voice_count":0,"_bbp_anonymous_reply_count":0,"_bbp_topic_count_hidden":0,"_bbp_reply_count_hidden":0,"_bbp_forum_subforum_count":0,"footnotes":""},"class_list":["post-327","page","type-page","status-publish","hentry"],"post_mailing_queue_ids":[],"_links":{"self":[{"href":"https:\/\/agora.xtec.cat\/escguillemfortuny\/wp-json\/wp\/v2\/pages\/327","targetHints":{"allow":["GET"]}}],"collection":[{"href":"https:\/\/agora.xtec.cat\/escguillemfortuny\/wp-json\/wp\/v2\/pages"}],"about":[{"href":"https:\/\/agora.xtec.cat\/escguillemfortuny\/wp-json\/wp\/v2\/types\/page"}],"author":[{"embeddable":true,"href":"https:\/\/agora.xtec.cat\/escguillemfortuny\/wp-json\/wp\/v2\/users\/1"}],"replies":[{"embeddable":true,"href":"https:\/\/agora.xtec.cat\/escguillemfortuny\/wp-json\/wp\/v2\/comments?post=327"}],"version-history":[{"count":7,"href":"https:\/\/agora.xtec.cat\/escguillemfortuny\/wp-json\/wp\/v2\/pages\/327\/revisions"}],"predecessor-version":[{"id":10008,"href":"https:\/\/agora.xtec.cat\/escguillemfortuny\/wp-json\/wp\/v2\/pages\/327\/revisions\/10008"}],"up":[{"embeddable":true,"href":"https:\/\/agora.xtec.cat\/escguillemfortuny\/wp-json\/wp\/v2\/pages\/317"}],"wp:attachment":[{"href":"https:\/\/agora.xtec.cat\/escguillemfortuny\/wp-json\/wp\/v2\/media?parent=327"}],"curies":[{"name":"wp","href":"https:\/\/api.w.org\/{rel}","templated":true}]}}