{"id":321,"date":"2017-05-04T17:35:34","date_gmt":"2017-05-04T15:35:34","guid":{"rendered":"http:\/\/agora.xtec.cat\/escguillemfortuny\/?page_id=321"},"modified":"2023-11-11T16:53:33","modified_gmt":"2023-11-11T15:53:33","slug":"carta-de-compromis","status":"publish","type":"page","link":"https:\/\/agora.xtec.cat\/escguillemfortuny\/families\/carta-de-compromis\/","title":{"rendered":"Carta de Comprom\u00eds"},"content":{"rendered":"<p style=\"text-align: left;\">La Carta de Comprom\u00eds Educatiu \u00e9s una eina de di\u00e0leg entre les fam\u00edlies de l\u2019alumnat i els professionals de l\u2019educaci\u00f3 amb la finalitat d\u2019afavorir l\u2019\u00e8xit educatiu. En aquest comprom\u00eds fam\u00edlia i escola expressen els objectius per assolir un entorn de conviv\u00e8ncia i respecte pel desenvolupament de les activitats educatives.<a href=\"https:\/\/agora.xtec.cat\/escguillemfortuny\/wp-content\/uploads\/usu346\/2023\/10\/Logo-centre.png\"><img loading=\"lazy\" decoding=\"async\" class=\"alignright wp-image-9774 size-medium\" src=\"https:\/\/agora.xtec.cat\/escguillemfortuny\/wp-content\/uploads\/usu346\/2023\/10\/Logo-centre-300x295.png\" alt=\"\" width=\"300\" height=\"295\" srcset=\"https:\/\/agora.xtec.cat\/escguillemfortuny\/wp-content\/uploads\/usu346\/2023\/10\/Logo-centre-300x295.png 300w, https:\/\/agora.xtec.cat\/escguillemfortuny\/wp-content\/uploads\/usu346\/2023\/10\/Logo-centre-768x756.png 768w, https:\/\/agora.xtec.cat\/escguillemfortuny\/wp-content\/uploads\/usu346\/2023\/10\/Logo-centre.png 863w\" sizes=\"auto, (max-width: 300px) 100vw, 300px\" \/><\/a><\/p>\n<p style=\"text-align: left;\">Mitjan\u00e7ant la Carta de Comprom\u00eds Educatiu es vol potenciar la participaci\u00f3 de les fam\u00edlies en l\u2019educaci\u00f3 dels seus fills i filles, ja que l\u2019educaci\u00f3 \u00e9s el resultat de l\u2019esfor\u00e7 conjunt de les fam\u00edlies i les escoles.<\/p>\n<p style=\"text-align: center;\"><a href=\"https:\/\/drive.google.com\/file\/d\/1-VgkJSUy7PxZVWnno-74IkqUdiEORGjC\/view?usp=sharing\">Enlla\u00e7 a la carta de comprom\u00eds<\/a><\/p>\n","protected":false},"excerpt":{"rendered":"<p>La Carta de Comprom\u00eds Educatiu \u00e9s una eina de di\u00e0leg entre les fam\u00edlies de l\u2019alumnat i els professionals de l\u2019educaci\u00f3 amb la finalitat d\u2019afavorir l\u2019\u00e8xit educatiu. En aquest comprom\u00eds fam\u00edlia i escola expressen els objectius per assolir un entorn de conviv\u00e8ncia i respecte pel desenvolupament&hellip;  <a href=\"https:\/\/agora.xtec.cat\/escguillemfortuny\/families\/carta-de-compromis\/\" title=\"Read Carta de Comprom\u00eds\">Llegeix m\u00e9s\u00bb<\/a><\/p>\n","protected":false},"author":1,"featured_media":0,"parent":317,"menu_order":2,"comment_status":"closed","ping_status":"closed","template":"page-templates\/side-menu.php","meta":{"_bbp_topic_count":0,"_bbp_reply_count":0,"_bbp_total_topic_count":0,"_bbp_total_reply_count":0,"_bbp_voice_count":0,"_bbp_anonymous_reply_count":0,"_bbp_topic_count_hidden":0,"_bbp_reply_count_hidden":0,"_bbp_forum_subforum_count":0,"footnotes":""},"class_list":["post-321","page","type-page","status-publish","hentry"],"post_mailing_queue_ids":[],"_links":{"self":[{"href":"https:\/\/agora.xtec.cat\/escguillemfortuny\/wp-json\/wp\/v2\/pages\/321","targetHints":{"allow":["GET"]}}],"collection":[{"href":"https:\/\/agora.xtec.cat\/escguillemfortuny\/wp-json\/wp\/v2\/pages"}],"about":[{"href":"https:\/\/agora.xtec.cat\/escguillemfortuny\/wp-json\/wp\/v2\/types\/page"}],"author":[{"embeddable":true,"href":"https:\/\/agora.xtec.cat\/escguillemfortuny\/wp-json\/wp\/v2\/users\/1"}],"replies":[{"embeddable":true,"href":"https:\/\/agora.xtec.cat\/escguillemfortuny\/wp-json\/wp\/v2\/comments?post=321"}],"version-history":[{"count":4,"href":"https:\/\/agora.xtec.cat\/escguillemfortuny\/wp-json\/wp\/v2\/pages\/321\/revisions"}],"predecessor-version":[{"id":10005,"href":"https:\/\/agora.xtec.cat\/escguillemfortuny\/wp-json\/wp\/v2\/pages\/321\/revisions\/10005"}],"up":[{"embeddable":true,"href":"https:\/\/agora.xtec.cat\/escguillemfortuny\/wp-json\/wp\/v2\/pages\/317"}],"wp:attachment":[{"href":"https:\/\/agora.xtec.cat\/escguillemfortuny\/wp-json\/wp\/v2\/media?parent=321"}],"curies":[{"name":"wp","href":"https:\/\/api.w.org\/{rel}","templated":true}]}}