{"id":14823,"date":"2026-04-21T11:56:03","date_gmt":"2026-04-21T09:56:03","guid":{"rendered":"https:\/\/agora.xtec.cat\/escguillemfortuny\/?page_id=14823"},"modified":"2026-04-21T12:05:48","modified_gmt":"2026-04-21T10:05:48","slug":"forturadio","status":"publish","type":"page","link":"https:\/\/agora.xtec.cat\/escguillemfortuny\/projectes\/forturadio\/","title":{"rendered":"FortuR\u00e0dio"},"content":{"rendered":"\n<p>La creaci\u00f3 d\u2019una r\u00e0dio escolar, \u00e9s una proposta educativa que neix amb l\u2019objectiu d&#8217;integrar els sabers ling\u00fc\u00edstics amb la tecnologia oferint als nostres alumnes un aprenentatge significatiu.&nbsp;<\/p>\n\n\n\n<p>\u201cFortuR\u00e0dio, la veu del Guillem Fortuny\u201d ofereix un context real perqu\u00e8 l\u2019alumnat utilitzi el catal\u00e0, castell\u00e0 i angl\u00e8s amb una finalitat comunicativa aut\u00e8ntica: explicar, informar, entrevistar, opinar, aix\u00ed com escoltar, comprendre&#8230; Aix\u00f2 implica escriure guions, preparar intervencions i treballar l\u2019expressi\u00f3 oral, la pronunciaci\u00f3 i l\u2019adequaci\u00f3 del llenguatge. D\u2019aquesta manera, la llengua esdev\u00e9 una eina viva i funcional dins del centre.<\/p>\n\n\n\n<p>Alhora, tamb\u00e9 ens ha perm\u00e8s incorporar la tecnologia amb sentit pedag\u00f2gic. Els alumnes L\u2019alumnat apr\u00e8n a utilitzar micr\u00f2fons, programes d\u2019enregistrament i edici\u00f3 d\u2019\u00e0udio, desenvolupant la compet\u00e8ncia digital a trav\u00e9s de la creaci\u00f3 de continguts propis.<\/p>\n\n\n\n<p>Desitgem que gaudiu dels continguts que trobareu a continuaci\u00f3, tant, com nosaltres ho hem fet creant-los.<\/p>\n\n\n\n<p>Som Guillem Fortuny.<\/p>\n\n\n<div class=\"wp-block-image\">\n<figure class=\"aligncenter size-medium\"><a href=\"https:\/\/agora.xtec.cat\/escguillemfortuny\/categoria\/forturadio\/\"><img loading=\"lazy\" decoding=\"async\" width=\"300\" height=\"257\" src=\"https:\/\/agora.xtec.cat\/escguillemfortuny\/wp-content\/uploads\/usu346\/2026\/03\/LOGO-FORTURADIO-II-300x257.jpg\" alt=\"\" class=\"wp-image-14825\" srcset=\"https:\/\/agora.xtec.cat\/escguillemfortuny\/wp-content\/uploads\/usu346\/2026\/03\/LOGO-FORTURADIO-II-300x257.jpg 300w, https:\/\/agora.xtec.cat\/escguillemfortuny\/wp-content\/uploads\/usu346\/2026\/03\/LOGO-FORTURADIO-II-1024x876.jpg 1024w, https:\/\/agora.xtec.cat\/escguillemfortuny\/wp-content\/uploads\/usu346\/2026\/03\/LOGO-FORTURADIO-II-768x657.jpg 768w, https:\/\/agora.xtec.cat\/escguillemfortuny\/wp-content\/uploads\/usu346\/2026\/03\/LOGO-FORTURADIO-II-1536x1314.jpg 1536w, https:\/\/agora.xtec.cat\/escguillemfortuny\/wp-content\/uploads\/usu346\/2026\/03\/LOGO-FORTURADIO-II-2048x1751.jpg 2048w\" sizes=\"auto, (max-width: 300px) 100vw, 300px\" \/><\/a><\/figure><\/div>\n\n<div class=\"wp-block-image\">\n<figure class=\"alignright size-medium\"><img loading=\"lazy\" decoding=\"async\" width=\"300\" height=\"295\" src=\"https:\/\/agora.xtec.cat\/escguillemfortuny\/wp-content\/uploads\/usu346\/2023\/10\/Logo-centre-300x295.png\" alt=\"\" class=\"wp-image-9774\" srcset=\"https:\/\/agora.xtec.cat\/escguillemfortuny\/wp-content\/uploads\/usu346\/2023\/10\/Logo-centre-300x295.png 300w, https:\/\/agora.xtec.cat\/escguillemfortuny\/wp-content\/uploads\/usu346\/2023\/10\/Logo-centre-768x756.png 768w, https:\/\/agora.xtec.cat\/escguillemfortuny\/wp-content\/uploads\/usu346\/2023\/10\/Logo-centre.png 863w\" sizes=\"auto, (max-width: 300px) 100vw, 300px\" \/><\/figure><\/div>","protected":false},"excerpt":{"rendered":"<p>La creaci\u00f3 d\u2019una r\u00e0dio escolar, \u00e9s una proposta educativa que neix amb l\u2019objectiu d&#8217;integrar els sabers ling\u00fc\u00edstics amb la tecnologia oferint als nostres alumnes un aprenentatge significatiu.&nbsp;<\/p>\n<p>\u201cFortuR\u00e0dio, la veu del Guillem Fortuny\u201d ofereix un context real perqu\u00e8 l\u2019alumnat utilitzi el catal\u00e0, castell\u00e0 i angl\u00e8s amb&hellip;  <a href=\"https:\/\/agora.xtec.cat\/escguillemfortuny\/projectes\/forturadio\/\" title=\"Read FortuR\u00e0dio\">Llegeix m\u00e9s\u00bb<\/a><\/p>\n","protected":false},"author":6,"featured_media":0,"parent":383,"menu_order":0,"comment_status":"closed","ping_status":"close","template":"page-templates\/side-menu.php","meta":{"_bbp_topic_count":0,"_bbp_reply_count":0,"_bbp_total_topic_count":0,"_bbp_total_reply_count":0,"_bbp_voice_count":0,"_bbp_anonymous_reply_count":0,"_bbp_topic_count_hidden":0,"_bbp_reply_count_hidden":0,"_bbp_forum_subforum_count":0,"footnotes":""},"class_list":["post-14823","page","type-page","status-publish","hentry"],"post_mailing_queue_ids":[],"_links":{"self":[{"href":"https:\/\/agora.xtec.cat\/escguillemfortuny\/wp-json\/wp\/v2\/pages\/14823","targetHints":{"allow":["GET"]}}],"collection":[{"href":"https:\/\/agora.xtec.cat\/escguillemfortuny\/wp-json\/wp\/v2\/pages"}],"about":[{"href":"https:\/\/agora.xtec.cat\/escguillemfortuny\/wp-json\/wp\/v2\/types\/page"}],"author":[{"embeddable":true,"href":"https:\/\/agora.xtec.cat\/escguillemfortuny\/wp-json\/wp\/v2\/users\/6"}],"replies":[{"embeddable":true,"href":"https:\/\/agora.xtec.cat\/escguillemfortuny\/wp-json\/wp\/v2\/comments?post=14823"}],"version-history":[{"count":4,"href":"https:\/\/agora.xtec.cat\/escguillemfortuny\/wp-json\/wp\/v2\/pages\/14823\/revisions"}],"predecessor-version":[{"id":14828,"href":"https:\/\/agora.xtec.cat\/escguillemfortuny\/wp-json\/wp\/v2\/pages\/14823\/revisions\/14828"}],"up":[{"embeddable":true,"href":"https:\/\/agora.xtec.cat\/escguillemfortuny\/wp-json\/wp\/v2\/pages\/383"}],"wp:attachment":[{"href":"https:\/\/agora.xtec.cat\/escguillemfortuny\/wp-json\/wp\/v2\/media?parent=14823"}],"curies":[{"name":"wp","href":"https:\/\/api.w.org\/{rel}","templated":true}]}}