{"id":972,"date":"2019-01-12T11:57:43","date_gmt":"2019-01-12T10:57:43","guid":{"rendered":"http:\/\/agora.xtec.cat\/escgueraudepeguera\/?page_id=972"},"modified":"2019-05-08T10:06:11","modified_gmt":"2019-05-08T08:06:11","slug":"patis-actius","status":"publish","type":"page","link":"https:\/\/agora.xtec.cat\/escgueraudepeguera\/patis-actius\/","title":{"rendered":"PATIS ACTIUS"},"content":{"rendered":"<p>Des de l&#8217;escola sempre hem cregut en la import\u00e0ncia de l&#8217;espai exterior com un espai d&#8217;aprenentatge. Quan est\u00e0vem a l&#8217;antiga escola ja vam iniciar la transformaci\u00f3 del pati amb l&#8217;ajuda de tota la comunitat.<\/p>\n<p>&nbsp;<\/p>\n<p><iframe loading=\"lazy\" title=\"Fem Escola - Escola Guerau de Peguera - Torrelles de Foix\" width=\"500\" height=\"281\" src=\"https:\/\/www.youtube.com\/embed\/NSK1AE9ouNQ?feature=oembed\" frameborder=\"0\" allow=\"accelerometer; autoplay; clipboard-write; encrypted-media; gyroscope; picture-in-picture; web-share\" referrerpolicy=\"strict-origin-when-cross-origin\" allowfullscreen><\/iframe><\/p>\n<p>Quan ens vam traslladar a la nova escola ens vam trobar amb unes instal\u00b7lacions noves que oferien moltes possibilitats, i un pati buit, sense cap element que ofer\u00eds als infants possibilitats d&#8217;aprendre, d&#8217;investigar, des satisfer les seves necessitats i curiositats.<\/p>\n<p>Per aquest motiu ens vam formar com a claustre, vam investigar quines eren les necessitats dels infants, i ho vam obrir a la comunitat educativa: infants, fam\u00edlies i ajuntament.<\/p>\n<p>Vam iniciar un proc\u00e9s de reflexi\u00f3 i vam comptar amb la participaci\u00f3 de la Carme Cols i el Pitu Fern\u00e0ndez (<a href=\"https:\/\/elnousafareig.org\">https:\/\/elnousafareig.org<\/a>\/) i amb una jornada a l&#8217;escola de l&#8217;Inara Hasanova (<a href=\"http:\/\/www.landshaft.es\/paisajismo-de-jardines\/content\/la-empresa\">arquitecta paisatg\u00edstica<\/a>).<\/p>\n\r\n\t<div class=\"slideshow_container slideshow_container_style-light\" style=\" \" data-slideshow-id=\"978\" data-style-name=\"style-light\" data-style-version=\"2.3.1\" >\r\n\r\n\t\t\t\t\t<div class=\"slideshow_loading_icon\"><\/div>\r\n\t\t\r\n\t\t<div class=\"slideshow_content\" style=\"display: none;\">\r\n\r\n\t\t\t<div class=\"slideshow_view\">\r\n\t\t\t\t<div class=\"slideshow_slide slideshow_slide_image\">\r\n\t\t\t\t\t\t\t\t\t\t\t<img src=\"https:\/\/agora.xtec.cat\/escgueraudepeguera\/wp-content\/uploads\/usu1788\/2019\/01\/IMG_2172_opt.jpg\" alt=\"IMG_2172_opt\" width=\"1200\" height=\"900\" \/>\r\n\t\t\t\t\t\t\t\t\t\t<div class=\"slideshow_description_box slideshow_transparent\">\r\n\t\t\t\t\t\t<div class=\"slideshow_title\">IMG_2172_opt<\/div>\t\t\t\t\t\t\t\t\t\t\t<\/div>\r\n\t\t\t\t<\/div>\r\n\r\n\t\t\t\t\t\t<div style=\"clear: both;\"><\/div><\/div><div class=\"slideshow_view\">\r\n\t\t\t\t<div class=\"slideshow_slide slideshow_slide_image\">\r\n\t\t\t\t\t\t\t\t\t\t\t<img src=\"https:\/\/agora.xtec.cat\/escgueraudepeguera\/wp-content\/uploads\/usu1788\/2019\/01\/IMG_2165_opt.jpg\" alt=\"IMG_2165_opt\" width=\"1200\" height=\"900\" \/>\r\n\t\t\t\t\t\t\t\t\t\t<div class=\"slideshow_description_box slideshow_transparent\">\r\n\t\t\t\t\t\t<div class=\"slideshow_title\">IMG_2165_opt<\/div>\t\t\t\t\t\t\t\t\t\t\t<\/div>\r\n\t\t\t\t<\/div>\r\n\r\n\t\t\t\t\t\t<div style=\"clear: both;\"><\/div><\/div><div class=\"slideshow_view\">\r\n\t\t\t\t<div class=\"slideshow_slide slideshow_slide_image\">\r\n\t\t\t\t\t\t\t\t\t\t\t<img src=\"https:\/\/agora.xtec.cat\/escgueraudepeguera\/wp-content\/uploads\/usu1788\/2019\/01\/IMG_2162_opt.jpg\" alt=\"IMG_2162_opt\" width=\"1200\" height=\"900\" \/>\r\n\t\t\t\t\t\t\t\t\t\t<div class=\"slideshow_description_box slideshow_transparent\">\r\n\t\t\t\t\t\t<div class=\"slideshow_title\">IMG_2162_opt<\/div>\t\t\t\t\t\t\t\t\t\t\t<\/div>\r\n\t\t\t\t<\/div>\r\n\r\n\t\t\t\t\t\t<div style=\"clear: both;\"><\/div><\/div><div class=\"slideshow_view\">\r\n\t\t\t\t<div class=\"slideshow_slide slideshow_slide_image\">\r\n\t\t\t\t\t\t\t\t\t\t\t<img src=\"https:\/\/agora.xtec.cat\/escgueraudepeguera\/wp-content\/uploads\/usu1788\/2019\/01\/IMG_2159_opt.jpg\" alt=\"IMG_2159_opt\" width=\"1200\" height=\"900\" \/>\r\n\t\t\t\t\t\t\t\t\t\t<div class=\"slideshow_description_box slideshow_transparent\">\r\n\t\t\t\t\t\t<div class=\"slideshow_title\">IMG_2159_opt<\/div>\t\t\t\t\t\t\t\t\t\t\t<\/div>\r\n\t\t\t\t<\/div>\r\n\r\n\t\t\t\t\t\t<div style=\"clear: both;\"><\/div><\/div><div class=\"slideshow_view\">\r\n\t\t\t\t<div class=\"slideshow_slide slideshow_slide_image\">\r\n\t\t\t\t\t\t\t\t\t\t\t<img src=\"https:\/\/agora.xtec.cat\/escgueraudepeguera\/wp-content\/uploads\/usu1788\/2019\/01\/IMG_2158_opt.jpg\" alt=\"IMG_2158_opt\" width=\"1200\" height=\"900\" \/>\r\n\t\t\t\t\t\t\t\t\t\t<div class=\"slideshow_description_box slideshow_transparent\">\r\n\t\t\t\t\t\t<div class=\"slideshow_title\">IMG_2158_opt<\/div>\t\t\t\t\t\t\t\t\t\t\t<\/div>\r\n\t\t\t\t<\/div>\r\n\r\n\t\t\t\t\t\t<div style=\"clear: both;\"><\/div><\/div><div class=\"slideshow_view\">\r\n\t\t\t\t<div class=\"slideshow_slide slideshow_slide_image\">\r\n\t\t\t\t\t\t\t\t\t\t\t<img src=\"https:\/\/agora.xtec.cat\/escgueraudepeguera\/wp-content\/uploads\/usu1788\/2019\/01\/IMG_2156_opt.jpg\" alt=\"IMG_2156_opt\" width=\"400\" height=\"300\" \/>\r\n\t\t\t\t\t\t\t\t\t\t<div class=\"slideshow_description_box slideshow_transparent\">\r\n\t\t\t\t\t\t<div class=\"slideshow_title\">IMG_2156_opt<\/div>\t\t\t\t\t\t\t\t\t\t\t<\/div>\r\n\t\t\t\t<\/div>\r\n\r\n\t\t\t\t\t\t<div style=\"clear: both;\"><\/div><\/div><div class=\"slideshow_view\">\r\n\t\t\t\t<div class=\"slideshow_slide slideshow_slide_image\">\r\n\t\t\t\t\t\t\t\t\t\t\t<img src=\"https:\/\/agora.xtec.cat\/escgueraudepeguera\/wp-content\/uploads\/usu1788\/2019\/01\/IMG_2188_opt.jpg\" alt=\"IMG_2188_opt\" width=\"1200\" height=\"900\" \/>\r\n\t\t\t\t\t\t\t\t\t\t<div class=\"slideshow_description_box slideshow_transparent\">\r\n\t\t\t\t\t\t<div class=\"slideshow_title\">IMG_2188_opt<\/div>\t\t\t\t\t\t\t\t\t\t\t<\/div>\r\n\t\t\t\t<\/div>\r\n\r\n\t\t\t\t\t\t<div style=\"clear: both;\"><\/div><\/div><div class=\"slideshow_view\">\r\n\t\t\t\t<div class=\"slideshow_slide slideshow_slide_image\">\r\n\t\t\t\t\t\t\t\t\t\t\t<img src=\"https:\/\/agora.xtec.cat\/escgueraudepeguera\/wp-content\/uploads\/usu1788\/2019\/01\/IMG_2187_opt.jpg\" alt=\"IMG_2187_opt\" width=\"1200\" height=\"900\" \/>\r\n\t\t\t\t\t\t\t\t\t\t<div class=\"slideshow_description_box slideshow_transparent\">\r\n\t\t\t\t\t\t<div class=\"slideshow_title\">IMG_2187_opt<\/div>\t\t\t\t\t\t\t\t\t\t\t<\/div>\r\n\t\t\t\t<\/div>\r\n\r\n\t\t\t\t\t\t<div style=\"clear: both;\"><\/div><\/div><div class=\"slideshow_view\">\r\n\t\t\t\t<div class=\"slideshow_slide slideshow_slide_image\">\r\n\t\t\t\t\t\t\t\t\t\t\t<img src=\"https:\/\/agora.xtec.cat\/escgueraudepeguera\/wp-content\/uploads\/usu1788\/2019\/01\/IMG_2186_opt.jpg\" alt=\"IMG_2186_opt\" width=\"1200\" height=\"900\" \/>\r\n\t\t\t\t\t\t\t\t\t\t<div class=\"slideshow_description_box slideshow_transparent\">\r\n\t\t\t\t\t\t<div class=\"slideshow_title\">IMG_2186_opt<\/div>\t\t\t\t\t\t\t\t\t\t\t<\/div>\r\n\t\t\t\t<\/div>\r\n\r\n\t\t\t\t\t\t<div style=\"clear: both;\"><\/div><\/div><div class=\"slideshow_view\">\r\n\t\t\t\t<div class=\"slideshow_slide slideshow_slide_image\">\r\n\t\t\t\t\t\t\t\t\t\t\t<img src=\"https:\/\/agora.xtec.cat\/escgueraudepeguera\/wp-content\/uploads\/usu1788\/2019\/01\/IMG_2181_opt.jpg\" alt=\"IMG_2181_opt\" width=\"1200\" height=\"900\" \/>\r\n\t\t\t\t\t\t\t\t\t\t<div class=\"slideshow_description_box slideshow_transparent\">\r\n\t\t\t\t\t\t<div class=\"slideshow_title\">IMG_2181_opt<\/div>\t\t\t\t\t\t\t\t\t\t\t<\/div>\r\n\t\t\t\t<\/div>\r\n\r\n\t\t\t\t\t\t<div style=\"clear: both;\"><\/div><\/div><div class=\"slideshow_view\">\r\n\t\t\t\t<div class=\"slideshow_slide slideshow_slide_image\">\r\n\t\t\t\t\t\t\t\t\t\t\t<img src=\"https:\/\/agora.xtec.cat\/escgueraudepeguera\/wp-content\/uploads\/usu1788\/2019\/01\/IMG_2178_opt.jpg\" alt=\"IMG_2178_opt\" width=\"1200\" height=\"900\" \/>\r\n\t\t\t\t\t\t\t\t\t\t<div class=\"slideshow_description_box slideshow_transparent\">\r\n\t\t\t\t\t\t<div class=\"slideshow_title\">IMG_2178_opt<\/div>\t\t\t\t\t\t\t\t\t\t\t<\/div>\r\n\t\t\t\t<\/div>\r\n\r\n\t\t\t\t\t\t<div style=\"clear: both;\"><\/div><\/div>\r\n\t\t<\/div>\r\n\r\n\t\t<div class=\"slideshow_controlPanel slideshow_transparent\" style=\"display: none;\"><ul><li class=\"slideshow_togglePlay\" data-play-text=\"Visualitza\" data-pause-text=\"Pausa\"><\/li><\/ul><\/div>\r\n\r\n\t\t<div class=\"slideshow_button slideshow_previous slideshow_transparent\" role=\"button\" data-previous-text=\"Anterior\" style=\"display: none;\"><\/div>\r\n\t\t<div class=\"slideshow_button slideshow_next slideshow_transparent\" role=\"button\" data-next-text=\"Seg\u00fcent\" style=\"display: none;\"><\/div>\r\n\r\n\t\t<div class=\"slideshow_pagination\" style=\"display: none;\" data-go-to-text=\"V\u00e9s a la diapositiva\"><div class=\"slideshow_pagination_center\"><\/div><\/div>\r\n\r\n\t\t<!-- WordPress Slideshow Version 2.3.1 -->\r\n\r\n\t\t\t<\/div>\r\n\r\n\n<p>En aquest punt de reflexi\u00f3 i d&#8217;haver pensat qu\u00e8 \u00e9s exactament el que vol\u00edem al nostre pati, vam iniciar la remodelaci\u00f3 tota la comunitat educativa.<\/p>\n<p><iframe loading=\"lazy\" title=\"Plantada d&#039;arbres al pati de l&#039;escola Guerau de Peguera, Torrelles de Foix\" width=\"500\" height=\"281\" src=\"https:\/\/www.youtube.com\/embed\/PjaDSRw0kHc?feature=oembed\" frameborder=\"0\" allow=\"accelerometer; autoplay; clipboard-write; encrypted-media; gyroscope; picture-in-picture; web-share\" referrerpolicy=\"strict-origin-when-cross-origin\" allowfullscreen><\/iframe><\/p>\n<p>&nbsp;<\/p>\n<p>Amb l&#8217;esfor\u00e7 i entusiasme de tothom el nostre pati comen\u00e7a a tenir l&#8217;aspecte que vol\u00edem&#8230; per\u00f2 aix\u00f2 no \u00e9s tot !!<\/p>\n<p><iframe loading=\"lazy\" title=\"Projecte patis escola Guerau de Peguera - Torrelles de Foix - 2019\" width=\"500\" height=\"281\" src=\"https:\/\/www.youtube.com\/embed\/qCvx5iRei1w?feature=oembed\" frameborder=\"0\" allow=\"accelerometer; autoplay; clipboard-write; encrypted-media; gyroscope; picture-in-picture; web-share\" referrerpolicy=\"strict-origin-when-cross-origin\" allowfullscreen><\/iframe><\/p>\n","protected":false},"excerpt":{"rendered":"<p>Des de l&#8217;escola sempre hem cregut en la import\u00e0ncia de l&#8217;espai exterior com un espai d&#8217;aprenentatge. Quan est\u00e0vem a l&#8217;antiga escola ja vam iniciar la transformaci\u00f3 del pati amb l&#8217;ajuda de tota la comunitat.<br \/>\n&nbsp;<\/p>\n<p>Quan ens vam traslladar a la nova escola ens vam trobar amb&hellip;  <a href=\"https:\/\/agora.xtec.cat\/escgueraudepeguera\/patis-actius\/\" title=\"Read PATIS ACTIUS\">Llegeix m\u00e9s\u00bb<\/a><\/p>\n","protected":false},"author":1,"featured_media":0,"parent":0,"menu_order":0,"comment_status":"closed","ping_status":"closed","template":"","meta":{"_bbp_topic_count":0,"_bbp_reply_count":0,"_bbp_total_topic_count":0,"_bbp_total_reply_count":0,"_bbp_voice_count":0,"_bbp_anonymous_reply_count":0,"_bbp_topic_count_hidden":0,"_bbp_reply_count_hidden":0,"_bbp_forum_subforum_count":0,"footnotes":""},"class_list":["post-972","page","type-page","status-publish","hentry"],"post_mailing_queue_ids":[],"_links":{"self":[{"href":"https:\/\/agora.xtec.cat\/escgueraudepeguera\/wp-json\/wp\/v2\/pages\/972","targetHints":{"allow":["GET"]}}],"collection":[{"href":"https:\/\/agora.xtec.cat\/escgueraudepeguera\/wp-json\/wp\/v2\/pages"}],"about":[{"href":"https:\/\/agora.xtec.cat\/escgueraudepeguera\/wp-json\/wp\/v2\/types\/page"}],"author":[{"embeddable":true,"href":"https:\/\/agora.xtec.cat\/escgueraudepeguera\/wp-json\/wp\/v2\/users\/1"}],"replies":[{"embeddable":true,"href":"https:\/\/agora.xtec.cat\/escgueraudepeguera\/wp-json\/wp\/v2\/comments?post=972"}],"version-history":[{"count":4,"href":"https:\/\/agora.xtec.cat\/escgueraudepeguera\/wp-json\/wp\/v2\/pages\/972\/revisions"}],"predecessor-version":[{"id":1326,"href":"https:\/\/agora.xtec.cat\/escgueraudepeguera\/wp-json\/wp\/v2\/pages\/972\/revisions\/1326"}],"wp:attachment":[{"href":"https:\/\/agora.xtec.cat\/escgueraudepeguera\/wp-json\/wp\/v2\/media?parent=972"}],"curies":[{"name":"wp","href":"https:\/\/api.w.org\/{rel}","templated":true}]}}