{"id":953,"date":"2019-01-11T13:26:54","date_gmt":"2019-01-11T12:26:54","guid":{"rendered":"http:\/\/agora.xtec.cat\/escgueraudepeguera\/?page_id=953"},"modified":"2026-03-06T11:33:44","modified_gmt":"2026-03-06T10:33:44","slug":"secretaria","status":"publish","type":"page","link":"https:\/\/agora.xtec.cat\/escgueraudepeguera\/","title":{"rendered":"SECRETARIA"},"content":{"rendered":"<header class=\"entry-header\">\n<h1 style=\"text-align: center;\">INFORMACIONS DESTACADES CURS 2025-2026<\/h1>\n<h4 style=\"text-align: center;\"><strong>Trobareu tota la informaci\u00f3 <\/strong><strong>de la preinscripci\u00f3 2026-2027 <\/strong><strong><a href=\"https:\/\/preinscripcio.gencat.cat\/ca\/estudis\/infantil-3-6\/inici\/\" target=\"_blank\" rel=\"noopener\">\u00a0aqu\u00ed.<\/a><\/strong><\/h4>\n<p>&nbsp;<\/p>\n<p style=\"text-align: center;\">Per a m\u00e9s informaci\u00f3 podeu contactar amb l&#8217;escola a trav\u00e9s del correu <strong>a8030637@xtec.cat<\/strong> o b\u00e9 per tel\u00e8fon <strong>938971377<\/strong><\/p>\n<\/header>\n<div class=\"entry-content\">\n<p style=\"text-align: center;\">[&#8212;&#8212;&#8212;&#8212;&#8212;&#8212;&#8212;&#8212;&#8212;&#8212;&#8212;&#8212;-]<\/p>\n<\/div>\n<p>&nbsp;<\/p>\n<p style=\"text-align: center;\"><a href=\"https:\/\/agora.xtec.cat\/escgueraudepeguera\/wp-content\/uploads\/usu1788\/2026\/03\/image.png\"><img loading=\"lazy\" decoding=\"async\" class=\"alignnone wp-image-10571\" src=\"https:\/\/agora.xtec.cat\/escgueraudepeguera\/wp-content\/uploads\/usu1788\/2026\/03\/image.png\" alt=\"\" width=\"646\" height=\"506\" srcset=\"https:\/\/agora.xtec.cat\/escgueraudepeguera\/wp-content\/uploads\/usu1788\/2026\/03\/image.png 572w, https:\/\/agora.xtec.cat\/escgueraudepeguera\/wp-content\/uploads\/usu1788\/2026\/03\/image-300x235.png 300w\" sizes=\"auto, (max-width: 646px) 100vw, 646px\" \/><\/a><\/p>\n<p>&nbsp;<\/p>\n<p style=\"text-align: center;\">\n<p style=\"text-align: center;\">[&#8212;&#8212;&#8212;&#8212;&#8212;&#8212;&#8212;&#8212;&#8212;&#8212;&#8212;&#8212;-]<\/p>\n<h3 style=\"text-align: center;\"><strong>COMUNICAT CLAUSTRES DE L&#8217;ALT PENEDES<\/strong><\/h3>\n<p><a href=\"https:\/\/agora.xtec.cat\/escgueraudepeguera\/wp-content\/uploads\/usu1788\/2026\/03\/Comunicat_Claustres_Alt_Penedes_definitiu_page-0001-scaled.jpg\"><img loading=\"lazy\" decoding=\"async\" class=\"size-large wp-image-10574 aligncenter\" src=\"https:\/\/agora.xtec.cat\/escgueraudepeguera\/wp-content\/uploads\/usu1788\/2026\/03\/Comunicat_Claustres_Alt_Penedes_definitiu_page-0001-1024x576.jpg\" alt=\"\" width=\"1024\" height=\"576\" srcset=\"https:\/\/agora.xtec.cat\/escgueraudepeguera\/wp-content\/uploads\/usu1788\/2026\/03\/Comunicat_Claustres_Alt_Penedes_definitiu_page-0001-1024x576.jpg 1024w, https:\/\/agora.xtec.cat\/escgueraudepeguera\/wp-content\/uploads\/usu1788\/2026\/03\/Comunicat_Claustres_Alt_Penedes_definitiu_page-0001-300x169.jpg 300w, https:\/\/agora.xtec.cat\/escgueraudepeguera\/wp-content\/uploads\/usu1788\/2026\/03\/Comunicat_Claustres_Alt_Penedes_definitiu_page-0001-768x432.jpg 768w, https:\/\/agora.xtec.cat\/escgueraudepeguera\/wp-content\/uploads\/usu1788\/2026\/03\/Comunicat_Claustres_Alt_Penedes_definitiu_page-0001-1536x864.jpg 1536w, https:\/\/agora.xtec.cat\/escgueraudepeguera\/wp-content\/uploads\/usu1788\/2026\/03\/Comunicat_Claustres_Alt_Penedes_definitiu_page-0001-2048x1152.jpg 2048w\" sizes=\"auto, (max-width: 1024px) 100vw, 1024px\" \/><\/a><\/p>\n<p style=\"text-align: center;\">\n","protected":false},"excerpt":{"rendered":"<p>INFORMACIONS DESTACADES CURS 2025-2026<br \/>\nTrobareu tota la informaci\u00f3 de la preinscripci\u00f3 2026-2027 <a href=\"https:\/\/preinscripcio.gencat.cat\/ca\/estudis\/infantil-3-6\/inici\/\" target=\"_blank\" rel=\"noopener\">\u00a0aqu\u00ed.<\/a><br \/>\n&nbsp;<br \/>\nPer a m\u00e9s informaci\u00f3 podeu contactar amb l&#8217;escola a trav\u00e9s del correu a8030637@xtec.cat o b\u00e9 per tel\u00e8fon 938971377<\/p>\n<p>[&#8212;&#8212;&#8212;&#8212;&#8212;&#8212;&#8212;&#8212;&#8212;&#8212;&#8212;&#8212;-]<\/p>\n<p>&nbsp;<br \/>\n<a href=\"https:\/\/agora.xtec.cat\/escgueraudepeguera\/wp-content\/uploads\/usu1788\/2026\/03\/image.png\"><\/a><br \/>\n&nbsp;<\/p>\n<p>[&#8212;&#8212;&#8212;&#8212;&#8212;&#8212;&#8212;&#8212;&#8212;&#8212;&#8212;&#8212;-]<br \/>\nCOMUNICAT CLAUSTRES DE L&#8217;ALT PENEDES<br \/>\n<a href=\"https:\/\/agora.xtec.cat\/escgueraudepeguera\/wp-content\/uploads\/usu1788\/2026\/03\/Comunicat_Claustres_Alt_Penedes_definitiu_page-0001-scaled.jpg\"><\/a><\/p>\n","protected":false},"author":1,"featured_media":0,"parent":0,"menu_order":0,"comment_status":"closed","ping_status":"closed","template":"page-templates\/front-page.php","meta":{"_bbp_topic_count":0,"_bbp_reply_count":0,"_bbp_total_topic_count":0,"_bbp_total_reply_count":0,"_bbp_voice_count":0,"_bbp_anonymous_reply_count":0,"_bbp_topic_count_hidden":0,"_bbp_reply_count_hidden":0,"_bbp_forum_subforum_count":0,"footnotes":""},"class_list":["post-953","page","type-page","status-publish","hentry"],"post_mailing_queue_ids":[],"_links":{"self":[{"href":"https:\/\/agora.xtec.cat\/escgueraudepeguera\/wp-json\/wp\/v2\/pages\/953","targetHints":{"allow":["GET"]}}],"collection":[{"href":"https:\/\/agora.xtec.cat\/escgueraudepeguera\/wp-json\/wp\/v2\/pages"}],"about":[{"href":"https:\/\/agora.xtec.cat\/escgueraudepeguera\/wp-json\/wp\/v2\/types\/page"}],"author":[{"embeddable":true,"href":"https:\/\/agora.xtec.cat\/escgueraudepeguera\/wp-json\/wp\/v2\/users\/1"}],"replies":[{"embeddable":true,"href":"https:\/\/agora.xtec.cat\/escgueraudepeguera\/wp-json\/wp\/v2\/comments?post=953"}],"version-history":[{"count":9,"href":"https:\/\/agora.xtec.cat\/escgueraudepeguera\/wp-json\/wp\/v2\/pages\/953\/revisions"}],"predecessor-version":[{"id":10575,"href":"https:\/\/agora.xtec.cat\/escgueraudepeguera\/wp-json\/wp\/v2\/pages\/953\/revisions\/10575"}],"wp:attachment":[{"href":"https:\/\/agora.xtec.cat\/escgueraudepeguera\/wp-json\/wp\/v2\/media?parent=953"}],"curies":[{"name":"wp","href":"https:\/\/api.w.org\/{rel}","templated":true}]}}